{"id":84113,"date":"2017-08-17T19:41:42","date_gmt":"2017-08-17T19:41:42","guid":{"rendered":"https:\/\/reloadbase.com\/contact\/"},"modified":"2022-08-30T10:05:13","modified_gmt":"2022-08-30T10:05:13","slug":"kontakta","status":"publish","type":"page","link":"https:\/\/reloadbase.com\/sv-se\/kontakta\/","title":{"rendered":"Contact"},"content":{"rendered":"<div class=\"wpb-content-wrapper\">[vc_row css=&#8221;.vc_custom_1503596888127{padding-top: 10vh !important;padding-bottom: 15vh !important;}&#8221;][vc_column width=&#8221;2\/3&#8243;][vc_column_text css=&#8221;.vc_custom_1658907331767{padding-bottom: 50px !important;}&#8221;]\n<h4><strong>Ta kontakt med oss<\/strong><\/h4>\n<p>Oavsett vilken fr\u00e5ga du har \u00e4r v\u00e5rt kundtj\u00e4nstteam h\u00e4r f\u00f6r att hj\u00e4lpa dig. Har du redan tittat igenom v\u00e5ra <a href=\"https:\/\/reloadbase.com\/sv-se\/ofta-stallda-fragor\/\">vanliga fr\u00e5gor<\/a> och finns svaret p\u00e5 din fr\u00e5ga inte med? Fyll i kontaktformul\u00e4ret nedan s\u00e5 \u00e5terkommer vi till dig inom 24 timmar (endast vardagar).<\/p>\n<p>Observera att vi \u00e4r redo att svara p\u00e5 dina fr\u00e5gor m\u00e5ndag till fredag. Meddelanden som tas emot f\u00f6re 17.00 p\u00e5 arbetsdagar besvaras samma dag.[\/vc_column_text]\n<div class=\"wpcf7 no-js\" id=\"wpcf7-f86910-o1\" lang=\"nl-NL\" dir=\"ltr\" data-wpcf7-id=\"86910\">\n<div class=\"screen-reader-response\"><p role=\"status\" aria-live=\"polite\" aria-atomic=\"true\"><\/p> <ul><\/ul><\/div>\n<form action=\"\/sv-se\/wp-json\/wp\/v2\/pages\/84113#wpcf7-f86910-o1\" method=\"post\" class=\"wpcf7-form init\" aria-label=\"Contact form\" novalidate=\"novalidate\" data-status=\"init\">\n<div style=\"display: none;\">\n<input type=\"hidden\" name=\"_wpcf7\" value=\"86910\" \/>\n<input type=\"hidden\" name=\"_wpcf7_version\" value=\"6.0.6\" \/>\n<input type=\"hidden\" name=\"_wpcf7_locale\" value=\"nl_NL\" \/>\n<input type=\"hidden\" name=\"_wpcf7_unit_tag\" value=\"wpcf7-f86910-o1\" \/>\n<input type=\"hidden\" name=\"_wpcf7_container_post\" value=\"0\" \/>\n<input type=\"hidden\" name=\"_wpcf7_posted_data_hash\" value=\"\" \/>\n<input type=\"hidden\" name=\"_wpcf7_recaptcha_response\" value=\"\" \/>\n<\/div>\n<p><label> Ditt namn<br \/>\n<span class=\"wpcf7-form-control-wrap\" data-name=\"your-name\"><input size=\"40\" maxlength=\"400\" class=\"wpcf7-form-control wpcf7-text wpcf7-validates-as-required\" aria-required=\"true\" aria-invalid=\"false\" value=\"\" type=\"text\" name=\"your-name\" \/><\/span> <\/label>\n<\/p>\n<p><label> Din e-postadress<br \/>\n<span class=\"wpcf7-form-control-wrap\" data-name=\"your-email\"><input size=\"40\" maxlength=\"400\" class=\"wpcf7-form-control wpcf7-email wpcf7-validates-as-required wpcf7-text wpcf7-validates-as-email\" aria-required=\"true\" aria-invalid=\"false\" value=\"\" type=\"email\" name=\"your-email\" \/><\/span> <\/label>\n<\/p>\n<p><label> \u00c4mne<br \/>\n<span class=\"wpcf7-form-control-wrap\" data-name=\"your-subject\"><input size=\"40\" maxlength=\"400\" class=\"wpcf7-form-control wpcf7-text wpcf7-validates-as-required\" aria-required=\"true\" aria-invalid=\"false\" value=\"\" type=\"text\" name=\"your-subject\" \/><\/span> <\/label>\n<\/p>\n<p><label> Ditt meddelande (valfritt)<br \/>\n<span class=\"wpcf7-form-control-wrap\" data-name=\"your-message\"><textarea cols=\"40\" rows=\"10\" maxlength=\"2000\" class=\"wpcf7-form-control wpcf7-textarea\" aria-invalid=\"false\" name=\"your-message\"><\/textarea><\/span> <\/label>\n<\/p>\n<p><input class=\"wpcf7-form-control wpcf7-submit has-spinner\" type=\"submit\" value=\"F\u00f6rs\u00e4ndelse\" \/>\n<\/p><div class=\"wpcf7-response-output\" aria-hidden=\"true\"><\/div>\n<\/form>\n<\/div>\n[\/vc_column][vc_column width=&#8221;1\/3&#8243; css=&#8221;.vc_custom_1503596896491{padding-left: 15% !important;}&#8221;][vc_column_text css=&#8221;.vc_custom_1658907510875{border-top-width: 1px !important;border-right-width: 1px !important;border-bottom-width: 1px !important;border-left-width: 1px !important;padding-top: 20px !important;padding-right: 20px !important;padding-bottom: 20px !important;padding-left: 20px !important;border-left-color: #bcbcbc !important;border-left-style: solid !important;border-right-color: #bcbcbc !important;border-right-style: solid !important;border-top-color: #bcbcbc !important;border-top-style: solid !important;border-bottom-color: #bcbcbc !important;border-bottom-style: solid !important;}&#8221;]\n<h4><strong>Fr\u00e5gor om www.reloadbase.com eller om din best\u00e4llning?<\/strong><\/h4>\n<p>Ta en titt p\u00e5 v\u00e5r sida med <a href=\"https:\/\/reloadbase.com\/sv-se\/ofta-stallda-fragor\/\">vanliga fr\u00e5gor<\/a>.<\/p>\n<p>Hittade du inget svar i v\u00e5r FAQ? Fyll i kontaktformul\u00e4ret s\u00e5 \u00e5terkommer vi till dig inom 24 timmar.<\/p>\n<p>Observera att v\u00e5ra kontorstider \u00e4r m\u00e5ndag till fredag fr\u00e5n 9.00 till 17.00. Vi svarar p\u00e5 alla e-postmeddelanden inom en arbetsdag, s\u00e5 om du skickar ett e-postmeddelande p\u00e5 l\u00f6rdag f\u00e5r du ett svar p\u00e5 m\u00e5ndag.[\/vc_column_text][vc_column_text]\n<h4><strong>Kontaktuppgifter<\/strong><\/h4>\n<p>ReloadBase B.V.<br \/>\nAsterweg 19D3<br \/>\n1031HL Amsterdam<br \/>\nE-post: <a href=\"mailto:hello@reloadbase.com\">hello@reloadbase.com<\/a>[\/vc_column_text][\/vc_column][\/vc_row]\n<\/div>","protected":false},"excerpt":{"rendered":"<p>[vc_row css=&#8221;.vc_custom_1503596888127{padding-top: 10vh !important;padding-bottom: 15vh !important;}&#8221;][vc_column width=&#8221;2\/3&#8243;][vc_column_text css=&#8221;.vc_custom_1658907331767{padding-bottom: 50px !important;}&#8221;] Ta kontakt med oss Oavsett vilken fr\u00e5ga du har \u00e4r v\u00e5rt kundtj\u00e4nstteam h\u00e4r f\u00f6r att&hellip;<\/p>\n","protected":false},"author":1608,"featured_media":0,"parent":0,"menu_order":0,"comment_status":"closed","ping_status":"closed","template":"","meta":{"_acf_changed":false,"footnotes":""},"class_list":["post-84113","page","type-page","status-publish","hentry"],"acf":[],"yoast_head":"<!-- This site is optimized with the Yoast SEO plugin v24.4 - https:\/\/yoast.com\/wordpress\/plugins\/seo\/ -->\n<title>Kontakta - ReloadBase<\/title>\n<meta name=\"robots\" content=\"index, follow, max-snippet:-1, max-image-preview:large, max-video-preview:-1\" \/>\n<link rel=\"canonical\" href=\"https:\/\/reloadbase.com\/sv-se\/kontakta\/\" \/>\n<meta property=\"og:locale\" content=\"en_US\" \/>\n<meta property=\"og:type\" content=\"article\" \/>\n<meta property=\"og:title\" content=\"Kontakta - ReloadBase\" \/>\n<meta property=\"og:description\" content=\"[vc_row css=&#8221;.vc_custom_1503596888127{padding-top: 10vh !important;padding-bottom: 15vh !important;}&#8221;][vc_column width=&#8221;2\/3&#8243;][vc_column_text css=&#8221;.vc_custom_1658907331767{padding-bottom: 50px !important;}&#8221;] Ta kontakt med oss Oavsett vilken fr\u00e5ga du har \u00e4r v\u00e5rt kundtj\u00e4nstteam h\u00e4r f\u00f6r att&hellip;\" \/>\n<meta property=\"og:url\" content=\"https:\/\/reloadbase.com\/sv-se\/kontakta\/\" \/>\n<meta property=\"og:site_name\" content=\"ReloadBase\" \/>\n<meta property=\"article:publisher\" content=\"https:\/\/www.facebook.com\/ReloadBase\/\" \/>\n<meta property=\"article:modified_time\" content=\"2022-08-30T10:05:13+00:00\" \/>\n<meta name=\"twitter:card\" content=\"summary_large_image\" \/>\n<meta name=\"twitter:label1\" content=\"Est. reading time\" \/>\n\t<meta name=\"twitter:data1\" content=\"1 minute\" \/>\n<script type=\"application\/ld+json\" class=\"yoast-schema-graph\">{\"@context\":\"https:\/\/schema.org\",\"@graph\":[{\"@type\":\"WebPage\",\"@id\":\"https:\/\/reloadbase.com\/sv-se\/kontakta\/\",\"url\":\"https:\/\/reloadbase.com\/sv-se\/kontakta\/\",\"name\":\"Kontakta - ReloadBase\",\"isPartOf\":{\"@id\":\"https:\/\/reloadbase.com\/nl-nl\/#website\"},\"datePublished\":\"2017-08-17T19:41:42+00:00\",\"dateModified\":\"2022-08-30T10:05:13+00:00\",\"breadcrumb\":{\"@id\":\"https:\/\/reloadbase.com\/sv-se\/kontakta\/#breadcrumb\"},\"inLanguage\":\"svse\",\"potentialAction\":[{\"@type\":\"ReadAction\",\"target\":[\"https:\/\/reloadbase.com\/sv-se\/kontakta\/\"]}]},{\"@type\":\"BreadcrumbList\",\"@id\":\"https:\/\/reloadbase.com\/sv-se\/kontakta\/#breadcrumb\",\"itemListElement\":[{\"@type\":\"ListItem\",\"position\":1,\"name\":\"Home\",\"item\":\"https:\/\/reloadbase.com\/nl-nl\/\"},{\"@type\":\"ListItem\",\"position\":2,\"name\":\"Contact\"}]},{\"@type\":\"WebSite\",\"@id\":\"https:\/\/reloadbase.com\/nl-nl\/#website\",\"url\":\"https:\/\/reloadbase.com\/nl-nl\/\",\"name\":\"ReloadBase\",\"description\":\"\",\"publisher\":{\"@id\":\"https:\/\/reloadbase.com\/nl-nl\/#organization\"},\"potentialAction\":[{\"@type\":\"SearchAction\",\"target\":{\"@type\":\"EntryPoint\",\"urlTemplate\":\"https:\/\/reloadbase.com\/nl-nl\/?s={search_term_string}\"},\"query-input\":{\"@type\":\"PropertyValueSpecification\",\"valueRequired\":true,\"valueName\":\"search_term_string\"}}],\"inLanguage\":\"svse\"},{\"@type\":\"Organization\",\"@id\":\"https:\/\/reloadbase.com\/nl-nl\/#organization\",\"name\":\"ReloadBase\",\"url\":\"https:\/\/reloadbase.com\/nl-nl\/\",\"logo\":{\"@type\":\"ImageObject\",\"inLanguage\":\"svse\",\"@id\":\"https:\/\/reloadbase.com\/nl-nl\/#\/schema\/logo\/image\/\",\"url\":\"https:\/\/reloadbase.com\/wp-content\/uploads\/2020\/05\/RELOADBASE01_Horizontal_Transparant.png\",\"contentUrl\":\"https:\/\/reloadbase.com\/wp-content\/uploads\/2020\/05\/RELOADBASE01_Horizontal_Transparant.png\",\"width\":17627,\"height\":2130,\"caption\":\"ReloadBase\"},\"image\":{\"@id\":\"https:\/\/reloadbase.com\/nl-nl\/#\/schema\/logo\/image\/\"},\"sameAs\":[\"https:\/\/www.facebook.com\/ReloadBase\/\",\"https:\/\/www.instagram.com\/reloadbase\/\"]}]}<\/script>\n<!-- \/ Yoast SEO plugin. -->","yoast_head_json":{"title":"Kontakta - ReloadBase","robots":{"index":"index","follow":"follow","max-snippet":"max-snippet:-1","max-image-preview":"max-image-preview:large","max-video-preview":"max-video-preview:-1"},"canonical":"https:\/\/reloadbase.com\/sv-se\/kontakta\/","og_locale":"en_US","og_type":"article","og_title":"Kontakta - ReloadBase","og_description":"[vc_row css=&#8221;.vc_custom_1503596888127{padding-top: 10vh !important;padding-bottom: 15vh !important;}&#8221;][vc_column width=&#8221;2\/3&#8243;][vc_column_text css=&#8221;.vc_custom_1658907331767{padding-bottom: 50px !important;}&#8221;] Ta kontakt med oss Oavsett vilken fr\u00e5ga du har \u00e4r v\u00e5rt kundtj\u00e4nstteam h\u00e4r f\u00f6r att&hellip;","og_url":"https:\/\/reloadbase.com\/sv-se\/kontakta\/","og_site_name":"ReloadBase","article_publisher":"https:\/\/www.facebook.com\/ReloadBase\/","article_modified_time":"2022-08-30T10:05:13+00:00","twitter_card":"summary_large_image","twitter_misc":{"Est. reading time":"1 minute"},"schema":{"@context":"https:\/\/schema.org","@graph":[{"@type":"WebPage","@id":"https:\/\/reloadbase.com\/sv-se\/kontakta\/","url":"https:\/\/reloadbase.com\/sv-se\/kontakta\/","name":"Kontakta - ReloadBase","isPartOf":{"@id":"https:\/\/reloadbase.com\/nl-nl\/#website"},"datePublished":"2017-08-17T19:41:42+00:00","dateModified":"2022-08-30T10:05:13+00:00","breadcrumb":{"@id":"https:\/\/reloadbase.com\/sv-se\/kontakta\/#breadcrumb"},"inLanguage":"svse","potentialAction":[{"@type":"ReadAction","target":["https:\/\/reloadbase.com\/sv-se\/kontakta\/"]}]},{"@type":"BreadcrumbList","@id":"https:\/\/reloadbase.com\/sv-se\/kontakta\/#breadcrumb","itemListElement":[{"@type":"ListItem","position":1,"name":"Home","item":"https:\/\/reloadbase.com\/nl-nl\/"},{"@type":"ListItem","position":2,"name":"Contact"}]},{"@type":"WebSite","@id":"https:\/\/reloadbase.com\/nl-nl\/#website","url":"https:\/\/reloadbase.com\/nl-nl\/","name":"ReloadBase","description":"","publisher":{"@id":"https:\/\/reloadbase.com\/nl-nl\/#organization"},"potentialAction":[{"@type":"SearchAction","target":{"@type":"EntryPoint","urlTemplate":"https:\/\/reloadbase.com\/nl-nl\/?s={search_term_string}"},"query-input":{"@type":"PropertyValueSpecification","valueRequired":true,"valueName":"search_term_string"}}],"inLanguage":"svse"},{"@type":"Organization","@id":"https:\/\/reloadbase.com\/nl-nl\/#organization","name":"ReloadBase","url":"https:\/\/reloadbase.com\/nl-nl\/","logo":{"@type":"ImageObject","inLanguage":"svse","@id":"https:\/\/reloadbase.com\/nl-nl\/#\/schema\/logo\/image\/","url":"https:\/\/reloadbase.com\/wp-content\/uploads\/2020\/05\/RELOADBASE01_Horizontal_Transparant.png","contentUrl":"https:\/\/reloadbase.com\/wp-content\/uploads\/2020\/05\/RELOADBASE01_Horizontal_Transparant.png","width":17627,"height":2130,"caption":"ReloadBase"},"image":{"@id":"https:\/\/reloadbase.com\/nl-nl\/#\/schema\/logo\/image\/"},"sameAs":["https:\/\/www.facebook.com\/ReloadBase\/","https:\/\/www.instagram.com\/reloadbase\/"]}]}},"_links":{"self":[{"href":"https:\/\/reloadbase.com\/sv-se\/wp-json\/wp\/v2\/pages\/84113","targetHints":{"allow":["GET"]}}],"collection":[{"href":"https:\/\/reloadbase.com\/sv-se\/wp-json\/wp\/v2\/pages"}],"about":[{"href":"https:\/\/reloadbase.com\/sv-se\/wp-json\/wp\/v2\/types\/page"}],"author":[{"embeddable":true,"href":"https:\/\/reloadbase.com\/sv-se\/wp-json\/wp\/v2\/users\/1608"}],"replies":[{"embeddable":true,"href":"https:\/\/reloadbase.com\/sv-se\/wp-json\/wp\/v2\/comments?post=84113"}],"version-history":[{"count":4,"href":"https:\/\/reloadbase.com\/sv-se\/wp-json\/wp\/v2\/pages\/84113\/revisions"}],"predecessor-version":[{"id":86911,"href":"https:\/\/reloadbase.com\/sv-se\/wp-json\/wp\/v2\/pages\/84113\/revisions\/86911"}],"wp:attachment":[{"href":"https:\/\/reloadbase.com\/sv-se\/wp-json\/wp\/v2\/media?parent=84113"}],"curies":[{"name":"wp","href":"https:\/\/api.w.org\/{rel}","templated":true}]}}