{"id":84094,"date":"2021-06-01T17:42:03","date_gmt":"2021-06-01T17:42:03","guid":{"rendered":"https:\/\/reloadbase.com\/veelgestelde-vragen\/"},"modified":"2022-08-30T09:54:32","modified_gmt":"2022-08-30T09:54:32","slug":"ofta-stallda-fragor","status":"publish","type":"page","link":"https:\/\/reloadbase.com\/sv-se\/ofta-stallda-fragor\/","title":{"rendered":"Veelgestelde vragen"},"content":{"rendered":"<div class=\"wpb-content-wrapper\">[vc_row css=&#8221;.vc_custom_1625744026436{margin-top: 50px !important;margin-bottom: 50px !important;}&#8221;][vc_column][vc_column_text]\n<h1>Ofta st\u00e4llda fr\u00e5gor<\/h1>\n[\/vc_column_text][vc_tta_tabs shape=&#8221;square&#8221; spacing=&#8221;&#8221; alignment=&#8221;center&#8221; active_section=&#8221;1&#8243; no_fill_content_area=&#8221;true&#8221;][vc_tta_section title=&#8221;Allm\u00e4nt&#8221; tab_id=&#8221;1625744250790-a98d4ba2-19c0&#8243;][vc_toggle title=&#8221;Vad \u00e4r ReloadBase?&#8221; style=&#8221;simple&#8221; color=&#8221;orange&#8221; size=&#8221;lg&#8221; open=&#8221;true&#8221; custom_font_container=&#8221;tag:h2|font_size:18px|text_align:left|line_height:24px&#8221; custom_use_theme_fonts=&#8221;yes&#8221; use_custom_heading=&#8221;true&#8221;]\n<p>V\u00e5rt uppdrag \u00e4r att g\u00f6ra digitala kort tillg\u00e4ngliga f\u00f6r alla, n\u00e4r som helst p\u00e5 dygnet, p\u00e5 vilken enhet som helst och fr\u00e5n vilken plats som helst.<\/p>\n<p>Hos oss kan du k\u00f6pa samtalskredit, underh\u00e5llningskredit, spelkredit och f\u00f6rbetalda kreditkort f\u00f6r olika online-leverant\u00f6rer.<br \/>\nVill du k\u00f6pa en kredit? Du hittar all information om olika leverant\u00f6rer p\u00e5 v\u00e5r webbplats. Om du har andra fr\u00e5gor kan du l\u00e4sa v\u00e5r sida med vanliga fr\u00e5gor.<\/p>\n[\/vc_toggle][\/vc_tta_section][vc_tta_section title=&#8221;Kredit&#8221; tab_id=&#8221;1625744250814-c10cd392-b736&#8243;][vc_toggle title=&#8221;Hur fyller jag p\u00e5 min kredit?&#8221; style=&#8221;simple&#8221; color=&#8221;orange&#8221; size=&#8221;lg&#8221; custom_font_container=&#8221;tag:h2|font_size:18|text_align:left|line_height:24px&#8221; custom_use_theme_fonts=&#8221;yes&#8221; use_custom_heading=&#8221;true&#8221;]\n<p>Om du inte vill teckna ett abonnemang finns det f\u00f6rbetalda abonnemang. Det b\u00e4sta med kontantkort \u00e4r att du, som namnet antyder, betalar f\u00f6r alla dina minuter, SMS och data i f\u00f6rv\u00e4g. P\u00e5 s\u00e5 s\u00e4tt f\u00e5r du inte en (f\u00f6r h\u00f6g) r\u00e4kning i efterhand. Du f\u00f6rbrukar bara din kredit n\u00e5gon g\u00e5ng &#8211; sedan m\u00e5ste du fylla p\u00e5 den igen. Tidigare kunde du g\u00f6ra detta genom att s\u00e4nda en kod till din egen leverant\u00f6r. Det kan du fortfarande g\u00f6ra, men det finns nu s\u00e4tt att fylla p\u00e5 din kredit online.<\/p>\n[\/vc_toggle][vc_toggle title=&#8221;Hur fr\u00e5gar jag efter mitt kreditsaldo?&#8221; style=&#8221;simple&#8221; color=&#8221;orange&#8221; size=&#8221;lg&#8221; custom_font_container=&#8221;tag:h2|font_size:18px|text_align:left|line_height:24px&#8221; custom_use_theme_fonts=&#8221;yes&#8221; use_custom_heading=&#8221;true&#8221;]\n<p>Du kan kontrollera din \u00e5terst\u00e5ende kredit p\u00e5 olika s\u00e4tt. Till exempel genom att ringa eller sms:a ett visst nummer. Du kan ocks\u00e5 kontrollera ditt kreditsaldo online via leverant\u00f6rens app eller webbplats.<\/p>\n[\/vc_toggle][vc_toggle title=&#8221;Hur uppgraderar jag online?&#8221; style=&#8221;simple&#8221; color=&#8221;orange&#8221; size=&#8221;lg&#8221; custom_font_container=&#8221;tag:h2|font_size:18px|text_align:left|line_height:24px&#8221; custom_use_theme_fonts=&#8221;yes&#8221; use_custom_heading=&#8221;true&#8221;]\n<p>Det \u00e4r mycket enkelt och, kanske viktigast av allt, mycket snabbt att fylla p\u00e5 online! Fr\u00e5n din dator, surfplatta eller mobiltelefon g\u00e5r du till en webbplats som erbjuder uppladdning online (se till att det \u00e4r en officiell webbplats s\u00e5 att du inte blir offer f\u00f6r bedr\u00e4geri). H\u00e4r anger du ditt mobilnummer och det belopp som du vill fylla p\u00e5 med. Du betalar med de vanliga nederl\u00e4ndska betalningsmetoderna. D\u00e4refter uppgraderas din samtalskredit omedelbart och du \u00e4r redo att b\u00f6rja.<\/p>\n[\/vc_toggle][\/vc_tta_section][vc_tta_section title=&#8221;E-presentkort&#8221; tab_id=&#8221;1625745110951-9d6bac49-593d&#8221;][vc_toggle title=&#8221;Hur fungerar e-g\u00e5vokort?&#8221; style=&#8221;simple&#8221; color=&#8221;orange&#8221; size=&#8221;lg&#8221; custom_font_container=&#8221;tag:h2|font_size:18px|text_align:left|line_height:24px&#8221; custom_use_theme_fonts=&#8221;yes&#8221; use_custom_heading=&#8221;true&#8221;]\n<p>Ett presentkort \u00e4r ett kort som representerar ett visst v\u00e4rde. Kortets \u00e4gare kan fritt spendera det aktuella beloppet i anslutna webbutiker och fysiska f\u00f6rs\u00e4ljningsst\u00e4llen. Beloppet beh\u00f6ver aldrig spenderas p\u00e5 en g\u00e5ng och kan d\u00e4rf\u00f6r anv\u00e4ndas vid flera tillf\u00e4llen och p\u00e5 flera anslutna f\u00f6rs\u00e4ljningsst\u00e4llen.<br \/>\nN\u00e4r du k\u00f6per ett presentkort p\u00e5 ett fysiskt f\u00f6rs\u00e4ljningsst\u00e4lle, till exempel Albert Heijn, betalar du f\u00f6r kortet. Om \u00e4garen spenderar beloppet p\u00e5 kortet i en fysisk butik fungerar kortet som ett betalkort. Om \u00e4garen spenderar kortets belopp i en n\u00e4tbutik m\u00e5ste den 16-siffriga PIN-koden p\u00e5 kortet anges i kassan.<br \/>\nN\u00e4r du k\u00f6per presentkortet online klickar du bara p\u00e5 den typ av kort och det v\u00e4rde du vill ha. Detta v\u00e4rde betalas sedan f\u00f6r. Du kan v\u00e4lja att f\u00e5 ett riktigt kort hemlevererat eller att f\u00e5 det digitalt i form av en 16-siffrig pin-kod.<\/p>\n[\/vc_toggle][vc_toggle title=&#8221;Var kan jag k\u00f6pa presentkort?&#8221; style=&#8221;simple&#8221; color=&#8221;orange&#8221; size=&#8221;lg&#8221; custom_font_container=&#8221;tag:h2|font_size:18px|text_align:left|line_height:24px&#8221; custom_use_theme_fonts=&#8221;yes&#8221; use_custom_heading=&#8221;true&#8221;]\n<p>Du kan k\u00f6pa presentkort b\u00e5de p\u00e5 fysiska f\u00f6rs\u00e4ljningsst\u00e4llen och p\u00e5 n\u00e4tet. Se till att du k\u00f6per ett officiellt presentkort f\u00f6r att undvika bedr\u00e4gerier.<\/p>\n[\/vc_toggle][vc_toggle title=&#8221;Var kan jag anv\u00e4nda e-g\u00e5vokort?&#8221; style=&#8221;simple&#8221; color=&#8221;orange&#8221; size=&#8221;lg&#8221; custom_font_container=&#8221;tag:h2|font_size:18px|text_align:left|line_height:24px&#8221; custom_use_theme_fonts=&#8221;yes&#8221; use_custom_heading=&#8221;true&#8221;]\n<p>Du kan anv\u00e4nda och k\u00f6pa presentkort p\u00e5 s\u00e5 m\u00e5nga olika st\u00e4llen som m\u00f6jligt. Anv\u00e4nd ditt presentkort f\u00f6r att k\u00f6pa b\u00f6cker, kl\u00e4der, underh\u00e5llning, mat&#8230; Du kan g\u00f6ra vad du vill!<\/p>\n[\/vc_toggle][\/vc_tta_section][vc_tta_section title=&#8221;Betalningar&#8221; tab_id=&#8221;1625745113180-755f089c-5752&#8243;][vc_toggle title=&#8221;Vilka betalningsalternativ erbjuder ni?&#8221; style=&#8221;simple&#8221; color=&#8221;orange&#8221; size=&#8221;lg&#8221; custom_font_container=&#8221;tag:h2|font_size:18px|text_align:left|line_height:24px&#8221; custom_use_theme_fonts=&#8221;yes&#8221; use_custom_heading=&#8221;true&#8221;]\n<p>P\u00e5 ReloadBase kan du betala f\u00f6r varje produkt med de vanliga nederl\u00e4ndska betalningsmetoderna.<\/p>\n[\/vc_toggle][vc_toggle title=&#8221;Kan jag f\u00e5 pengarna tillbaka eller byta ut mitt k\u00f6p?&#8221; style=&#8221;simple&#8221; color=&#8221;orange&#8221; size=&#8221;lg&#8221; custom_font_container=&#8221;tag:h2|font_size:18px|text_align:left|line_height:24px&#8221; custom_use_theme_fonts=&#8221;yes&#8221; use_custom_heading=&#8221;true&#8221;]\n<p>Efter betalningen godk\u00e4nner du att du f\u00e5r din personliga kod omedelbart. P\u00e5 grund av produkternas karakt\u00e4r och den kod som levereras omedelbart l\u00f6per \u00e5ngerfristen ut.<br \/>\nD\u00e4rf\u00f6r \u00e4r det inte l\u00e4ngre m\u00f6jligt att returnera eller byta koden. Har ni ytterligare fr\u00e5gor om detta? Du kan l\u00e4sa v\u00e5ra villkor eller skicka ett e-postmeddelande till <a href=\"mailto:hello@reloadbase.com\">hello@reloadbase.com<\/a>. Vi hj\u00e4lper dig g\u00e4rna.<\/p>\n[\/vc_toggle][vc_toggle title=&#8221;Jag fick inget e-postmeddelande efter att jag best\u00e4llde min produkt, hur \u00e4r det m\u00f6jligt?&#8221; style=&#8221;simple&#8221; color=&#8221;orange&#8221; size=&#8221;lg&#8221; custom_font_container=&#8221;tag:h2|font_size:18px|text_align:left|line_height:24px&#8221; custom_use_theme_fonts=&#8221;yes&#8221; use_custom_heading=&#8221;true&#8221;]\n<p>Det \u00e4r m\u00f6jligt att bekr\u00e4ftelsen har hamnat i din skr\u00e4ppostbox.<br \/>\nSkicka ett e-postmeddelande till <a href=\"mailto:hello@reloadbase.com\">hello@reloadbase.com<\/a> om bekr\u00e4ftelsen inte finns i din skr\u00e4ppostl\u00e5da men pengarna har debiterats. Vi hj\u00e4lper dig sedan vidare.<\/p>\n[\/vc_toggle][\/vc_tta_section][vc_tta_section title=&#8221;Personlig kod&#8221; tab_id=&#8221;1625745179666-19866d7a-f17b&#8221;][vc_toggle title=&#8221;Varf\u00f6r fungerar inte min kod?&#8221; style=&#8221;simple&#8221; color=&#8221;orange&#8221; size=&#8221;lg&#8221; custom_font_container=&#8221;tag:h2|font_size:18px|text_align:left|line_height:24px&#8221; custom_use_theme_fonts=&#8221;yes&#8221; use_custom_heading=&#8221;true&#8221;]\n<p>Alla v\u00e5ra koder \u00e4r unika och inneh\u00e5ller olika siffror och bokst\u00e4ver. Vi rekommenderar att du kopierar och klistrar in koden i st\u00e4llet f\u00f6r att kopiera den manuellt. Fungerar koden fortfarande inte? Skicka ett e-postmeddelande till <a href=\"mailto:hello@reloadbase.com\">hello@reloadbase.com<\/a> s\u00e5 hj\u00e4lper vi dig vidare.<\/p>\n[\/vc_toggle][vc_toggle title=&#8221;Varf\u00f6r f\u00e5r jag ett meddelande om att min kod redan har anv\u00e4nts?&#8221; style=&#8221;simple&#8221; color=&#8221;orange&#8221; size=&#8221;lg&#8221; custom_font_container=&#8221;tag:h2|font_size:18px|text_align:left|line_height:24px&#8221; custom_use_theme_fonts=&#8221;yes&#8221; use_custom_heading=&#8221;true&#8221;]\n<p>Alla v\u00e5ra koder \u00e4r unika. Om du f\u00e5r ett meddelande om att din kod redan \u00e4r anv\u00e4nd kan du skicka ett e-postmeddelande till <a href=\"mailto:hello@reloadbase.com\">hello@reloadbase.com<\/a>. Vi hj\u00e4lper dig g\u00e4rna.<\/p>\n[\/vc_toggle][\/vc_tta_section][vc_tta_section title=&#8221;Bedr\u00e4geri och bedr\u00e4geri&#8221; tab_id=&#8221;1634900048361-c612a9c2-2244&#8243;][vc_toggle title=&#8221;Hur f\u00f6rebygger jag bedr\u00e4gerier och bedr\u00e4gerier?&#8221; style=&#8221;simple&#8221; color=&#8221;orange&#8221; size=&#8221;lg&#8221; custom_font_container=&#8221;tag:h2|font_size:18px|text_align:left|line_height:24px&#8221; custom_use_theme_fonts=&#8221;yes&#8221; use_custom_heading=&#8221;true&#8221;]\n<p>F\u00f6r att undvika att bli lurad ger vi dig n\u00e5gra tips.<\/p>\n<ul>\n<li>Vi erbjuder ingenting p\u00e5 sociala medier som Facebook, Twitter, Instagram, WhatsApp eller andra webbplatser.<\/li>\n<li>Har du blivit erbjuden en kod av n\u00e5gon, men du vet inte vem det \u00e4r? Acceptera det inte. Om n\u00e5got verkar f\u00f6r bra f\u00f6r att vara sant \u00e4r det ofta s\u00e5.<\/li>\n<li>Anv\u00e4nd koden endast p\u00e5 den officiella webbplatsen f\u00f6r den produkt du k\u00f6pt.<\/li>\n<li>\u00c4ndra inte dina koder f\u00f6r att betala b\u00f6ter, l\u00e5n eller lotterier. Detta \u00e4r ocks\u00e5 en bluff.<\/li>\n<li>Ge aldrig kupongkoder, helt eller delvis, via telefon eller e-post och anv\u00e4nd aldrig dessa koder f\u00f6r att genomf\u00f6ra transaktioner p\u00e5 Facebook, andrahandswebbplatser eller auktionssajter.<\/li>\n<li>Vi kan inte blockera utf\u00e4rdade koder. Det \u00e4r alltid kundens ansvar att inte ge koden till tredje part.<\/li>\n<li>Om du har blivit lurad rekommenderar vi att du anm\u00e4ler detta till polisen.<\/li>\n<\/ul>\n[\/vc_toggle][vc_toggle title=&#8221;Vad \u00e4r falska e-postmeddelanden?&#8221; style=&#8221;simple&#8221; color=&#8221;orange&#8221; size=&#8221;lg&#8221; custom_font_container=&#8221;tag:h2|font_size:18px|text_align:left|line_height:24px&#8221; custom_use_theme_fonts=&#8221;yes&#8221; use_custom_heading=&#8221;true&#8221;]\n<p>H\u00f6gst upp p\u00e5 listan \u00f6ver tekniker f\u00f6r falska e-postmeddelanden st\u00e5r phishing. Detta v\u00e4lk\u00e4nda s\u00e4tt att beg\u00e5 bedr\u00e4gerier har anv\u00e4nts allt oftare p\u00e5 senare tid. De \u00e4r f\u00f6rmodligen fr\u00e5n stora f\u00f6retag, t.ex. din bank, och du ombeds att l\u00e4mna personlig information eller uppgifter, ofta via en l\u00e4nk p\u00e5 en webbplats.\u00a0 Inget f\u00f6retag, inklusive Reloadbase, kommer att be om dina personuppgifter p\u00e5 detta s\u00e4tt. Inte ens f\u00f6r att verifiera en kod online eller f\u00f6r att kunna betala med en digital kod.<\/p>\n[\/vc_toggle][vc_toggle title=&#8221;Vad ska jag g\u00f6ra om jag blir lurad?&#8221; style=&#8221;simple&#8221; color=&#8221;orange&#8221; size=&#8221;lg&#8221; custom_font_container=&#8221;tag:h2|font_size:18px|text_align:left|line_height:24px&#8221; custom_use_theme_fonts=&#8221;yes&#8221; use_custom_heading=&#8221;true&#8221;]\n<p>Har du blivit lurad och har du konkreta bevis f\u00f6r detta? Tveka inte att anm\u00e4la det till polisen. Kontakta sedan din bank och sp\u00e4rra ditt konto. Det finns en stor chans att kriminella webbplatser eller bedragare har hackat sig in p\u00e5 ditt konto och kan anv\u00e4nda det. Vi tar rapporter om bedr\u00e4gerier p\u00e5 st\u00f6rsta allvar och f\u00f6rs\u00f6ker f\u00f6rhindra dem, men i v\u00e4rsta fall ber vi dig att kontakta oss via kontaktformul\u00e4ret. Vi kommer sedan att g\u00f6ra allt vi kan f\u00f6r att sp\u00e5ra upp bedragarna. Dessutom f\u00f6rs\u00f6ker vi s\u00e4kra v\u00e5r webbplats b\u00e4ttre varje g\u00e5ng f\u00f6r att f\u00f6rhindra bedr\u00e4gerier.<\/p>\n[\/vc_toggle][\/vc_tta_section][\/vc_tta_tabs][\/vc_column][\/vc_row][vc_row css=&#8221;.vc_custom_1625747186777{margin-top: 50px !important;margin-bottom: 50px !important;}&#8221;][vc_column][vc_column_text]\n<h2 style=\"text-align: center;\">\u00c4r din fr\u00e5ga inte inkluderad eller har du en fr\u00e5ga om din best\u00e4llning?<\/h2>\n<p style=\"text-align: center;\">Kontakta oss p\u00e5:<\/p>\n[\/vc_column_text][vc_row_inner css=&#8221;.vc_custom_1625747531811{margin-top: 20px !important;margin-bottom: 20px !important;}&#8221;][vc_column_inner][vc_column_text]\n<ul class=\"contact-list\">\n<li class=\"contact-block\"><a class=\"contact-block__content\" href=\"https:\/\/reloadbase.com\/nl-nl\/contact\/\"><img decoding=\"async\" class=\"contact-block__content-icon\" src=\"https:\/\/reloadbase.com\/wp-content\/uploads\/2021\/07\/contact-form.png\" alt=\"contactformulier\" loading=\"lazy\" \/>Kontaktformul\u00e4rSvar inom 24 timmar (endast vardagar)<\/a><\/li>\n<li class=\"contact-block\"><a class=\"contact-block__content\" href=\"mailto:hello@reloadbase.com\"><img decoding=\"async\" class=\"contact-block__content-icon\" src=\"https:\/\/reloadbase.com\/wp-content\/uploads\/2021\/07\/mail.png\" alt=\"email\" loading=\"lazy\" \/>E-postSvar inom 24 timmar (endast vardagar)<\/a><\/li>\n<\/ul>\n[\/vc_column_text][\/vc_column_inner][\/vc_row_inner][\/vc_column][\/vc_row]\n<\/div>","protected":false},"excerpt":{"rendered":"<p>[vc_row css=&#8221;.vc_custom_1625744026436{margin-top: 50px !important;margin-bottom: 50px !important;}&#8221;][vc_column][vc_column_text] Ofta st\u00e4llda fr\u00e5gor [\/vc_column_text][vc_tta_tabs shape=&#8221;square&#8221; spacing=&#8221;&#8221; alignment=&#8221;center&#8221; active_section=&#8221;1&#8243; no_fill_content_area=&#8221;true&#8221;][vc_tta_section title=&#8221;Allm\u00e4nt&#8221; tab_id=&#8221;1625744250790-a98d4ba2-19c0&#8243;][vc_toggle title=&#8221;Vad \u00e4r ReloadBase?&#8221; style=&#8221;simple&#8221; color=&#8221;orange&#8221; size=&#8221;lg&#8221; open=&#8221;true&#8221; custom_font_container=&#8221;tag:h2|font_size:18px|text_align:left|line_height:24px&#8221;&hellip;<\/p>\n","protected":false},"author":1608,"featured_media":0,"parent":0,"menu_order":0,"comment_status":"closed","ping_status":"closed","template":"","meta":{"_acf_changed":false,"footnotes":""},"class_list":["post-84094","page","type-page","status-publish","hentry"],"acf":[],"yoast_head":"<!-- This site is optimized with the Yoast SEO plugin v24.4 - https:\/\/yoast.com\/wordpress\/plugins\/seo\/ -->\n<title>Ofta st\u00e4llda fr\u00e5gor | ReloadBase<\/title>\n<meta name=\"robots\" content=\"noindex, follow\" \/>\n<meta property=\"og:locale\" content=\"en_US\" \/>\n<meta property=\"og:type\" content=\"article\" \/>\n<meta property=\"og:title\" content=\"Ofta st\u00e4llda fr\u00e5gor | ReloadBase\" \/>\n<meta property=\"og:description\" content=\"[vc_row css=&#8221;.vc_custom_1625744026436{margin-top: 50px !important;margin-bottom: 50px !important;}&#8221;][vc_column][vc_column_text] Ofta st\u00e4llda fr\u00e5gor [\/vc_column_text][vc_tta_tabs shape=&#8221;square&#8221; spacing=&#8221;&#8221; alignment=&#8221;center&#8221; active_section=&#8221;1&#8243; no_fill_content_area=&#8221;true&#8221;][vc_tta_section title=&#8221;Allm\u00e4nt&#8221; tab_id=&#8221;1625744250790-a98d4ba2-19c0&#8243;][vc_toggle title=&#8221;Vad \u00e4r ReloadBase?&#8221; style=&#8221;simple&#8221; color=&#8221;orange&#8221; size=&#8221;lg&#8221; open=&#8221;true&#8221; custom_font_container=&#8221;tag:h2|font_size:18px|text_align:left|line_height:24px&#8221;&hellip;\" \/>\n<meta property=\"og:url\" content=\"https:\/\/reloadbase.com\/sv-se\/ofta-stallda-fragor\/\" \/>\n<meta property=\"og:site_name\" content=\"ReloadBase\" \/>\n<meta property=\"article:publisher\" content=\"https:\/\/www.facebook.com\/ReloadBase\/\" \/>\n<meta property=\"article:modified_time\" content=\"2022-08-30T09:54:32+00:00\" \/>\n<meta property=\"og:image\" content=\"https:\/\/reloadbase.com\/wp-content\/uploads\/2021\/07\/Reloadbase-opengraph-nl.png?_t=1661853272\" \/>\n\t<meta property=\"og:image:width\" content=\"1046\" \/>\n\t<meta property=\"og:image:height\" content=\"628\" \/>\n\t<meta property=\"og:image:type\" content=\"image\/png\" \/>\n<meta name=\"twitter:card\" content=\"summary_large_image\" \/>\n<meta name=\"twitter:image\" content=\"https:\/\/reloadbase.com\/wp-content\/uploads\/2021\/07\/Reloadbase-opengraph-nl.png\" \/>\n<meta name=\"twitter:label1\" content=\"Est. reading time\" \/>\n\t<meta name=\"twitter:data1\" content=\"7 minutes\" \/>\n<script type=\"application\/ld+json\" class=\"yoast-schema-graph\">{\"@context\":\"https:\/\/schema.org\",\"@graph\":[{\"@type\":\"WebPage\",\"@id\":\"https:\/\/reloadbase.com\/sv-se\/ofta-stallda-fragor\/\",\"url\":\"https:\/\/reloadbase.com\/sv-se\/ofta-stallda-fragor\/\",\"name\":\"Ofta st\u00e4llda fr\u00e5gor | ReloadBase\",\"isPartOf\":{\"@id\":\"https:\/\/reloadbase.com\/nl-nl\/#website\"},\"primaryImageOfPage\":{\"@id\":\"https:\/\/reloadbase.com\/sv-se\/ofta-stallda-fragor\/#primaryimage\"},\"image\":{\"@id\":\"https:\/\/reloadbase.com\/sv-se\/ofta-stallda-fragor\/#primaryimage\"},\"thumbnailUrl\":\"https:\/\/reloadbase.com\/wp-content\/uploads\/2021\/07\/contact-form.png\",\"datePublished\":\"2021-06-01T17:42:03+00:00\",\"dateModified\":\"2022-08-30T09:54:32+00:00\",\"breadcrumb\":{\"@id\":\"https:\/\/reloadbase.com\/sv-se\/ofta-stallda-fragor\/#breadcrumb\"},\"inLanguage\":\"svse\",\"potentialAction\":[{\"@type\":\"ReadAction\",\"target\":[\"https:\/\/reloadbase.com\/sv-se\/ofta-stallda-fragor\/\"]}]},{\"@type\":\"ImageObject\",\"inLanguage\":\"svse\",\"@id\":\"https:\/\/reloadbase.com\/sv-se\/ofta-stallda-fragor\/#primaryimage\",\"url\":\"https:\/\/reloadbase.com\/wp-content\/uploads\/2021\/07\/contact-form.png\",\"contentUrl\":\"https:\/\/reloadbase.com\/wp-content\/uploads\/2021\/07\/contact-form.png\"},{\"@type\":\"BreadcrumbList\",\"@id\":\"https:\/\/reloadbase.com\/sv-se\/ofta-stallda-fragor\/#breadcrumb\",\"itemListElement\":[{\"@type\":\"ListItem\",\"position\":1,\"name\":\"Home\",\"item\":\"https:\/\/reloadbase.com\/nl-nl\/\"},{\"@type\":\"ListItem\",\"position\":2,\"name\":\"Veelgestelde vragen\"}]},{\"@type\":\"WebSite\",\"@id\":\"https:\/\/reloadbase.com\/nl-nl\/#website\",\"url\":\"https:\/\/reloadbase.com\/nl-nl\/\",\"name\":\"ReloadBase\",\"description\":\"\",\"publisher\":{\"@id\":\"https:\/\/reloadbase.com\/nl-nl\/#organization\"},\"potentialAction\":[{\"@type\":\"SearchAction\",\"target\":{\"@type\":\"EntryPoint\",\"urlTemplate\":\"https:\/\/reloadbase.com\/nl-nl\/?s={search_term_string}\"},\"query-input\":{\"@type\":\"PropertyValueSpecification\",\"valueRequired\":true,\"valueName\":\"search_term_string\"}}],\"inLanguage\":\"svse\"},{\"@type\":\"Organization\",\"@id\":\"https:\/\/reloadbase.com\/nl-nl\/#organization\",\"name\":\"ReloadBase\",\"url\":\"https:\/\/reloadbase.com\/nl-nl\/\",\"logo\":{\"@type\":\"ImageObject\",\"inLanguage\":\"svse\",\"@id\":\"https:\/\/reloadbase.com\/nl-nl\/#\/schema\/logo\/image\/\",\"url\":\"https:\/\/reloadbase.com\/wp-content\/uploads\/2020\/05\/RELOADBASE01_Horizontal_Transparant.png\",\"contentUrl\":\"https:\/\/reloadbase.com\/wp-content\/uploads\/2020\/05\/RELOADBASE01_Horizontal_Transparant.png\",\"width\":17627,\"height\":2130,\"caption\":\"ReloadBase\"},\"image\":{\"@id\":\"https:\/\/reloadbase.com\/nl-nl\/#\/schema\/logo\/image\/\"},\"sameAs\":[\"https:\/\/www.facebook.com\/ReloadBase\/\",\"https:\/\/www.instagram.com\/reloadbase\/\"]}]}<\/script>\n<!-- \/ Yoast SEO plugin. -->","yoast_head_json":{"title":"Ofta st\u00e4llda fr\u00e5gor | ReloadBase","robots":{"index":"noindex","follow":"follow"},"og_locale":"en_US","og_type":"article","og_title":"Ofta st\u00e4llda fr\u00e5gor | ReloadBase","og_description":"[vc_row css=&#8221;.vc_custom_1625744026436{margin-top: 50px !important;margin-bottom: 50px !important;}&#8221;][vc_column][vc_column_text] Ofta st\u00e4llda fr\u00e5gor [\/vc_column_text][vc_tta_tabs shape=&#8221;square&#8221; spacing=&#8221;&#8221; alignment=&#8221;center&#8221; active_section=&#8221;1&#8243; no_fill_content_area=&#8221;true&#8221;][vc_tta_section title=&#8221;Allm\u00e4nt&#8221; tab_id=&#8221;1625744250790-a98d4ba2-19c0&#8243;][vc_toggle title=&#8221;Vad \u00e4r ReloadBase?&#8221; style=&#8221;simple&#8221; color=&#8221;orange&#8221; size=&#8221;lg&#8221; open=&#8221;true&#8221; custom_font_container=&#8221;tag:h2|font_size:18px|text_align:left|line_height:24px&#8221;&hellip;","og_url":"https:\/\/reloadbase.com\/sv-se\/ofta-stallda-fragor\/","og_site_name":"ReloadBase","article_publisher":"https:\/\/www.facebook.com\/ReloadBase\/","article_modified_time":"2022-08-30T09:54:32+00:00","og_image":[{"width":1046,"height":628,"url":"https:\/\/reloadbase.com\/wp-content\/uploads\/2021\/07\/Reloadbase-opengraph-nl.png?_t=1661853272","type":"image\/png"}],"twitter_card":"summary_large_image","twitter_image":"https:\/\/reloadbase.com\/wp-content\/uploads\/2021\/07\/Reloadbase-opengraph-nl.png","twitter_misc":{"Est. reading time":"7 minutes"},"schema":{"@context":"https:\/\/schema.org","@graph":[{"@type":"WebPage","@id":"https:\/\/reloadbase.com\/sv-se\/ofta-stallda-fragor\/","url":"https:\/\/reloadbase.com\/sv-se\/ofta-stallda-fragor\/","name":"Ofta st\u00e4llda fr\u00e5gor | ReloadBase","isPartOf":{"@id":"https:\/\/reloadbase.com\/nl-nl\/#website"},"primaryImageOfPage":{"@id":"https:\/\/reloadbase.com\/sv-se\/ofta-stallda-fragor\/#primaryimage"},"image":{"@id":"https:\/\/reloadbase.com\/sv-se\/ofta-stallda-fragor\/#primaryimage"},"thumbnailUrl":"https:\/\/reloadbase.com\/wp-content\/uploads\/2021\/07\/contact-form.png","datePublished":"2021-06-01T17:42:03+00:00","dateModified":"2022-08-30T09:54:32+00:00","breadcrumb":{"@id":"https:\/\/reloadbase.com\/sv-se\/ofta-stallda-fragor\/#breadcrumb"},"inLanguage":"svse","potentialAction":[{"@type":"ReadAction","target":["https:\/\/reloadbase.com\/sv-se\/ofta-stallda-fragor\/"]}]},{"@type":"ImageObject","inLanguage":"svse","@id":"https:\/\/reloadbase.com\/sv-se\/ofta-stallda-fragor\/#primaryimage","url":"https:\/\/reloadbase.com\/wp-content\/uploads\/2021\/07\/contact-form.png","contentUrl":"https:\/\/reloadbase.com\/wp-content\/uploads\/2021\/07\/contact-form.png"},{"@type":"BreadcrumbList","@id":"https:\/\/reloadbase.com\/sv-se\/ofta-stallda-fragor\/#breadcrumb","itemListElement":[{"@type":"ListItem","position":1,"name":"Home","item":"https:\/\/reloadbase.com\/nl-nl\/"},{"@type":"ListItem","position":2,"name":"Veelgestelde vragen"}]},{"@type":"WebSite","@id":"https:\/\/reloadbase.com\/nl-nl\/#website","url":"https:\/\/reloadbase.com\/nl-nl\/","name":"ReloadBase","description":"","publisher":{"@id":"https:\/\/reloadbase.com\/nl-nl\/#organization"},"potentialAction":[{"@type":"SearchAction","target":{"@type":"EntryPoint","urlTemplate":"https:\/\/reloadbase.com\/nl-nl\/?s={search_term_string}"},"query-input":{"@type":"PropertyValueSpecification","valueRequired":true,"valueName":"search_term_string"}}],"inLanguage":"svse"},{"@type":"Organization","@id":"https:\/\/reloadbase.com\/nl-nl\/#organization","name":"ReloadBase","url":"https:\/\/reloadbase.com\/nl-nl\/","logo":{"@type":"ImageObject","inLanguage":"svse","@id":"https:\/\/reloadbase.com\/nl-nl\/#\/schema\/logo\/image\/","url":"https:\/\/reloadbase.com\/wp-content\/uploads\/2020\/05\/RELOADBASE01_Horizontal_Transparant.png","contentUrl":"https:\/\/reloadbase.com\/wp-content\/uploads\/2020\/05\/RELOADBASE01_Horizontal_Transparant.png","width":17627,"height":2130,"caption":"ReloadBase"},"image":{"@id":"https:\/\/reloadbase.com\/nl-nl\/#\/schema\/logo\/image\/"},"sameAs":["https:\/\/www.facebook.com\/ReloadBase\/","https:\/\/www.instagram.com\/reloadbase\/"]}]}},"_links":{"self":[{"href":"https:\/\/reloadbase.com\/sv-se\/wp-json\/wp\/v2\/pages\/84094","targetHints":{"allow":["GET"]}}],"collection":[{"href":"https:\/\/reloadbase.com\/sv-se\/wp-json\/wp\/v2\/pages"}],"about":[{"href":"https:\/\/reloadbase.com\/sv-se\/wp-json\/wp\/v2\/types\/page"}],"author":[{"embeddable":true,"href":"https:\/\/reloadbase.com\/sv-se\/wp-json\/wp\/v2\/users\/1608"}],"replies":[{"embeddable":true,"href":"https:\/\/reloadbase.com\/sv-se\/wp-json\/wp\/v2\/comments?post=84094"}],"version-history":[{"count":4,"href":"https:\/\/reloadbase.com\/sv-se\/wp-json\/wp\/v2\/pages\/84094\/revisions"}],"predecessor-version":[{"id":85344,"href":"https:\/\/reloadbase.com\/sv-se\/wp-json\/wp\/v2\/pages\/84094\/revisions\/85344"}],"wp:attachment":[{"href":"https:\/\/reloadbase.com\/sv-se\/wp-json\/wp\/v2\/media?parent=84094"}],"curies":[{"name":"wp","href":"https:\/\/api.w.org\/{rel}","templated":true}]}}