{"id":84089,"date":"2021-06-23T08:32:40","date_gmt":"2021-06-23T08:32:40","guid":{"rendered":"https:\/\/reloadbase.com\/retourbeleid\/"},"modified":"2022-08-30T09:57:38","modified_gmt":"2022-08-30T09:57:38","slug":"atervandandepolicy","status":"publish","type":"page","link":"https:\/\/reloadbase.com\/sv-se\/atervandandepolicy\/","title":{"rendered":"Retourbeleid"},"content":{"rendered":"<div class=\"wpb-content-wrapper\">[vc_row css=&#8221;.vc_custom_1627554924267{margin-top: 50px !important;margin-bottom: 50px !important;}&#8221;][vc_column][vc_column_text]\n<h1>\u00c5terv\u00e4ndandepolicy<\/h1>\n[\/vc_column_text][vc_column_text]\n<h3>\u00c5ngerr\u00e4tt p\u00e5 Reloadbase.com<\/h3>\n<p>S\u00e5 snart kunden f\u00e5r den digitala koden kan krediten anv\u00e4ndas omedelbart. En best\u00e4llning kan inte avbrytas. \u00e5ngerfristen p\u00e5 14 dagar g\u00e4ller inte p\u00e5 grund av de levererade produkternas karakt\u00e4r. Det finns allts\u00e5 ingen bet\u00e4nketid och ingen period f\u00f6r \u00e5terkallelse. Kunden samtycker till omedelbar leverans av produkten efter betalning (b\u00e5de i f\u00f6rv\u00e4g och i efterhand) och avst\u00e5r uttryckligen fr\u00e5n \u00e5ngerr\u00e4tt och \u00e5ngerr\u00e4tt.<\/p>\n<p>Orsaken till att man avviker fr\u00e5n \u00e5ngerr\u00e4tten \u00e4r att en produkt inte kan returneras eftersom det \u00e4r om\u00f6jligt att avg\u00f6ra om produkten redan har anv\u00e4nts. Detta g\u00e4ller digitala produkter vars f\u00f6rsegling bryts omedelbart efter leverans. De produkter som ska levereras \u00e4r av s\u00e5dan art att det inte finns n\u00e5gon \u00e5ngerfrist eller \u00e5ngerr\u00e4tt, utom vid f\u00f6rsenad betalning. I s\u00e5 fall har koden \u00e4nnu inte mottagits och produkten kan \u00e5terkallas; bevisb\u00f6rdan ligger p\u00e5 kunden.<\/p>\n<p>&nbsp;<\/p>\n<p><strong>N\u00e5gra fr\u00e5gor?<\/strong><\/p>\n<p>Om du har n\u00e5gra fr\u00e5gor om din \u00e5ngerr\u00e4tt kan du kontakta oss via v\u00e5r <a href=\"https:\/\/reloadbase.com\/sv-se\/kontakta\/\">kontaktsida<\/a>.[\/vc_column_text][\/vc_column][\/vc_row]\n<\/div>","protected":false},"excerpt":{"rendered":"<p>[vc_row css=&#8221;.vc_custom_1627554924267{margin-top: 50px !important;margin-bottom: 50px !important;}&#8221;][vc_column][vc_column_text] \u00c5terv\u00e4ndandepolicy [\/vc_column_text][vc_column_text] \u00c5ngerr\u00e4tt p\u00e5 Reloadbase.com S\u00e5 snart kunden f\u00e5r den digitala koden kan krediten anv\u00e4ndas omedelbart. En best\u00e4llning kan&hellip;<\/p>\n","protected":false},"author":1608,"featured_media":0,"parent":0,"menu_order":0,"comment_status":"closed","ping_status":"closed","template":"","meta":{"_acf_changed":false,"footnotes":""},"class_list":["post-84089","page","type-page","status-publish","hentry"],"acf":[],"yoast_head":"<!-- This site is optimized with the Yoast SEO plugin v24.4 - https:\/\/yoast.com\/wordpress\/plugins\/seo\/ -->\n<title>\u00c5terv\u00e4ndandepolicy |ReloadBase<\/title>\n<meta name=\"robots\" content=\"noindex, follow\" \/>\n<meta property=\"og:locale\" content=\"en_US\" \/>\n<meta property=\"og:type\" content=\"article\" \/>\n<meta property=\"og:title\" content=\"\u00c5terv\u00e4ndandepolicy |ReloadBase\" \/>\n<meta property=\"og:description\" content=\"[vc_row css=&#8221;.vc_custom_1627554924267{margin-top: 50px !important;margin-bottom: 50px !important;}&#8221;][vc_column][vc_column_text] \u00c5terv\u00e4ndandepolicy [\/vc_column_text][vc_column_text] \u00c5ngerr\u00e4tt p\u00e5 Reloadbase.com S\u00e5 snart kunden f\u00e5r den digitala koden kan krediten anv\u00e4ndas omedelbart. En best\u00e4llning kan&hellip;\" \/>\n<meta property=\"og:url\" content=\"https:\/\/reloadbase.com\/sv-se\/atervandandepolicy\/\" \/>\n<meta property=\"og:site_name\" content=\"ReloadBase\" \/>\n<meta property=\"article:publisher\" content=\"https:\/\/www.facebook.com\/ReloadBase\/\" \/>\n<meta property=\"article:modified_time\" content=\"2022-08-30T09:57:38+00:00\" \/>\n<meta name=\"twitter:card\" content=\"summary_large_image\" \/>\n<meta name=\"twitter:label1\" content=\"Est. reading time\" \/>\n\t<meta name=\"twitter:data1\" content=\"1 minute\" \/>\n<script type=\"application\/ld+json\" class=\"yoast-schema-graph\">{\"@context\":\"https:\/\/schema.org\",\"@graph\":[{\"@type\":\"WebPage\",\"@id\":\"https:\/\/reloadbase.com\/sv-se\/atervandandepolicy\/\",\"url\":\"https:\/\/reloadbase.com\/sv-se\/atervandandepolicy\/\",\"name\":\"\u00c5terv\u00e4ndandepolicy |ReloadBase\",\"isPartOf\":{\"@id\":\"https:\/\/reloadbase.com\/nl-nl\/#website\"},\"datePublished\":\"2021-06-23T08:32:40+00:00\",\"dateModified\":\"2022-08-30T09:57:38+00:00\",\"breadcrumb\":{\"@id\":\"https:\/\/reloadbase.com\/sv-se\/atervandandepolicy\/#breadcrumb\"},\"inLanguage\":\"svse\",\"potentialAction\":[{\"@type\":\"ReadAction\",\"target\":[\"https:\/\/reloadbase.com\/sv-se\/atervandandepolicy\/\"]}]},{\"@type\":\"BreadcrumbList\",\"@id\":\"https:\/\/reloadbase.com\/sv-se\/atervandandepolicy\/#breadcrumb\",\"itemListElement\":[{\"@type\":\"ListItem\",\"position\":1,\"name\":\"Home\",\"item\":\"https:\/\/reloadbase.com\/nl-nl\/\"},{\"@type\":\"ListItem\",\"position\":2,\"name\":\"Retourbeleid\"}]},{\"@type\":\"WebSite\",\"@id\":\"https:\/\/reloadbase.com\/nl-nl\/#website\",\"url\":\"https:\/\/reloadbase.com\/nl-nl\/\",\"name\":\"ReloadBase\",\"description\":\"\",\"publisher\":{\"@id\":\"https:\/\/reloadbase.com\/nl-nl\/#organization\"},\"potentialAction\":[{\"@type\":\"SearchAction\",\"target\":{\"@type\":\"EntryPoint\",\"urlTemplate\":\"https:\/\/reloadbase.com\/nl-nl\/?s={search_term_string}\"},\"query-input\":{\"@type\":\"PropertyValueSpecification\",\"valueRequired\":true,\"valueName\":\"search_term_string\"}}],\"inLanguage\":\"svse\"},{\"@type\":\"Organization\",\"@id\":\"https:\/\/reloadbase.com\/nl-nl\/#organization\",\"name\":\"ReloadBase\",\"url\":\"https:\/\/reloadbase.com\/nl-nl\/\",\"logo\":{\"@type\":\"ImageObject\",\"inLanguage\":\"svse\",\"@id\":\"https:\/\/reloadbase.com\/nl-nl\/#\/schema\/logo\/image\/\",\"url\":\"https:\/\/reloadbase.com\/wp-content\/uploads\/2020\/05\/RELOADBASE01_Horizontal_Transparant.png\",\"contentUrl\":\"https:\/\/reloadbase.com\/wp-content\/uploads\/2020\/05\/RELOADBASE01_Horizontal_Transparant.png\",\"width\":17627,\"height\":2130,\"caption\":\"ReloadBase\"},\"image\":{\"@id\":\"https:\/\/reloadbase.com\/nl-nl\/#\/schema\/logo\/image\/\"},\"sameAs\":[\"https:\/\/www.facebook.com\/ReloadBase\/\",\"https:\/\/www.instagram.com\/reloadbase\/\"]}]}<\/script>\n<!-- \/ Yoast SEO plugin. -->","yoast_head_json":{"title":"\u00c5terv\u00e4ndandepolicy |ReloadBase","robots":{"index":"noindex","follow":"follow"},"og_locale":"en_US","og_type":"article","og_title":"\u00c5terv\u00e4ndandepolicy |ReloadBase","og_description":"[vc_row css=&#8221;.vc_custom_1627554924267{margin-top: 50px !important;margin-bottom: 50px !important;}&#8221;][vc_column][vc_column_text] \u00c5terv\u00e4ndandepolicy [\/vc_column_text][vc_column_text] \u00c5ngerr\u00e4tt p\u00e5 Reloadbase.com S\u00e5 snart kunden f\u00e5r den digitala koden kan krediten anv\u00e4ndas omedelbart. En best\u00e4llning kan&hellip;","og_url":"https:\/\/reloadbase.com\/sv-se\/atervandandepolicy\/","og_site_name":"ReloadBase","article_publisher":"https:\/\/www.facebook.com\/ReloadBase\/","article_modified_time":"2022-08-30T09:57:38+00:00","twitter_card":"summary_large_image","twitter_misc":{"Est. reading time":"1 minute"},"schema":{"@context":"https:\/\/schema.org","@graph":[{"@type":"WebPage","@id":"https:\/\/reloadbase.com\/sv-se\/atervandandepolicy\/","url":"https:\/\/reloadbase.com\/sv-se\/atervandandepolicy\/","name":"\u00c5terv\u00e4ndandepolicy |ReloadBase","isPartOf":{"@id":"https:\/\/reloadbase.com\/nl-nl\/#website"},"datePublished":"2021-06-23T08:32:40+00:00","dateModified":"2022-08-30T09:57:38+00:00","breadcrumb":{"@id":"https:\/\/reloadbase.com\/sv-se\/atervandandepolicy\/#breadcrumb"},"inLanguage":"svse","potentialAction":[{"@type":"ReadAction","target":["https:\/\/reloadbase.com\/sv-se\/atervandandepolicy\/"]}]},{"@type":"BreadcrumbList","@id":"https:\/\/reloadbase.com\/sv-se\/atervandandepolicy\/#breadcrumb","itemListElement":[{"@type":"ListItem","position":1,"name":"Home","item":"https:\/\/reloadbase.com\/nl-nl\/"},{"@type":"ListItem","position":2,"name":"Retourbeleid"}]},{"@type":"WebSite","@id":"https:\/\/reloadbase.com\/nl-nl\/#website","url":"https:\/\/reloadbase.com\/nl-nl\/","name":"ReloadBase","description":"","publisher":{"@id":"https:\/\/reloadbase.com\/nl-nl\/#organization"},"potentialAction":[{"@type":"SearchAction","target":{"@type":"EntryPoint","urlTemplate":"https:\/\/reloadbase.com\/nl-nl\/?s={search_term_string}"},"query-input":{"@type":"PropertyValueSpecification","valueRequired":true,"valueName":"search_term_string"}}],"inLanguage":"svse"},{"@type":"Organization","@id":"https:\/\/reloadbase.com\/nl-nl\/#organization","name":"ReloadBase","url":"https:\/\/reloadbase.com\/nl-nl\/","logo":{"@type":"ImageObject","inLanguage":"svse","@id":"https:\/\/reloadbase.com\/nl-nl\/#\/schema\/logo\/image\/","url":"https:\/\/reloadbase.com\/wp-content\/uploads\/2020\/05\/RELOADBASE01_Horizontal_Transparant.png","contentUrl":"https:\/\/reloadbase.com\/wp-content\/uploads\/2020\/05\/RELOADBASE01_Horizontal_Transparant.png","width":17627,"height":2130,"caption":"ReloadBase"},"image":{"@id":"https:\/\/reloadbase.com\/nl-nl\/#\/schema\/logo\/image\/"},"sameAs":["https:\/\/www.facebook.com\/ReloadBase\/","https:\/\/www.instagram.com\/reloadbase\/"]}]}},"_links":{"self":[{"href":"https:\/\/reloadbase.com\/sv-se\/wp-json\/wp\/v2\/pages\/84089","targetHints":{"allow":["GET"]}}],"collection":[{"href":"https:\/\/reloadbase.com\/sv-se\/wp-json\/wp\/v2\/pages"}],"about":[{"href":"https:\/\/reloadbase.com\/sv-se\/wp-json\/wp\/v2\/types\/page"}],"author":[{"embeddable":true,"href":"https:\/\/reloadbase.com\/sv-se\/wp-json\/wp\/v2\/users\/1608"}],"replies":[{"embeddable":true,"href":"https:\/\/reloadbase.com\/sv-se\/wp-json\/wp\/v2\/comments?post=84089"}],"version-history":[{"count":3,"href":"https:\/\/reloadbase.com\/sv-se\/wp-json\/wp\/v2\/pages\/84089\/revisions"}],"predecessor-version":[{"id":85350,"href":"https:\/\/reloadbase.com\/sv-se\/wp-json\/wp\/v2\/pages\/84089\/revisions\/85350"}],"wp:attachment":[{"href":"https:\/\/reloadbase.com\/sv-se\/wp-json\/wp\/v2\/media?parent=84089"}],"curies":[{"name":"wp","href":"https:\/\/api.w.org\/{rel}","templated":true}]}}