{"id":84009,"date":"2020-11-12T12:54:40","date_gmt":"2020-11-12T12:54:40","guid":{"rendered":"https:\/\/reloadbase.com\/disclaimer\/"},"modified":"2022-08-30T09:04:13","modified_gmt":"2022-08-30T09:04:13","slug":"zrieknutie-sa-zodpovednosti","status":"publish","type":"page","link":"https:\/\/reloadbase.com\/sk-sk\/zrieknutie-sa-zodpovednosti\/","title":{"rendered":"Disclaimer"},"content":{"rendered":"<div class=\"wpb-content-wrapper\">[vc_row css=&#8221;.vc_custom_1605183175327{padding-top: 50px !important;padding-bottom: 15vh !important;}&#8221;][vc_column width=&#8221;2\/3&#8243;][vc_column_text css=&#8221;.vc_custom_1659435692078{padding-bottom: 50px !important;}&#8221;]\n<h3><strong>O tomto vyhl\u00e1sen\u00ed o odmietnut\u00ed zodpovednosti<\/strong><\/h3>\n<p>P\u00ed\u0161eme o produktoch, ktor\u00e9 na\u0161im \u010ditate\u013eom \u00faprimne odpor\u00fa\u010dame. D\u00fafame, \u017ee na\u0161e odpor\u00fa\u010dania v\u00e1m u\u0161etria \u010das a peniaze. Je to teda situ\u00e1cia, ktor\u00e1 je v\u00fdhodn\u00e1 pre obe strany. \u010eakujeme za va\u0161u podporu.<\/p>\n<h3><strong>Zrieknutie sa zodpovednosti<\/strong><\/h3>\n<p>V tomto vyhl\u00e1sen\u00ed o odmietnut\u00ed zodpovednosti sa uplat\u0148uj\u00fa nasleduj\u00face defin\u00edcie:<\/p>\n<ul>\n<li>Webov\u00e1 str\u00e1nka: ka\u017ed\u00e1 webov\u00e1 str\u00e1nka, na ktorej vydavate\u013e uv\u00e1dza hypertextov\u00fd odkaz na toto vyhl\u00e1senie o vyl\u00fa\u010den\u00ed zodpovednosti so z\u00e1merom, aby sa na \u0148u toto vyhl\u00e1senie vz\u0165ahovalo;<\/li>\n<li>Vydavate\u013e: autorizovan\u00fd vydavate\u013e webovej str\u00e1nky, ktor\u00fdm je spolo\u010dnos\u0165 ReloadBase so s\u00eddlom v Amsterdame. Platforma reloadbase.com je slu\u017ebou spolo\u010dnosti ReloadBase B.V. Viac inform\u00e1ci\u00ed n\u00e1jdete vo <a href=\"https:\/\/reloadbase.com\/sk-sk\/algemene-voorwaarden\/\">V\u0161eobecn\u00fdch podmienkach<\/a>.<\/li>\n<li>Pou\u017e\u00edvanie: okrem in\u00e9ho na\u010d\u00edtanie, prihl\u00e1senie, vy\u017eiadanie, konzult\u00e1cia, \u010d\u00edtanie, prezeranie, po\u010d\u00favanie, editovanie, vyp\u013a\u0148anie (formul\u00e1rov), odosielanie, (do\u010dasn\u00e9) kop\u00edrovanie, ukladanie, posielanie, distrib\u00facia, pou\u017e\u00edvanie slu\u017eieb, vykon\u00e1vanie pr\u00e1vnych \u00fakonov (napr. k\u00fapa, pren\u00e1jom);<\/li>\n<li>Vy: (zast\u00fapen\u00e1) fyzick\u00e1 alebo pr\u00e1vnick\u00e1 osoba, ktor\u00e1 pou\u017e\u00edva webov\u00fa str\u00e1nku;<\/li>\n<li>Obsah: okrem in\u00e9ho texty, obr\u00e1zky, hypertextov\u00e9 odkazy, zvukov\u00e9 a\/alebo videoklipy a\/alebo in\u00e9 objekty;<\/li>\n<li>\u0160koda: priama alebo nepriama \u0161koda ak\u00e9hoko\u013evek druhu vr\u00e1tane straty \u00fadajov a obchodov, u\u0161l\u00e9ho obratu, zisku alebo inej ekonomickej ujmy.<\/li>\n<\/ul>\n<p>Na webov\u00fa str\u00e1nku sa vz\u0165ahuj\u00fa nasleduj\u00face inform\u00e1cie. Pou\u017e\u00edvan\u00edm webovej str\u00e1nky s\u00fahlas\u00edte s t\u00fdmto vyhl\u00e1sen\u00edm o odmietnut\u00ed zodpovednosti.<\/p>\n<p>Aktu\u00e1lna verzia vyhl\u00e1senia o vyl\u00fa\u010den\u00ed zodpovednosti, ktor\u00e1 je k dispoz\u00edcii na webovej str\u00e1nke, je jedinou platnou verziou, pokia\u013e nav\u0161t\u00edvite webov\u00fa str\u00e1nku, a\u017e k\u00fdm ju nenahrad\u00ed nov\u00e1 verzia.<\/p>\n<h3><strong>Pr\u00edstup na webov\u00fa str\u00e1nku<\/strong><\/h3>\n<p>Pr\u00edstup na webov\u00e9 str\u00e1nky a ich pou\u017e\u00edvanie je v\u00fdlu\u010dne osobn\u00e9. T\u00fato webov\u00fa str\u00e1nku ani \u00fadaje a inform\u00e1cie na nej uveden\u00e9 nesmiete pou\u017e\u00edva\u0165 na komer\u010dn\u00e9, politick\u00e9 alebo reklamn\u00e9 \u00fa\u010dely alebo na ak\u00e9ko\u013evek komer\u010dn\u00e9 ponuky, a najm\u00e4 ju nesmiete pou\u017e\u00edva\u0165 na nevy\u017eiadan\u00e9 elektronick\u00e9 ponuky.<\/p>\n<p>Neopr\u00e1vnen\u00e9 alebo nespr\u00e1vne pou\u017e\u00edvanie webovej str\u00e1nky alebo jej obsahu m\u00f4\u017ee ma\u0165 za n\u00e1sledok poru\u0161enie pr\u00e1v du\u0161evn\u00e9ho vlastn\u00edctva, predpisov t\u00fdkaj\u00facich sa s\u00fakromia, zverej\u0148ovania a\/alebo komunik\u00e1cie v naj\u0161ir\u0161om zmysle slova. Za v\u0161etko, \u010do odo\u0161lete z webovej str\u00e1nky, nesiete zodpovednos\u0165.<\/p>\n<p>Vydavate\u013e nezodpoved\u00e1 za \u0161kody alebo hrozbu \u00farazu, ktor\u00e9 vznikli v d\u00f4sledku pou\u017e\u00edvania webovej str\u00e1nky alebo v akejko\u013evek s\u00favislosti s \u0148ou, alebo v s\u00favislosti s nemo\u017enos\u0165ou nahliadnu\u0165 na webov\u00fa str\u00e1nku.<\/p>\n<h3><strong>Spr\u00e1va webov\u00fdch str\u00e1nok<\/strong><\/h3>\n<p>V z\u00e1ujme riadnej spr\u00e1vy webovej str\u00e1nky m\u00f4\u017ee spr\u00e1vca kedyko\u013evek:<\/p>\n<ul>\n<li>pozastavi\u0165, preru\u0161i\u0165 alebo obmedzi\u0165 pr\u00edstup k celej webovej lokalite alebo jej \u010dasti pre ur\u010dit\u00fa kateg\u00f3riu n\u00e1v\u0161tevn\u00edkov<\/li>\n<li>Odstr\u00e1ni\u0165 v\u0161etky inform\u00e1cie, ktor\u00e9 m\u00f4\u017eu naru\u0161i\u0165 fungovanie webovej str\u00e1nky alebo s\u00fa v rozpore s vn\u00fatro\u0161t\u00e1tnym alebo medzin\u00e1rodn\u00fdm pr\u00e1vom alebo internetovou etiketou.<\/li>\n<li>do\u010dasne znepr\u00edstupni\u0165 webov\u00fa lokalitu s cie\u013eom vykona\u0165 aktualiz\u00e1cie.<\/li>\n<li>Vydavate\u013e si vyhradzuje pr\u00e1vo odoprie\u0165 v\u00e1m povolenie na pou\u017e\u00edvanie webovej str\u00e1nky a\/alebo ur\u010dit\u00fdch slu\u017eieb pon\u00fakan\u00fdch na webovej str\u00e1nke. Okrem toho m\u00f4\u017ee vydavate\u013e monitorova\u0165 pr\u00edstup na webov\u00fa str\u00e1nku.<\/li>\n<\/ul>\n<h3><strong>Obsah<\/strong><\/h3>\n<p>Z vizu\u00e1lneho materi\u00e1lu patriaceho k produktom pon\u00fakan\u00fdm na webovej str\u00e1nke nemo\u017eno odvodzova\u0165 \u017eiadne pr\u00e1va.<\/p>\n<p>Vydavate\u013e sa sna\u017e\u00ed pravidelne aktualizova\u0165 a\/alebo dop\u013a\u0148a\u0165 obsah webovej str\u00e1nky. Napriek tejto starostlivosti a pozornosti je mo\u017en\u00e9, \u017ee obsah je ne\u00fapln\u00fd a\/alebo nespr\u00e1vny.<\/p>\n<p>Vydavate\u013e poskytuje obsah webovej str\u00e1nky v stave, v akom sa skuto\u010dne nach\u00e1dza, bez z\u00e1ruky alebo uistenia o jeho spr\u00e1vnosti, vhodnosti na konkr\u00e9tny \u00fa\u010del alebo inak. Obsah je experiment\u00e1lny a ur\u010den\u00fd na s\u00fakromn\u00e9 pou\u017eitie.<\/p>\n<h3><strong>Uplatnite\u013en\u00e9 pr\u00e1vo<\/strong><\/h3>\n<p>Tieto podmienky sa riadia holandsk\u00fdm pr\u00e1vom. S\u00fad v mieste bydliska spr\u00e1vcu m\u00e1 v\u00fdlu\u010dn\u00fa pr\u00e1vomoc rozhodova\u0165 spory t\u00fdkaj\u00face sa t\u00fdchto podmienok, okrem pr\u00edpadov, ke\u010f sa uplat\u0148uje z\u00e1konn\u00e1 v\u00fdnimka.<\/p>\n<h3><strong>Zodpovednosti<\/strong><\/h3>\n<p>Spr\u00e1vca v \u017eiadnom pr\u00edpade nezodpoved\u00e1 za poruchy, v\u00fdpadky, \u0165a\u017ekosti alebo preru\u0161enia prev\u00e1dzky webovej str\u00e1nky, v d\u00f4sledku ktor\u00fdch nie je webov\u00e1 str\u00e1nka alebo niektor\u00e1 z jej funkci\u00ed pr\u00edstupn\u00e1. Za sp\u00f4sob, ak\u00fdm sa pripoj\u00edte k webovej lokalite, nesiete vlastn\u00fa zodpovednos\u0165. Ste zodpovedn\u00ed za prijatie v\u0161etk\u00fdch vhodn\u00fdch opatren\u00ed na ochranu svojho zariadenia a \u00fadajov, okrem in\u00e9ho proti \u00fatokom v\u00edrusov na internete. Ste tie\u017e zodpovedn\u00ed za webov\u00e9 str\u00e1nky a \u00fadaje, ktor\u00e9 si prezer\u00e1te na internete.<\/p>\n<p>Spr\u00e1vca nenesie zodpovednos\u0165 za \u017eiadne s\u00fadne konanie, ktor\u00e9 m\u00f4\u017ee by\u0165 vo\u010di v\u00e1m za\u010dat\u00e9.<\/p>\n<ul>\n<li>Z d\u00f4vodu pou\u017e\u00edvania webovej str\u00e1nky alebo slu\u017eieb dostupn\u00fdch prostredn\u00edctvom internetu<\/li>\n<li>Z d\u00f4vodu poru\u0161enia podmienok n\u00e1\u0161ho vyhl\u00e1senia o odmietnut\u00ed zodpovednosti alebo n\u00e1\u0161ho vyhl\u00e1senia o ochrane osobn\u00fdch \u00fadajov<\/li>\n<\/ul>\n<p>Spr\u00e1vca nezodpoved\u00e1 za \u017eiadne \u0161kody, ktor\u00e9 vznikn\u00fa v\u00e1m alebo tret\u00edm stran\u00e1m alebo v\u00e1\u0161mu zariadeniu v d\u00f4sledku v\u00e1\u0161ho pripojenia k webovej str\u00e1nke alebo jej pou\u017e\u00edvania. V d\u00f4sledku toho sa zdr\u017e\u00edte ak\u00e9hoko\u013evek konania vo\u010di spr\u00e1vcovi.<\/p>\n<p>Budete chr\u00e1ni\u0165 a od\u0161kod\u0148ova\u0165 vydavate\u013ea, jeho zamestnancov, z\u00e1stupcov, dr\u017eite\u013eov licenci\u00ed, obchodn\u00fdch partnerov a autora tohto vyhl\u00e1senia o odmietnut\u00ed zodpovednosti pred ak\u00fdmiko\u013evek s\u00fadnymi a mimos\u00fadnymi opatreniami, rozsudkami at\u010f., vr\u00e1tane n\u00e1kladov na pr\u00e1vnu pomoc, \u00fa\u010dtovn\u00edkov at\u010f., ktor\u00e9 bud\u00fa vznesen\u00e9 tret\u00edmi stranami v d\u00f4sledku alebo v s\u00favislosti s va\u0161\u00edm pou\u017e\u00edvan\u00edm webovej str\u00e1nky, va\u0161\u00edm poru\u0161en\u00edm z\u00e1konn\u00fdch predpisov alebo pr\u00e1v tret\u00edch str\u00e1n.<\/p>\n<p>Ak sa spr\u00e1vca dostane do sporu v d\u00f4sledku v\u00e1\u0161ho pou\u017e\u00edvania webovej str\u00e1nky ReloadBase, ReloadBase m\u00e1 pr\u00e1vo vym\u00e1ha\u0165 od v\u00e1s v\u0161etky \u0161kody, ktor\u00e9 ste utrpeli a ktor\u00e9 utrp\u00edte.<\/p>\n<h3><strong>Tretie strany<\/strong><\/h3>\n<p>S v\u00fdhradou tohto vyhl\u00e1senia o odmietnut\u00ed zodpovednosti vydavate\u013e nezodpoved\u00e1 za s\u00fabory tret\u00edch str\u00e1n, ktor\u00e9 s\u00fa zjavne prepojen\u00e9 s webovou str\u00e1nkou. Prepojenie neznamen\u00e1 schv\u00e1lenie t\u00fdchto s\u00faborov.<\/p>\n<h3><strong>Kontakt<\/strong><\/h3>\n<p>V pr\u00edpade ot\u00e1zok, inform\u00e1ci\u00ed o produktoch alebo inform\u00e1ci\u00ed o samotnej webovej str\u00e1nke kontaktujte: ReloadBase, <a href=\"mailto:hello@ReloadBase.com\">hello@ReloadBase.com<\/a>.[\/vc_column_text][\/vc_column][vc_column width=&#8221;1\/3&#8243; css=&#8221;.vc_custom_1503596896491{padding-left: 15% !important;}&#8221;][vc_column_text css=&#8221;.vc_custom_1659435282609{border-top-width: 1px !important;border-right-width: 1px !important;border-bottom-width: 1px !important;border-left-width: 1px !important;padding-top: 20px !important;padding-right: 20px !important;padding-bottom: 20px !important;padding-left: 20px !important;border-left-color: #bcbcbc !important;border-left-style: solid !important;border-right-color: #bcbcbc !important;border-right-style: solid !important;border-top-color: #bcbcbc !important;border-top-style: solid !important;border-bottom-color: #bcbcbc !important;border-bottom-style: solid !important;}&#8221;]\n<h4><strong>Ot\u00e1zky t\u00fdkaj\u00face sa str\u00e1nky www.reloadbase.com alebo va\u0161ej objedn\u00e1vky?<\/strong><\/h4>\n<p>Pozrite si na\u0161u str\u00e1nku s <a href=\"https:\/\/reloadbase.com\/sk-sk\/casto-kladene-otazky\/\">\u010dasto kladen\u00fdmi ot\u00e1zkami<\/a>.<\/p>\n<p>Nena\u0161li ste odpove\u010f v na\u0161ich \u010dasto kladen\u00fdch ot\u00e1zkach? Vypl\u0148te kontaktn\u00fd formul\u00e1r a my sa v\u00e1m pok\u00fasime odpoveda\u0165 do jedn\u00e9ho pracovn\u00e9ho d\u0148a.<\/p>\n<p>Upozor\u0148ujeme, \u017ee na\u0161e pracovn\u00e9 dni s\u00fa od pondelka do soboty od 9:00 do 21:00. Na v\u0161etky e-maily odoslan\u00e9 do 17:00 sa sna\u017e\u00edme odpoveda\u0165 v ten ist\u00fd de\u0148.[\/vc_column_text][\/vc_column][\/vc_row]\n<\/div>","protected":false},"excerpt":{"rendered":"<p>[vc_row css=&#8221;.vc_custom_1605183175327{padding-top: 50px !important;padding-bottom: 15vh !important;}&#8221;][vc_column width=&#8221;2\/3&#8243;][vc_column_text css=&#8221;.vc_custom_1659435692078{padding-bottom: 50px !important;}&#8221;] O tomto vyhl\u00e1sen\u00ed o odmietnut\u00ed zodpovednosti P\u00ed\u0161eme o produktoch, ktor\u00e9 na\u0161im \u010ditate\u013eom \u00faprimne odpor\u00fa\u010dame. D\u00fafame,&hellip;<\/p>\n","protected":false},"author":1608,"featured_media":0,"parent":0,"menu_order":0,"comment_status":"closed","ping_status":"closed","template":"","meta":{"_acf_changed":false,"footnotes":""},"class_list":["post-84009","page","type-page","status-publish","hentry"],"acf":[],"yoast_head":"<!-- This site is optimized with the Yoast SEO plugin v24.4 - https:\/\/yoast.com\/wordpress\/plugins\/seo\/ -->\n<title>Zrieknutie sa zodpovednosti | ReloadBase<\/title>\n<meta name=\"robots\" content=\"noindex, follow\" \/>\n<meta property=\"og:locale\" content=\"sk_SK\" \/>\n<meta property=\"og:type\" content=\"article\" \/>\n<meta property=\"og:title\" content=\"Zrieknutie sa zodpovednosti | ReloadBase\" \/>\n<meta property=\"og:description\" content=\"[vc_row css=&#8221;.vc_custom_1605183175327{padding-top: 50px !important;padding-bottom: 15vh !important;}&#8221;][vc_column width=&#8221;2\/3&#8243;][vc_column_text css=&#8221;.vc_custom_1659435692078{padding-bottom: 50px !important;}&#8221;] O tomto vyhl\u00e1sen\u00ed o odmietnut\u00ed zodpovednosti P\u00ed\u0161eme o produktoch, ktor\u00e9 na\u0161im \u010ditate\u013eom \u00faprimne odpor\u00fa\u010dame. D\u00fafame,&hellip;\" \/>\n<meta property=\"og:url\" content=\"https:\/\/reloadbase.com\/sk-sk\/zrieknutie-sa-zodpovednosti\/\" \/>\n<meta property=\"og:site_name\" content=\"ReloadBase\" \/>\n<meta property=\"article:publisher\" content=\"https:\/\/www.facebook.com\/ReloadBase\/\" \/>\n<meta property=\"article:modified_time\" content=\"2022-08-30T09:04:13+00:00\" \/>\n<meta name=\"twitter:card\" content=\"summary_large_image\" \/>\n<meta name=\"twitter:label1\" content=\"Est. reading time\" \/>\n\t<meta name=\"twitter:data1\" content=\"5 minutes\" \/>\n<script type=\"application\/ld+json\" class=\"yoast-schema-graph\">{\"@context\":\"https:\/\/schema.org\",\"@graph\":[{\"@type\":\"WebPage\",\"@id\":\"https:\/\/reloadbase.com\/sk-sk\/zrieknutie-sa-zodpovednosti\/\",\"url\":\"https:\/\/reloadbase.com\/sk-sk\/zrieknutie-sa-zodpovednosti\/\",\"name\":\"Zrieknutie sa zodpovednosti | ReloadBase\",\"isPartOf\":{\"@id\":\"https:\/\/reloadbase.com\/nl-nl\/#website\"},\"datePublished\":\"2020-11-12T12:54:40+00:00\",\"dateModified\":\"2022-08-30T09:04:13+00:00\",\"breadcrumb\":{\"@id\":\"https:\/\/reloadbase.com\/sk-sk\/zrieknutie-sa-zodpovednosti\/#breadcrumb\"},\"inLanguage\":\"sk\",\"potentialAction\":[{\"@type\":\"ReadAction\",\"target\":[\"https:\/\/reloadbase.com\/sk-sk\/zrieknutie-sa-zodpovednosti\/\"]}]},{\"@type\":\"BreadcrumbList\",\"@id\":\"https:\/\/reloadbase.com\/sk-sk\/zrieknutie-sa-zodpovednosti\/#breadcrumb\",\"itemListElement\":[{\"@type\":\"ListItem\",\"position\":1,\"name\":\"Home\",\"item\":\"https:\/\/reloadbase.com\/nl-nl\/\"},{\"@type\":\"ListItem\",\"position\":2,\"name\":\"Disclaimer\"}]},{\"@type\":\"WebSite\",\"@id\":\"https:\/\/reloadbase.com\/nl-nl\/#website\",\"url\":\"https:\/\/reloadbase.com\/nl-nl\/\",\"name\":\"ReloadBase\",\"description\":\"\",\"publisher\":{\"@id\":\"https:\/\/reloadbase.com\/nl-nl\/#organization\"},\"potentialAction\":[{\"@type\":\"SearchAction\",\"target\":{\"@type\":\"EntryPoint\",\"urlTemplate\":\"https:\/\/reloadbase.com\/nl-nl\/?s={search_term_string}\"},\"query-input\":{\"@type\":\"PropertyValueSpecification\",\"valueRequired\":true,\"valueName\":\"search_term_string\"}}],\"inLanguage\":\"sk\"},{\"@type\":\"Organization\",\"@id\":\"https:\/\/reloadbase.com\/nl-nl\/#organization\",\"name\":\"ReloadBase\",\"url\":\"https:\/\/reloadbase.com\/nl-nl\/\",\"logo\":{\"@type\":\"ImageObject\",\"inLanguage\":\"sk\",\"@id\":\"https:\/\/reloadbase.com\/nl-nl\/#\/schema\/logo\/image\/\",\"url\":\"https:\/\/reloadbase.com\/wp-content\/uploads\/2020\/05\/RELOADBASE01_Horizontal_Transparant.png\",\"contentUrl\":\"https:\/\/reloadbase.com\/wp-content\/uploads\/2020\/05\/RELOADBASE01_Horizontal_Transparant.png\",\"width\":17627,\"height\":2130,\"caption\":\"ReloadBase\"},\"image\":{\"@id\":\"https:\/\/reloadbase.com\/nl-nl\/#\/schema\/logo\/image\/\"},\"sameAs\":[\"https:\/\/www.facebook.com\/ReloadBase\/\",\"https:\/\/www.instagram.com\/reloadbase\/\"]}]}<\/script>\n<!-- \/ Yoast SEO plugin. -->","yoast_head_json":{"title":"Zrieknutie sa zodpovednosti | ReloadBase","robots":{"index":"noindex","follow":"follow"},"og_locale":"sk_SK","og_type":"article","og_title":"Zrieknutie sa zodpovednosti | ReloadBase","og_description":"[vc_row css=&#8221;.vc_custom_1605183175327{padding-top: 50px !important;padding-bottom: 15vh !important;}&#8221;][vc_column width=&#8221;2\/3&#8243;][vc_column_text css=&#8221;.vc_custom_1659435692078{padding-bottom: 50px !important;}&#8221;] O tomto vyhl\u00e1sen\u00ed o odmietnut\u00ed zodpovednosti P\u00ed\u0161eme o produktoch, ktor\u00e9 na\u0161im \u010ditate\u013eom \u00faprimne odpor\u00fa\u010dame. D\u00fafame,&hellip;","og_url":"https:\/\/reloadbase.com\/sk-sk\/zrieknutie-sa-zodpovednosti\/","og_site_name":"ReloadBase","article_publisher":"https:\/\/www.facebook.com\/ReloadBase\/","article_modified_time":"2022-08-30T09:04:13+00:00","twitter_card":"summary_large_image","twitter_misc":{"Est. reading time":"5 minutes"},"schema":{"@context":"https:\/\/schema.org","@graph":[{"@type":"WebPage","@id":"https:\/\/reloadbase.com\/sk-sk\/zrieknutie-sa-zodpovednosti\/","url":"https:\/\/reloadbase.com\/sk-sk\/zrieknutie-sa-zodpovednosti\/","name":"Zrieknutie sa zodpovednosti | ReloadBase","isPartOf":{"@id":"https:\/\/reloadbase.com\/nl-nl\/#website"},"datePublished":"2020-11-12T12:54:40+00:00","dateModified":"2022-08-30T09:04:13+00:00","breadcrumb":{"@id":"https:\/\/reloadbase.com\/sk-sk\/zrieknutie-sa-zodpovednosti\/#breadcrumb"},"inLanguage":"sk","potentialAction":[{"@type":"ReadAction","target":["https:\/\/reloadbase.com\/sk-sk\/zrieknutie-sa-zodpovednosti\/"]}]},{"@type":"BreadcrumbList","@id":"https:\/\/reloadbase.com\/sk-sk\/zrieknutie-sa-zodpovednosti\/#breadcrumb","itemListElement":[{"@type":"ListItem","position":1,"name":"Home","item":"https:\/\/reloadbase.com\/nl-nl\/"},{"@type":"ListItem","position":2,"name":"Disclaimer"}]},{"@type":"WebSite","@id":"https:\/\/reloadbase.com\/nl-nl\/#website","url":"https:\/\/reloadbase.com\/nl-nl\/","name":"ReloadBase","description":"","publisher":{"@id":"https:\/\/reloadbase.com\/nl-nl\/#organization"},"potentialAction":[{"@type":"SearchAction","target":{"@type":"EntryPoint","urlTemplate":"https:\/\/reloadbase.com\/nl-nl\/?s={search_term_string}"},"query-input":{"@type":"PropertyValueSpecification","valueRequired":true,"valueName":"search_term_string"}}],"inLanguage":"sk"},{"@type":"Organization","@id":"https:\/\/reloadbase.com\/nl-nl\/#organization","name":"ReloadBase","url":"https:\/\/reloadbase.com\/nl-nl\/","logo":{"@type":"ImageObject","inLanguage":"sk","@id":"https:\/\/reloadbase.com\/nl-nl\/#\/schema\/logo\/image\/","url":"https:\/\/reloadbase.com\/wp-content\/uploads\/2020\/05\/RELOADBASE01_Horizontal_Transparant.png","contentUrl":"https:\/\/reloadbase.com\/wp-content\/uploads\/2020\/05\/RELOADBASE01_Horizontal_Transparant.png","width":17627,"height":2130,"caption":"ReloadBase"},"image":{"@id":"https:\/\/reloadbase.com\/nl-nl\/#\/schema\/logo\/image\/"},"sameAs":["https:\/\/www.facebook.com\/ReloadBase\/","https:\/\/www.instagram.com\/reloadbase\/"]}]}},"_links":{"self":[{"href":"https:\/\/reloadbase.com\/sk-sk\/wp-json\/wp\/v2\/pages\/84009","targetHints":{"allow":["GET"]}}],"collection":[{"href":"https:\/\/reloadbase.com\/sk-sk\/wp-json\/wp\/v2\/pages"}],"about":[{"href":"https:\/\/reloadbase.com\/sk-sk\/wp-json\/wp\/v2\/types\/page"}],"author":[{"embeddable":true,"href":"https:\/\/reloadbase.com\/sk-sk\/wp-json\/wp\/v2\/users\/1608"}],"replies":[{"embeddable":true,"href":"https:\/\/reloadbase.com\/sk-sk\/wp-json\/wp\/v2\/comments?post=84009"}],"version-history":[{"count":3,"href":"https:\/\/reloadbase.com\/sk-sk\/wp-json\/wp\/v2\/pages\/84009\/revisions"}],"predecessor-version":[{"id":86373,"href":"https:\/\/reloadbase.com\/sk-sk\/wp-json\/wp\/v2\/pages\/84009\/revisions\/86373"}],"wp:attachment":[{"href":"https:\/\/reloadbase.com\/sk-sk\/wp-json\/wp\/v2\/media?parent=84009"}],"curies":[{"name":"wp","href":"https:\/\/api.w.org\/{rel}","templated":true}]}}