{"id":83879,"date":"2021-06-23T08:32:40","date_gmt":"2021-06-23T08:32:40","guid":{"rendered":"https:\/\/reloadbase.com\/retourbeleid\/"},"modified":"2022-08-30T07:55:16","modified_gmt":"2022-08-30T07:55:16","slug":"politica-de-retorno","status":"publish","type":"page","link":"https:\/\/reloadbase.com\/pt-pt\/politica-de-retorno\/","title":{"rendered":"Retourbeleid"},"content":{"rendered":"<div class=\"wpb-content-wrapper\">[vc_row css=&#8221;.vc_custom_1627554924267{margin-top: 50px !important;margin-bottom: 50px !important;}&#8221;][vc_column][vc_column_text]\n<h3><strong>Pol\u00edtica de retorno<\/strong><\/h3>\n[\/vc_column_text][vc_column_text] [\/vc_column_text]\n<h3><strong>Direito de retracta\u00e7\u00e3o no Reloadbase.com<\/strong><\/h3>\n<p>Assim que o cliente recebe o c\u00f3digo digital, o cr\u00e9dito pode ser utilizado imediatamente. Uma encomenda colocada n\u00e3o pode ser cancelada. O per\u00edodo de reflex\u00e3o e o per\u00edodo de retirada de 14 dias n\u00e3o se aplicam devido \u00e0 natureza dos produtos entregues. Assim, n\u00e3o h\u00e1 per\u00edodo de reflex\u00e3o e de revoga\u00e7\u00e3o. O cliente concorda com a entrega imediata do produto ap\u00f3s o pagamento (tanto antecipadamente como posteriormente) e renuncia explicitamente ao per\u00edodo de reflex\u00e3o e ao direito de retracta\u00e7\u00e3o.<\/p>\n<p>A raz\u00e3o para o desvio do direito de retracta\u00e7\u00e3o \u00e9 que um produto n\u00e3o pode ser devolvido porque \u00e9 imposs\u00edvel determinar se o produto j\u00e1 foi utilizado. Isto diz respeito aos produtos digitais cujo selo \u00e9 quebrado imediatamente ap\u00f3s a entrega. A natureza dos produtos a serem entregues exclui qualquer per\u00edodo de reflex\u00e3o e o direito de retracta\u00e7\u00e3o, excepto em caso de atraso no pagamento. Nesse caso, o c\u00f3digo ainda n\u00e3o foi recebido e o produto pode ser revogado; o \u00f3nus da prova recai sobre o cliente.<\/p>\n<h3><strong>Alguma pergunta?<\/strong><\/h3>\n<p>Se tiver alguma quest\u00e3o sobre o seu direito de retracta\u00e7\u00e3o, contacte-nos atrav\u00e9s da nossa <a href=\"https:\/\/reloadbase.com\/pt\/contact\/\">p\u00e1gina de contacto<\/a>.[\/vc_column_text][\/vc_row].<\/p>\n<\/div>","protected":false},"excerpt":{"rendered":"<p>[vc_row css=&#8221;.vc_custom_1627554924267{margin-top: 50px !important;margin-bottom: 50px !important;}&#8221;][vc_column][vc_column_text] Pol\u00edtica de retorno [\/vc_column_text][vc_column_text] [\/vc_column_text] Direito de retracta\u00e7\u00e3o no Reloadbase.com Assim que o cliente recebe o c\u00f3digo digital, o&hellip;<\/p>\n","protected":false},"author":1608,"featured_media":0,"parent":0,"menu_order":0,"comment_status":"closed","ping_status":"closed","template":"","meta":{"_acf_changed":false,"footnotes":""},"class_list":["post-83879","page","type-page","status-publish","hentry"],"acf":[],"yoast_head":"<!-- This site is optimized with the Yoast SEO plugin v24.4 - https:\/\/yoast.com\/wordpress\/plugins\/seo\/ -->\n<title>Pol\u00edtica de retorno | ReloadBase<\/title>\n<meta name=\"robots\" content=\"noindex, follow\" \/>\n<meta property=\"og:locale\" content=\"pt_PT\" \/>\n<meta property=\"og:type\" content=\"article\" \/>\n<meta property=\"og:title\" content=\"Pol\u00edtica de retorno | ReloadBase\" \/>\n<meta property=\"og:description\" content=\"[vc_row css=&#8221;.vc_custom_1627554924267{margin-top: 50px !important;margin-bottom: 50px !important;}&#8221;][vc_column][vc_column_text] Pol\u00edtica de retorno [\/vc_column_text][vc_column_text] [\/vc_column_text] Direito de retracta\u00e7\u00e3o no Reloadbase.com Assim que o cliente recebe o c\u00f3digo digital, o&hellip;\" \/>\n<meta property=\"og:url\" content=\"https:\/\/reloadbase.com\/pt-pt\/politica-de-retorno\/\" \/>\n<meta property=\"og:site_name\" content=\"ReloadBase\" \/>\n<meta property=\"article:publisher\" content=\"https:\/\/www.facebook.com\/ReloadBase\/\" \/>\n<meta property=\"article:modified_time\" content=\"2022-08-30T07:55:16+00:00\" \/>\n<meta name=\"twitter:card\" content=\"summary_large_image\" \/>\n<meta name=\"twitter:label1\" content=\"Tempo estimado de leitura\" \/>\n\t<meta name=\"twitter:data1\" content=\"1 minuto\" \/>\n<script type=\"application\/ld+json\" class=\"yoast-schema-graph\">{\"@context\":\"https:\/\/schema.org\",\"@graph\":[{\"@type\":\"WebPage\",\"@id\":\"https:\/\/reloadbase.com\/pt-pt\/politica-de-retorno\/\",\"url\":\"https:\/\/reloadbase.com\/pt-pt\/politica-de-retorno\/\",\"name\":\"Pol\u00edtica de retorno | ReloadBase\",\"isPartOf\":{\"@id\":\"https:\/\/reloadbase.com\/nl-nl\/#website\"},\"datePublished\":\"2021-06-23T08:32:40+00:00\",\"dateModified\":\"2022-08-30T07:55:16+00:00\",\"breadcrumb\":{\"@id\":\"https:\/\/reloadbase.com\/pt-pt\/politica-de-retorno\/#breadcrumb\"},\"inLanguage\":\"pt-PT\",\"potentialAction\":[{\"@type\":\"ReadAction\",\"target\":[\"https:\/\/reloadbase.com\/pt-pt\/politica-de-retorno\/\"]}]},{\"@type\":\"BreadcrumbList\",\"@id\":\"https:\/\/reloadbase.com\/pt-pt\/politica-de-retorno\/#breadcrumb\",\"itemListElement\":[{\"@type\":\"ListItem\",\"position\":1,\"name\":\"Home\",\"item\":\"https:\/\/reloadbase.com\/nl-nl\/\"},{\"@type\":\"ListItem\",\"position\":2,\"name\":\"Retourbeleid\"}]},{\"@type\":\"WebSite\",\"@id\":\"https:\/\/reloadbase.com\/nl-nl\/#website\",\"url\":\"https:\/\/reloadbase.com\/nl-nl\/\",\"name\":\"ReloadBase\",\"description\":\"\",\"publisher\":{\"@id\":\"https:\/\/reloadbase.com\/nl-nl\/#organization\"},\"potentialAction\":[{\"@type\":\"SearchAction\",\"target\":{\"@type\":\"EntryPoint\",\"urlTemplate\":\"https:\/\/reloadbase.com\/nl-nl\/?s={search_term_string}\"},\"query-input\":{\"@type\":\"PropertyValueSpecification\",\"valueRequired\":true,\"valueName\":\"search_term_string\"}}],\"inLanguage\":\"pt-PT\"},{\"@type\":\"Organization\",\"@id\":\"https:\/\/reloadbase.com\/nl-nl\/#organization\",\"name\":\"ReloadBase\",\"url\":\"https:\/\/reloadbase.com\/nl-nl\/\",\"logo\":{\"@type\":\"ImageObject\",\"inLanguage\":\"pt-PT\",\"@id\":\"https:\/\/reloadbase.com\/nl-nl\/#\/schema\/logo\/image\/\",\"url\":\"https:\/\/reloadbase.com\/wp-content\/uploads\/2020\/05\/RELOADBASE01_Horizontal_Transparant.png\",\"contentUrl\":\"https:\/\/reloadbase.com\/wp-content\/uploads\/2020\/05\/RELOADBASE01_Horizontal_Transparant.png\",\"width\":17627,\"height\":2130,\"caption\":\"ReloadBase\"},\"image\":{\"@id\":\"https:\/\/reloadbase.com\/nl-nl\/#\/schema\/logo\/image\/\"},\"sameAs\":[\"https:\/\/www.facebook.com\/ReloadBase\/\",\"https:\/\/www.instagram.com\/reloadbase\/\"]}]}<\/script>\n<!-- \/ Yoast SEO plugin. -->","yoast_head_json":{"title":"Pol\u00edtica de retorno | ReloadBase","robots":{"index":"noindex","follow":"follow"},"og_locale":"pt_PT","og_type":"article","og_title":"Pol\u00edtica de retorno | ReloadBase","og_description":"[vc_row css=&#8221;.vc_custom_1627554924267{margin-top: 50px !important;margin-bottom: 50px !important;}&#8221;][vc_column][vc_column_text] Pol\u00edtica de retorno [\/vc_column_text][vc_column_text] [\/vc_column_text] Direito de retracta\u00e7\u00e3o no Reloadbase.com Assim que o cliente recebe o c\u00f3digo digital, o&hellip;","og_url":"https:\/\/reloadbase.com\/pt-pt\/politica-de-retorno\/","og_site_name":"ReloadBase","article_publisher":"https:\/\/www.facebook.com\/ReloadBase\/","article_modified_time":"2022-08-30T07:55:16+00:00","twitter_card":"summary_large_image","twitter_misc":{"Tempo estimado de leitura":"1 minuto"},"schema":{"@context":"https:\/\/schema.org","@graph":[{"@type":"WebPage","@id":"https:\/\/reloadbase.com\/pt-pt\/politica-de-retorno\/","url":"https:\/\/reloadbase.com\/pt-pt\/politica-de-retorno\/","name":"Pol\u00edtica de retorno | ReloadBase","isPartOf":{"@id":"https:\/\/reloadbase.com\/nl-nl\/#website"},"datePublished":"2021-06-23T08:32:40+00:00","dateModified":"2022-08-30T07:55:16+00:00","breadcrumb":{"@id":"https:\/\/reloadbase.com\/pt-pt\/politica-de-retorno\/#breadcrumb"},"inLanguage":"pt-PT","potentialAction":[{"@type":"ReadAction","target":["https:\/\/reloadbase.com\/pt-pt\/politica-de-retorno\/"]}]},{"@type":"BreadcrumbList","@id":"https:\/\/reloadbase.com\/pt-pt\/politica-de-retorno\/#breadcrumb","itemListElement":[{"@type":"ListItem","position":1,"name":"Home","item":"https:\/\/reloadbase.com\/nl-nl\/"},{"@type":"ListItem","position":2,"name":"Retourbeleid"}]},{"@type":"WebSite","@id":"https:\/\/reloadbase.com\/nl-nl\/#website","url":"https:\/\/reloadbase.com\/nl-nl\/","name":"ReloadBase","description":"","publisher":{"@id":"https:\/\/reloadbase.com\/nl-nl\/#organization"},"potentialAction":[{"@type":"SearchAction","target":{"@type":"EntryPoint","urlTemplate":"https:\/\/reloadbase.com\/nl-nl\/?s={search_term_string}"},"query-input":{"@type":"PropertyValueSpecification","valueRequired":true,"valueName":"search_term_string"}}],"inLanguage":"pt-PT"},{"@type":"Organization","@id":"https:\/\/reloadbase.com\/nl-nl\/#organization","name":"ReloadBase","url":"https:\/\/reloadbase.com\/nl-nl\/","logo":{"@type":"ImageObject","inLanguage":"pt-PT","@id":"https:\/\/reloadbase.com\/nl-nl\/#\/schema\/logo\/image\/","url":"https:\/\/reloadbase.com\/wp-content\/uploads\/2020\/05\/RELOADBASE01_Horizontal_Transparant.png","contentUrl":"https:\/\/reloadbase.com\/wp-content\/uploads\/2020\/05\/RELOADBASE01_Horizontal_Transparant.png","width":17627,"height":2130,"caption":"ReloadBase"},"image":{"@id":"https:\/\/reloadbase.com\/nl-nl\/#\/schema\/logo\/image\/"},"sameAs":["https:\/\/www.facebook.com\/ReloadBase\/","https:\/\/www.instagram.com\/reloadbase\/"]}]}},"_links":{"self":[{"href":"https:\/\/reloadbase.com\/pt-pt\/wp-json\/wp\/v2\/pages\/83879","targetHints":{"allow":["GET"]}}],"collection":[{"href":"https:\/\/reloadbase.com\/pt-pt\/wp-json\/wp\/v2\/pages"}],"about":[{"href":"https:\/\/reloadbase.com\/pt-pt\/wp-json\/wp\/v2\/types\/page"}],"author":[{"embeddable":true,"href":"https:\/\/reloadbase.com\/pt-pt\/wp-json\/wp\/v2\/users\/1608"}],"replies":[{"embeddable":true,"href":"https:\/\/reloadbase.com\/pt-pt\/wp-json\/wp\/v2\/comments?post=83879"}],"version-history":[{"count":5,"href":"https:\/\/reloadbase.com\/pt-pt\/wp-json\/wp\/v2\/pages\/83879\/revisions"}],"predecessor-version":[{"id":85087,"href":"https:\/\/reloadbase.com\/pt-pt\/wp-json\/wp\/v2\/pages\/83879\/revisions\/85087"}],"wp:attachment":[{"href":"https:\/\/reloadbase.com\/pt-pt\/wp-json\/wp\/v2\/media?parent=83879"}],"curies":[{"name":"wp","href":"https:\/\/api.w.org\/{rel}","templated":true}]}}