{"id":31307,"date":"2020-08-08T06:26:39","date_gmt":"2020-08-08T06:26:39","guid":{"rendered":"https:\/\/reloadbase.com\/google-play-card\/"},"modified":"2021-12-30T07:35:46","modified_gmt":"2021-12-30T07:35:46","slug":"google-play-card","status":"publish","type":"page","link":"https:\/\/reloadbase.com\/pl-pl\/google-play-card\/","title":{"rendered":"Google Play Card -PL"},"content":{"rendered":"<div class=\"wpb-content-wrapper\">[vc_section el_class=&#8221;rb-stage&#8221;][vc_row thb_full_width=&#8221;true&#8221; thb_row_padding=&#8221;true&#8221; el_class=&#8221;rb-stage__image&#8221;][vc_column][thb_image full_width=&#8221;true&#8221; image=&#8221;27529&#8243;][\/thb_image][\/vc_column][\/vc_row][vc_row el_class=&#8221;rb-stage-container&#8221;][vc_column el_class=&#8221;rb-stage__content&#8221;][vc_column_text el_class=&#8221;rb-podium__text&#8221;]\n<h1>Kup kart\u0119 upominkow\u0105 Google Play online<\/h1>\n<p><a href=\"https:\/\/www.google.com\/search?q=reloadbase&amp;oq=reloadbase&amp;aqs=chrome..69i57j46i10i175i199j0i5i30j69i60l5.4004j0j7&amp;sourceid=chrome&amp;ie=UTF-8#lrd=0x47c60941f0a9e527:0xd2fa1ceff82f3fb0,1,,,\" target=\"_blank\" rel=\"noopener\"><i class=\"fas fa-star\"><\/i><i class=\"fas fa-star\"><\/i><i class=\"fas fa-star\"><\/i><i class=\"fas fa-star\"><\/i><i class=\"fas fa-star\"><\/i> \u2022 5\/5<\/a><\/p>\n<p>Dzi\u0119ki karcie upominkowej Google Play mo\u017cesz szybko do\u0142adowa\u0107 swoje saldo Google Play. Wystarczy kupi\u0107 kart\u0119 podarunkow\u0105 Google Play online i od razu zacz\u0105\u0107 korzysta\u0107 z kodu cyfrowego.[\/vc_column_text][\/vc_column][\/vc_row][\/vc_section][vc_row thb_full_width=&#8221;true&#8221; thb_row_padding=&#8221;true&#8221; css=&#8221;.vc_custom_1632656685334{padding-top: 20px !important;}&#8221;][vc_column offset=&#8221;vc_hidden-lg&#8221;][thb_image full_width=&#8221;true&#8221; image=&#8221;27542&#8243;][\/thb_image][vc_column_text el_class=&#8221;rb-podium__text&#8221;]\n<h1>Kup kart\u0119 upominkow\u0105 Google Play online<\/h1>\n[\/vc_column_text][vc_column_text el_class=&#8221;rb-podium__text&#8221;]<a href=\"https:\/\/www.google.com\/search?q=reloadbase&amp;oq=reloadbase&amp;aqs=chrome..69i57j46i10i175i199j0i5i30j69i60l5.4004j0j7&amp;sourceid=chrome&amp;ie=UTF-8#lrd=0x47c60941f0a9e527:0xd2fa1ceff82f3fb0,1,,,\" target=\"_blank\" rel=\"noopener\"><i class=\"fas fa-star\"><\/i><i class=\"fas fa-star\"><\/i><i class=\"fas fa-star\"><\/i><i class=\"fas fa-star\"><\/i><i class=\"fas fa-star\"><\/i> \u2022 5\/5<\/a>[\/vc_column_text][vc_tta_accordion style=&#8221;flat&#8221; shape=&#8221;square&#8221; color=&#8221;white&#8221; c_icon=&#8221;chevron&#8221; c_position=&#8221;right&#8221; active_section=&#8221;99&#8243; no_fill=&#8221;true&#8221; collapsible_all=&#8221;true&#8221;][vc_tta_section title=&#8221;Wi\u0119cej informacji&#8221; tab_id=&#8221;google-play-cadeaukaart&#8221;][vc_column_text]Dzi\u0119ki karcie upominkowej Google Play mo\u017cesz szybko do\u0142adowa\u0107 swoje saldo Google Play. Wystarczy kupi\u0107 kart\u0119 podarunkow\u0105 Google Play online i od razu zacz\u0105\u0107 korzysta\u0107 z kodu cyfrowego.[\/vc_column_text][\/vc_tta_section][\/vc_tta_accordion][\/vc_column][\/vc_row][vc_row][vc_column width=&#8221;3\/4&#8243;][vc_column_text]\n<pre class=\"breadcrumb\"><span><span><a href=\"https:\/\/reloadbase.com\/nl-nl\/\">Home<\/a><\/span><\/span><\/pre>\n[\/vc_column_text]<div class=\"woocommerce columns-4 \"><\/div>[\/vc_column][vc_column width=&#8221;1\/4&#8243;][vc_column_text el_class=&#8221;pop-usp&#8221;]<i class=\"fas fa-check\" style=\"color: #e7690c;\"> <\/i><strong> Dostarczony natychmiast.<\/strong>.<br \/>\nKod otrzymasz natychmiast poczt\u0105 elektroniczn\u0105, aby\u015b m\u00f3g\u0142 natychmiast wykorzysta\u0107 kredyt.[\/vc_column_text][vc_column_text el_class=&#8221;pop-usp&#8221;]<i class=\"fas fa-check\" style=\"color: #e7690c;\"> <\/i><strong> P\u0142a\u0107 bezpiecznie.<\/strong>.<br \/>\nP\u0142a\u0107 bezpiecznie i szybko za pomoc\u0105 Sofort, PayPal i Giropay.[\/vc_column_text][\/vc_column][\/vc_row][vc_row css=&#8221;.vc_custom_1596797300746{padding-bottom: 60px !important;}&#8221;][vc_column][vc_column_text css=&#8221;.vc_custom_1638345345704{padding-bottom: 20px !important;}&#8221;]\n<h2>Cz\u0119sto zadawane pytania dotycz\u0105ce Google Play<\/h2>\n[\/vc_column_text][vc_row_inner css=&#8221;.vc_custom_1596808708853{padding-bottom: 20px !important;}&#8221;][vc_column_inner][vc_column_text]\n<h3>Co to jest Google Play?<\/h3>\n<p>Z trzema milionami, Google Play jest najwi\u0119kszym sklepem z aplikacjami. Google Play oferuje aplikacje i gry stworzone dla Androida, systemu operacyjnego Google, jak r\u00f3wnie\u017c dla samej firmy Google. W 2008 roku, Google Play zosta\u0142 za\u0142o\u017cony jako Android Market, ale kiedy zacz\u0105\u0142 konkurowa\u0107 z App Store firmy Apple, nazwa zosta\u0142a zmieniona na Google Play. Pozwoli\u0142o to na w\u0142\u0105czenie do Google Play innych form rozrywki, takich jak ksi\u0105\u017cki, filmy, muzyka oraz wiadomo\u015bci i czasopisma.<\/p>\n<p>Czy masz urz\u0105dzenie Google? Wtedy Google Play jest automatycznie na tym urz\u0105dzeniu. Aplikacj\u0119 mo\u017cna rozpozna\u0107 po tr\u00f3jk\u0105cie, znaku post\u0119pu i kolorach Google.[\/vc_column_text][vc_column_text]\n<h3>Co to s\u0105 Us\u0142ugi Google Play?<\/h3>\n<p>Us\u0142ugi Google Play \u0142\u0105cz\u0105 aplikacje z innymi us\u0142ugami Google, takimi jak Logowanie Google i Mapy Google, synchronizuj\u0105 Twoje kontakty i aktualizuj\u0105 ustawienia prywatno\u015bci. Wi\u0119c Us\u0142ugi nie jest taki sam jak Google Play Store app. Aplikacja Us\u0142ugi jest domy\u015blnie zainstalowana na wi\u0119kszo\u015bci urz\u0105dze\u0144 Google.[\/vc_column_text][\/vc_column_inner][\/vc_row_inner][vc_row_inner css=&#8221;.vc_custom_1596808708853{padding-bottom: 20px !important;}&#8221;][vc_column_inner][vc_column_text]\n<h3>Co to jest karta Google Play?<\/h3>\n<p>Karta Google Play to metoda p\u0142atno\u015bci za zakup aplikacji i gier w Sklepie Google Play. Po zrealizowaniu kodu na karcie Play Twoje saldo kredyt\u00f3w Google Play zostanie natychmiast powi\u0119kszone o t\u0119 kwot\u0119.<\/p>\n<p>Dzi\u0119ki karcie Google Play mo\u017cesz \u0142atwo i bez op\u0142at serwisowych do\u0142adowa\u0107 sw\u00f3j kredyt Google Play. Nie potrzebujesz karty kredytowej, a karta Google jest dostarczana natychmiast, wi\u0119c mo\u017cesz od razu u\u017cy\u0107 cyfrowego kodu.<\/p>\n<p>Karta upominkowa Google Play to kupon, kt\u00f3rego mo\u017cesz u\u017cy\u0107 do zakupu artyku\u0142\u00f3w w Sklepie Play.[\/vc_column_text][vc_column_text]\n<h3>Jak mog\u0119 uzyska\u0107 sw\u00f3j kod Google Play?<\/h3>\n<p>Kart\u0119 Podarunkow\u0105 Sklepu Play otrzymasz w formie kodu cyfrowego natychmiast po z\u0142o\u017ceniu zam\u00f3wienia. Kod jest widoczny na Twoim ekranie oraz w e-mailu, kt\u00f3ry zostanie do Ciebie wys\u0142any. Wiadomo\u015b\u0107 zawiera r\u00f3wnie\u017c instrukcje, jak zrealizowa\u0107 sw\u00f3j kod do Sklepu Play.[\/vc_column_text][\/vc_column_inner][\/vc_row_inner][vc_row_inner css=&#8221;.vc_custom_1596808716232{padding-bottom: 20px !important;}&#8221;][vc_column_inner][vc_column_text]\n<h3>Do czego mog\u0119 wykorzysta\u0107 kredyt Google Play?<\/h3>\n<p>Otrzymasz sw\u00f3j Bon Upominkowy Sklepu Play w formie cyfrowego kodu natychmiast po z\u0142o\u017ceniu zam\u00f3wienia. Kod jest widoczny na Twoim ekranie oraz w mailu, kt\u00f3ry zostanie do Ciebie wys\u0142any. Wiadomo\u015b\u0107 b\u0119dzie r\u00f3wnie\u017c zawiera\u0107 instrukcje, jak \u0142atwo zrealizowa\u0107 sw\u00f3j kod Sklepu Play.<\/p>\n<p>Google Play, z ponad milionem aplikacji na Androida, jest najwi\u0119ksz\u0105 na \u015bwiecie platform\u0105 dla gier mobilnych. Kod upominkowy Google Play mo\u017cesz r\u00f3wnie\u017c wykorzysta\u0107 do aktualizacji w swoich ulubionych grach, takich jak Clash Royale czy Pok\u00e9mon GO. Mo\u017cesz te\u017c wykorzysta\u0107 swoje kredyty w Sklepie Play na najnowsze aplikacje, filmy, muzyk\u0119, ksi\u0105\u017cki i inne.[\/vc_column_text][vc_column_text]\n<h3>Jak mog\u0119 zrealizowa\u0107 swoj\u0105 kart\u0119 upominkow\u0105 Google Play?<\/h3>\n<p>Kod Google Play mo\u017cna zrealizowa\u0107 na kilka sposob\u00f3w:<\/p>\n<ol>\n<li>Kliknij na kod i wykonaj wskazane kroki, aby automatycznie do\u0142adowa\u0107 swoje saldo w Google Play.<\/li>\n<li>Mo\u017cesz r\u00f3wnie\u017c zrealizowa\u0107 sw\u00f3j kod, wchodz\u0105c na stron\u0119 play.google.com\/redeem.<\/li>\n<li>Na koniec, mo\u017cesz zrealizowa\u0107 sw\u00f3j kod w aplikacji Sklepu Play. Wybierz &#8216;redeem&#8217; z menu aplikacji Sklepu Play.<\/li>\n<\/ol>\n<p>Warto\u015b\u0107 Twojego kodu zostanie natychmiast dodana do Twojego kredytu w Sklepie Google Play. Dzi\u0119ki temu kredytowi uzyskasz dost\u0119p do najnowszych aplikacji, gier, film\u00f3w, ksi\u0105\u017cek, seriali i nie tylko. Karta Podarunkowa Sklepu Play nie ma daty wa\u017cno\u015bci i jest wa\u017cna na zawsze.[\/vc_column_text][\/vc_column_inner][\/vc_row_inner][vc_row_inner css=&#8221;.vc_custom_1605097461187{padding-bottom: 20px !important;}&#8221;][vc_column_inner][vc_column_text]\n<h3>Jak mog\u0119 sprawdzi\u0107 stan swojego kredytu w Google Play?<\/h3>\n<p>Zastanawiasz si\u0119, jakie jest Twoje aktualne saldo w Sklepie Google Play? Otw\u00f3rz aplikacj\u0119 Google Play Store i wybierz z menu &#8220;Metody p\u0142atno\u015bci&#8221;. Z tego menu mo\u017cesz bezpo\u015brednio sprawdzi\u0107 swoje saldo kredyt\u00f3w Google Play i do\u0142adowa\u0107 je kart\u0105 Sklepu Play.[\/vc_column_text][vc_column_text]\n<h3>Czym jest Muzyka Google Play?<\/h3>\n<p>Google Play Music to (stara) us\u0142uga Google Play, kt\u00f3ra pozwala na s\u0142uchanie radia za darmo. Zawiera du\u017c\u0105 kolekcj\u0119 muzyki, wi\u0119c w zasadzie jest to du\u017cy muzyczny serwis streamingowy. Od jesieni 2020 roku Google Play Music zosta\u0142o zast\u0105pione przez YouTube Music. Oznacza to, \u017ce aplikacja nie mo\u017ce by\u0107 ju\u017c u\u017cywana do s\u0142uchania muzyki, ani do wyszukiwania list odtwarzania, kt\u00f3re sami stworzyli\u015bcie. Wraz z aktualizacj\u0105 Androida 10, aplikacja Muzyka Play zosta\u0142a zast\u0105piona przez YouTube Music.[\/vc_column_text][\/vc_column_inner][\/vc_row_inner][vc_row_inner css=&#8221;.vc_custom_1605097461187{padding-bottom: 20px !important;}&#8221;][vc_column_inner][vc_column_text]\n<h3>Co mog\u0119 zrobi\u0107, je\u015bli us\u0142uga Google Play nie dzia\u0142a?<\/h3>\n<p>Podobnie jak same aplikacje, us\u0142uga Google Play mo\u017ce czasami przesta\u0107 dzia\u0142a\u0107 lub ulec awarii. Co w takim razie powiniene\u015b zrobi\u0107? Oto kilka wskaz\u00f3wek:<\/p>\n<ol>\n<li>Zrestartuj sw\u00f3j telefon<\/li>\n<li>Czasami aktualizacje Sklepu Google Play mog\u0105 by\u0107 zbugowane i nale\u017cy spr\u00f3bowa\u0107 je usun\u0105\u0107. Spr\u00f3buj odinstalowa\u0107 te aktualizacje. W ustawieniach przejd\u017a do aplikacji, wybierz Sklep Google Play i wybierz &#8220;Usu\u0144 aktualizacje&#8221;.<\/li>\n<li>Nast\u0119pnie wy\u0142\u0105cz urz\u0105dzenie i w\u0142\u0105cz z powrotem, powinno dzia\u0142a\u0107 ponownie.<\/li>\n<li>Je\u015bli jest to telefon lub tablet, mo\u017cna go pod\u0142\u0105czy\u0107 do komputera. Czasami pomaga ponowne uruchomienie Sklepu Google Play.<\/li>\n<li>Czy nic z tego nie dzia\u0142a? Nast\u0119pnie przejd\u017a do przywracania ustawie\u0144 fabrycznych.<\/li>\n<\/ol>\n[\/vc_column_text][vc_column_text]\n<h3>Jaka jest r\u00f3\u017cnica mi\u0119dzy App Store a Google Play Store?<\/h3>\n<p>G\u0142\u00f3wna r\u00f3\u017cnica mi\u0119dzy App Store a Google Play Store polega na tym, \u017ce Apple App Store jest przeznaczony dla urz\u0105dze\u0144 z systemem iOS (Apple), a Google Play jest przeznaczony dla urz\u0105dze\u0144 z systemem Android (Google). Og\u00f3lnie rzecz bior\u0105c, wszystkie sklepy z aplikacjami s\u0105 takie same, oferuj\u0105 mniej wi\u0119cej te same produkty i mo\u017cna p\u0142aci\u0107 za te produkty w ten sam spos\u00f3b. Google Play ma najwi\u0119kszy wyb\u00f3r, ale App Store ma najwi\u0119kszy wyb\u00f3r dla aplikacji na tablety.[\/vc_column_text][\/vc_column_inner][\/vc_row_inner][\/vc_column][\/vc_row][vc_row][vc_column][vc_column_text]\n<h2>R\u00f3wnie\u017c podr\u0119czny<\/h2>\n[\/vc_column_text][\/vc_column][\/vc_row][vc_row][vc_column width=&#8221;1\/6&#8243;][vc_cta h2=&#8221;&#8221; el_class=&#8221;borderedBox&#8211;shadowMedium products&#8221;]<a href=\"https:\/\/reloadbase.com\/pl-pl\/apple-itunes-kaart\/\"><img loading=\"lazy\" decoding=\"async\" class=\"alignnone wp-image-31250 size-full\" src=\"https:\/\/reloadbase.com\/wp-content\/uploads\/2020\/12\/Variable-Geschenkkarte-fur-App-Store-iTunes-2.png?_t=1640849645\" alt=\"\" width=\"180\" height=\"116\" \/><\/a><\/p>\n<h4 style=\"text-align: center;\">Apple iTunes<\/h4>\n[\/vc_cta][\/vc_column][vc_column width=&#8221;1\/6&#8243;][vc_cta h2=&#8221;&#8221; el_class=&#8221;borderedBox&#8211;shadowMedium products&#8221;]<a href=\"https:\/\/reloadbase.com\/pl-pl\/netflix-karta\/\"><img loading=\"lazy\" decoding=\"async\" class=\"aligncenter wp-image-13250 size-full\" src=\"https:\/\/reloadbase.com\/wp-content\/uploads\/2021\/01\/Netflix-giftcard-homepage-1.png\" alt=\"Netflix Gift Card\" width=\"300\" height=\"207\" \/><\/a><\/p>\n<h4 style=\"text-align: center;\">Netflix Gift Card<\/h4>\n[\/vc_cta][\/vc_column][vc_column width=&#8221;1\/6&#8243;][vc_cta h2=&#8221;&#8221; el_class=&#8221;borderedBox&#8211;shadowMedium products&#8221;]<a href=\"https:\/\/reloadbase.com\/pl-pl\/playstation-plus-card\/\"><img loading=\"lazy\" decoding=\"async\" class=\"aligncenter wp-image-13250 size-full\" src=\"https:\/\/reloadbase.com\/wp-content\/uploads\/2021\/01\/PlaystationPlus-giftcard-homepage.png\" alt=\"PlayStation Plus Card\" width=\"300\" height=\"207\" \/><\/a><\/p>\n<h4 style=\"text-align: center;\">PlayStation Plus Card<\/h4>\n[\/vc_cta][\/vc_column][\/vc_row]\n<\/div>","protected":false},"excerpt":{"rendered":"<p>[vc_section el_class=&#8221;rb-stage&#8221;][vc_row thb_full_width=&#8221;true&#8221; thb_row_padding=&#8221;true&#8221; el_class=&#8221;rb-stage__image&#8221;][vc_column][thb_image full_width=&#8221;true&#8221; image=&#8221;27529&#8243;][\/thb_image][\/vc_column][\/vc_row][vc_row el_class=&#8221;rb-stage-container&#8221;][vc_column el_class=&#8221;rb-stage__content&#8221;][vc_column_text el_class=&#8221;rb-podium__text&#8221;] Kup kart\u0119 upominkow\u0105 Google Play online \u2022 5\/5 Dzi\u0119ki karcie upominkowej Google Play mo\u017cesz szybko&hellip;<\/p>\n","protected":false},"author":1608,"featured_media":31309,"parent":0,"menu_order":0,"comment_status":"closed","ping_status":"closed","template":"","meta":{"_acf_changed":false,"footnotes":""},"class_list":["post-31307","page","type-page","status-publish","has-post-thumbnail","hentry"],"acf":[],"yoast_head":"<!-- This site is optimized with the Yoast SEO plugin v24.4 - https:\/\/yoast.com\/wordpress\/plugins\/seo\/ -->\n<title>Spotify Premium | Karta podarunkowa od xxx z\u0142 | ReloadBase<\/title>\n<meta name=\"description\" content=\"Kup kart\u0119 podarunkow\u0105 Google Play online \u2713 Kwota od 20 z\u0142 do 150 z\u0142 \u2713 Kod na e-mail \u2713 Bezpieczne p\u0142atno\u015bci przez PayPal, Blik, Dotpay, kart\u0105 kredytow\u0105 lub debetow\u0105\" \/>\n<meta name=\"robots\" content=\"index, follow, max-snippet:-1, max-image-preview:large, max-video-preview:-1\" \/>\n<link rel=\"canonical\" href=\"https:\/\/reloadbase.com\/pl-pl\/google-play-card\/\" \/>\n<meta property=\"og:locale\" content=\"pl_PL\" \/>\n<meta property=\"og:type\" content=\"article\" \/>\n<meta property=\"og:title\" content=\"Spotify Premium | Karta podarunkowa od xxx z\u0142 | ReloadBase\" \/>\n<meta property=\"og:description\" content=\"Kup kart\u0119 podarunkow\u0105 Google Play online \u2713 Kwota od 20 z\u0142 do 150 z\u0142 \u2713 Kod na e-mail \u2713 Bezpieczne p\u0142atno\u015bci przez PayPal, Blik, Dotpay, kart\u0105 kredytow\u0105 lub debetow\u0105\" \/>\n<meta property=\"og:url\" content=\"https:\/\/reloadbase.com\/pl-pl\/google-play-card\/\" \/>\n<meta property=\"og:site_name\" content=\"ReloadBase\" \/>\n<meta property=\"article:publisher\" content=\"https:\/\/www.facebook.com\/ReloadBase\/\" \/>\n<meta property=\"article:modified_time\" content=\"2021-12-30T07:35:46+00:00\" \/>\n<meta property=\"og:image\" content=\"https:\/\/reloadbase.com\/wp-content\/uploads\/2021\/01\/GooglePlay-giftcard-homepage.png\" \/>\n\t<meta property=\"og:image:width\" content=\"700\" \/>\n\t<meta property=\"og:image:height\" content=\"484\" \/>\n\t<meta property=\"og:image:type\" content=\"image\/png\" \/>\n<meta name=\"twitter:card\" content=\"summary_large_image\" \/>\n<meta name=\"twitter:label1\" content=\"Est. reading time\" \/>\n\t<meta name=\"twitter:data1\" content=\"5 minutes\" \/>\n<script type=\"application\/ld+json\" class=\"yoast-schema-graph\">{\"@context\":\"https:\/\/schema.org\",\"@graph\":[{\"@type\":\"WebPage\",\"@id\":\"https:\/\/reloadbase.com\/pl-pl\/google-play-card\/\",\"url\":\"https:\/\/reloadbase.com\/pl-pl\/google-play-card\/\",\"name\":\"Spotify Premium | Karta podarunkowa od xxx z\u0142 | ReloadBase\",\"isPartOf\":{\"@id\":\"https:\/\/reloadbase.com\/nl-nl\/#website\"},\"primaryImageOfPage\":{\"@id\":\"https:\/\/reloadbase.com\/pl-pl\/google-play-card\/#primaryimage\"},\"image\":{\"@id\":\"https:\/\/reloadbase.com\/pl-pl\/google-play-card\/#primaryimage\"},\"thumbnailUrl\":\"https:\/\/reloadbase.com\/wp-content\/uploads\/2021\/01\/GooglePlay-giftcard-homepage.png\",\"datePublished\":\"2020-08-08T06:26:39+00:00\",\"dateModified\":\"2021-12-30T07:35:46+00:00\",\"description\":\"Kup kart\u0119 podarunkow\u0105 Google Play online \u2713 Kwota od 20 z\u0142 do 150 z\u0142 \u2713 Kod na e-mail \u2713 Bezpieczne p\u0142atno\u015bci przez PayPal, Blik, Dotpay, kart\u0105 kredytow\u0105 lub debetow\u0105\",\"breadcrumb\":{\"@id\":\"https:\/\/reloadbase.com\/pl-pl\/google-play-card\/#breadcrumb\"},\"inLanguage\":\"pl\",\"potentialAction\":[{\"@type\":\"ReadAction\",\"target\":[\"https:\/\/reloadbase.com\/pl-pl\/google-play-card\/\"]}]},{\"@type\":\"ImageObject\",\"inLanguage\":\"pl\",\"@id\":\"https:\/\/reloadbase.com\/pl-pl\/google-play-card\/#primaryimage\",\"url\":\"https:\/\/reloadbase.com\/wp-content\/uploads\/2021\/01\/GooglePlay-giftcard-homepage.png\",\"contentUrl\":\"https:\/\/reloadbase.com\/wp-content\/uploads\/2021\/01\/GooglePlay-giftcard-homepage.png\",\"width\":700,\"height\":484,\"caption\":\"GooglePlay-giftcard-homepage - Reloadbase\"},{\"@type\":\"BreadcrumbList\",\"@id\":\"https:\/\/reloadbase.com\/pl-pl\/google-play-card\/#breadcrumb\",\"itemListElement\":[{\"@type\":\"ListItem\",\"position\":1,\"name\":\"Home\",\"item\":\"https:\/\/reloadbase.com\/nl-nl\/\"},{\"@type\":\"ListItem\",\"position\":2,\"name\":\"Karta Google Play\"}]},{\"@type\":\"WebSite\",\"@id\":\"https:\/\/reloadbase.com\/nl-nl\/#website\",\"url\":\"https:\/\/reloadbase.com\/nl-nl\/\",\"name\":\"ReloadBase\",\"description\":\"\",\"publisher\":{\"@id\":\"https:\/\/reloadbase.com\/nl-nl\/#organization\"},\"potentialAction\":[{\"@type\":\"SearchAction\",\"target\":{\"@type\":\"EntryPoint\",\"urlTemplate\":\"https:\/\/reloadbase.com\/nl-nl\/?s={search_term_string}\"},\"query-input\":{\"@type\":\"PropertyValueSpecification\",\"valueRequired\":true,\"valueName\":\"search_term_string\"}}],\"inLanguage\":\"pl\"},{\"@type\":\"Organization\",\"@id\":\"https:\/\/reloadbase.com\/nl-nl\/#organization\",\"name\":\"ReloadBase\",\"url\":\"https:\/\/reloadbase.com\/nl-nl\/\",\"logo\":{\"@type\":\"ImageObject\",\"inLanguage\":\"pl\",\"@id\":\"https:\/\/reloadbase.com\/nl-nl\/#\/schema\/logo\/image\/\",\"url\":\"https:\/\/reloadbase.com\/wp-content\/uploads\/2020\/05\/RELOADBASE01_Horizontal_Transparant.png\",\"contentUrl\":\"https:\/\/reloadbase.com\/wp-content\/uploads\/2020\/05\/RELOADBASE01_Horizontal_Transparant.png\",\"width\":17627,\"height\":2130,\"caption\":\"ReloadBase\"},\"image\":{\"@id\":\"https:\/\/reloadbase.com\/nl-nl\/#\/schema\/logo\/image\/\"},\"sameAs\":[\"https:\/\/www.facebook.com\/ReloadBase\/\",\"https:\/\/www.instagram.com\/reloadbase\/\"]}]}<\/script>\n<!-- \/ Yoast SEO plugin. -->","yoast_head_json":{"title":"Spotify Premium | Karta podarunkowa od xxx z\u0142 | ReloadBase","description":"Kup kart\u0119 podarunkow\u0105 Google Play online \u2713 Kwota od 20 z\u0142 do 150 z\u0142 \u2713 Kod na e-mail \u2713 Bezpieczne p\u0142atno\u015bci przez PayPal, Blik, Dotpay, kart\u0105 kredytow\u0105 lub debetow\u0105","robots":{"index":"index","follow":"follow","max-snippet":"max-snippet:-1","max-image-preview":"max-image-preview:large","max-video-preview":"max-video-preview:-1"},"canonical":"https:\/\/reloadbase.com\/pl-pl\/google-play-card\/","og_locale":"pl_PL","og_type":"article","og_title":"Spotify Premium | Karta podarunkowa od xxx z\u0142 | ReloadBase","og_description":"Kup kart\u0119 podarunkow\u0105 Google Play online \u2713 Kwota od 20 z\u0142 do 150 z\u0142 \u2713 Kod na e-mail \u2713 Bezpieczne p\u0142atno\u015bci przez PayPal, Blik, Dotpay, kart\u0105 kredytow\u0105 lub debetow\u0105","og_url":"https:\/\/reloadbase.com\/pl-pl\/google-play-card\/","og_site_name":"ReloadBase","article_publisher":"https:\/\/www.facebook.com\/ReloadBase\/","article_modified_time":"2021-12-30T07:35:46+00:00","og_image":[{"width":700,"height":484,"url":"https:\/\/reloadbase.com\/wp-content\/uploads\/2021\/01\/GooglePlay-giftcard-homepage.png","type":"image\/png"}],"twitter_card":"summary_large_image","twitter_misc":{"Est. reading time":"5 minutes"},"schema":{"@context":"https:\/\/schema.org","@graph":[{"@type":"WebPage","@id":"https:\/\/reloadbase.com\/pl-pl\/google-play-card\/","url":"https:\/\/reloadbase.com\/pl-pl\/google-play-card\/","name":"Spotify Premium | Karta podarunkowa od xxx z\u0142 | ReloadBase","isPartOf":{"@id":"https:\/\/reloadbase.com\/nl-nl\/#website"},"primaryImageOfPage":{"@id":"https:\/\/reloadbase.com\/pl-pl\/google-play-card\/#primaryimage"},"image":{"@id":"https:\/\/reloadbase.com\/pl-pl\/google-play-card\/#primaryimage"},"thumbnailUrl":"https:\/\/reloadbase.com\/wp-content\/uploads\/2021\/01\/GooglePlay-giftcard-homepage.png","datePublished":"2020-08-08T06:26:39+00:00","dateModified":"2021-12-30T07:35:46+00:00","description":"Kup kart\u0119 podarunkow\u0105 Google Play online \u2713 Kwota od 20 z\u0142 do 150 z\u0142 \u2713 Kod na e-mail \u2713 Bezpieczne p\u0142atno\u015bci przez PayPal, Blik, Dotpay, kart\u0105 kredytow\u0105 lub debetow\u0105","breadcrumb":{"@id":"https:\/\/reloadbase.com\/pl-pl\/google-play-card\/#breadcrumb"},"inLanguage":"pl","potentialAction":[{"@type":"ReadAction","target":["https:\/\/reloadbase.com\/pl-pl\/google-play-card\/"]}]},{"@type":"ImageObject","inLanguage":"pl","@id":"https:\/\/reloadbase.com\/pl-pl\/google-play-card\/#primaryimage","url":"https:\/\/reloadbase.com\/wp-content\/uploads\/2021\/01\/GooglePlay-giftcard-homepage.png","contentUrl":"https:\/\/reloadbase.com\/wp-content\/uploads\/2021\/01\/GooglePlay-giftcard-homepage.png","width":700,"height":484,"caption":"GooglePlay-giftcard-homepage - Reloadbase"},{"@type":"BreadcrumbList","@id":"https:\/\/reloadbase.com\/pl-pl\/google-play-card\/#breadcrumb","itemListElement":[{"@type":"ListItem","position":1,"name":"Home","item":"https:\/\/reloadbase.com\/nl-nl\/"},{"@type":"ListItem","position":2,"name":"Karta Google Play"}]},{"@type":"WebSite","@id":"https:\/\/reloadbase.com\/nl-nl\/#website","url":"https:\/\/reloadbase.com\/nl-nl\/","name":"ReloadBase","description":"","publisher":{"@id":"https:\/\/reloadbase.com\/nl-nl\/#organization"},"potentialAction":[{"@type":"SearchAction","target":{"@type":"EntryPoint","urlTemplate":"https:\/\/reloadbase.com\/nl-nl\/?s={search_term_string}"},"query-input":{"@type":"PropertyValueSpecification","valueRequired":true,"valueName":"search_term_string"}}],"inLanguage":"pl"},{"@type":"Organization","@id":"https:\/\/reloadbase.com\/nl-nl\/#organization","name":"ReloadBase","url":"https:\/\/reloadbase.com\/nl-nl\/","logo":{"@type":"ImageObject","inLanguage":"pl","@id":"https:\/\/reloadbase.com\/nl-nl\/#\/schema\/logo\/image\/","url":"https:\/\/reloadbase.com\/wp-content\/uploads\/2020\/05\/RELOADBASE01_Horizontal_Transparant.png","contentUrl":"https:\/\/reloadbase.com\/wp-content\/uploads\/2020\/05\/RELOADBASE01_Horizontal_Transparant.png","width":17627,"height":2130,"caption":"ReloadBase"},"image":{"@id":"https:\/\/reloadbase.com\/nl-nl\/#\/schema\/logo\/image\/"},"sameAs":["https:\/\/www.facebook.com\/ReloadBase\/","https:\/\/www.instagram.com\/reloadbase\/"]}]}},"_links":{"self":[{"href":"https:\/\/reloadbase.com\/pl-pl\/wp-json\/wp\/v2\/pages\/31307","targetHints":{"allow":["GET"]}}],"collection":[{"href":"https:\/\/reloadbase.com\/pl-pl\/wp-json\/wp\/v2\/pages"}],"about":[{"href":"https:\/\/reloadbase.com\/pl-pl\/wp-json\/wp\/v2\/types\/page"}],"author":[{"embeddable":true,"href":"https:\/\/reloadbase.com\/pl-pl\/wp-json\/wp\/v2\/users\/1608"}],"replies":[{"embeddable":true,"href":"https:\/\/reloadbase.com\/pl-pl\/wp-json\/wp\/v2\/comments?post=31307"}],"version-history":[{"count":6,"href":"https:\/\/reloadbase.com\/pl-pl\/wp-json\/wp\/v2\/pages\/31307\/revisions"}],"predecessor-version":[{"id":38299,"href":"https:\/\/reloadbase.com\/pl-pl\/wp-json\/wp\/v2\/pages\/31307\/revisions\/38299"}],"wp:featuredmedia":[{"embeddable":true,"href":"https:\/\/reloadbase.com\/pl-pl\/wp-json\/wp\/v2\/media\/31309"}],"wp:attachment":[{"href":"https:\/\/reloadbase.com\/pl-pl\/wp-json\/wp\/v2\/media?parent=31307"}],"curies":[{"name":"wp","href":"https:\/\/api.w.org\/{rel}","templated":true}]}}