{"id":18815,"date":"2021-01-31T10:48:02","date_gmt":"2021-01-31T10:48:02","guid":{"rendered":"https:\/\/reloadbase.com\/?page_id=18815"},"modified":"2021-02-14T18:03:17","modified_gmt":"2021-02-14T18:03:17","slug":"pathe-cadeaubon","status":"publish","type":"page","link":"https:\/\/reloadbase.com\/nl-nl\/pathe-cadeaubon\/","title":{"rendered":"Path\u00e9 cadeaubon"},"content":{"rendered":"<div class=\"wpb-content-wrapper\">[vc_row css=&#8221;.vc_custom_1596808763792{padding-top: 60px !important;padding-bottom: 60px !important;}&#8221;][vc_column][vc_column_text]\n<h1>Koop jouw Path\u00e9 cadeaubon online<\/h1>\n<p>Wil je iemand blij maken met een leuke verrassing? Geef dan de Path\u00e9 giftcard cadeau. De leukste filmverrassing die iemand kan ontvangen! Het is niet meer nodig om naar de film te gaan want met deze cadeaubon is het ook mogelijk om films te huren of kopen via Path\u00e9 Thuis.[\/vc_column_text][\/vc_column][\/vc_row][vc_row][vc_column]<div class=\"woocommerce columns-4 \"><\/div>[\/vc_column][\/vc_row][vc_row css=&#8221;.vc_custom_1596797300746{padding-bottom: 60px !important;}&#8221;][vc_column][vc_column_text css=&#8221;.vc_custom_1612088231676{padding-bottom: 20px !important;}&#8221;]\n<h2>Veelgestelde vragen over de Path\u00e9 cadeaubon<\/h2>\n[\/vc_column_text][vc_row_inner css=&#8221;.vc_custom_1596808708853{padding-bottom: 20px !important;}&#8221;][vc_column_inner width=&#8221;1\/2&#8243;][vc_column_text]\n<h3>Wat is een Path\u00e9 cadeaubon?<\/h3>\n<p>De Path\u00e9 cadeaubon is een leuk cadeau voor iemand die graag naar de film gaat, of thuis op de bank een film wil kijken. Het tegoed op jouw giftcard kan voor meerdere dingen gebruikt worden:<\/p>\n<ul>\n<li>Bioscoop tickets<\/li>\n<li>Drinks &amp; bites voor tijdens de film<\/li>\n<li>Path\u00e9 Thuis<\/li>\n<li>Path\u00e9 App &amp; Website<\/li>\n<\/ul>\n<p>Je kan het bedrag voor op de cadeaukaart helemaal zelf bepalen, zolang je maar tussen de \u20ac5 en \u20ac150 blijft. Wanneer je de cadeaubon via de webshop van Path\u00e9 koopt, dan ontvang je een e-giftcard via de mail.<\/p>\n<p>Wanneer je de cadeaubon wil gebruiken voor Path\u00e9 Thuis, dan kan je via de website van Path\u00e9 Thuis jouw cadeaubon inwisselen en aan je account koppelen. Dit kan niet via de App of Smart Tv.[\/vc_column_text][\/vc_column_inner][vc_column_inner width=&#8221;1\/2&#8243;][vc_column_text]\n<h3>Waar kan ik een Path\u00e9 cadeaubon kopen?<\/h3>\n<p>Je kan de Path\u00e9 cadeaubon op meerdere manieren aanschaffen:<\/p>\n<ul>\n<li>In een van de Path\u00e9 bioscopen, je ontvangt een fysiek pasje<\/li>\n<li>Via de online webshop van Path\u00e9, je ontvangt dan een digitale cadeaubon<\/li>\n<li>Via de website van Greetz, je ontvangt een fysiek pasje<\/li>\n<li>Op de website van Path\u00e9 Business voor zakelijke cadeaubonnen.<\/li>\n<\/ul>\n<p>Binnenkort is het ook mogelijk om bij ReloadBase een Path\u00e9 cadeaubon te kopen![\/vc_column_text][\/vc_column_inner][\/vc_row_inner][vc_row_inner css=&#8221;.vc_custom_1596808708853{padding-bottom: 20px !important;}&#8221;][vc_column_inner width=&#8221;1\/2&#8243;][vc_column_text]\n<h3>Hoe kan ik mijn Path\u00e9 cadeaubon verzilveren?<\/h3>\n<p>Als je een Path\u00e9 account hebt, kan je de cadeaubon toevoegen aan je account. Wanneer je dan naar de bioscoop gaat, kan je jouw Path\u00e9 app gebruiken om je giftcard te scannen. Dan zie je ook gelijk hoeveel saldo er nog beschikbaar is. Hoe voeg je de giftcard toe aan je account?<\/p>\n<ul>\n<li>Ga naar &#8216;Mijn Path\u00e9&#8217;<\/li>\n<li>Klik op vouchers<\/li>\n<li>Vul de gegevens in van jouw cadeaubon<\/li>\n<li>De cadeaubon is gekoppeld aan jouw account.<\/li>\n<\/ul>\n<p>Wanneer je jouw cadeaubon toegevoegd hebt aan je account, is het ook mogelijk om films te kopen via Path\u00e9 Thuis.[\/vc_column_text][\/vc_column_inner][vc_column_inner width=&#8221;1\/2&#8243;][vc_column_text]\n<h3>Hoe kan ik mijn Path\u00e9 cadeaubon tegoed checken?<\/h3>\n<ol>\n<li>Ga naar <a href=\"https:\/\/www.pathe.nl\/giftcard\" target=\"_blank\" rel=\"nofollow noopener noreferrer\">www.pathe.nl\/giftcard<\/a><\/li>\n<li>Scroll down tot je bij het kopje &#8216;saldo checken&#8217; komt<\/li>\n<li>Vul de 19-cijferige code in die op de achterkant staat van jouw giftcard<\/li>\n<li>Vul de pincode in en klik op &#8216;check de code&#8217;<\/li>\n<li>Jouw huidige saldo is nu zichtbaar.<\/li>\n<\/ol>\n[\/vc_column_text][\/vc_column_inner][\/vc_row_inner][vc_row_inner css=&#8221;.vc_custom_1596808716232{padding-bottom: 20px !important;}&#8221;][vc_column_inner width=&#8221;1\/2&#8243;][vc_column_text]\n<h3>Hoe lang is de Path\u00e9 cadeaubon geldig?<\/h3>\n<p>Het saldo op jouw Path\u00e9 cadeaubon is maximaal 4 jaar geldig. Wanneer de giftcard niet meer geldig is maar er staat nog wel saldo op, dan kan dat bedrag helaas niet meer teruggeven worden.[\/vc_column_text][\/vc_column_inner][vc_column_inner width=&#8221;1\/2&#8243;][\/vc_column_inner][\/vc_row_inner][vc_row_inner css=&#8221;.vc_custom_1596808716232{padding-bottom: 20px !important;}&#8221;][vc_column_inner width=&#8221;1\/2&#8243;][vc_column_text]\n<h3>Wat is Path\u00e9 Thuis?<\/h3>\n<p>Path\u00e9 Thuis is het video on-demand platform of (de) streamingdienst, van Path\u00e9.<\/p>\n<p>Het platform belooft \u201chet beste uit de bioscoop als eerste thuis\u201d te halen. Zo\u2019n drie tot vier maanden nadat een film in de bioscoop heeft gedraaid, komt deze beschikbaar in Path\u00e9 Thuis. Op die manier kijk je thuis de nieuwste films, van de grootste blockbusters tot prijswinnende arthouse films. Eigenlijk is Path\u00e9 Thuis dus je online videotheek, met een groot aanbod dat iedere week wordt aangevuld.<\/p>\n<p>Al eerder vertelden we je dat Path\u00e9 Thuis een video on demand streaming dienst is. Sterker nog, Path\u00e9 Thuis is een TVOD: een transactional video on demand streamingdienst.<br \/>\nPath\u00e9 Thuis heeft geen abonnement, je hoeft alleen een Path\u00e9 Thuis account aan te maken, je betaalt namelijk per film. Path\u00e9 Thuis verschilt hierin van bijvoorbeeld Netflix, dat een Subscription Video on Demand streaming dienst is (bij deze type platforms betaal je een vast abonnementsbedrag per maand).[\/vc_column_text][\/vc_column_inner][vc_column_inner width=&#8221;1\/2&#8243;][vc_column_text]\n<h3>Wat kost Path\u00e9 Thuis?<\/h3>\n<p>Er zijn ontzettend veel films te huren en\/of te kopen op Path\u00e9 Thuis. Het aanbod wordt wekelijks aangevuld. Een film komt ongeveer drie tot vier maanden nadat deze in de bioscoop heeft gedraaid op Path\u00e9 Thuis beschikbaar.<\/p>\n<p>Kijk vooral zelf op de website van Path\u00e9 Thuis en laat je inspireren. Weet je al wat voor genre film je vandaag zou willen kijken? Of heb je gewacht totdat die ene film uit de bioscoop zou raken en in op Path\u00e9 Thuis terecht zou komen? Zoek dan via de zoekbalk naar je film of klik aan welk genre de film moet zijn.<\/p>\n<p>De kosten voor deze films verschillen flink. Dit ligt natuurlijk aan hoe oud of populair een film is en of Path\u00e9 Thuis bepaalde films met korting aanbiedt. Je kunt al films huren vanaf EUR 1,99. De duurste, nieuwste, films kosten 5,99. Het kopen van een film is natuurlijk wat duurder en ligt ook aan het type film dat je wilt kopen. Je betaalt per film en kunt afrekenen met iDeal, PayPal of creditcard.[\/vc_column_text][\/vc_column_inner][\/vc_row_inner][vc_row_inner css=&#8221;.vc_custom_1596808716232{padding-bottom: 20px !important;}&#8221;][vc_column_inner width=&#8221;1\/2&#8243;][vc_column_text]\n<h3>Hoe werkt Path\u00e9 Thuis?<\/h3>\n<p>Klinkt goed toch, dat Path\u00e9 Thuis, maar hoe werkt het? Eigenlijk heel simpel.<\/p>\n<ol>\n<li>Ga allereerst naar https:\/\/www.pathe-thuis.nl\/aanmelden\/ om je Path\u00e9Thuis account aan te maken. Je vult hierbij je voornaam, e-mailadres en wachtwoord in. Hiervoor hoef je dus niet te betalen.<\/li>\n<li>Vervolgens ga je naar de homepage om het aanbod te bekijken.<\/li>\n<li>Druk op de film naar keuze en geef aan of je de film wilt huren of kopen (koop is niet voor alle films beschikbaar).<\/li>\n<li>Hoe lang film kijken op Path\u00e9 Thuis? Dat ligt er aan. Als je een film koopt, is deze vanaf het moment van afrekenen voor altijd beschikbaar in je Path\u00e9 Thuis account. Als je een film huurt, is deze 48uur beschikbaar. Deze periode gaat in vanaf het moment van afrekenen. Let daar dus goed op!<\/li>\n<\/ol>\n<p>Niet onbelangrijk, hoe kun je films die je hebt gehuurd of gekocht via Path\u00e9 Thuis kijken? Path\u00e9 Thuis is beschikbaar op verschillende platformen zoals smart-tv\u2019s, gameconsoles, smartphones, tablet, pc en laptop.<\/p>\n<p>Allereerst kun je Path\u00e9 Thuis kijken op je smartphone of tablet, download dan de app via Apple Store of Google Play, of via je laptop of computer.[\/vc_column_text][\/vc_column_inner][vc_column_inner width=&#8221;1\/2&#8243;][vc_column_text]Ga je voor echt gemak, dan zijn er verschillende manieren om je gehuurde of gekochte films op de TV te bekijken:<\/p>\n<ul>\n<li>Smart TV: installeer de Path\u00e9 Thuis app<\/li>\n<li>Chromecast of Apple TV: stream vanaf je smartphone naar de TV<\/li>\n<li>PlayStation 4: installeer de Path\u00e9 Thuis app<\/li>\n<li>TV Mediabox (Ziggo, KPN): gebruik de Path\u00e9 Thuis app.<\/li>\n<li>HDMI-kabel: deze gaat van je laptop naar je TV.<\/li>\n<li>Webbrowser<\/li>\n<\/ul>\n[\/vc_column_text][\/vc_column_inner][\/vc_row_inner][\/vc_column][\/vc_row]\n<\/div>","protected":false},"excerpt":{"rendered":"<p>[vc_row css=&#8221;.vc_custom_1596808763792{padding-top: 60px !important;padding-bottom: 60px !important;}&#8221;][vc_column][vc_column_text] Koop jouw Path\u00e9 cadeaubon online Wil je iemand blij maken met een leuke verrassing? Geef dan de Path\u00e9 giftcard&hellip;<\/p>\n","protected":false},"author":1608,"featured_media":0,"parent":0,"menu_order":0,"comment_status":"closed","ping_status":"closed","template":"","meta":{"_acf_changed":false,"footnotes":""},"class_list":["post-18815","page","type-page","status-publish","hentry"],"acf":[],"yoast_head":"<!-- This site is optimized with the Yoast SEO plugin v24.4 - https:\/\/yoast.com\/wordpress\/plugins\/seo\/ -->\n<title>Path\u00e9 cadeaubon kopen? Online Gift Card vanaf \u20ac5<\/title>\n<meta name=\"description\" content=\"Path\u00e9 cadeaubon kopen? Online bij ReloadBase \u2713veilig betalen \u2713 je ontvangt jouw code direct op je scherm\" \/>\n<meta name=\"robots\" content=\"index, follow, max-snippet:-1, max-image-preview:large, max-video-preview:-1\" \/>\n<link rel=\"canonical\" href=\"https:\/\/reloadbase.com\/nl-nl\/pathe-cadeaubon\/\" \/>\n<meta property=\"og:locale\" content=\"nl_NL\" \/>\n<meta property=\"og:type\" content=\"article\" \/>\n<meta property=\"og:title\" content=\"Path\u00e9 cadeaubon kopen? Online Gift Card vanaf \u20ac5\" \/>\n<meta property=\"og:description\" content=\"Path\u00e9 cadeaubon kopen? Online bij ReloadBase \u2713veilig betalen \u2713 je ontvangt jouw code direct op je scherm\" \/>\n<meta property=\"og:url\" content=\"https:\/\/reloadbase.com\/nl-nl\/pathe-cadeaubon\/\" \/>\n<meta property=\"og:site_name\" content=\"ReloadBase\" \/>\n<meta property=\"article:publisher\" content=\"https:\/\/www.facebook.com\/ReloadBase\/\" \/>\n<meta property=\"article:modified_time\" content=\"2021-02-14T18:03:17+00:00\" \/>\n<meta name=\"twitter:card\" content=\"summary_large_image\" \/>\n<meta name=\"twitter:label1\" content=\"Geschatte leestijd\" \/>\n\t<meta name=\"twitter:data1\" content=\"6 minuten\" \/>\n<script type=\"application\/ld+json\" class=\"yoast-schema-graph\">{\"@context\":\"https:\/\/schema.org\",\"@graph\":[{\"@type\":\"WebPage\",\"@id\":\"https:\/\/reloadbase.com\/nl-nl\/pathe-cadeaubon\/\",\"url\":\"https:\/\/reloadbase.com\/nl-nl\/pathe-cadeaubon\/\",\"name\":\"Path\u00e9 cadeaubon kopen? Online Gift Card vanaf \u20ac5\",\"isPartOf\":{\"@id\":\"https:\/\/reloadbase.com\/nl-nl\/#website\"},\"datePublished\":\"2021-01-31T10:48:02+00:00\",\"dateModified\":\"2021-02-14T18:03:17+00:00\",\"description\":\"Path\u00e9 cadeaubon kopen? Online bij ReloadBase \u2713veilig betalen \u2713 je ontvangt jouw code direct op je scherm\",\"breadcrumb\":{\"@id\":\"https:\/\/reloadbase.com\/nl-nl\/pathe-cadeaubon\/#breadcrumb\"},\"inLanguage\":\"nl-NL\",\"potentialAction\":[{\"@type\":\"ReadAction\",\"target\":[\"https:\/\/reloadbase.com\/nl-nl\/pathe-cadeaubon\/\"]}]},{\"@type\":\"BreadcrumbList\",\"@id\":\"https:\/\/reloadbase.com\/nl-nl\/pathe-cadeaubon\/#breadcrumb\",\"itemListElement\":[{\"@type\":\"ListItem\",\"position\":1,\"name\":\"Home\",\"item\":\"https:\/\/reloadbase.com\/nl-nl\/\"},{\"@type\":\"ListItem\",\"position\":2,\"name\":\"Path\u00e9 cadeaubon\"}]},{\"@type\":\"WebSite\",\"@id\":\"https:\/\/reloadbase.com\/nl-nl\/#website\",\"url\":\"https:\/\/reloadbase.com\/nl-nl\/\",\"name\":\"ReloadBase\",\"description\":\"\",\"publisher\":{\"@id\":\"https:\/\/reloadbase.com\/nl-nl\/#organization\"},\"potentialAction\":[{\"@type\":\"SearchAction\",\"target\":{\"@type\":\"EntryPoint\",\"urlTemplate\":\"https:\/\/reloadbase.com\/nl-nl\/?s={search_term_string}\"},\"query-input\":{\"@type\":\"PropertyValueSpecification\",\"valueRequired\":true,\"valueName\":\"search_term_string\"}}],\"inLanguage\":\"nl-NL\"},{\"@type\":\"Organization\",\"@id\":\"https:\/\/reloadbase.com\/nl-nl\/#organization\",\"name\":\"ReloadBase\",\"url\":\"https:\/\/reloadbase.com\/nl-nl\/\",\"logo\":{\"@type\":\"ImageObject\",\"inLanguage\":\"nl-NL\",\"@id\":\"https:\/\/reloadbase.com\/nl-nl\/#\/schema\/logo\/image\/\",\"url\":\"https:\/\/reloadbase.com\/wp-content\/uploads\/2020\/05\/RELOADBASE01_Horizontal_Transparant.png\",\"contentUrl\":\"https:\/\/reloadbase.com\/wp-content\/uploads\/2020\/05\/RELOADBASE01_Horizontal_Transparant.png\",\"width\":17627,\"height\":2130,\"caption\":\"ReloadBase\"},\"image\":{\"@id\":\"https:\/\/reloadbase.com\/nl-nl\/#\/schema\/logo\/image\/\"},\"sameAs\":[\"https:\/\/www.facebook.com\/ReloadBase\/\",\"https:\/\/www.instagram.com\/reloadbase\/\"]}]}<\/script>\n<!-- \/ Yoast SEO plugin. -->","yoast_head_json":{"title":"Path\u00e9 cadeaubon kopen? Online Gift Card vanaf \u20ac5","description":"Path\u00e9 cadeaubon kopen? Online bij ReloadBase \u2713veilig betalen \u2713 je ontvangt jouw code direct op je scherm","robots":{"index":"index","follow":"follow","max-snippet":"max-snippet:-1","max-image-preview":"max-image-preview:large","max-video-preview":"max-video-preview:-1"},"canonical":"https:\/\/reloadbase.com\/nl-nl\/pathe-cadeaubon\/","og_locale":"nl_NL","og_type":"article","og_title":"Path\u00e9 cadeaubon kopen? Online Gift Card vanaf \u20ac5","og_description":"Path\u00e9 cadeaubon kopen? Online bij ReloadBase \u2713veilig betalen \u2713 je ontvangt jouw code direct op je scherm","og_url":"https:\/\/reloadbase.com\/nl-nl\/pathe-cadeaubon\/","og_site_name":"ReloadBase","article_publisher":"https:\/\/www.facebook.com\/ReloadBase\/","article_modified_time":"2021-02-14T18:03:17+00:00","twitter_card":"summary_large_image","twitter_misc":{"Geschatte leestijd":"6 minuten"},"schema":{"@context":"https:\/\/schema.org","@graph":[{"@type":"WebPage","@id":"https:\/\/reloadbase.com\/nl-nl\/pathe-cadeaubon\/","url":"https:\/\/reloadbase.com\/nl-nl\/pathe-cadeaubon\/","name":"Path\u00e9 cadeaubon kopen? Online Gift Card vanaf \u20ac5","isPartOf":{"@id":"https:\/\/reloadbase.com\/nl-nl\/#website"},"datePublished":"2021-01-31T10:48:02+00:00","dateModified":"2021-02-14T18:03:17+00:00","description":"Path\u00e9 cadeaubon kopen? Online bij ReloadBase \u2713veilig betalen \u2713 je ontvangt jouw code direct op je scherm","breadcrumb":{"@id":"https:\/\/reloadbase.com\/nl-nl\/pathe-cadeaubon\/#breadcrumb"},"inLanguage":"nl-NL","potentialAction":[{"@type":"ReadAction","target":["https:\/\/reloadbase.com\/nl-nl\/pathe-cadeaubon\/"]}]},{"@type":"BreadcrumbList","@id":"https:\/\/reloadbase.com\/nl-nl\/pathe-cadeaubon\/#breadcrumb","itemListElement":[{"@type":"ListItem","position":1,"name":"Home","item":"https:\/\/reloadbase.com\/nl-nl\/"},{"@type":"ListItem","position":2,"name":"Path\u00e9 cadeaubon"}]},{"@type":"WebSite","@id":"https:\/\/reloadbase.com\/nl-nl\/#website","url":"https:\/\/reloadbase.com\/nl-nl\/","name":"ReloadBase","description":"","publisher":{"@id":"https:\/\/reloadbase.com\/nl-nl\/#organization"},"potentialAction":[{"@type":"SearchAction","target":{"@type":"EntryPoint","urlTemplate":"https:\/\/reloadbase.com\/nl-nl\/?s={search_term_string}"},"query-input":{"@type":"PropertyValueSpecification","valueRequired":true,"valueName":"search_term_string"}}],"inLanguage":"nl-NL"},{"@type":"Organization","@id":"https:\/\/reloadbase.com\/nl-nl\/#organization","name":"ReloadBase","url":"https:\/\/reloadbase.com\/nl-nl\/","logo":{"@type":"ImageObject","inLanguage":"nl-NL","@id":"https:\/\/reloadbase.com\/nl-nl\/#\/schema\/logo\/image\/","url":"https:\/\/reloadbase.com\/wp-content\/uploads\/2020\/05\/RELOADBASE01_Horizontal_Transparant.png","contentUrl":"https:\/\/reloadbase.com\/wp-content\/uploads\/2020\/05\/RELOADBASE01_Horizontal_Transparant.png","width":17627,"height":2130,"caption":"ReloadBase"},"image":{"@id":"https:\/\/reloadbase.com\/nl-nl\/#\/schema\/logo\/image\/"},"sameAs":["https:\/\/www.facebook.com\/ReloadBase\/","https:\/\/www.instagram.com\/reloadbase\/"]}]}},"_links":{"self":[{"href":"https:\/\/reloadbase.com\/nl-nl\/wp-json\/wp\/v2\/pages\/18815","targetHints":{"allow":["GET"]}}],"collection":[{"href":"https:\/\/reloadbase.com\/nl-nl\/wp-json\/wp\/v2\/pages"}],"about":[{"href":"https:\/\/reloadbase.com\/nl-nl\/wp-json\/wp\/v2\/types\/page"}],"author":[{"embeddable":true,"href":"https:\/\/reloadbase.com\/nl-nl\/wp-json\/wp\/v2\/users\/1608"}],"replies":[{"embeddable":true,"href":"https:\/\/reloadbase.com\/nl-nl\/wp-json\/wp\/v2\/comments?post=18815"}],"version-history":[{"count":3,"href":"https:\/\/reloadbase.com\/nl-nl\/wp-json\/wp\/v2\/pages\/18815\/revisions"}],"predecessor-version":[{"id":18896,"href":"https:\/\/reloadbase.com\/nl-nl\/wp-json\/wp\/v2\/pages\/18815\/revisions\/18896"}],"wp:attachment":[{"href":"https:\/\/reloadbase.com\/nl-nl\/wp-json\/wp\/v2\/media?parent=18815"}],"curies":[{"name":"wp","href":"https:\/\/api.w.org\/{rel}","templated":true}]}}