{"id":83882,"date":"2021-06-22T15:35:14","date_gmt":"2021-06-22T15:35:14","guid":{"rendered":"https:\/\/reloadbase.com\/hoe-werkt-het\/"},"modified":"2022-08-26T11:03:58","modified_gmt":"2022-08-26T11:03:58","slug":"hvordan-fungerer","status":"publish","type":"page","link":"https:\/\/reloadbase.com\/nb-no\/hvordan-fungerer\/","title":{"rendered":"Hoe werkt het? &#8211; NO"},"content":{"rendered":"<div class=\"wpb-content-wrapper\">[vc_row css=&#8221;.vc_custom_1627484267993{margin-top: 50px !important;margin-bottom: 50px !important;}&#8221;][vc_column][vc_column_text]\n<h1 style=\"text-align: left;\">Hvordan fungerer ReloadBase?<\/h1>\n[\/vc_column_text][vc_column_text]\n<h2>V\u00e5re tjenester<\/h2>\n<p>V\u00e5rt oppdrag er \u00e5 gj\u00f8re digitale kart tilgjengelig for alle. N\u00e5r som helst p\u00e5 d\u00f8gnet, p\u00e5 hvilken som helst enhet og fra hvor som helst.<\/p>\n<p>Du kan kj\u00f8pe ringekreditt, underholdningskreditt, spillkreditt og forh\u00e5ndsbetalte kredittkort for ulike nettleverand\u00f8rer fra oss.<br \/>\n\u00d8nsker du \u00e5 kj\u00f8pe kreditter? P\u00e5 nettsiden v\u00e5r finner du all informasjon om ulike tilbydere. Hvis du har andre sp\u00f8rsm\u00e5l, sjekk v\u00e5r FAQ-side.<\/p>\n<p>&nbsp;<\/p>\n<h2>Leverand\u00f8rer<\/h2>\n<p>Du kan kj\u00f8pe kreditt til ulike tilbydere via nettsiden v\u00e5r. Vilk\u00e5rene og betingelsene til tilbyderne gjelder for bruken av kreditten.<\/p>\n<p>&nbsp;<\/p>\n<h2 style=\"text-align: left;\">Kj\u00f8p kreditt<\/h2>\n<p>Kj\u00f8per du kreditt vil du motta en digital kode fra oss som du kan fylle p\u00e5 med. Tilbyderen er den faktiske tilbyderen av kreditten eller tjenesten. Det lages en avtale mellom deg og tilbyderen s\u00e5 snart du aktiverer kreditten. Reloadbase.com er mellomleddet. Tilbyderen er ansvarlig for at du faktisk kan bruke kreditten.<\/p>\n<p>Beskrivelsen av varene til de ulike leverand\u00f8rene p\u00e5 nettsiden v\u00e5r er utarbeidet s\u00e5 n\u00f8ye som mulig. Feil i beskrivelsene av v\u00e5rt tilbud og\/eller i bildene som vises er ikke bindende og vi og\/eller leverand\u00f8ren er ikke ansvarlig for dem.<\/p>\n<p>I tilbudet p\u00e5 nettsiden v\u00e5r finner du all informasjon og kostnader for kj\u00f8p av kreditt via nettsiden v\u00e5r. Tilleggskostnader, som servicegebyrer for tjenestene vi leverer til deg, er oppgitt med kj\u00f8pet.<\/p>\n<h2>Forebygging av misbruk eller svindel<\/h2>\n<p>Vi oppdager aktivt misbruk og svindel (inkludert uautorisert bruk av en betalingsmetode, tyveri, svindel, underslag og mer). Alle kj\u00f8p av kreditt via nettstedet v\u00e5rt kan kontrolleres for misbruk og svindel. S\u00e5 snart vi mistenker eller oppdager misbruk eller svindel, vil vi kansellere en bestilling eller kreditt og ikke utstede en digital kode.<\/p>\n<p>Hvis vi mistenker uautorisert bruk, kan vi be om en kopi av gyldig ID, kontoutskrift og\/eller andre dokumenter. Etter denne ekstra kontrollen kan vi bestemme oss for \u00e5 oppgi den digitale koden, men vi er ikke forpliktet til det. Vi tar disse tiltakene for \u00e5 gj\u00f8re prosessen med \u00e5 kj\u00f8pe kreditt via nettsiden v\u00e5r trygg for deg og alle.<\/p>\n<p>&nbsp;<\/p>\n<h2>sikker betaling<\/h2>\n<p>Du kan trygt kj\u00f8pe digital kreditt via nettsiden v\u00e5r. S\u00e5 snart du har kj\u00f8pt kreditten, vil du motta den digitale koden p\u00e5 e-post som du umiddelbart kan bruke kreditten din med. S\u00f8rg for \u00e5 oppgi riktig e-postadresse under kj\u00f8psprosessen. P\u00e5 denne m\u00e5ten kan du v\u00e6re sikker p\u00e5 at du mottar din digitale kode umiddelbart.<\/p>\n<p>V\u00e5re betalingsm\u00e5ter er Ideal, Paypal og Kredittkort.<\/p>\n<h2>Umiddelbart din digitale kode<\/h2>\n<p>S\u00e5 snart klienten mottar den digitale koden, kan kreditten benyttes umiddelbart. En bestilling kan ikke kanselleres. Refleksjons- og angrefristen p\u00e5 14 dager gjelder ikke p\u00e5 grunn av arten av produktene som leveres. Dermed er det ingen refleksjonstid og angrefrist. Kunden samtykker i umiddelbar levering av produktet etter betaling (b\u00e5de f\u00f8r og etter) og fraskriver seg uttrykkelig angrefristen og angreretten.<\/p>\n<p>Begrunnelsen for \u00e5 fravike angreretten er at et produkt ikke kan returneres fordi det ikke kan fastsl\u00e5s om produktet allerede er brukt. Dette gjelder digitale produkter hvis forsegling ble brutt umiddelbart etter levering. Arten av produktene som skal leveres utelukker enhver betenkningstid og angrerett, bortsett fra ved forsinket betaling. Da er koden enn\u00e5 ikke mottatt og produktet kan trekkes tilbake; hvor klienten har bevisbyrden.<\/p>\n<p>&nbsp;<\/p>\n<h2>Forhindre misbruk av koden din<\/h2>\n<p>Husk at koder har en digital verdi (de er digitale varer) som kan l\u00f8ses inn umiddelbart. Dette betyr at du kan bruke koden din umiddelbart etter mottak. Noen andre kan ogs\u00e5 hvis denne personen har tilgang til koden. Hold koden for deg selv og ikke del den med andre. P\u00e5 denne m\u00e5ten forhindrer du misbruk.<\/p>\n<p>&nbsp;<\/p>\n<h2>Din personlige informasjon<\/h2>\n<p>Vi forutsetter at du gir oss riktig kontaktinformasjon ved bestilling. Vi bruker din e-postadresse og telefonnummer for \u00e5 sende deg den digitale koden du har kj\u00f8pt. Vi bruker ogs\u00e5 e-postadressen din for \u00e5 holde kontakten med deg. For eksempel sender vi deg rabattkampanjer, nyhetsbrev og andre tilbud som vi tror du vil finne interessant. Vi har tatt tekniske og operasjonelle tiltak for \u00e5 beskytte dine kontaktopplysninger og personopplysninger. Se v\u00e5r personvernerkl\u00e6ring hvis du vil vite hvordan du kan se eller endre din personlige informasjon. Dersom du ikke lenger \u00f8nsker \u00e5 motta v\u00e5re nyhetsbrev og tilbud, kan du alltid melde deg av via avmeldingslenken i v\u00e5re nyhetsbrev. Se personvernreglene v\u00e5re\u00a0for mer informasjon om hvordan vi beskytter personopplysningene dine.<\/p>\n<p>&nbsp;<\/p>\n<h2>\u00c5 sp\u00f8rre?<\/h2>\n<p>Vi pr\u00f8ver \u00e5 gj\u00f8re oppgradering og kj\u00f8p av digital kreditt s\u00e5 enkelt som mulig. Har du fortsatt sp\u00f8rsm\u00e5l om tjenestene v\u00e5re? V\u00e5r kundeservice hjelper deg gjerne. Vi gj\u00f8r v\u00e5rt beste for \u00e5 svare p\u00e5 alle sp\u00f8rsm\u00e5l innen 24 timer. Har du sp\u00f8rsm\u00e5l om tjenestene til en leverand\u00f8r? Vi anbefaler at du tar kontakt med leverand\u00f8ren f\u00f8rst, slik at de kan finne en l\u00f8sning sammen med deg. Kommer ikke leverand\u00f8ren med en l\u00f8sning? Da vil vi som mellommann pr\u00f8ve \u00e5 hjelpe deg videre. Kontakt v\u00e5r kundeservice via v\u00e5r kontaktside. Hvis du har andre sp\u00f8rsm\u00e5l, sjekk v\u00e5r FAQ-side.<\/p>\n<p>&nbsp;<\/p>\n<h2>V\u00e5r kontaktinformasjon<\/h2>\n<p>ReloadBase.com-plattformen er ansatt av ReloadBase B.V.<\/p>\n<p>V\u00e5r kontaktinformasjon:<br \/>\nReloadBase B.V.<br \/>\nAsterweg 19D3<br \/>\n1031 HL, Amsterdam<\/p>\n<p>E-post: hello@reloadbase.com<br \/>\nTelefon: +31624912461<\/p>\n<p>Handelskammer: 81474261<br \/>\nmva.: NL862108147B01[\/vc_column_text][\/vc_column][\/vc_row]\n<\/div>","protected":false},"excerpt":{"rendered":"<p>[vc_row css=&#8221;.vc_custom_1627484267993{margin-top: 50px !important;margin-bottom: 50px !important;}&#8221;][vc_column][vc_column_text] Hvordan fungerer ReloadBase? [\/vc_column_text][vc_column_text] V\u00e5re tjenester V\u00e5rt oppdrag er \u00e5 gj\u00f8re digitale kart tilgjengelig for alle. N\u00e5r som helst&hellip;<\/p>\n","protected":false},"author":1608,"featured_media":0,"parent":0,"menu_order":0,"comment_status":"closed","ping_status":"closed","template":"","meta":{"_acf_changed":false,"footnotes":""},"class_list":["post-83882","page","type-page","status-publish","hentry"],"acf":[],"yoast_head":"<!-- This site is optimized with the Yoast SEO plugin v24.4 - https:\/\/yoast.com\/wordpress\/plugins\/seo\/ -->\n<title>Hvordan fungerer | ReloadBase<\/title>\n<meta name=\"robots\" content=\"noindex, follow\" \/>\n<meta property=\"og:locale\" content=\"en_US\" \/>\n<meta property=\"og:type\" content=\"article\" \/>\n<meta property=\"og:title\" content=\"Hvordan fungerer | ReloadBase\" \/>\n<meta property=\"og:description\" content=\"[vc_row css=&#8221;.vc_custom_1627484267993{margin-top: 50px !important;margin-bottom: 50px !important;}&#8221;][vc_column][vc_column_text] Hvordan fungerer ReloadBase? [\/vc_column_text][vc_column_text] V\u00e5re tjenester V\u00e5rt oppdrag er \u00e5 gj\u00f8re digitale kart tilgjengelig for alle. N\u00e5r som helst&hellip;\" \/>\n<meta property=\"og:url\" content=\"https:\/\/reloadbase.com\/nb-no\/hvordan-fungerer\/\" \/>\n<meta property=\"og:site_name\" content=\"ReloadBase\" \/>\n<meta property=\"article:publisher\" content=\"https:\/\/www.facebook.com\/ReloadBase\/\" \/>\n<meta property=\"article:modified_time\" content=\"2022-08-26T11:03:58+00:00\" \/>\n<meta name=\"twitter:card\" content=\"summary_large_image\" \/>\n<meta name=\"twitter:label1\" content=\"Est. reading time\" \/>\n\t<meta name=\"twitter:data1\" content=\"5 minutes\" \/>\n<script type=\"application\/ld+json\" class=\"yoast-schema-graph\">{\"@context\":\"https:\/\/schema.org\",\"@graph\":[{\"@type\":\"WebPage\",\"@id\":\"https:\/\/reloadbase.com\/nb-no\/hvordan-fungerer\/\",\"url\":\"https:\/\/reloadbase.com\/nb-no\/hvordan-fungerer\/\",\"name\":\"Hvordan fungerer | ReloadBase\",\"isPartOf\":{\"@id\":\"https:\/\/reloadbase.com\/nl-nl\/#website\"},\"datePublished\":\"2021-06-22T15:35:14+00:00\",\"dateModified\":\"2022-08-26T11:03:58+00:00\",\"breadcrumb\":{\"@id\":\"https:\/\/reloadbase.com\/nb-no\/hvordan-fungerer\/#breadcrumb\"},\"inLanguage\":\"no-NO\",\"potentialAction\":[{\"@type\":\"ReadAction\",\"target\":[\"https:\/\/reloadbase.com\/nb-no\/hvordan-fungerer\/\"]}]},{\"@type\":\"BreadcrumbList\",\"@id\":\"https:\/\/reloadbase.com\/nb-no\/hvordan-fungerer\/#breadcrumb\",\"itemListElement\":[{\"@type\":\"ListItem\",\"position\":1,\"name\":\"Home\",\"item\":\"https:\/\/reloadbase.com\/nl-nl\/\"},{\"@type\":\"ListItem\",\"position\":2,\"name\":\"Hoe werkt het? &#8211; NO\"}]},{\"@type\":\"WebSite\",\"@id\":\"https:\/\/reloadbase.com\/nl-nl\/#website\",\"url\":\"https:\/\/reloadbase.com\/nl-nl\/\",\"name\":\"ReloadBase\",\"description\":\"\",\"publisher\":{\"@id\":\"https:\/\/reloadbase.com\/nl-nl\/#organization\"},\"potentialAction\":[{\"@type\":\"SearchAction\",\"target\":{\"@type\":\"EntryPoint\",\"urlTemplate\":\"https:\/\/reloadbase.com\/nl-nl\/?s={search_term_string}\"},\"query-input\":{\"@type\":\"PropertyValueSpecification\",\"valueRequired\":true,\"valueName\":\"search_term_string\"}}],\"inLanguage\":\"no-NO\"},{\"@type\":\"Organization\",\"@id\":\"https:\/\/reloadbase.com\/nl-nl\/#organization\",\"name\":\"ReloadBase\",\"url\":\"https:\/\/reloadbase.com\/nl-nl\/\",\"logo\":{\"@type\":\"ImageObject\",\"inLanguage\":\"no-NO\",\"@id\":\"https:\/\/reloadbase.com\/nl-nl\/#\/schema\/logo\/image\/\",\"url\":\"https:\/\/reloadbase.com\/wp-content\/uploads\/2020\/05\/RELOADBASE01_Horizontal_Transparant.png\",\"contentUrl\":\"https:\/\/reloadbase.com\/wp-content\/uploads\/2020\/05\/RELOADBASE01_Horizontal_Transparant.png\",\"width\":17627,\"height\":2130,\"caption\":\"ReloadBase\"},\"image\":{\"@id\":\"https:\/\/reloadbase.com\/nl-nl\/#\/schema\/logo\/image\/\"},\"sameAs\":[\"https:\/\/www.facebook.com\/ReloadBase\/\",\"https:\/\/www.instagram.com\/reloadbase\/\"]}]}<\/script>\n<!-- \/ Yoast SEO plugin. -->","yoast_head_json":{"title":"Hvordan fungerer | ReloadBase","robots":{"index":"noindex","follow":"follow"},"og_locale":"en_US","og_type":"article","og_title":"Hvordan fungerer | ReloadBase","og_description":"[vc_row css=&#8221;.vc_custom_1627484267993{margin-top: 50px !important;margin-bottom: 50px !important;}&#8221;][vc_column][vc_column_text] Hvordan fungerer ReloadBase? [\/vc_column_text][vc_column_text] V\u00e5re tjenester V\u00e5rt oppdrag er \u00e5 gj\u00f8re digitale kart tilgjengelig for alle. N\u00e5r som helst&hellip;","og_url":"https:\/\/reloadbase.com\/nb-no\/hvordan-fungerer\/","og_site_name":"ReloadBase","article_publisher":"https:\/\/www.facebook.com\/ReloadBase\/","article_modified_time":"2022-08-26T11:03:58+00:00","twitter_card":"summary_large_image","twitter_misc":{"Est. reading time":"5 minutes"},"schema":{"@context":"https:\/\/schema.org","@graph":[{"@type":"WebPage","@id":"https:\/\/reloadbase.com\/nb-no\/hvordan-fungerer\/","url":"https:\/\/reloadbase.com\/nb-no\/hvordan-fungerer\/","name":"Hvordan fungerer | ReloadBase","isPartOf":{"@id":"https:\/\/reloadbase.com\/nl-nl\/#website"},"datePublished":"2021-06-22T15:35:14+00:00","dateModified":"2022-08-26T11:03:58+00:00","breadcrumb":{"@id":"https:\/\/reloadbase.com\/nb-no\/hvordan-fungerer\/#breadcrumb"},"inLanguage":"no-NO","potentialAction":[{"@type":"ReadAction","target":["https:\/\/reloadbase.com\/nb-no\/hvordan-fungerer\/"]}]},{"@type":"BreadcrumbList","@id":"https:\/\/reloadbase.com\/nb-no\/hvordan-fungerer\/#breadcrumb","itemListElement":[{"@type":"ListItem","position":1,"name":"Home","item":"https:\/\/reloadbase.com\/nl-nl\/"},{"@type":"ListItem","position":2,"name":"Hoe werkt het? &#8211; NO"}]},{"@type":"WebSite","@id":"https:\/\/reloadbase.com\/nl-nl\/#website","url":"https:\/\/reloadbase.com\/nl-nl\/","name":"ReloadBase","description":"","publisher":{"@id":"https:\/\/reloadbase.com\/nl-nl\/#organization"},"potentialAction":[{"@type":"SearchAction","target":{"@type":"EntryPoint","urlTemplate":"https:\/\/reloadbase.com\/nl-nl\/?s={search_term_string}"},"query-input":{"@type":"PropertyValueSpecification","valueRequired":true,"valueName":"search_term_string"}}],"inLanguage":"no-NO"},{"@type":"Organization","@id":"https:\/\/reloadbase.com\/nl-nl\/#organization","name":"ReloadBase","url":"https:\/\/reloadbase.com\/nl-nl\/","logo":{"@type":"ImageObject","inLanguage":"no-NO","@id":"https:\/\/reloadbase.com\/nl-nl\/#\/schema\/logo\/image\/","url":"https:\/\/reloadbase.com\/wp-content\/uploads\/2020\/05\/RELOADBASE01_Horizontal_Transparant.png","contentUrl":"https:\/\/reloadbase.com\/wp-content\/uploads\/2020\/05\/RELOADBASE01_Horizontal_Transparant.png","width":17627,"height":2130,"caption":"ReloadBase"},"image":{"@id":"https:\/\/reloadbase.com\/nl-nl\/#\/schema\/logo\/image\/"},"sameAs":["https:\/\/www.facebook.com\/ReloadBase\/","https:\/\/www.instagram.com\/reloadbase\/"]}]}},"_links":{"self":[{"href":"https:\/\/reloadbase.com\/nb-no\/wp-json\/wp\/v2\/pages\/83882","targetHints":{"allow":["GET"]}}],"collection":[{"href":"https:\/\/reloadbase.com\/nb-no\/wp-json\/wp\/v2\/pages"}],"about":[{"href":"https:\/\/reloadbase.com\/nb-no\/wp-json\/wp\/v2\/types\/page"}],"author":[{"embeddable":true,"href":"https:\/\/reloadbase.com\/nb-no\/wp-json\/wp\/v2\/users\/1608"}],"replies":[{"embeddable":true,"href":"https:\/\/reloadbase.com\/nb-no\/wp-json\/wp\/v2\/comments?post=83882"}],"version-history":[{"count":6,"href":"https:\/\/reloadbase.com\/nb-no\/wp-json\/wp\/v2\/pages\/83882\/revisions"}],"predecessor-version":[{"id":86452,"href":"https:\/\/reloadbase.com\/nb-no\/wp-json\/wp\/v2\/pages\/83882\/revisions\/86452"}],"wp:attachment":[{"href":"https:\/\/reloadbase.com\/nb-no\/wp-json\/wp\/v2\/media?parent=83882"}],"curies":[{"name":"wp","href":"https:\/\/api.w.org\/{rel}","templated":true}]}}