{"id":12040,"date":"2020-09-13T11:30:05","date_gmt":"2020-09-13T11:30:05","guid":{"rendered":"https:\/\/reloadbase.com\/carte-cadeau-nintendo-eshop\/"},"modified":"2021-12-10T09:31:45","modified_gmt":"2021-12-10T09:31:45","slug":"carte-cadeau-nintendo-eshop","status":"publish","type":"page","link":"https:\/\/reloadbase.com\/fr-fr\/carte-cadeau-nintendo-eshop\/","title":{"rendered":"Carte-cadeau Nintendo eShop"},"content":{"rendered":"<div class=\"wpb-content-wrapper\">[vc_row css=&#8221;.vc_custom_1596808763792{padding-top: 60px !important;padding-bottom: 60px !important;}&#8221;][vc_column][vc_column_text]\n<pre class=\"breadcrumb\"><span><span><a href=\"https:\/\/reloadbase.com\/nl-nl\/\">Home<\/a><\/span><\/span><\/pre>\n[\/vc_column_text][vc_column_text]\n<h1>Cartes Nintendo eShop<\/h1>\n<p>Le Nintendo eShop est la boutique num\u00e9rique en ligne o\u00f9 vous pouvez acheter et t\u00e9l\u00e9charger des titres Nintendo nouveaux et classiques directement sur votre console Nintendo Switch ou Nintendo 3DS. Jetez un \u0153il au catalogue de jeux complet de Nintendo pour d\u00e9couvrir certains des meilleurs jeux. Explorez de nouveaux mondes dans Paper Mario and the Origami King et Animal Crossing New Horizons, ou lancez-vous dans le jeu avec Super Smash Bros Ultimate.<\/p>\n<p>Reloadbase vous permet de trouver des cartes Nintendo eShop, des jeux num\u00e9riques Nintendo Switch ou une Nintendo Switch Online. Vous pouvez \u00e9galement acheter des jeux Wii U num\u00e9riques et des jeux Nintendo 3DS sur notre site. Apr\u00e8s le paiement, vous recevrez imm\u00e9diatement votre code num\u00e9rique, que vous pourrez ensuite activer facilement.[\/vc_column_text][\/vc_column][\/vc_row][vc_row][vc_column]<div class=\"woocommerce columns-4 \">\n<ul class=\"products row thb-main-products\">\n\t<li class=\"small-12 medium-6 large-3 columns thb-listing-style2 thb-listing-button-style1 product type-product post-16024 status-publish first outofstock product_cat-nintendo-eshop-carte-cadeau has-post-thumbnail taxable shipping-taxable purchasable product-type-simple\">\n    <figure class=\"product_thumbnail \">\n    <span class=\"badge out-of-stock\">Vendu<\/span>    <a href=\"https:\/\/reloadbase.com\/fr-fr\/wp-json\/wp\/v2\/pages\/12040?add-to-cart=16024\"\n      title=\"Nintendo eShop Card 50\u20ac\" class=\"add_to_cart_product_thumbnail\">\n            <img loading=\"lazy\" decoding=\"async\" width=\"300\" height=\"300\" src=\"https:\/\/reloadbase.com\/wp-content\/uploads\/2020\/12\/DE-Nintendo-eShop-50-300x300.png\" class=\"attachment-woocommerce_thumbnail size-woocommerce_thumbnail\" alt=\"DE - Nintendo eShop 50-Reloadbase\" srcset=\"https:\/\/reloadbase.com\/wp-content\/uploads\/2020\/12\/DE-Nintendo-eShop-50-300x300.png 300w, https:\/\/reloadbase.com\/wp-content\/uploads\/2020\/12\/DE-Nintendo-eShop-50-100x100.png 100w, https:\/\/reloadbase.com\/wp-content\/uploads\/2020\/12\/DE-Nintendo-eShop-50-150x150.png 150w\" sizes=\"auto, (max-width: 300px) 100vw, 300px\" \/>    <\/a>\n    <div class=\"thb-product-icon thb-quick-view\" data-id=\"16024\">\n  <div class=\"thb-icon-container\">\n    <span class=\"thb-icon-text\">Quick View<\/span>\n    <svg version=\"1.1\" class=\"thb-quick-view-icon\" xmlns=\"http:\/\/www.w3.org\/2000\/svg\" xmlns:xlink=\"http:\/\/www.w3.org\/1999\/xlink\" x=\"0px\" y=\"0px\"\n\t viewBox=\"0 0 13 8\" xml:space=\"preserve\">\n<path d=\"M6.5,8C2.99,8,0.22,4.47,0.11,4.32c-0.14-0.19-0.14-0.45,0-0.64C0.22,3.53,2.99,0,6.5,0c3.51,0,6.28,3.53,6.39,3.68\n\tc0.14,0.19,0.14,0.45,0,0.64C12.78,4.47,10.01,8,6.5,8z M1.09,4C1.83,4.83,4.01,7,6.5,7c2.49,0,4.67-2.17,5.41-3\n\tC11.16,3.17,8.99,1,6.5,1S1.83,3.17,1.09,4z M6.5,6.5C5.22,6.5,4.18,5.38,4.18,4c0-1.38,1.04-2.5,2.32-2.5S8.82,2.62,8.82,4\n\tC8.82,5.38,7.78,6.5,6.5,6.5z M6.5,2.5C5.73,2.5,5.11,3.17,5.11,4c0,0.83,0.62,1.5,1.39,1.5S7.89,4.83,7.89,4\n\tC7.89,3.17,7.27,2.5,6.5,2.5z\"\/>\n<\/svg>\n  <\/div>\n<\/div>\n  <\/figure>\n    <h3>\n    <a href=\"https:\/\/reloadbase.com\/fr-fr\/wp-json\/wp\/v2\/pages\/12040?add-to-cart=16024\"\n      title=\"Nintendo eShop Card 50\u20ac\" class=\"add_to_cart_product_title\">Nintendo eShop Card 50\u20ac<\/a>\n      <\/h3>\n  <span class=\"instant-delivery\">Livraison instantan\u00e9e par e-mail<\/span>  \n\t<span class=\"price\"><span class=\"woocommerce-Price-amount amount\"><bdi><span class=\"woocommerce-Price-currencySymbol\">&euro;<\/span>50,00<\/bdi><\/span><\/span>\n  \n  <a href=\"https:\/\/reloadbase.com\/fr-fr\/product\/nintendo-eshop-card-50\/\" data-quantity=\"1\" class=\"button product_type_simple\" data-price=\"50\" data-cat=\"Nintendo eShop Card\" data-product_id=\"16024\" data-product_sku=\"1382100812169901\" aria-label=\"En savoir plus sur &ldquo;Nintendo eShop Card 50\u20ac&rdquo;\" rel=\"nofollow\" data-success_message=\"\">Plus d&#039;infos<\/a>  <\/li>\n<li class=\"small-12 medium-6 large-3 columns thb-listing-style2 thb-listing-button-style1 product type-product post-16025 status-publish outofstock product_cat-nintendo-eshop-carte-cadeau has-post-thumbnail taxable shipping-taxable purchasable product-type-simple\">\n    <figure class=\"product_thumbnail \">\n    <span class=\"badge out-of-stock\">Vendu<\/span>    <a href=\"https:\/\/reloadbase.com\/fr-fr\/wp-json\/wp\/v2\/pages\/12040?add-to-cart=16025\"\n      title=\"Nintendo eShop Card 25\u20ac\" class=\"add_to_cart_product_thumbnail\">\n            <img loading=\"lazy\" decoding=\"async\" width=\"300\" height=\"300\" src=\"https:\/\/reloadbase.com\/wp-content\/uploads\/2020\/12\/DE-Nintendo-eShop-25-300x300.png\" class=\"attachment-woocommerce_thumbnail size-woocommerce_thumbnail\" alt=\"DE - Nintendo eShop 25-Reloadbase\" srcset=\"https:\/\/reloadbase.com\/wp-content\/uploads\/2020\/12\/DE-Nintendo-eShop-25-300x300.png 300w, https:\/\/reloadbase.com\/wp-content\/uploads\/2020\/12\/DE-Nintendo-eShop-25-100x100.png 100w, https:\/\/reloadbase.com\/wp-content\/uploads\/2020\/12\/DE-Nintendo-eShop-25-150x150.png 150w\" sizes=\"auto, (max-width: 300px) 100vw, 300px\" \/>    <\/a>\n    <div class=\"thb-product-icon thb-quick-view\" data-id=\"16025\">\n  <div class=\"thb-icon-container\">\n    <span class=\"thb-icon-text\">Quick View<\/span>\n    <svg version=\"1.1\" class=\"thb-quick-view-icon\" xmlns=\"http:\/\/www.w3.org\/2000\/svg\" xmlns:xlink=\"http:\/\/www.w3.org\/1999\/xlink\" x=\"0px\" y=\"0px\"\n\t viewBox=\"0 0 13 8\" xml:space=\"preserve\">\n<path d=\"M6.5,8C2.99,8,0.22,4.47,0.11,4.32c-0.14-0.19-0.14-0.45,0-0.64C0.22,3.53,2.99,0,6.5,0c3.51,0,6.28,3.53,6.39,3.68\n\tc0.14,0.19,0.14,0.45,0,0.64C12.78,4.47,10.01,8,6.5,8z M1.09,4C1.83,4.83,4.01,7,6.5,7c2.49,0,4.67-2.17,5.41-3\n\tC11.16,3.17,8.99,1,6.5,1S1.83,3.17,1.09,4z M6.5,6.5C5.22,6.5,4.18,5.38,4.18,4c0-1.38,1.04-2.5,2.32-2.5S8.82,2.62,8.82,4\n\tC8.82,5.38,7.78,6.5,6.5,6.5z M6.5,2.5C5.73,2.5,5.11,3.17,5.11,4c0,0.83,0.62,1.5,1.39,1.5S7.89,4.83,7.89,4\n\tC7.89,3.17,7.27,2.5,6.5,2.5z\"\/>\n<\/svg>\n  <\/div>\n<\/div>\n  <\/figure>\n    <h3>\n    <a href=\"https:\/\/reloadbase.com\/fr-fr\/wp-json\/wp\/v2\/pages\/12040?add-to-cart=16025\"\n      title=\"Nintendo eShop Card 25\u20ac\" class=\"add_to_cart_product_title\">Nintendo eShop Card 25\u20ac<\/a>\n      <\/h3>\n  <span class=\"instant-delivery\">Livraison instantan\u00e9e par e-mail<\/span>  \n\t<span class=\"price\"><span class=\"woocommerce-Price-amount amount\"><bdi><span class=\"woocommerce-Price-currencySymbol\">&euro;<\/span>25,00<\/bdi><\/span><\/span>\n  \n  <a href=\"https:\/\/reloadbase.com\/fr-fr\/product\/nintendo-eshop-card-25\/\" data-quantity=\"1\" class=\"button product_type_simple\" data-price=\"25\" data-cat=\"Nintendo eShop Card\" data-product_id=\"16025\" data-product_sku=\"1382101458893910\" aria-label=\"En savoir plus sur &ldquo;Nintendo eShop Card 25\u20ac&rdquo;\" rel=\"nofollow\" data-success_message=\"\">Plus d&#039;infos<\/a>  <\/li>\n<\/ul>\n<\/div>[\/vc_column][\/vc_row][vc_row css=&#8221;.vc_custom_1596797300746{padding-bottom: 60px !important;}&#8221;][vc_column][vc_column_text css=&#8221;.vc_custom_1602073438408{padding-bottom: 20px !important;}&#8221;]\n<h2>Foire Aux Questions sur Carte-cadeau Nintendo eShop<\/h2>\n[\/vc_column_text][vc_row_inner css=&#8221;.vc_custom_1596808708853{padding-bottom: 20px !important;}&#8221;][vc_column_inner width=&#8221;1\/2&#8243;][vc_column_text]\n<h3>Qu&#8217;est-ce qu&#8217;une carte Nintendo eShop?<\/h3>\n<p>Une carte-cadeau <a href=\"https:\/\/www.nintendo.fr\/My-Nintendo-Store\/Nintendo-eShop\/Nintendo-eShop-1806894.html\">Nintendo eShop<\/a> est un excellent moyen d\u2019ajouter des fonds \u00e0 votre compte Nintendo sans avoir \u00e0 associer votre carte de cr\u00e9dit. Vous pouvez acheter le bon montant de fonds que vous souhaitez et les ajouter instantan\u00e9ment \u00e0 votre compte Nintendo que vous pourrez ensuite utiliser pour acheter des jeux et des packs d\u2019extension via le Nintendo eShop. Vous pouvez choisir parmi les codes cadeaux suivants:<\/p>\n<ul>\n<li>Carte Nintendo eShop 15 euros<\/li>\n<li>Carte Nintendo eShop 25 euros<\/li>\n<li>Carte Nintendo eShop 50 euros<\/li>\n<\/ul>\n[\/vc_column_text][\/vc_column_inner][vc_column_inner width=&#8221;1\/2&#8243;][vc_column_text]\n<h3>\u00c0 quoi puis-je utiliser les cartes Nintendo eShop?<\/h3>\n<p>La Nintendo eShop Card est un moyen de paiement simple pour commander des produits Nintendo. Tr\u00e8s simple \u00e0 utiliser, vous serez pr\u00eat \u00e0 effectuer des achats tels que des jeux, des DLC, des passes de saison et des abonnements. Ils peuvent \u00eatre t\u00e9l\u00e9charg\u00e9s sur Nintendo Switch, Nintendo Wii U, Nintendo 3DS et Nintendo 2DS. Vous pouvez aussi offrir cette carte-cadeau \u00e0 un ami. Apr\u00e8s cela, cette personne pourra acheter son produit pr\u00e9f\u00e9r\u00e9 avec le code Nintendo dans le Nintendo eShop.[\/vc_column_text][\/vc_column_inner][\/vc_row_inner][vc_row_inner css=&#8221;.vc_custom_1596808716232{padding-bottom: 20px !important;}&#8221;][vc_column_inner width=&#8221;1\/2&#8243;][vc_column_text]\n<h3>Comment recevoir mes cartes-cadeaux et mes jeux Nintendo achet\u00e9s?<\/h3>\n<p>Apr\u00e8s avoir effectu\u00e9 votre paiement, le code num\u00e9rique de ce produit appara\u00eetra imm\u00e9diatement sur votre \u00e9cran et dans votre e-mail. Ne partagez pas ce code avec des inconnus.<\/p>\n<p>Vous pouvez acc\u00e9der au Nintendo eShop \u00e0 partir de l\u2019\u00e9cran d\u2019accueil de votre appareil Nintendo Switch. Faites simplement d\u00e9filer et s\u00e9lectionnez Nintendo eShop et vous ouvrirez le Nintendo eShop.<\/p>\n<p>Vous devrez \u00eatre connect\u00e9 \u00e0 Internet pour y acc\u00e9der et acheter des jeux. Une fois que vous avez achet\u00e9 un jeu, vous devrez rester connect\u00e9 \u00e0 l\u2019eShop pour t\u00e9l\u00e9charger le jeu, mais une fois que vous l\u2019avez t\u00e9l\u00e9charg\u00e9, vous pouvez y jouer hors ligne.[\/vc_column_text][\/vc_column_inner][vc_column_inner width=&#8221;1\/2&#8243;][vc_column_text]\n<h3>Comment utiliser ma carte-cadeau Nintendo et jouer \u00e0 mon jeu Nintendo?<\/h3>\n<p><strong>Vous pouvez utiliser votre code de r\u00e9duction Nintendo via Internet et via votre console:<\/strong><\/p>\n<p><strong>Via votre navigateur Internet:<\/strong><\/p>\n<p>Allez sur ec.nintendo.com\/redeem et connectez-vous \u00e0 votre compte.<\/p>\n<p>Entrez le code Nintendo et suivez les instructions \u00e0 l&#8217;\u00e9cran.<\/p>\n<p><strong>Via Nintendo Switch, Nintendo 3DS et Wii U:<\/strong><\/p>\n<p>Allez sur Nintendo eShop et s\u00e9lectionnez le compte que vous souhaitez utiliser.<\/p>\n<p>S\u00e9lectionnez \u00abUtiliser le code de t\u00e9l\u00e9chargement\u00bb, entrez le code de la carte Nintendo et suivez les instructions.[\/vc_column_text][\/vc_column_inner][\/vc_row_inner][\/vc_column][\/vc_row][vc_row][vc_column width=&#8221;1\/2&#8243;][vc_column_text]\n<h3>Que puis-je acheter avec ma carte-cadeau Nintendo eShop?<\/h3>\n<p>Jetez un \u0153il \u00e0 toute la collection de jeux Nintendo que vous pouvez acheter avec votre carte-cadeau. Obtenez les derniers jeux Mario comme Super Mario Odyssey et Mario Kart 8, ou devenez le meilleur sur les jeux Pok\u00e9mon Sword and Shield. Explorez de nouveaux horizons dans Legend of Zelda: Breath of the Wild, ou red\u00e9couvrez les jeux qui ont fait de Nintendo ce qu\u2019il est aujourd\u2019hui.<\/p>\n<p>Vous pouvez \u00e9galement utiliser votre carte-cadeau pour acheter des pass d\u2019extension pour vos jeux, comme le nouveau pass d\u2019extension Pok\u00e9mon qui ajoute deux nouvelles cartes \u00e0 votre jeu pour vous permettre de voyager, ou obtenir un nouveau personnage exclusif \u00e0 jouer dans Super Smash Bro Ultimate.[\/vc_column_text][\/vc_column][vc_column width=&#8221;1\/2&#8243;][vc_column_text]\n<h3>Comment acc\u00e9der au Nintendo eShop?<\/h3>\n<p>Vous pouvez acc\u00e9der au Nintendo eShop \u00e0 partir de l\u2019\u00e9cran d\u2019accueil de votre appareil Nintendo Switch. Faites simplement d\u00e9filer et s\u00e9lectionnez Nintendo eShop et vous ouvrirez le Nintendo eShop. Vous devrez \u00eatre connect\u00e9 \u00e0 Internet pour y acc\u00e9der et acheter des jeux.<\/p>\n<p>Une fois que vous avez achet\u00e9 un jeu, vous devrez rester connect\u00e9 \u00e0 l\u2019eShop pour t\u00e9l\u00e9charger le jeu, mais une fois que vous l\u2019avez t\u00e9l\u00e9charg\u00e9, vous pouvez y jouer hors ligne.<\/p>\n<p>&nbsp;<\/p>\n<div class=\"row wpb_row row-fluid vc_custom_1604501633780\" data-midnight=\"dark-title\">\n<div class=\"wpb_column columns medium-12 thb-dark-column small-12\">\n<div class=\"vc_column-inner \">\n<div class=\"wpb_wrapper\">\n<div class=\"wpb_text_column wpb_content_element \">\n<div class=\"wpb_wrapper\">\n<p><strong>Vous trouverez ci-dessous un aper\u00e7u des cartes de jeu que nous proposons \u00e0 un prix abordable:<\/strong><\/p>\n<ul>\n<li><a href=\"https:\/\/reloadbase.com\/fr-fr\/carte-cadeau-xbox\/\">Carte cadeau Xbox<\/a><\/li>\n<li><a href=\"https:\/\/reloadbase.com\/fr-fr\/cartes-cadeaux-blizzard\/\">Carte-cadeau Blizzard<\/a><\/li>\n<li><a href=\"https:\/\/reloadbase.com\/fr-fr\/carte-nintendo-switch-online\/\">Carte-cadeau Nintendo Switch Online<\/a><\/li>\n<li><a href=\"https:\/\/reloadbase.com\/fr-fr\/abonnement-playstation-plus\/\">Carte Playstation Plus<\/a><\/li>\n<li><a href=\"https:\/\/reloadbase.com\/fr-fr\/carte-playstation-store\/\">Carte Playstation Store<\/a><\/li>\n<\/ul>\n<\/div>\n<\/div>\n<\/div>\n<\/div>\n<\/div>\n<\/div>\n<div class=\"row wpb_row row-fluid vc_custom_1604501747216\" data-midnight=\"dark-title\">\n<div class=\"wpb_column columns medium-12 thb-dark-column small-12\">\n<div class=\"vc_column-inner \">\n<div class=\"wpb_wrapper\"><\/div>\n<\/div>\n<\/div>\n<\/div>\n[\/vc_column_text][\/vc_column][\/vc_row]\n<\/div>","protected":false},"excerpt":{"rendered":"<p>[vc_row css=&#8221;.vc_custom_1596808763792{padding-top: 60px !important;padding-bottom: 60px !important;}&#8221;][vc_column][vc_column_text] [\/vc_column_text][vc_column_text] Cartes Nintendo eShop Le Nintendo eShop est la boutique num\u00e9rique en ligne o\u00f9 vous pouvez acheter et t\u00e9l\u00e9charger&hellip;<\/p>\n","protected":false},"author":3,"featured_media":0,"parent":0,"menu_order":0,"comment_status":"closed","ping_status":"closed","template":"","meta":{"_acf_changed":false,"footnotes":""},"class_list":["post-12040","page","type-page","status-publish","hentry"],"acf":[],"yoast_head":"<!-- This site is optimized with the Yoast SEO plugin v24.4 - https:\/\/yoast.com\/wordpress\/plugins\/seo\/ -->\n<title>Carte-cadeau Nintendo eShop \u2713 Prix bas<\/title>\n<meta name=\"description\" content=\"Achetez votre carte Nintendo eShop en ligne sur ReloadBase \u2713 Paiements s\u00e9curis\u00e9s \u2713 Recevez votre code imm\u00e9diatement\" \/>\n<meta name=\"robots\" content=\"index, follow, max-snippet:-1, max-image-preview:large, max-video-preview:-1\" \/>\n<link rel=\"canonical\" href=\"https:\/\/reloadbase.com\/fr-fr\/carte-cadeau-nintendo-eshop\/\" \/>\n<meta property=\"og:locale\" content=\"fr_FR\" \/>\n<meta property=\"og:type\" content=\"article\" \/>\n<meta property=\"og:title\" content=\"Carte-cadeau Nintendo eShop \u2713 Prix bas\" \/>\n<meta property=\"og:description\" content=\"Achetez votre carte Nintendo eShop en ligne sur ReloadBase \u2713 Paiements s\u00e9curis\u00e9s \u2713 Recevez votre code imm\u00e9diatement\" \/>\n<meta property=\"og:url\" content=\"https:\/\/reloadbase.com\/fr-fr\/carte-cadeau-nintendo-eshop\/\" \/>\n<meta property=\"og:site_name\" content=\"ReloadBase\" \/>\n<meta property=\"article:publisher\" content=\"https:\/\/www.facebook.com\/ReloadBase\/\" \/>\n<meta property=\"article:modified_time\" content=\"2021-12-10T09:31:45+00:00\" \/>\n<meta name=\"twitter:card\" content=\"summary_large_image\" \/>\n<meta name=\"twitter:label1\" content=\"Dur\u00e9e de lecture estim\u00e9e\" \/>\n\t<meta name=\"twitter:data1\" content=\"4 minutes\" \/>\n<script type=\"application\/ld+json\" class=\"yoast-schema-graph\">{\"@context\":\"https:\/\/schema.org\",\"@graph\":[{\"@type\":\"WebPage\",\"@id\":\"https:\/\/reloadbase.com\/fr-fr\/carte-cadeau-nintendo-eshop\/\",\"url\":\"https:\/\/reloadbase.com\/fr-fr\/carte-cadeau-nintendo-eshop\/\",\"name\":\"Carte-cadeau Nintendo eShop \u2713 Prix bas\",\"isPartOf\":{\"@id\":\"https:\/\/reloadbase.com\/nl-nl\/#website\"},\"datePublished\":\"2020-09-13T11:30:05+00:00\",\"dateModified\":\"2021-12-10T09:31:45+00:00\",\"description\":\"Achetez votre carte Nintendo eShop en ligne sur ReloadBase \u2713 Paiements s\u00e9curis\u00e9s \u2713 Recevez votre code imm\u00e9diatement\",\"breadcrumb\":{\"@id\":\"https:\/\/reloadbase.com\/fr-fr\/carte-cadeau-nintendo-eshop\/#breadcrumb\"},\"inLanguage\":\"fr-FR\",\"potentialAction\":[{\"@type\":\"ReadAction\",\"target\":[\"https:\/\/reloadbase.com\/fr-fr\/carte-cadeau-nintendo-eshop\/\"]}]},{\"@type\":\"BreadcrumbList\",\"@id\":\"https:\/\/reloadbase.com\/fr-fr\/carte-cadeau-nintendo-eshop\/#breadcrumb\",\"itemListElement\":[{\"@type\":\"ListItem\",\"position\":1,\"name\":\"Home\",\"item\":\"https:\/\/reloadbase.com\/nl-nl\/\"},{\"@type\":\"ListItem\",\"position\":2,\"name\":\"Carte-cadeau Nintendo eShop\"}]},{\"@type\":\"WebSite\",\"@id\":\"https:\/\/reloadbase.com\/nl-nl\/#website\",\"url\":\"https:\/\/reloadbase.com\/nl-nl\/\",\"name\":\"ReloadBase\",\"description\":\"\",\"publisher\":{\"@id\":\"https:\/\/reloadbase.com\/nl-nl\/#organization\"},\"potentialAction\":[{\"@type\":\"SearchAction\",\"target\":{\"@type\":\"EntryPoint\",\"urlTemplate\":\"https:\/\/reloadbase.com\/nl-nl\/?s={search_term_string}\"},\"query-input\":{\"@type\":\"PropertyValueSpecification\",\"valueRequired\":true,\"valueName\":\"search_term_string\"}}],\"inLanguage\":\"fr-FR\"},{\"@type\":\"Organization\",\"@id\":\"https:\/\/reloadbase.com\/nl-nl\/#organization\",\"name\":\"ReloadBase\",\"url\":\"https:\/\/reloadbase.com\/nl-nl\/\",\"logo\":{\"@type\":\"ImageObject\",\"inLanguage\":\"fr-FR\",\"@id\":\"https:\/\/reloadbase.com\/nl-nl\/#\/schema\/logo\/image\/\",\"url\":\"https:\/\/reloadbase.com\/wp-content\/uploads\/2020\/05\/RELOADBASE01_Horizontal_Transparant.png\",\"contentUrl\":\"https:\/\/reloadbase.com\/wp-content\/uploads\/2020\/05\/RELOADBASE01_Horizontal_Transparant.png\",\"width\":17627,\"height\":2130,\"caption\":\"ReloadBase\"},\"image\":{\"@id\":\"https:\/\/reloadbase.com\/nl-nl\/#\/schema\/logo\/image\/\"},\"sameAs\":[\"https:\/\/www.facebook.com\/ReloadBase\/\",\"https:\/\/www.instagram.com\/reloadbase\/\"]}]}<\/script>\n<!-- \/ Yoast SEO plugin. -->","yoast_head_json":{"title":"Carte-cadeau Nintendo eShop \u2713 Prix bas","description":"Achetez votre carte Nintendo eShop en ligne sur ReloadBase \u2713 Paiements s\u00e9curis\u00e9s \u2713 Recevez votre code imm\u00e9diatement","robots":{"index":"index","follow":"follow","max-snippet":"max-snippet:-1","max-image-preview":"max-image-preview:large","max-video-preview":"max-video-preview:-1"},"canonical":"https:\/\/reloadbase.com\/fr-fr\/carte-cadeau-nintendo-eshop\/","og_locale":"fr_FR","og_type":"article","og_title":"Carte-cadeau Nintendo eShop \u2713 Prix bas","og_description":"Achetez votre carte Nintendo eShop en ligne sur ReloadBase \u2713 Paiements s\u00e9curis\u00e9s \u2713 Recevez votre code imm\u00e9diatement","og_url":"https:\/\/reloadbase.com\/fr-fr\/carte-cadeau-nintendo-eshop\/","og_site_name":"ReloadBase","article_publisher":"https:\/\/www.facebook.com\/ReloadBase\/","article_modified_time":"2021-12-10T09:31:45+00:00","twitter_card":"summary_large_image","twitter_misc":{"Dur\u00e9e de lecture estim\u00e9e":"4 minutes"},"schema":{"@context":"https:\/\/schema.org","@graph":[{"@type":"WebPage","@id":"https:\/\/reloadbase.com\/fr-fr\/carte-cadeau-nintendo-eshop\/","url":"https:\/\/reloadbase.com\/fr-fr\/carte-cadeau-nintendo-eshop\/","name":"Carte-cadeau Nintendo eShop \u2713 Prix bas","isPartOf":{"@id":"https:\/\/reloadbase.com\/nl-nl\/#website"},"datePublished":"2020-09-13T11:30:05+00:00","dateModified":"2021-12-10T09:31:45+00:00","description":"Achetez votre carte Nintendo eShop en ligne sur ReloadBase \u2713 Paiements s\u00e9curis\u00e9s \u2713 Recevez votre code imm\u00e9diatement","breadcrumb":{"@id":"https:\/\/reloadbase.com\/fr-fr\/carte-cadeau-nintendo-eshop\/#breadcrumb"},"inLanguage":"fr-FR","potentialAction":[{"@type":"ReadAction","target":["https:\/\/reloadbase.com\/fr-fr\/carte-cadeau-nintendo-eshop\/"]}]},{"@type":"BreadcrumbList","@id":"https:\/\/reloadbase.com\/fr-fr\/carte-cadeau-nintendo-eshop\/#breadcrumb","itemListElement":[{"@type":"ListItem","position":1,"name":"Home","item":"https:\/\/reloadbase.com\/nl-nl\/"},{"@type":"ListItem","position":2,"name":"Carte-cadeau Nintendo eShop"}]},{"@type":"WebSite","@id":"https:\/\/reloadbase.com\/nl-nl\/#website","url":"https:\/\/reloadbase.com\/nl-nl\/","name":"ReloadBase","description":"","publisher":{"@id":"https:\/\/reloadbase.com\/nl-nl\/#organization"},"potentialAction":[{"@type":"SearchAction","target":{"@type":"EntryPoint","urlTemplate":"https:\/\/reloadbase.com\/nl-nl\/?s={search_term_string}"},"query-input":{"@type":"PropertyValueSpecification","valueRequired":true,"valueName":"search_term_string"}}],"inLanguage":"fr-FR"},{"@type":"Organization","@id":"https:\/\/reloadbase.com\/nl-nl\/#organization","name":"ReloadBase","url":"https:\/\/reloadbase.com\/nl-nl\/","logo":{"@type":"ImageObject","inLanguage":"fr-FR","@id":"https:\/\/reloadbase.com\/nl-nl\/#\/schema\/logo\/image\/","url":"https:\/\/reloadbase.com\/wp-content\/uploads\/2020\/05\/RELOADBASE01_Horizontal_Transparant.png","contentUrl":"https:\/\/reloadbase.com\/wp-content\/uploads\/2020\/05\/RELOADBASE01_Horizontal_Transparant.png","width":17627,"height":2130,"caption":"ReloadBase"},"image":{"@id":"https:\/\/reloadbase.com\/nl-nl\/#\/schema\/logo\/image\/"},"sameAs":["https:\/\/www.facebook.com\/ReloadBase\/","https:\/\/www.instagram.com\/reloadbase\/"]}]}},"_links":{"self":[{"href":"https:\/\/reloadbase.com\/fr-fr\/wp-json\/wp\/v2\/pages\/12040","targetHints":{"allow":["GET"]}}],"collection":[{"href":"https:\/\/reloadbase.com\/fr-fr\/wp-json\/wp\/v2\/pages"}],"about":[{"href":"https:\/\/reloadbase.com\/fr-fr\/wp-json\/wp\/v2\/types\/page"}],"author":[{"embeddable":true,"href":"https:\/\/reloadbase.com\/fr-fr\/wp-json\/wp\/v2\/users\/3"}],"replies":[{"embeddable":true,"href":"https:\/\/reloadbase.com\/fr-fr\/wp-json\/wp\/v2\/comments?post=12040"}],"version-history":[{"count":5,"href":"https:\/\/reloadbase.com\/fr-fr\/wp-json\/wp\/v2\/pages\/12040\/revisions"}],"predecessor-version":[{"id":31802,"href":"https:\/\/reloadbase.com\/fr-fr\/wp-json\/wp\/v2\/pages\/12040\/revisions\/31802"}],"wp:attachment":[{"href":"https:\/\/reloadbase.com\/fr-fr\/wp-json\/wp\/v2\/media?parent=12040"}],"curies":[{"name":"wp","href":"https:\/\/api.w.org\/{rel}","templated":true}]}}