{"id":24973,"date":"2020-09-06T21:17:43","date_gmt":"2020-09-06T21:17:43","guid":{"rendered":"https:\/\/reloadbase.com\/cartes-cadeaux-app-store-et-itunes\/"},"modified":"2021-12-10T09:08:38","modified_gmt":"2021-12-10T09:08:38","slug":"cartes-cadeaux-app-store-et-itunes","status":"publish","type":"page","link":"https:\/\/reloadbase.com\/fr-ch\/cartes-cadeaux-app-store-et-itunes\/","title":{"rendered":"Cartes cadeaux App Store et iTunes"},"content":{"rendered":"<div class=\"wpb-content-wrapper\">[vc_row css=&#8221;.vc_custom_1596808763792{padding-top: 60px !important;padding-bottom: 60px !important;}&#8221;][vc_column][vc_column_text]\n<pre class=\"breadcrumb\"><span><span><a href=\"https:\/\/reloadbase.com\/nl-nl\/\">Home<\/a><\/span><\/span><\/pre>\n[\/vc_column_text][vc_column_text]\n<h1>Acheter des cartes-cadeaux App Store et iTunes<\/h1>\n<p>L\u2019Apple App Store est un magasin num\u00e9rique d\u2019applications et de jeux d\u00e9velopp\u00e9s pour iOS, le syst\u00e8me d\u2019exploitation d\u2019Apple. Pour tout appareil Apple il y a automatiquement un App Store sur votre appareil. Vous pouvez reconna\u00eetre cette application par le carr\u00e9 bleu contenant un \u00abA\u00bb d\u2019une sorte de b\u00e2ton Mikado. Les appareils de l\u2019application contiennent un certain nombre d\u2019applications standard, telles que FaceTime, les contacts, ect.<\/p>\n<p>Dans l\u2019App Store, vous pouvez choisir parmi \u00abAujourd\u2019hui\u00bb, \u00abJeux\u00bb, \u00abApplications\u00bb, \u00abArcade\u00bb et \u00abRecherche\u00bb. Vous trouverez des applications et des jeux payants et gratuits. Vous trouverez \u00e9galement des applications professionnelles, des applications \u00e0 usage priv\u00e9, des applications de d\u00e9veloppement personnel, d\u2019\u00e9ducation, de sport. Vous ne trouverez pas de musique, de livres, de films et de s\u00e9ries sur l\u2019App Store. Pour la musique, les films et les s\u00e9ries, vous pouvez acc\u00e9der \u00e0 iTunes et aux livres sur les livres.[\/vc_column_text][\/vc_column][\/vc_row][vc_row][vc_column]<div class=\"woocommerce columns-4 \"><\/div>[\/vc_column][\/vc_row][vc_row css=&#8221;.vc_custom_1596797300746{padding-bottom: 60px !important;}&#8221;][vc_column][vc_column_text css=&#8221;.vc_custom_1605129757801{padding-bottom: 20px !important;}&#8221;]\n<h2>Foire Aux Questions sur cartes-cadeaux App Store et iTunes<\/h2>\n[\/vc_column_text][vc_row_inner css=&#8221;.vc_custom_1596808708853{padding-bottom: 20px !important;}&#8221;][vc_column_inner width=&#8221;1\/2&#8243;][vc_column_text]\n<h3>Qu&#8217;est-ce qu&#8217;une carte-cadeau App Store et iTunes?<\/h3>\n<p>D\u00e8s que vous vous connecterez \u00e0 votre (nouvel) appareil Apple, il vous sera demand\u00e9 de cr\u00e9er un identifiant. Il s\u2019agit en fait de votre compte Apple. Vous en avez besoin lors de l\u2019achat d\u2019applications et de jeux gratuits ou payants. Vous pouvez d\u00e9finir les donn\u00e9es n\u00e9cessaires pour effectuer un achat: en saisissant votre mot de passe, par reconnaissance faciale ou votre empreinte digitale.<\/p>\n<p>Lors de la configuration de votre identifiant Apple, vous n\u2019avez pas \u00e0 configurer imm\u00e9diatement vos informations de paiement. Pour l\u2019achat d\u2019applications ou de jeux gratuits ou payants, vous disposez de ces informations de paiement, sous la forme d\u2019une carte de cr\u00e9dit ou d\u2019une carte cadeau Apple.<\/p>\n<p>Une carte App Store &amp; iTunes est un bon de cr\u00e9dit qui peut \u00eatre utilis\u00e9 pour effectuer vos achats sur l&#8217;App Store d&#8217;Apple. Nous avons une grande vari\u00e9t\u00e9 de cartes cadeaux iTunes, \u00e0 savoir 15 euros, 25 euros, 50 euros, 100 euros ou cr\u00e9dit variable avec lesquels vous pouvez choisir votre propre valeur entre 15 et 500 euros. En plus d&#8217;utiliser le bon iTunes pour vous-m\u00eame, vous pouvez \u00e9galement choisir de le donner \u00e0 un ami ou \u00e0 un membre de votre famille.[\/vc_column_text][\/vc_column_inner][vc_column_inner width=&#8221;1\/2&#8243;][vc_column_text]\n<h3>\u00c0 quoi puis-je utiliser l&#8217;App Store et la carte iTunes?<\/h3>\n<p>Vous pouvez utiliser votre carte-cadeau App Store pour recharger votre cr\u00e9dit iTunes. Avec ce code iTunes, vous pouvez effectuer vos achats dans l&#8217;App Store et l&#8217;iTunes Store sur votre iPhone, iPad, MacBook ou iMac. Par exemple, vous pouvez \u00e9changer directement votre code App Store et iTunes contre des applications, des jeux, des films, de la musique et des livres \u00e9lectroniques. Ou pour augmenter votre capacit\u00e9 de stockage iCloud.<\/p>\n<p>Avec une carte cadeau Apple, l\u2019App Store et la carte iTunes, vous pouvez offrir un montant \u00e0 quelqu\u2019un (ou \u00e0 vous-m\u00eame, si vous pr\u00e9f\u00e9rez ne pas utiliser de carte de cr\u00e9dit pour acheter une application ou un jeu). Vous pouvez choisir un certain montant dans un magasin ou dans les magasins en ligne affili\u00e9s. Vous payez cela par carte de cr\u00e9dit, iDeal ou PayPal. Apr\u00e8s paiement, vous recevrez un code par mail, qui repr\u00e9sente la valeur que vous avez choisie. Vous entrez ce code et vous pouvez ensuite l\u2019utiliser pour votre App Store ou votre iTunes.[\/vc_column_text][\/vc_column_inner][\/vc_row_inner][vc_row_inner css=&#8221;.vc_custom_1596808716232{padding-bottom: 20px !important;}&#8221;][vc_column_inner width=&#8221;1\/2&#8243;][vc_column_text]\n<h3>Comment recevoir mon App Store et ma carte iTunes?<\/h3>\n<p>Apr\u00e8s avoir achet\u00e9 une carte iTunes Apple, votre code iTunes \u00e9changeable s&#8217;affichera directement sur votre \u00e9cran et vous le recevrez \u00e9galement dans votre e-mail. Vous pouvez toujours demander votre code via votre compte. Quelques conseils de notre part: ne partagez pas ce code avec des inconnus.<\/p>\n<p>Comment liez-vous votre App Store et votre carte iTunes \u00e0 votre identifiant Apple? Depuis votre bureau, allez sur appstore.com\/redeem et entrez le code sur votre carte (apr\u00e8s vous \u00eatre connect\u00e9 \u00e0 votre identifiant). Vous pouvez \u00e9galement acc\u00e9der \u00e0 votre compte dans votre App Store sur votre appareil, puis acc\u00e9der \u00e0 \u00abUtiliser une carte cadeau ou un code\u00bb.<\/p>\n<p>Vous pouvez ensuite num\u00e9riser la carte-cadeau pour que l\u2019appareil lise le code ou le saisir manuellement. \u00c0 partir de l\u00e0, vous pouvez utiliser la valeur pour l\u2019achat d\u2019applications, de jeux, de musique, de films, de livres et plus encore. Le cr\u00e9dit est valable ind\u00e9finiment.[\/vc_column_text][\/vc_column_inner][vc_column_inner width=&#8221;1\/2&#8243;][vc_column_text]\n<h3>Comment t\u00e9l\u00e9charger des applications depuis l\u2019App Store?<\/h3>\n<p>Pour t\u00e9l\u00e9charger des applications payantes ou gratuites, proc\u00e9dez comme suit:<\/p>\n<ol>\n<li>Acc\u00e9dez \u00e0 votre App Store.<\/li>\n<li>Allez dans l\u2019onglet \u00abRechercher\u00bb puis dans la barre de recherche. Si \u00abRechercher\u00bb n\u2019est pas l\u00e0, appuyez directement dans la barre de recherche en haut.<\/li>\n<li>Entrez un terme de recherche qui fait r\u00e9f\u00e9rence \u00e0 l\u2019application que vous voulez.<\/li>\n<li>Appuyez sur \u00abRechercher\u00bb.<\/li>\n<li>Les r\u00e9sultats de la recherche appara\u00eetront alors. Appuyez sur une application pour lire la description.<\/li>\n<li>Dans la description de l\u2019application, appuyez sur le prix et \u00e9ventuellement sur \u00abAcheter\u00bb (ou \u00abT\u00e9l\u00e9charger\u00bb pour une application ou un jeu gratuit).<\/li>\n<li>Utilisez ensuite votre empreinte digitale, votre reconnaissance faciale ou entrez le mot de passe .<\/li>\n<li>Appuyez sur \u00abConnexion\u00bb ou \u00abOK\u00bb.<\/li>\n<li>Si vous n\u2019avez pas encore li\u00e9 les d\u00e9tails de paiement \u00e0 votre identifiant Apple, vous recevrez alors une notification. Ensuite, choisissez un mode de paiement, entrez toutes vos informations et appuyez sur \u00abTermin\u00e9\u00bb (avec une application ou un jeu gratuit, celui-ci sera t\u00e9l\u00e9charg\u00e9 et install\u00e9 imm\u00e9diatement). Vous pouvez ensuite cliquer sur \u00abOuvrir\u00bb dans l\u2019App Store pour ouvrir l\u2019application ou le jeu.<\/li>\n<\/ol>\n[\/vc_column_text][\/vc_column_inner][\/vc_row_inner][\/vc_column][\/vc_row][vc_row][vc_column width=&#8221;1\/2&#8243;][vc_column_text]\n<h3>Comment puis-je utiliser mon App Store et ma carte-cadeau iTunes?<\/h3>\n<p>Apr\u00e8s avoir re\u00e7u votre code iTunes de notre part, vous devez l&#8217;activer dans l&#8217;App Store.<\/p>\n<p>Pour utiliser la carte-cadeau iTunes, cliquez simplement sur le code.<\/p>\n<p>Vous pouvez \u00e9galement utiliser le code iTunes sur appstore.com\/redeem.<\/p>\n<p>Apr\u00e8s avoir utilis\u00e9 le code, le montant sera automatiquement ajout\u00e9 \u00e0 votre solde iTunes.<\/p>\n<p>Vous pouvez utiliser\u00a0 vos cr\u00e9dits sur L&#8217;App Store et iTunes imm\u00e9diatement.[\/vc_column_text][\/vc_column][vc_column width=&#8221;1\/2&#8243;][vc_column_text]\n<h3>Comment puis-je v\u00e9rifier mon solde iTunes?<\/h3>\n<p>Pour v\u00e9rifier votre solde iTunes, acc\u00e9dez \u00e0 l&#8217;App Store et cliquez sur votre compte dans le coin sup\u00e9rieur droit de votre \u00e9cran. Vos cr\u00e9dits Apple restants seront alors affich\u00e9s sur votre \u00e9cran.<\/p>\n<p>&nbsp;<\/p>\n<div class=\"row wpb_row row-fluid vc_custom_1602852147030\" data-midnight=\"dark-title\">\n<div class=\"wpb_column columns medium-12 thb-dark-column small-12\">\n<div class=\"vc_column-inner \">\n<div class=\"wpb_wrapper\">\n<div class=\"wpb_text_column wpb_content_element \">\n<div class=\"wpb_wrapper\">\n<p><strong>Vous trouverez ci-dessous un aper\u00e7u des cartes de divertissement que nous proposons \u00e0 un prix abordable:<\/strong><\/p>\n<ul>\n<li><a href=\"https:\/\/reloadbase.com\/fr-ch\/deezer-premium\/\">Carte-cadeau Deezer Premium<\/a><\/li>\n<li><a href=\"https:\/\/reloadbase.com\/fr-ch\/cartes-cadeaux-amazon\/\">Carte cadeau Amazon<\/a><\/li>\n<li><a href=\"https:\/\/reloadbase.com\/fr-ch\/carte-cadeau-spotify-premium\/\">Carte-cadeau Spotify Premium<\/a><\/li>\n<li><a href=\"https:\/\/reloadbase.com\/fr-ch\/carte-google-play\/\">Carte Google Play<\/a><\/li>\n<li><a href=\"https:\/\/reloadbase.com\/fr-ch\/carte-cadeau-netflix\/\">Carte-cadeau Netflix<\/a><\/li>\n<\/ul>\n<\/div>\n<\/div>\n<\/div>\n<\/div>\n<\/div>\n<\/div>\n<div class=\"row wpb_row row-fluid vc_custom_1602852214743\" data-midnight=\"dark-title\">\n<div class=\"wpb_column columns medium-12 thb-dark-column small-12\">\n<div class=\"vc_column-inner \">\n<div class=\"wpb_wrapper\">\n<div class=\"wpb_text_column wpb_content_element vc_custom_1607074679731\">\n<div class=\"wpb_wrapper\"><\/div>\n<\/div>\n<\/div>\n<\/div>\n<\/div>\n<\/div>\n[\/vc_column_text][\/vc_column][\/vc_row]\n<\/div>","protected":false},"excerpt":{"rendered":"<p>[vc_row css=&#8221;.vc_custom_1596808763792{padding-top: 60px !important;padding-bottom: 60px !important;}&#8221;][vc_column][vc_column_text] [\/vc_column_text][vc_column_text] Acheter des cartes-cadeaux App Store et iTunes L\u2019Apple App Store est un magasin num\u00e9rique d\u2019applications et de jeux&hellip;<\/p>\n","protected":false},"author":3,"featured_media":0,"parent":0,"menu_order":0,"comment_status":"closed","ping_status":"closed","template":"","meta":{"_acf_changed":false,"footnotes":""},"class_list":["post-24973","page","type-page","status-publish","hentry"],"acf":[],"yoast_head":"<!-- This site is optimized with the Yoast SEO plugin v24.4 - https:\/\/yoast.com\/wordpress\/plugins\/seo\/ -->\n<title>Achetez la carte-cadeau App Store et iTunes\u2713Prix le plus bas<\/title>\n<meta name=\"description\" content=\"Achetez votre carte-cadeau App Store et iTunes sur ReloadBase \u2713 paiements s\u00e9curis\u00e9s \u2713 recevez votre code sur votre \u00e9cran\" \/>\n<meta name=\"robots\" content=\"index, follow, max-snippet:-1, max-image-preview:large, max-video-preview:-1\" \/>\n<link rel=\"canonical\" href=\"https:\/\/reloadbase.com\/fr-ch\/cartes-cadeaux-app-store-et-itunes\/\" \/>\n<meta property=\"og:locale\" content=\"fr_FR\" \/>\n<meta property=\"og:type\" content=\"article\" \/>\n<meta property=\"og:title\" content=\"Achetez la carte-cadeau App Store et iTunes\u2713Prix le plus bas\" \/>\n<meta property=\"og:description\" content=\"Achetez votre carte-cadeau App Store et iTunes sur ReloadBase \u2713 paiements s\u00e9curis\u00e9s \u2713 recevez votre code sur votre \u00e9cran\" \/>\n<meta property=\"og:url\" content=\"https:\/\/reloadbase.com\/fr-ch\/cartes-cadeaux-app-store-et-itunes\/\" \/>\n<meta property=\"og:site_name\" content=\"ReloadBase\" \/>\n<meta property=\"article:publisher\" content=\"https:\/\/www.facebook.com\/ReloadBase\/\" \/>\n<meta property=\"article:modified_time\" content=\"2021-12-10T09:08:38+00:00\" \/>\n<meta name=\"twitter:card\" content=\"summary_large_image\" \/>\n<meta name=\"twitter:label1\" content=\"Est. reading time\" \/>\n\t<meta name=\"twitter:data1\" content=\"6 minutes\" \/>\n<script type=\"application\/ld+json\" class=\"yoast-schema-graph\">{\"@context\":\"https:\/\/schema.org\",\"@graph\":[{\"@type\":\"WebPage\",\"@id\":\"https:\/\/reloadbase.com\/fr-ch\/cartes-cadeaux-app-store-et-itunes\/\",\"url\":\"https:\/\/reloadbase.com\/fr-ch\/cartes-cadeaux-app-store-et-itunes\/\",\"name\":\"Achetez la carte-cadeau App Store et iTunes\u2713Prix le plus bas\",\"isPartOf\":{\"@id\":\"https:\/\/reloadbase.com\/nl-nl\/#website\"},\"datePublished\":\"2020-09-06T21:17:43+00:00\",\"dateModified\":\"2021-12-10T09:08:38+00:00\",\"description\":\"Achetez votre carte-cadeau App Store et iTunes sur ReloadBase \u2713 paiements s\u00e9curis\u00e9s \u2713 recevez votre code sur votre \u00e9cran\",\"breadcrumb\":{\"@id\":\"https:\/\/reloadbase.com\/fr-ch\/cartes-cadeaux-app-store-et-itunes\/#breadcrumb\"},\"inLanguage\":\"fr-CH\",\"potentialAction\":[{\"@type\":\"ReadAction\",\"target\":[\"https:\/\/reloadbase.com\/fr-ch\/cartes-cadeaux-app-store-et-itunes\/\"]}]},{\"@type\":\"BreadcrumbList\",\"@id\":\"https:\/\/reloadbase.com\/fr-ch\/cartes-cadeaux-app-store-et-itunes\/#breadcrumb\",\"itemListElement\":[{\"@type\":\"ListItem\",\"position\":1,\"name\":\"Home\",\"item\":\"https:\/\/reloadbase.com\/nl-nl\/\"},{\"@type\":\"ListItem\",\"position\":2,\"name\":\"Cartes cadeaux App Store et iTunes\"}]},{\"@type\":\"WebSite\",\"@id\":\"https:\/\/reloadbase.com\/nl-nl\/#website\",\"url\":\"https:\/\/reloadbase.com\/nl-nl\/\",\"name\":\"ReloadBase\",\"description\":\"\",\"publisher\":{\"@id\":\"https:\/\/reloadbase.com\/nl-nl\/#organization\"},\"potentialAction\":[{\"@type\":\"SearchAction\",\"target\":{\"@type\":\"EntryPoint\",\"urlTemplate\":\"https:\/\/reloadbase.com\/nl-nl\/?s={search_term_string}\"},\"query-input\":{\"@type\":\"PropertyValueSpecification\",\"valueRequired\":true,\"valueName\":\"search_term_string\"}}],\"inLanguage\":\"fr-CH\"},{\"@type\":\"Organization\",\"@id\":\"https:\/\/reloadbase.com\/nl-nl\/#organization\",\"name\":\"ReloadBase\",\"url\":\"https:\/\/reloadbase.com\/nl-nl\/\",\"logo\":{\"@type\":\"ImageObject\",\"inLanguage\":\"fr-CH\",\"@id\":\"https:\/\/reloadbase.com\/nl-nl\/#\/schema\/logo\/image\/\",\"url\":\"https:\/\/reloadbase.com\/wp-content\/uploads\/2020\/05\/RELOADBASE01_Horizontal_Transparant.png\",\"contentUrl\":\"https:\/\/reloadbase.com\/wp-content\/uploads\/2020\/05\/RELOADBASE01_Horizontal_Transparant.png\",\"width\":17627,\"height\":2130,\"caption\":\"ReloadBase\"},\"image\":{\"@id\":\"https:\/\/reloadbase.com\/nl-nl\/#\/schema\/logo\/image\/\"},\"sameAs\":[\"https:\/\/www.facebook.com\/ReloadBase\/\",\"https:\/\/www.instagram.com\/reloadbase\/\"]}]}<\/script>\n<!-- \/ Yoast SEO plugin. -->","yoast_head_json":{"title":"Achetez la carte-cadeau App Store et iTunes\u2713Prix le plus bas","description":"Achetez votre carte-cadeau App Store et iTunes sur ReloadBase \u2713 paiements s\u00e9curis\u00e9s \u2713 recevez votre code sur votre \u00e9cran","robots":{"index":"index","follow":"follow","max-snippet":"max-snippet:-1","max-image-preview":"max-image-preview:large","max-video-preview":"max-video-preview:-1"},"canonical":"https:\/\/reloadbase.com\/fr-ch\/cartes-cadeaux-app-store-et-itunes\/","og_locale":"fr_FR","og_type":"article","og_title":"Achetez la carte-cadeau App Store et iTunes\u2713Prix le plus bas","og_description":"Achetez votre carte-cadeau App Store et iTunes sur ReloadBase \u2713 paiements s\u00e9curis\u00e9s \u2713 recevez votre code sur votre \u00e9cran","og_url":"https:\/\/reloadbase.com\/fr-ch\/cartes-cadeaux-app-store-et-itunes\/","og_site_name":"ReloadBase","article_publisher":"https:\/\/www.facebook.com\/ReloadBase\/","article_modified_time":"2021-12-10T09:08:38+00:00","twitter_card":"summary_large_image","twitter_misc":{"Est. reading time":"6 minutes"},"schema":{"@context":"https:\/\/schema.org","@graph":[{"@type":"WebPage","@id":"https:\/\/reloadbase.com\/fr-ch\/cartes-cadeaux-app-store-et-itunes\/","url":"https:\/\/reloadbase.com\/fr-ch\/cartes-cadeaux-app-store-et-itunes\/","name":"Achetez la carte-cadeau App Store et iTunes\u2713Prix le plus bas","isPartOf":{"@id":"https:\/\/reloadbase.com\/nl-nl\/#website"},"datePublished":"2020-09-06T21:17:43+00:00","dateModified":"2021-12-10T09:08:38+00:00","description":"Achetez votre carte-cadeau App Store et iTunes sur ReloadBase \u2713 paiements s\u00e9curis\u00e9s \u2713 recevez votre code sur votre \u00e9cran","breadcrumb":{"@id":"https:\/\/reloadbase.com\/fr-ch\/cartes-cadeaux-app-store-et-itunes\/#breadcrumb"},"inLanguage":"fr-CH","potentialAction":[{"@type":"ReadAction","target":["https:\/\/reloadbase.com\/fr-ch\/cartes-cadeaux-app-store-et-itunes\/"]}]},{"@type":"BreadcrumbList","@id":"https:\/\/reloadbase.com\/fr-ch\/cartes-cadeaux-app-store-et-itunes\/#breadcrumb","itemListElement":[{"@type":"ListItem","position":1,"name":"Home","item":"https:\/\/reloadbase.com\/nl-nl\/"},{"@type":"ListItem","position":2,"name":"Cartes cadeaux App Store et iTunes"}]},{"@type":"WebSite","@id":"https:\/\/reloadbase.com\/nl-nl\/#website","url":"https:\/\/reloadbase.com\/nl-nl\/","name":"ReloadBase","description":"","publisher":{"@id":"https:\/\/reloadbase.com\/nl-nl\/#organization"},"potentialAction":[{"@type":"SearchAction","target":{"@type":"EntryPoint","urlTemplate":"https:\/\/reloadbase.com\/nl-nl\/?s={search_term_string}"},"query-input":{"@type":"PropertyValueSpecification","valueRequired":true,"valueName":"search_term_string"}}],"inLanguage":"fr-CH"},{"@type":"Organization","@id":"https:\/\/reloadbase.com\/nl-nl\/#organization","name":"ReloadBase","url":"https:\/\/reloadbase.com\/nl-nl\/","logo":{"@type":"ImageObject","inLanguage":"fr-CH","@id":"https:\/\/reloadbase.com\/nl-nl\/#\/schema\/logo\/image\/","url":"https:\/\/reloadbase.com\/wp-content\/uploads\/2020\/05\/RELOADBASE01_Horizontal_Transparant.png","contentUrl":"https:\/\/reloadbase.com\/wp-content\/uploads\/2020\/05\/RELOADBASE01_Horizontal_Transparant.png","width":17627,"height":2130,"caption":"ReloadBase"},"image":{"@id":"https:\/\/reloadbase.com\/nl-nl\/#\/schema\/logo\/image\/"},"sameAs":["https:\/\/www.facebook.com\/ReloadBase\/","https:\/\/www.instagram.com\/reloadbase\/"]}]}},"_links":{"self":[{"href":"https:\/\/reloadbase.com\/fr-ch\/wp-json\/wp\/v2\/pages\/24973","targetHints":{"allow":["GET"]}}],"collection":[{"href":"https:\/\/reloadbase.com\/fr-ch\/wp-json\/wp\/v2\/pages"}],"about":[{"href":"https:\/\/reloadbase.com\/fr-ch\/wp-json\/wp\/v2\/types\/page"}],"author":[{"embeddable":true,"href":"https:\/\/reloadbase.com\/fr-ch\/wp-json\/wp\/v2\/users\/3"}],"replies":[{"embeddable":true,"href":"https:\/\/reloadbase.com\/fr-ch\/wp-json\/wp\/v2\/comments?post=24973"}],"version-history":[{"count":2,"href":"https:\/\/reloadbase.com\/fr-ch\/wp-json\/wp\/v2\/pages\/24973\/revisions"}],"predecessor-version":[{"id":31764,"href":"https:\/\/reloadbase.com\/fr-ch\/wp-json\/wp\/v2\/pages\/24973\/revisions\/31764"}],"wp:attachment":[{"href":"https:\/\/reloadbase.com\/fr-ch\/wp-json\/wp\/v2\/media?parent=24973"}],"curies":[{"name":"wp","href":"https:\/\/api.w.org\/{rel}","templated":true}]}}