{"id":24964,"date":"2020-09-06T21:51:47","date_gmt":"2020-09-06T21:51:47","guid":{"rendered":"https:\/\/reloadbase.com\/carte-google-play\/"},"modified":"2021-12-10T09:15:34","modified_gmt":"2021-12-10T09:15:34","slug":"carte-google-play","status":"publish","type":"page","link":"https:\/\/reloadbase.com\/fr-ch\/carte-google-play\/","title":{"rendered":"Carte Google Play"},"content":{"rendered":"<div class=\"wpb-content-wrapper\">[vc_row css=&#8221;.vc_custom_1596808763792{padding-top: 60px !important;padding-bottom: 60px !important;}&#8221;][vc_column][vc_column_text]\n<pre class=\"breadcrumb\"><span><span><a href=\"https:\/\/reloadbase.com\/nl-nl\/\">Home<\/a><\/span><\/span><\/pre>\n[\/vc_column_text][vc_column_text]\n<h1>Achetez votre carte Google Play en ligne<\/h1>\n<p>Fan de Google ou fan d\u2019Apple? Et o\u00f9 pouvez-vous acheter des jeux, des applications et plus encore? Pour Apple, c\u2019est l\u2019App Store, pour Google c\u2019est le Google Play Store (souvent juste \u00abGoogle Play\u00bb). Avec Google Play Card, vous pouvez recharger rapidement votre solde Google Play. Vous pouvez facilement acheter des cartes-cadeaux Google Play en ligne sans payer de frais de service. Vous n&#8217;avez pas besoin d&#8217;une carte de cr\u00e9dit et la carte Google sera fournie en ligne, afin que vous puissiez utiliser imm\u00e9diatement le code num\u00e9rique.[\/vc_column_text][\/vc_column][\/vc_row][vc_row][vc_column]<div class=\"woocommerce columns-4 \"><\/div>[\/vc_column][\/vc_row][vc_row css=&#8221;.vc_custom_1596797300746{padding-bottom: 60px !important;}&#8221;][vc_column][vc_column_text css=&#8221;.vc_custom_1604052722867{padding-bottom: 20px !important;}&#8221;]\n<h2>Foire Aux Questions sur Carte Google Play<\/h2>\n[\/vc_column_text][vc_row_inner css=&#8221;.vc_custom_1596808708853{padding-bottom: 20px !important;}&#8221;][vc_column_inner width=&#8221;1\/2&#8243;][vc_column_text]\n<h3>Qu&#8217;est-ce qu&#8217;une carte Google Play?<\/h3>\n<p>Une carte cadeau Google Play est un bon que vous pouvez utiliser pour acheter des articles sur le Play Store. Vous pouvez choisir des cartes Google Play de montants diff\u00e9rents, tels que 15 euros, 25 euros, 50 euros et 100 euros. Vous pouvez \u00e9galement acheter des cartes-cadeaux Google Play avec une valeur variable.<\/p>\n<p>Les cartes Google Play Store \u00e0 montants variables vous permettent de choisir votre propre valeur entre 15 et 150 euros. Vous pouvez utiliser le code Google Play Store pour vous-m\u00eame ou vous pouvez offrir le bon Google Play \u00e0 quelqu&#8217;un d&#8217;autre en cadeau. La carte Play Store n&#8217;a pas de date d&#8217;expiration et est donc valable pour toujours.<\/p>\n<p>Google Play est le plus grand magasin d\u2019applications avec trois millions. La gamme de Google Play comprend des applications et des jeux d\u00e9velopp\u00e9s pour Android, le syst\u00e8me d\u2019exploitation de Google, et pour Google lui-m\u00eame.<\/p>\n<p>Google Play a \u00e9t\u00e9 fond\u00e9 sous le nom d\u2019Android Market en 2008, mais lorsqu\u2019il a commenc\u00e9 \u00e0 concurrencer l\u2019App Store d\u2019Apple, le nom a \u00e9t\u00e9 chang\u00e9 pour Google Play. Cela a \u00e9galement permis de pousser d\u2019autres formes de divertissement, telles que des livres, des films, de la musique, des actualit\u00e9s et des magazines.[\/vc_column_text][\/vc_column_inner][vc_column_inner width=&#8221;1\/2&#8243;][vc_column_text]\n<h3>Comment puis-je utiliser ma carte-cadeau Google Play?<\/h3>\n<p>Vous pouvez utiliser votre code Google Play de plusieurs mani\u00e8res:<\/p>\n<p>Cliquez sur le code et suivez les \u00e9tapes indiqu\u00e9es pour recharger automatiquement votre solde Google Play.<\/p>\n<p>Vous pouvez \u00e9galement utiliser votre code en visitant play.google.com\/redeem.<\/p>\n<p>Enfin, vous pouvez utiliser votre code dans l&#8217;application Play Store. S\u00e9lectionnez \u00abutiliser\u00bb dans le menu de l&#8217;application Play Store.<\/p>\n<p>Les services Google Play connectent les applications \u00e0 d\u2019autres services Google, tels que la connexion \u00e0 Google et Google Maps, la synchronisation de vos contacts et la mise \u00e0 jour de vos param\u00e8tres de confidentialit\u00e9. Les services ne sont donc pas les m\u00eames que l\u2019application Google Play Store. Cette application de services est install\u00e9e par d\u00e9faut sur la plupart des appareils Google.<\/p>\n<p>La valeur de votre code est imm\u00e9diatement ajout\u00e9e \u00e0 votre cr\u00e9dit Google Play Store. Besoin d&#8217;aide pour utiliser votre code Google Play? Contactez le service client StartSelect, ils sont disponibles 7 jours sur 7.[\/vc_column_text][\/vc_column_inner][\/vc_row_inner][vc_row_inner css=&#8221;.vc_custom_1596808716232{padding-bottom: 20px !important;}&#8221;][vc_column_inner width=&#8221;1\/2&#8243;][vc_column_text]\n<h3>Comment obtenir mon code Google Play?<\/h3>\n<p>Vous recevrez votre bon cadeau Play Store imm\u00e9diatement apr\u00e8s avoir pass\u00e9 votre commande chez nous sous la forme d&#8217;un code num\u00e9rique. Ce code est imm\u00e9diatement visible sur votre \u00e9cran et vous recevrez \u00e9galement le code par e-mail. Le code de la carte Google Play que vous recevez contient des instructions sur la fa\u00e7on de l&#8217;utiliser, il est donc toujours facile d&#8217;utiliser votre code Play Store.<\/p>\n<p>Vous devez utiliser le cr\u00e9dit de votre carte-cadeau. Pour ce faire, saisissez le code fourni sur la carte dans votre compte Google Play (acc\u00e9dez \u00e0 play.google.com\/redeem). Si vous avez \u00e9chang\u00e9 votre carte, le cr\u00e9dit sera sur votre compte Google Play et vous pourrez l\u2019utiliser lors de l\u2019achat (par exemple) de l\u2019application que vous souhaitez avoir sur votre t\u00e9l\u00e9phone.<\/p>\n<p>Les cartes cadeaux sont disponibles en plusieurs montants diff\u00e9rents et peuvent \u00eatre obtenues dans les points de vente physiques et notamment en ligne. Dans les boutiques en ligne o\u00f9 ils vendent les cartes, ou demandez le code de votre carte-cadeau d\u00e9j\u00e0 achet\u00e9e, assurez-vous de ne pas tomber dans une arnaque. Google dispose d\u2019un contr\u00f4le pratique o\u00f9 vous pouvez v\u00e9rifier si vous avez affaire \u00e0 un site Web frauduleux: <a href=\"https:\/\/support.google.com\/googleplay\/answer\/9057338?hl=fr\" target=\"_blank\" rel=\"nofollow noopener noreferrer\">play.google.com\/giftcardscam<\/a>[\/vc_column_text][\/vc_column_inner][vc_column_inner width=&#8221;1\/2&#8243;][vc_column_text]\n<h3>Comment puis-je v\u00e9rifier mon cr\u00e9dit Google Play?<\/h3>\n<p>Voulez-vous conna\u00eetre votre solde Google Play Store? Ouvrez votre application Google Play Store et s\u00e9lectionnez le menu &#8220;Modes de paiement&#8221;. \u00c0 partir de ce menu, vous pouvez consulter directement votre cr\u00e9dit Google Play et le recharger avec une carte Play Store.<\/p>\n<p>Comme les applications elles-m\u00eames, Google Play peut (parfois) ne pas fonctionner ou planter. Que devez-vous faire alors? Quelques conseils:<\/p>\n<ol>\n<li>Red\u00e9marrez votre t\u00e9l\u00e9phone<\/li>\n<li>Parfois, il se peut qu\u2019il y ait un probl\u00e8me dans les mises \u00e0 jour du Google Play Store. Essayez ensuite de supprimer ces mises \u00e0 jour. Si vous acc\u00e9dez aux applications dans vos param\u00e8tres, s\u00e9lectionnez Google Play Store et vous pouvez choisir \u00abD\u00e9sinstaller les mises \u00e0 jour\u00bb. Ensuite, \u00e9teignez et rallumez votre appareil, il devrait fonctionner \u00e0 nouveau.<\/li>\n<li>Quand il s\u2019agit d\u2019un t\u00e9l\u00e9phone ou d\u2019une tablette, vous pouvez le connecter \u00e0 votre ordinateur. Cela aide parfois \u00e0 red\u00e9marrer votre Google Play Store.<\/li>\n<li>Rien de tout cela ne fonctionne? Ensuite, optez pour une r\u00e9initialisation d\u2019usine.<\/li>\n<\/ol>\n[\/vc_column_text][\/vc_column_inner][\/vc_row_inner][\/vc_column][\/vc_row][vc_row][vc_column width=&#8221;1\/2&#8243;][vc_column_text]\n<h3>Ou puis-je utiliser le cr\u00e9dit Google Play?<\/h3>\n<p>Avec une carte-cadeau Google, vous pouvez facilement recharger votre solde Play Store. Le Google Play Store a tout ce dont vous avez besoin pour vos appareils Android et Chromebooks. Par exemple, vous pouvez acheter des jeux, des films, de la musique, des livres (livres audio et e-books) et d&#8217;autres applications pour votre t\u00e9l\u00e9phone mobile ou votre tablette. Vous pouvez \u00e9galement utiliser votre cr\u00e9dit Google Play Store pour payer des abonnements, tels que Google Play Musique.[\/vc_column_text][\/vc_column][vc_column width=&#8221;1\/2&#8243;][vc_column_text]\n<div class=\"row wpb_row row-fluid vc_custom_1602850378525\" data-midnight=\"dark-title\">\n<div class=\"wpb_column columns medium-12 thb-dark-column small-12\">\n<div class=\"vc_column-inner \">\n<div class=\"wpb_wrapper\">\n<div class=\"wpb_text_column wpb_content_element \">\n<div class=\"wpb_wrapper\">\n<h3>Vous trouverez ci-dessous un aper\u00e7u des cartes de divertissement que nous proposons \u00e0 un prix abordable:<\/h3>\n<ul>\n<li><a href=\"https:\/\/reloadbase.com\/fr-ch\/deezer-premium\/\">Carte-cadeau Deezer Premium<\/a><\/li>\n<li><a href=\"https:\/\/reloadbase.com\/fr-ch\/cartes-cadeaux-amazon\/\">Carte cadeau Amazon<\/a><\/li>\n<li><a href=\"https:\/\/reloadbase.com\/fr-ch\/carte-cadeau-spotify-premium\/\">Carte-cadeau Spotify Premium<\/a><\/li>\n<li><a href=\"https:\/\/reloadbase.com\/fr-ch\/cartes-cadeaux-app-store-et-itunes\/\">Carte-cadeau App Store et iTunes<\/a><\/li>\n<li><a href=\"https:\/\/reloadbase.com\/fr-ch\/carte-cadeau-netflix\/\">Carte-cadeau Netflix<\/a><\/li>\n<\/ul>\n<\/div>\n<\/div>\n<\/div>\n<\/div>\n<\/div>\n<\/div>\n<div class=\"row wpb_row row-fluid vc_custom_1602850410375\" data-midnight=\"dark-title\">\n<div class=\"wpb_column columns medium-12 thb-dark-column small-12\">\n<div class=\"vc_column-inner \">\n<div class=\"wpb_wrapper\">\n<div class=\"wpb_text_column wpb_content_element vc_custom_1607074351814\">\n<div class=\"wpb_wrapper\"><\/div>\n<\/div>\n<\/div>\n<\/div>\n<\/div>\n<\/div>\n[\/vc_column_text][\/vc_column][\/vc_row]\n<\/div>","protected":false},"excerpt":{"rendered":"<p>[vc_row css=&#8221;.vc_custom_1596808763792{padding-top: 60px !important;padding-bottom: 60px !important;}&#8221;][vc_column][vc_column_text] [\/vc_column_text][vc_column_text] Achetez votre carte Google Play en ligne Fan de Google ou fan d\u2019Apple? Et o\u00f9 pouvez-vous acheter des&hellip;<\/p>\n","protected":false},"author":3,"featured_media":0,"parent":0,"menu_order":0,"comment_status":"closed","ping_status":"closed","template":"","meta":{"_acf_changed":false,"footnotes":""},"class_list":["post-24964","page","type-page","status-publish","hentry"],"acf":[],"yoast_head":"<!-- This site is optimized with the Yoast SEO plugin v24.4 - https:\/\/yoast.com\/wordpress\/plugins\/seo\/ -->\n<title>Achetez votre carte-cadeau Google Play \u2713 Prix le plus bas<\/title>\n<meta name=\"description\" content=\"Achetez votre carte cadeau Google Play en ligne sur ReloadBase \u2713 Paiements s\u00e9curis\u00e9s \u2713 Recevez votre code imm\u00e9diatement\" \/>\n<meta name=\"robots\" content=\"index, follow, max-snippet:-1, max-image-preview:large, max-video-preview:-1\" \/>\n<link rel=\"canonical\" href=\"https:\/\/reloadbase.com\/fr-ch\/carte-google-play\/\" \/>\n<meta property=\"og:locale\" content=\"fr_FR\" \/>\n<meta property=\"og:type\" content=\"article\" \/>\n<meta property=\"og:title\" content=\"Achetez votre carte-cadeau Google Play \u2713 Prix le plus bas\" \/>\n<meta property=\"og:description\" content=\"Achetez votre carte cadeau Google Play en ligne sur ReloadBase \u2713 Paiements s\u00e9curis\u00e9s \u2713 Recevez votre code imm\u00e9diatement\" \/>\n<meta property=\"og:url\" content=\"https:\/\/reloadbase.com\/fr-ch\/carte-google-play\/\" \/>\n<meta property=\"og:site_name\" content=\"ReloadBase\" \/>\n<meta property=\"article:publisher\" content=\"https:\/\/www.facebook.com\/ReloadBase\/\" \/>\n<meta property=\"article:modified_time\" content=\"2021-12-10T09:15:34+00:00\" \/>\n<meta name=\"twitter:card\" content=\"summary_large_image\" \/>\n<meta name=\"twitter:label1\" content=\"Est. reading time\" \/>\n\t<meta name=\"twitter:data1\" content=\"6 minutes\" \/>\n<script type=\"application\/ld+json\" class=\"yoast-schema-graph\">{\"@context\":\"https:\/\/schema.org\",\"@graph\":[{\"@type\":\"WebPage\",\"@id\":\"https:\/\/reloadbase.com\/fr-ch\/carte-google-play\/\",\"url\":\"https:\/\/reloadbase.com\/fr-ch\/carte-google-play\/\",\"name\":\"Achetez votre carte-cadeau Google Play \u2713 Prix le plus bas\",\"isPartOf\":{\"@id\":\"https:\/\/reloadbase.com\/nl-nl\/#website\"},\"datePublished\":\"2020-09-06T21:51:47+00:00\",\"dateModified\":\"2021-12-10T09:15:34+00:00\",\"description\":\"Achetez votre carte cadeau Google Play en ligne sur ReloadBase \u2713 Paiements s\u00e9curis\u00e9s \u2713 Recevez votre code imm\u00e9diatement\",\"breadcrumb\":{\"@id\":\"https:\/\/reloadbase.com\/fr-ch\/carte-google-play\/#breadcrumb\"},\"inLanguage\":\"fr-CH\",\"potentialAction\":[{\"@type\":\"ReadAction\",\"target\":[\"https:\/\/reloadbase.com\/fr-ch\/carte-google-play\/\"]}]},{\"@type\":\"BreadcrumbList\",\"@id\":\"https:\/\/reloadbase.com\/fr-ch\/carte-google-play\/#breadcrumb\",\"itemListElement\":[{\"@type\":\"ListItem\",\"position\":1,\"name\":\"Home\",\"item\":\"https:\/\/reloadbase.com\/nl-nl\/\"},{\"@type\":\"ListItem\",\"position\":2,\"name\":\"Carte Google Play\"}]},{\"@type\":\"WebSite\",\"@id\":\"https:\/\/reloadbase.com\/nl-nl\/#website\",\"url\":\"https:\/\/reloadbase.com\/nl-nl\/\",\"name\":\"ReloadBase\",\"description\":\"\",\"publisher\":{\"@id\":\"https:\/\/reloadbase.com\/nl-nl\/#organization\"},\"potentialAction\":[{\"@type\":\"SearchAction\",\"target\":{\"@type\":\"EntryPoint\",\"urlTemplate\":\"https:\/\/reloadbase.com\/nl-nl\/?s={search_term_string}\"},\"query-input\":{\"@type\":\"PropertyValueSpecification\",\"valueRequired\":true,\"valueName\":\"search_term_string\"}}],\"inLanguage\":\"fr-CH\"},{\"@type\":\"Organization\",\"@id\":\"https:\/\/reloadbase.com\/nl-nl\/#organization\",\"name\":\"ReloadBase\",\"url\":\"https:\/\/reloadbase.com\/nl-nl\/\",\"logo\":{\"@type\":\"ImageObject\",\"inLanguage\":\"fr-CH\",\"@id\":\"https:\/\/reloadbase.com\/nl-nl\/#\/schema\/logo\/image\/\",\"url\":\"https:\/\/reloadbase.com\/wp-content\/uploads\/2020\/05\/RELOADBASE01_Horizontal_Transparant.png\",\"contentUrl\":\"https:\/\/reloadbase.com\/wp-content\/uploads\/2020\/05\/RELOADBASE01_Horizontal_Transparant.png\",\"width\":17627,\"height\":2130,\"caption\":\"ReloadBase\"},\"image\":{\"@id\":\"https:\/\/reloadbase.com\/nl-nl\/#\/schema\/logo\/image\/\"},\"sameAs\":[\"https:\/\/www.facebook.com\/ReloadBase\/\",\"https:\/\/www.instagram.com\/reloadbase\/\"]}]}<\/script>\n<!-- \/ Yoast SEO plugin. -->","yoast_head_json":{"title":"Achetez votre carte-cadeau Google Play \u2713 Prix le plus bas","description":"Achetez votre carte cadeau Google Play en ligne sur ReloadBase \u2713 Paiements s\u00e9curis\u00e9s \u2713 Recevez votre code imm\u00e9diatement","robots":{"index":"index","follow":"follow","max-snippet":"max-snippet:-1","max-image-preview":"max-image-preview:large","max-video-preview":"max-video-preview:-1"},"canonical":"https:\/\/reloadbase.com\/fr-ch\/carte-google-play\/","og_locale":"fr_FR","og_type":"article","og_title":"Achetez votre carte-cadeau Google Play \u2713 Prix le plus bas","og_description":"Achetez votre carte cadeau Google Play en ligne sur ReloadBase \u2713 Paiements s\u00e9curis\u00e9s \u2713 Recevez votre code imm\u00e9diatement","og_url":"https:\/\/reloadbase.com\/fr-ch\/carte-google-play\/","og_site_name":"ReloadBase","article_publisher":"https:\/\/www.facebook.com\/ReloadBase\/","article_modified_time":"2021-12-10T09:15:34+00:00","twitter_card":"summary_large_image","twitter_misc":{"Est. reading time":"6 minutes"},"schema":{"@context":"https:\/\/schema.org","@graph":[{"@type":"WebPage","@id":"https:\/\/reloadbase.com\/fr-ch\/carte-google-play\/","url":"https:\/\/reloadbase.com\/fr-ch\/carte-google-play\/","name":"Achetez votre carte-cadeau Google Play \u2713 Prix le plus bas","isPartOf":{"@id":"https:\/\/reloadbase.com\/nl-nl\/#website"},"datePublished":"2020-09-06T21:51:47+00:00","dateModified":"2021-12-10T09:15:34+00:00","description":"Achetez votre carte cadeau Google Play en ligne sur ReloadBase \u2713 Paiements s\u00e9curis\u00e9s \u2713 Recevez votre code imm\u00e9diatement","breadcrumb":{"@id":"https:\/\/reloadbase.com\/fr-ch\/carte-google-play\/#breadcrumb"},"inLanguage":"fr-CH","potentialAction":[{"@type":"ReadAction","target":["https:\/\/reloadbase.com\/fr-ch\/carte-google-play\/"]}]},{"@type":"BreadcrumbList","@id":"https:\/\/reloadbase.com\/fr-ch\/carte-google-play\/#breadcrumb","itemListElement":[{"@type":"ListItem","position":1,"name":"Home","item":"https:\/\/reloadbase.com\/nl-nl\/"},{"@type":"ListItem","position":2,"name":"Carte Google Play"}]},{"@type":"WebSite","@id":"https:\/\/reloadbase.com\/nl-nl\/#website","url":"https:\/\/reloadbase.com\/nl-nl\/","name":"ReloadBase","description":"","publisher":{"@id":"https:\/\/reloadbase.com\/nl-nl\/#organization"},"potentialAction":[{"@type":"SearchAction","target":{"@type":"EntryPoint","urlTemplate":"https:\/\/reloadbase.com\/nl-nl\/?s={search_term_string}"},"query-input":{"@type":"PropertyValueSpecification","valueRequired":true,"valueName":"search_term_string"}}],"inLanguage":"fr-CH"},{"@type":"Organization","@id":"https:\/\/reloadbase.com\/nl-nl\/#organization","name":"ReloadBase","url":"https:\/\/reloadbase.com\/nl-nl\/","logo":{"@type":"ImageObject","inLanguage":"fr-CH","@id":"https:\/\/reloadbase.com\/nl-nl\/#\/schema\/logo\/image\/","url":"https:\/\/reloadbase.com\/wp-content\/uploads\/2020\/05\/RELOADBASE01_Horizontal_Transparant.png","contentUrl":"https:\/\/reloadbase.com\/wp-content\/uploads\/2020\/05\/RELOADBASE01_Horizontal_Transparant.png","width":17627,"height":2130,"caption":"ReloadBase"},"image":{"@id":"https:\/\/reloadbase.com\/nl-nl\/#\/schema\/logo\/image\/"},"sameAs":["https:\/\/www.facebook.com\/ReloadBase\/","https:\/\/www.instagram.com\/reloadbase\/"]}]}},"_links":{"self":[{"href":"https:\/\/reloadbase.com\/fr-ch\/wp-json\/wp\/v2\/pages\/24964","targetHints":{"allow":["GET"]}}],"collection":[{"href":"https:\/\/reloadbase.com\/fr-ch\/wp-json\/wp\/v2\/pages"}],"about":[{"href":"https:\/\/reloadbase.com\/fr-ch\/wp-json\/wp\/v2\/types\/page"}],"author":[{"embeddable":true,"href":"https:\/\/reloadbase.com\/fr-ch\/wp-json\/wp\/v2\/users\/3"}],"replies":[{"embeddable":true,"href":"https:\/\/reloadbase.com\/fr-ch\/wp-json\/wp\/v2\/comments?post=24964"}],"version-history":[{"count":2,"href":"https:\/\/reloadbase.com\/fr-ch\/wp-json\/wp\/v2\/pages\/24964\/revisions"}],"predecessor-version":[{"id":31777,"href":"https:\/\/reloadbase.com\/fr-ch\/wp-json\/wp\/v2\/pages\/24964\/revisions\/31777"}],"wp:attachment":[{"href":"https:\/\/reloadbase.com\/fr-ch\/wp-json\/wp\/v2\/media?parent=24964"}],"curies":[{"name":"wp","href":"https:\/\/api.w.org\/{rel}","templated":true}]}}