{"id":24963,"date":"2020-09-06T21:57:36","date_gmt":"2020-09-06T21:57:36","guid":{"rendered":"https:\/\/reloadbase.com\/carte-cadeau-roblox\/"},"modified":"2021-08-20T14:46:42","modified_gmt":"2021-08-20T14:46:42","slug":"carte-cadeau-roblox","status":"publish","type":"page","link":"https:\/\/reloadbase.com\/fr-ch\/carte-cadeau-roblox\/","title":{"rendered":"Carte-cadeau Roblox"},"content":{"rendered":"<div class=\"wpb-content-wrapper\">[vc_row css=&#8221;.vc_custom_1596808763792{padding-top: 60px !important;padding-bottom: 60px !important;}&#8221;][vc_column][vc_column_text]\n<h1>Acheter des cartes-cadeaux Roblox en ligne<\/h1>\n<p>Tous les fans de Roblox adoreront une carte-cadeau Robux! Achetez le v\u00f4tre en ligne d\u00e8s aujourd&#8217;hui et \u00e9changez-le facilement contre Robux ou contre un abonnement premium. Quoi qu&#8217;il en soit, cela aide chaque joueur \u00e0 tirer la meilleure partie du jeu. Habituellement jou\u00e9e par des jeunes sans acc\u00e8s \u00e0 un compte bancaire ou \u00e0 une carte de cr\u00e9dit, cette Roblox Game Card num\u00e9rique leur permet d&#8217;acheter en toute s\u00e9curit\u00e9 leur propre Robux. Le code de la carte cadeau est envoy\u00e9 directement dans votre bo\u00eete de r\u00e9ception et peut \u00eatre \u00e9chang\u00e9 en quelques secondes. Ils n\u2019ont donc pas \u00e0 attendre et vous n\u2019avez pas \u00e0 utiliser de carte de cr\u00e9dit.[\/vc_column_text][\/vc_column][\/vc_row][vc_row][vc_column]<div class=\"woocommerce columns-4 \"><\/div>[\/vc_column][\/vc_row][vc_row css=&#8221;.vc_custom_1596797300746{padding-bottom: 60px !important;}&#8221;][vc_column][vc_column_text css=&#8221;.vc_custom_1601904029166{padding-bottom: 20px !important;}&#8221;]\n<h2>Foire Aux Questions\u00a0sur Cartes-cadeaux Robux<\/h2>\n[\/vc_column_text][vc_row_inner css=&#8221;.vc_custom_1596808708853{padding-bottom: 20px !important;}&#8221;][vc_column_inner width=&#8221;1\/2&#8243;][vc_column_text]\n<h3>Qu&#8217;est-ce que Roblox?<\/h3>\n<p>Roblox est un jeu tr\u00e8s populaire parmi les jeunes joueurs. Il est similaire \u00e0 Minecraft en construction, mais propose des milliers de jeux diff\u00e9rents. Il a \u00e9galement plusieurs aspects sociaux. Les joueurs peuvent devenir amis, construire ensemble ou passer du temps sur des forums. Cr\u00e9er votre propre avatar est un aspect amusant du jeu, mais les milliers de jeux qui peuvent \u00eatre cr\u00e9\u00e9s et jou\u00e9s ensemble sur la plate-forme Roblox sont encore plus amusants. Cela signifie que les joueurs deviennent les cr\u00e9ateurs du jeu plut\u00f4t que de simples participants. Les parents seront ravis d&#8217;apprendre qu&#8217;il existe de nombreuses options de contr\u00f4le parental et de guidage parental int\u00e9gr\u00e9es \u00e0 toutes les applications mobiles et modes de jeu , ce qui en fait un environnement s\u00fbr pour les jeunes joueurs.[\/vc_column_text][\/vc_column_inner][vc_column_inner width=&#8221;1\/2&#8243;][vc_column_text]\n<h3>Comment jouez-vous \u00e0 Roblox?<\/h3>\n<p>Roblox est une plateforme sociale qui se joue le mieux avec les autres et se concentre sur l&#8217;imagination et les jeux de r\u00f4le. Apr\u00e8s avoir cr\u00e9\u00e9 un compte et personnalis\u00e9 un avatar, les utilisateurs peuvent choisir parmi une grande vari\u00e9t\u00e9 de jeux auxquels jouer et ajouter des amis pour rejoindre le jeu. Visitez des forums, rejoignez et cr\u00e9ez des groupes, invitez d&#8217;autres personnes \u00e0 jouer ou \u00e0 envoyer des messages de chat. Pendant un jeu, tous les autres joueurs participants sur le c\u00f4t\u00e9 droit de l&#8217;\u00e9cran et les utilisateurs peuvent choisir d&#8217;interagir avec eux via le chat ou le chat vocal.[\/vc_column_text][\/vc_column_inner][\/vc_row_inner][vc_row_inner css=&#8221;.vc_custom_1596808716232{padding-bottom: 20px !important;}&#8221;][vc_column_inner width=&#8221;1\/2&#8243;][vc_column_text]\n<h3>Qu&#8217;est-ce que Roblox Premium?<\/h3>\n<p>Roblox Premium est un abonnement mensuel, qui vous donne une certaine quantit\u00e9 de Robux chaque mois pour un prix inf\u00e9rieur \u00e0 celui que vous auriez \u00e0 payer sans abonnement. Il vous permet \u00e9galement d&#8217;\u00e9changer et de vendre des objets que vous avez cr\u00e9\u00e9s dans le jeu. De plus, ce qui \u00e9tait connu sous le nom de \u00abBuilders Club\u00bb en septembre 2019 est devenu un abonnement Premium.[\/vc_column_text][\/vc_column_inner][vc_column_inner width=&#8221;1\/2&#8243;][vc_column_text]\n<h3>Pour les parents: utilisez le code Robux achet\u00e9 en ligne<\/h3>\n<p>Les cartes-cadeaux Roblox ne peuvent \u00eatre utilis\u00e9es qu&#8217;en ligne. Une fois \u00e9chang\u00e9, le nouvel solde est imm\u00e9diatement disponible, y compris sur la version mobile du jeu. Pour les parents, il est important de le savoir, car cela signifie de s\u2019assurer que le compte de votre enfant est associ\u00e9 \u00e0 une adresse e-mail. Avec cette adresse e-mail et ce compte, vous pouvez vous connecter en ligne pour utiliser le code. Pour ce faire, cliquez simplement sur \u00abRobux\u00bb dans le menu principal. Vous y trouverez la possibilit\u00e9 d&#8217;utiliser le code pour Robux sur la carte ou un abonnement Premium. Vous devez utiliser le montant total de la carte en une seule fois, car elle ne peut \u00eatre utilis\u00e9e qu&#8217;une seule fois. Si tout le reste \u00e9choue parce que votre enfant n&#8217;a pas encore d&#8217;adresse e-mail associ\u00e9e \u00e0 son compte, nous vous recommandons de recharger votre cr\u00e9dit de t\u00e9l\u00e9phone portable \u00e0 la place. Donc, si Roblox est jou\u00e9 sur un appareil Android, rechargez le cr\u00e9dit Play Store avec une carte cadeau Google Play. En cas de lecture sur un appareil iOS, rechargez le solde de l&#8217;App Store avec une carte-cadeau iTunes.[\/vc_column_text][\/vc_column_inner][\/vc_row_inner][vc_row_inner css=&#8221;.vc_custom_1596808716232{padding-bottom: 20px !important;}&#8221;][vc_column_inner width=&#8221;1\/2&#8243;][vc_column_text]\n<h3>Recevez votre carte cadeau Robux achet\u00e9e directement par e-mail<\/h3>\n<p>L&#8217;achat de votre carte Roblox en ligne est facile. S\u00e9lectionnez simplement le montant du cr\u00e9dit de jeu souhait\u00e9! Pour 10 euros (ou l&#8217;\u00e9quivalent dans la devise de votre choix), vous obtenez 800 Robux et pour 20 euros, 1600 Robux. Apr\u00e8s le paiement, vous recevrez imm\u00e9diatement le code de votre carte cadeau par e-mail. Attention: cette carte ne peut \u00eatre \u00e9chang\u00e9e qu&#8217;en ligne. Consultez les instructions d&#8217;utilisation ci-dessous pour plus d&#8217;informations.[\/vc_column_text][\/vc_column_inner][vc_column_inner width=&#8221;1\/2&#8243;][vc_column_text]\n<h3>Vous voulez offrir une carte-cadeau Roblox en cadeau?<\/h3>\n<p>Vous cherchez un cadeau de derni\u00e8re minute? Ne cherchez plus, car vous pouvez rendre n&#8217;importe quel jeune joueur heureux avec une carte num\u00e9rique Roblox. Voulez-vous rendre le cadeau tr\u00e8s sp\u00e9cial? Ajoutez des Minecoins ou des V-Bucks Fortnite. Vous aurez un super cadeau en un rien de temps![\/vc_column_text][\/vc_column_inner][\/vc_row_inner][\/vc_column][\/vc_row]\n<\/div>","protected":false},"excerpt":{"rendered":"<p>[vc_row css=&#8221;.vc_custom_1596808763792{padding-top: 60px !important;padding-bottom: 60px !important;}&#8221;][vc_column][vc_column_text] Acheter des cartes-cadeaux Roblox en ligne Tous les fans de Roblox adoreront une carte-cadeau Robux! Achetez le v\u00f4tre en&hellip;<\/p>\n","protected":false},"author":3,"featured_media":0,"parent":0,"menu_order":0,"comment_status":"closed","ping_status":"closed","template":"","meta":{"_acf_changed":false,"footnotes":""},"class_list":["post-24963","page","type-page","status-publish","hentry"],"acf":[],"yoast_head":"<!-- This site is optimized with the Yoast SEO plugin v24.4 - https:\/\/yoast.com\/wordpress\/plugins\/seo\/ -->\n<title>Acheter une carte-cadeau Roblox \u2713 Prix le plus bas \u2713 Robux<\/title>\n<meta name=\"description\" content=\"Achetez votre Carte Cadeau Roblox en ligne sur ReloadBase \u2713 Paiements s\u00e9curis\u00e9s \u2713 Recevez votre code imm\u00e9diatement\" \/>\n<meta name=\"robots\" content=\"index, follow, max-snippet:-1, max-image-preview:large, max-video-preview:-1\" \/>\n<link rel=\"canonical\" href=\"https:\/\/reloadbase.com\/fr-ch\/carte-cadeau-roblox\/\" \/>\n<meta property=\"og:locale\" content=\"fr_FR\" \/>\n<meta property=\"og:type\" content=\"article\" \/>\n<meta property=\"og:title\" content=\"Acheter une carte-cadeau Roblox \u2713 Prix le plus bas \u2713 Robux\" \/>\n<meta property=\"og:description\" content=\"Achetez votre Carte Cadeau Roblox en ligne sur ReloadBase \u2713 Paiements s\u00e9curis\u00e9s \u2713 Recevez votre code imm\u00e9diatement\" \/>\n<meta property=\"og:url\" content=\"https:\/\/reloadbase.com\/fr-ch\/carte-cadeau-roblox\/\" \/>\n<meta property=\"og:site_name\" content=\"ReloadBase\" \/>\n<meta property=\"article:publisher\" content=\"https:\/\/www.facebook.com\/ReloadBase\/\" \/>\n<meta property=\"article:modified_time\" content=\"2021-08-20T14:46:42+00:00\" \/>\n<meta name=\"twitter:card\" content=\"summary_large_image\" \/>\n<meta name=\"twitter:label1\" content=\"Est. reading time\" \/>\n\t<meta name=\"twitter:data1\" content=\"5 minutes\" \/>\n<script type=\"application\/ld+json\" class=\"yoast-schema-graph\">{\"@context\":\"https:\/\/schema.org\",\"@graph\":[{\"@type\":\"WebPage\",\"@id\":\"https:\/\/reloadbase.com\/fr-ch\/carte-cadeau-roblox\/\",\"url\":\"https:\/\/reloadbase.com\/fr-ch\/carte-cadeau-roblox\/\",\"name\":\"Acheter une carte-cadeau Roblox \u2713 Prix le plus bas \u2713 Robux\",\"isPartOf\":{\"@id\":\"https:\/\/reloadbase.com\/nl-nl\/#website\"},\"datePublished\":\"2020-09-06T21:57:36+00:00\",\"dateModified\":\"2021-08-20T14:46:42+00:00\",\"description\":\"Achetez votre Carte Cadeau Roblox en ligne sur ReloadBase \u2713 Paiements s\u00e9curis\u00e9s \u2713 Recevez votre code imm\u00e9diatement\",\"breadcrumb\":{\"@id\":\"https:\/\/reloadbase.com\/fr-ch\/carte-cadeau-roblox\/#breadcrumb\"},\"inLanguage\":\"fr-CH\",\"potentialAction\":[{\"@type\":\"ReadAction\",\"target\":[\"https:\/\/reloadbase.com\/fr-ch\/carte-cadeau-roblox\/\"]}]},{\"@type\":\"BreadcrumbList\",\"@id\":\"https:\/\/reloadbase.com\/fr-ch\/carte-cadeau-roblox\/#breadcrumb\",\"itemListElement\":[{\"@type\":\"ListItem\",\"position\":1,\"name\":\"Home\",\"item\":\"https:\/\/reloadbase.com\/nl-nl\/\"},{\"@type\":\"ListItem\",\"position\":2,\"name\":\"Carte-cadeau Roblox\"}]},{\"@type\":\"WebSite\",\"@id\":\"https:\/\/reloadbase.com\/nl-nl\/#website\",\"url\":\"https:\/\/reloadbase.com\/nl-nl\/\",\"name\":\"ReloadBase\",\"description\":\"\",\"publisher\":{\"@id\":\"https:\/\/reloadbase.com\/nl-nl\/#organization\"},\"potentialAction\":[{\"@type\":\"SearchAction\",\"target\":{\"@type\":\"EntryPoint\",\"urlTemplate\":\"https:\/\/reloadbase.com\/nl-nl\/?s={search_term_string}\"},\"query-input\":{\"@type\":\"PropertyValueSpecification\",\"valueRequired\":true,\"valueName\":\"search_term_string\"}}],\"inLanguage\":\"fr-CH\"},{\"@type\":\"Organization\",\"@id\":\"https:\/\/reloadbase.com\/nl-nl\/#organization\",\"name\":\"ReloadBase\",\"url\":\"https:\/\/reloadbase.com\/nl-nl\/\",\"logo\":{\"@type\":\"ImageObject\",\"inLanguage\":\"fr-CH\",\"@id\":\"https:\/\/reloadbase.com\/nl-nl\/#\/schema\/logo\/image\/\",\"url\":\"https:\/\/reloadbase.com\/wp-content\/uploads\/2020\/05\/RELOADBASE01_Horizontal_Transparant.png\",\"contentUrl\":\"https:\/\/reloadbase.com\/wp-content\/uploads\/2020\/05\/RELOADBASE01_Horizontal_Transparant.png\",\"width\":17627,\"height\":2130,\"caption\":\"ReloadBase\"},\"image\":{\"@id\":\"https:\/\/reloadbase.com\/nl-nl\/#\/schema\/logo\/image\/\"},\"sameAs\":[\"https:\/\/www.facebook.com\/ReloadBase\/\",\"https:\/\/www.instagram.com\/reloadbase\/\"]}]}<\/script>\n<!-- \/ Yoast SEO plugin. -->","yoast_head_json":{"title":"Acheter une carte-cadeau Roblox \u2713 Prix le plus bas \u2713 Robux","description":"Achetez votre Carte Cadeau Roblox en ligne sur ReloadBase \u2713 Paiements s\u00e9curis\u00e9s \u2713 Recevez votre code imm\u00e9diatement","robots":{"index":"index","follow":"follow","max-snippet":"max-snippet:-1","max-image-preview":"max-image-preview:large","max-video-preview":"max-video-preview:-1"},"canonical":"https:\/\/reloadbase.com\/fr-ch\/carte-cadeau-roblox\/","og_locale":"fr_FR","og_type":"article","og_title":"Acheter une carte-cadeau Roblox \u2713 Prix le plus bas \u2713 Robux","og_description":"Achetez votre Carte Cadeau Roblox en ligne sur ReloadBase \u2713 Paiements s\u00e9curis\u00e9s \u2713 Recevez votre code imm\u00e9diatement","og_url":"https:\/\/reloadbase.com\/fr-ch\/carte-cadeau-roblox\/","og_site_name":"ReloadBase","article_publisher":"https:\/\/www.facebook.com\/ReloadBase\/","article_modified_time":"2021-08-20T14:46:42+00:00","twitter_card":"summary_large_image","twitter_misc":{"Est. reading time":"5 minutes"},"schema":{"@context":"https:\/\/schema.org","@graph":[{"@type":"WebPage","@id":"https:\/\/reloadbase.com\/fr-ch\/carte-cadeau-roblox\/","url":"https:\/\/reloadbase.com\/fr-ch\/carte-cadeau-roblox\/","name":"Acheter une carte-cadeau Roblox \u2713 Prix le plus bas \u2713 Robux","isPartOf":{"@id":"https:\/\/reloadbase.com\/nl-nl\/#website"},"datePublished":"2020-09-06T21:57:36+00:00","dateModified":"2021-08-20T14:46:42+00:00","description":"Achetez votre Carte Cadeau Roblox en ligne sur ReloadBase \u2713 Paiements s\u00e9curis\u00e9s \u2713 Recevez votre code imm\u00e9diatement","breadcrumb":{"@id":"https:\/\/reloadbase.com\/fr-ch\/carte-cadeau-roblox\/#breadcrumb"},"inLanguage":"fr-CH","potentialAction":[{"@type":"ReadAction","target":["https:\/\/reloadbase.com\/fr-ch\/carte-cadeau-roblox\/"]}]},{"@type":"BreadcrumbList","@id":"https:\/\/reloadbase.com\/fr-ch\/carte-cadeau-roblox\/#breadcrumb","itemListElement":[{"@type":"ListItem","position":1,"name":"Home","item":"https:\/\/reloadbase.com\/nl-nl\/"},{"@type":"ListItem","position":2,"name":"Carte-cadeau Roblox"}]},{"@type":"WebSite","@id":"https:\/\/reloadbase.com\/nl-nl\/#website","url":"https:\/\/reloadbase.com\/nl-nl\/","name":"ReloadBase","description":"","publisher":{"@id":"https:\/\/reloadbase.com\/nl-nl\/#organization"},"potentialAction":[{"@type":"SearchAction","target":{"@type":"EntryPoint","urlTemplate":"https:\/\/reloadbase.com\/nl-nl\/?s={search_term_string}"},"query-input":{"@type":"PropertyValueSpecification","valueRequired":true,"valueName":"search_term_string"}}],"inLanguage":"fr-CH"},{"@type":"Organization","@id":"https:\/\/reloadbase.com\/nl-nl\/#organization","name":"ReloadBase","url":"https:\/\/reloadbase.com\/nl-nl\/","logo":{"@type":"ImageObject","inLanguage":"fr-CH","@id":"https:\/\/reloadbase.com\/nl-nl\/#\/schema\/logo\/image\/","url":"https:\/\/reloadbase.com\/wp-content\/uploads\/2020\/05\/RELOADBASE01_Horizontal_Transparant.png","contentUrl":"https:\/\/reloadbase.com\/wp-content\/uploads\/2020\/05\/RELOADBASE01_Horizontal_Transparant.png","width":17627,"height":2130,"caption":"ReloadBase"},"image":{"@id":"https:\/\/reloadbase.com\/nl-nl\/#\/schema\/logo\/image\/"},"sameAs":["https:\/\/www.facebook.com\/ReloadBase\/","https:\/\/www.instagram.com\/reloadbase\/"]}]}},"_links":{"self":[{"href":"https:\/\/reloadbase.com\/fr-ch\/wp-json\/wp\/v2\/pages\/24963","targetHints":{"allow":["GET"]}}],"collection":[{"href":"https:\/\/reloadbase.com\/fr-ch\/wp-json\/wp\/v2\/pages"}],"about":[{"href":"https:\/\/reloadbase.com\/fr-ch\/wp-json\/wp\/v2\/types\/page"}],"author":[{"embeddable":true,"href":"https:\/\/reloadbase.com\/fr-ch\/wp-json\/wp\/v2\/users\/3"}],"replies":[{"embeddable":true,"href":"https:\/\/reloadbase.com\/fr-ch\/wp-json\/wp\/v2\/comments?post=24963"}],"version-history":[{"count":1,"href":"https:\/\/reloadbase.com\/fr-ch\/wp-json\/wp\/v2\/pages\/24963\/revisions"}],"predecessor-version":[{"id":24968,"href":"https:\/\/reloadbase.com\/fr-ch\/wp-json\/wp\/v2\/pages\/24963\/revisions\/24968"}],"wp:attachment":[{"href":"https:\/\/reloadbase.com\/fr-ch\/wp-json\/wp\/v2\/media?parent=24963"}],"curies":[{"name":"wp","href":"https:\/\/api.w.org\/{rel}","templated":true}]}}