{"id":24961,"date":"2020-09-13T10:54:16","date_gmt":"2020-09-13T10:54:16","guid":{"rendered":"https:\/\/reloadbase.com\/carte-cadeau-netflix\/"},"modified":"2021-12-10T09:10:33","modified_gmt":"2021-12-10T09:10:33","slug":"carte-cadeau-netflix","status":"publish","type":"page","link":"https:\/\/reloadbase.com\/fr-ch\/carte-cadeau-netflix\/","title":{"rendered":"Carte-Cadeau Netflix"},"content":{"rendered":"<div class=\"wpb-content-wrapper\">[vc_row css=&#8221;.vc_custom_1596808763792{padding-top: 60px !important;padding-bottom: 60px !important;}&#8221;][vc_column][vc_column_text]\n<pre class=\"breadcrumb\"><span><span><a href=\"https:\/\/reloadbase.com\/nl-nl\/\">Home<\/a><\/span><\/span><\/pre>\n[\/vc_column_text][vc_column_text]\n<h1>Achetez votre carte cadeau Netflix en ligne<\/h1>\n<p>Netflix est un \u00e9l\u00e9ment indispensable des salons fran\u00e7ais et mondiaux . Netflix a \u00e9t\u00e9 l\u2019un des premiers services de diffusion en continu de s\u00e9ries, de films et de documentaires. En attendant, \u201cNetflixing\u201d est un verbe, la d\u00e9claration Netflix &amp; Chill a acquis le statut de culte.<\/p>\n<p>Vous souhaitez regarder Netflix ou offrir un abonnement \u00e0 quelqu&#8217;un d&#8217;autre? Avec une carte-cadeau Netflix, vous pouvez facilement renouveler ou activer un abonnement sans carte de cr\u00e9dit. ReloadBase est un fournisseur fiable de cartes-cadeaux, vous \u00eates donc s\u00fbr \u00e0 100% que vous recevrez un code valide pour regarder Netflix.[\/vc_column_text][\/vc_column][\/vc_row][vc_row][vc_column]<div class=\"woocommerce columns-4 \"><\/div>[\/vc_column][\/vc_row][vc_row css=&#8221;.vc_custom_1596797300746{padding-bottom: 60px !important;}&#8221;][vc_column][vc_column_text css=&#8221;.vc_custom_1605128505711{padding-bottom: 20px !important;}&#8221;]\n<h2>Foire Aux Questions sur carte cadeau Netflix<\/h2>\n[\/vc_column_text][vc_row_inner css=&#8221;.vc_custom_1596808708853{padding-bottom: 20px !important;}&#8221;][vc_column_inner width=&#8221;1\/2&#8243;][vc_column_text]\n<h3>Qu&#8217;est-ce qu&#8217;une carte-cadeau Netflix?<\/h3>\n<p>Avec le cadeau Netflix, vous pouvez facilement recharger et acheter un abonnement Netflix. Vous pouvez utiliser ce cr\u00e9dit pour un abonnement existant, mais \u00e9galement en d\u00e9marrer un nouveau. Utilisez le plan cadeau Netflix pour vous ou offrez le \u00e0 quelqu&#8217;un d&#8217;autre. Vous pouvez choisir un montant parmi les cartes-cadeaux Netflix qui vont de 25 euros \u00e0 50 euros mais il existe aussi une carte pr\u00e9pay\u00e9e variable pour laquelle vous choisissez un montant entre 25 et 150 euros.[\/vc_column_text][\/vc_column_inner][vc_column_inner width=&#8221;1\/2&#8243;][vc_column_text]\n<h3>Que puis-je faire avec un code de carte-cadeau Netflix?<\/h3>\n<p>Un des avantage de cette carte est que vous gardez le contr\u00f4le sur vos d\u00e9penses. Vous n&#8217;\u00eates donc pas li\u00e9 \u00e0 des frais mensuels et pouvez utiliser Netflix sans abonnement. Vous n\u2019avez pas besoin d\u2019une carte de cr\u00e9dit, les frais sont automatiquement d\u00e9duits du solde de votre carte cadeau.[\/vc_column_text][\/vc_column_inner][\/vc_row_inner][vc_row_inner css=&#8221;.vc_custom_1596808716232{padding-bottom: 20px !important;}&#8221;][vc_column_inner width=&#8221;1\/2&#8243;][vc_column_text]\n<h3>Combien de temps durera mon abonnement Netflix?<\/h3>\n<p>La dur\u00e9e de votre abonnement Netflix d\u00e9pend de la carte-cadeau que vous avez s\u00e9lectionn\u00e9e. D\u00e8s que votre cr\u00e9dit sera \u00e9puis\u00e9, vous recevrez un message. Si vous souhaitez continuer \u00e0 regarder Netflix, vous pouvez facilement prendre une extension en achetant une nouvelle carte. <strong>\u00cates-vous admissible \u00e0 un essai gratuit? <\/strong>Oui, vous recevrez un mois gratuit en plus de votre cr\u00e9dit Netflix.<\/p>\n<p>Netflix propose trois abonnements diff\u00e9rents: un abonnement de base, un abonnement standard et un abonnement premium. L\u2019abonnement de base co\u00fbte \u20ac7,99 par mois, l\u2019abonnement standard \u20ac10,99 par mois et l\u2019abonnement premium co\u00fbte \u20ac13,99 par mois.[\/vc_column_text][\/vc_column_inner][vc_column_inner width=&#8221;1\/2&#8243;][vc_column_text]\n<h3>De quelles mani\u00e8res puis-je regarder Netflix?<\/h3>\n<p>Netflix est un service de streaming mondial qui vous permet de regarder des films, des s\u00e9ries et des documentaires \u00e0 tout moment, n&#8217;importe o\u00f9. Vous pouvez regarder Netflix via votre Smart TV, mais aussi via votre t\u00e9l\u00e9phone, tablette, ordinateur portable, PC et console de jeux, comme votre PlayStation ou Xbox.<\/p>\n<p>Votre t\u00e9l\u00e9viseur doit \u00eatre compatible avec Netflix si vous pr\u00e9f\u00e9rez le regarder de cette fa\u00e7on. Pour cela, vous avez besoin d\u2019un t\u00e9l\u00e9viseur r\u00e9cent. Peut-\u00eatre que la t\u00e9l\u00e9commande de votre t\u00e9l\u00e9viseur a un bouton sp\u00e9cial Netflix. Sinon, vous pouvez trouver votre application avec les autres services Internet propos\u00e9s par votre smart TV.<\/p>\n<p>Vous pouvez souvent regarder Netflix m\u00eame sans Smart TV. Par exemple, avec une Apple TV ou un Google Chromecast. Ensuite, vous pouvez obtenir le signal vers votre t\u00e9l\u00e9viseur \u00e0 partir de l\u2019application Netflix sur votre t\u00e9l\u00e9phone.[\/vc_column_text][\/vc_column_inner][\/vc_row_inner][vc_row_inner css=&#8221;.vc_custom_1596808716232{padding-bottom: 20px !important;}&#8221;][vc_column_inner width=&#8221;1\/2&#8243;][vc_column_text]\n<h3>Comment obtenir ma carte-cadeau Netflix?<\/h3>\n<p>Vous recevrez le code de votre carte-cadeau unique sur votre \u00e9cran et par mail. Vous pouvez ensuite l\u2019utiliser facilement. Les cartes Netflix n&#8217;ont pas de date d&#8217;expiration et peuvent donc \u00eatre utilis\u00e9es ind\u00e9finiment.<\/p>\n<p>Netflix est tr\u00e8s convivial. D\u00e8s que vous avez souscrit un abonnement, vous pouvez utiliser Netflix. Vous vous connectez \u00e0 votre compte avec vos identifiants personnels et voyez le nombre d\u2019utilisateurs lors de l\u2019ouverture de votre compte (d\u00e9pend de votre abonnement).<\/p>\n<p>Si vous cliquez sur un utilisateur vide, vous pouvez cr\u00e9er un profil avec votre nom et vos pr\u00e9f\u00e9rences d\u2019affichage. Ceci est utile car vous pouvez garder une trace de vos listes. Netflix recherche les films et les s\u00e9ries qui vous conviennent en fonction de vos habitudes de visionnage. De cette fa\u00e7on, vous trouvez de nouvelles id\u00e9es.[\/vc_column_text][\/vc_column_inner][vc_column_inner width=&#8221;1\/2&#8243;][vc_column_text]\n<h3>Comment utiliser ma carte-cadeau Netflix?<\/h3>\n<p>Pour activer votre carte il vous suffit: d\u2019allez sur netflix.com\/redeem et entrez le code re\u00e7u sur votre mail. <strong>Si vous \u00eates nouveau sur Netflix? <\/strong><\/p>\n<p>Il vous sera demand\u00e9 de cr\u00e9er un compte Netflix. Si vous poss\u00e9dez d\u00e9j\u00e0 un compte, le solde de votre carte-cadeau sera simplement ajout\u00e9 \u00e0 votre compte. Le prochain paiement sera d\u00e9duit de votre carte cadeau. Si vous voulez acheter un bon Netflix et si vous avez des questions \u00e0 ce sujet. Allez voir le centre d&#8217;aide Netflix.[\/vc_column_text][\/vc_column_inner][\/vc_row_inner][\/vc_column][\/vc_row][vc_row][vc_column width=&#8221;1\/2&#8243;][vc_column_text]\n<h3>Comment t\u00e9l\u00e9charger Netflix?<\/h3>\n<p>Vous n\u2019\u00eates pas oblig\u00e9 de t\u00e9l\u00e9charger Netflix lorsque vous regardez en ligne. Vous allez simplement sur netflix.com dans votre navigateur, remplissez les informations de votre compte et votre compte s\u2019ouvrira.<\/p>\n<p>Si vous regardez Netflix d\u2019une autre mani\u00e8re, par exemple sur votre t\u00e9l\u00e9viseur, vous devrez t\u00e9l\u00e9charger l\u2019application Netflix (si l\u2019application n\u2019est pas encore sur l\u2019appareil de votre choix).<\/p>\n<p>L\u2019application se trouve dans l\u2019App Store de votre smartphone, par exemple, et peut \u00eatre t\u00e9l\u00e9charg\u00e9e gratuitement.[\/vc_column_text][\/vc_column][vc_column width=&#8221;1\/2&#8243;][vc_column_text]\n<h3>Vous trouverez ci-dessous un aper\u00e7u des cartes de divertissement que nous proposons \u00e0 un prix abordable:<\/h3>\n<ul>\n<li><a href=\"https:\/\/reloadbase.com\/fr-ch\/deezer-premium\/\">Carte-cadeau Deezer Premium<\/a><\/li>\n<li><a href=\"https:\/\/reloadbase.com\/fr-ch\/cartes-cadeaux-amazon\/\">Carte cadeau Amazon<\/a><\/li>\n<li><a href=\"https:\/\/reloadbase.com\/fr-ch\/carte-cadeau-spotify-premium\/\">Carte-cadeau Spotify Premium<\/a><\/li>\n<li><a href=\"https:\/\/reloadbase.com\/fr-ch\/carte-google-play\/\">Carte Google Play<\/a><\/li>\n<li><a href=\"https:\/\/reloadbase.com\/fr-ch\/cartes-cadeaux-app-store-et-itunes\/\">Carte-cadeau App Store et iTunes<\/a><\/li>\n<\/ul>\n[\/vc_column_text][\/vc_column][\/vc_row]\n<\/div>","protected":false},"excerpt":{"rendered":"<p>[vc_row css=&#8221;.vc_custom_1596808763792{padding-top: 60px !important;padding-bottom: 60px !important;}&#8221;][vc_column][vc_column_text] [\/vc_column_text][vc_column_text] Achetez votre carte cadeau Netflix en ligne Netflix est un \u00e9l\u00e9ment indispensable des salons fran\u00e7ais et mondiaux .&hellip;<\/p>\n","protected":false},"author":3,"featured_media":0,"parent":0,"menu_order":0,"comment_status":"closed","ping_status":"closed","template":"","meta":{"_acf_changed":false,"footnotes":""},"class_list":["post-24961","page","type-page","status-publish","hentry"],"acf":[],"yoast_head":"<!-- This site is optimized with the Yoast SEO plugin v24.4 - https:\/\/yoast.com\/wordpress\/plugins\/seo\/ -->\n<title>Achetez votre carte-cadeau Netflix en ligne\u2713Prix le plus bas<\/title>\n<meta name=\"description\" content=\"Achetez votre carte cadeau Netflix en ligne sur ReloadBase \u2713Paiements s\u00e9curis\u00e9s \u2713 Recevez votre code imm\u00e9diatement.\" \/>\n<meta name=\"robots\" content=\"index, follow, max-snippet:-1, max-image-preview:large, max-video-preview:-1\" \/>\n<link rel=\"canonical\" href=\"https:\/\/reloadbase.com\/fr-ch\/carte-cadeau-netflix\/\" \/>\n<meta property=\"og:locale\" content=\"fr_FR\" \/>\n<meta property=\"og:type\" content=\"article\" \/>\n<meta property=\"og:title\" content=\"Achetez votre carte-cadeau Netflix en ligne\u2713Prix le plus bas\" \/>\n<meta property=\"og:description\" content=\"Achetez votre carte cadeau Netflix en ligne sur ReloadBase \u2713Paiements s\u00e9curis\u00e9s \u2713 Recevez votre code imm\u00e9diatement.\" \/>\n<meta property=\"og:url\" content=\"https:\/\/reloadbase.com\/fr-ch\/carte-cadeau-netflix\/\" \/>\n<meta property=\"og:site_name\" content=\"ReloadBase\" \/>\n<meta property=\"article:publisher\" content=\"https:\/\/www.facebook.com\/ReloadBase\/\" \/>\n<meta property=\"article:modified_time\" content=\"2021-12-10T09:10:33+00:00\" \/>\n<meta name=\"twitter:card\" content=\"summary_large_image\" \/>\n<meta name=\"twitter:label1\" content=\"Est. reading time\" \/>\n\t<meta name=\"twitter:data1\" content=\"6 minutes\" \/>\n<script type=\"application\/ld+json\" class=\"yoast-schema-graph\">{\"@context\":\"https:\/\/schema.org\",\"@graph\":[{\"@type\":\"WebPage\",\"@id\":\"https:\/\/reloadbase.com\/fr-ch\/carte-cadeau-netflix\/\",\"url\":\"https:\/\/reloadbase.com\/fr-ch\/carte-cadeau-netflix\/\",\"name\":\"Achetez votre carte-cadeau Netflix en ligne\u2713Prix le plus bas\",\"isPartOf\":{\"@id\":\"https:\/\/reloadbase.com\/nl-nl\/#website\"},\"datePublished\":\"2020-09-13T10:54:16+00:00\",\"dateModified\":\"2021-12-10T09:10:33+00:00\",\"description\":\"Achetez votre carte cadeau Netflix en ligne sur ReloadBase \u2713Paiements s\u00e9curis\u00e9s \u2713 Recevez votre code imm\u00e9diatement.\",\"breadcrumb\":{\"@id\":\"https:\/\/reloadbase.com\/fr-ch\/carte-cadeau-netflix\/#breadcrumb\"},\"inLanguage\":\"fr-CH\",\"potentialAction\":[{\"@type\":\"ReadAction\",\"target\":[\"https:\/\/reloadbase.com\/fr-ch\/carte-cadeau-netflix\/\"]}]},{\"@type\":\"BreadcrumbList\",\"@id\":\"https:\/\/reloadbase.com\/fr-ch\/carte-cadeau-netflix\/#breadcrumb\",\"itemListElement\":[{\"@type\":\"ListItem\",\"position\":1,\"name\":\"Home\",\"item\":\"https:\/\/reloadbase.com\/nl-nl\/\"},{\"@type\":\"ListItem\",\"position\":2,\"name\":\"Carte-Cadeau Netflix\"}]},{\"@type\":\"WebSite\",\"@id\":\"https:\/\/reloadbase.com\/nl-nl\/#website\",\"url\":\"https:\/\/reloadbase.com\/nl-nl\/\",\"name\":\"ReloadBase\",\"description\":\"\",\"publisher\":{\"@id\":\"https:\/\/reloadbase.com\/nl-nl\/#organization\"},\"potentialAction\":[{\"@type\":\"SearchAction\",\"target\":{\"@type\":\"EntryPoint\",\"urlTemplate\":\"https:\/\/reloadbase.com\/nl-nl\/?s={search_term_string}\"},\"query-input\":{\"@type\":\"PropertyValueSpecification\",\"valueRequired\":true,\"valueName\":\"search_term_string\"}}],\"inLanguage\":\"fr-CH\"},{\"@type\":\"Organization\",\"@id\":\"https:\/\/reloadbase.com\/nl-nl\/#organization\",\"name\":\"ReloadBase\",\"url\":\"https:\/\/reloadbase.com\/nl-nl\/\",\"logo\":{\"@type\":\"ImageObject\",\"inLanguage\":\"fr-CH\",\"@id\":\"https:\/\/reloadbase.com\/nl-nl\/#\/schema\/logo\/image\/\",\"url\":\"https:\/\/reloadbase.com\/wp-content\/uploads\/2020\/05\/RELOADBASE01_Horizontal_Transparant.png\",\"contentUrl\":\"https:\/\/reloadbase.com\/wp-content\/uploads\/2020\/05\/RELOADBASE01_Horizontal_Transparant.png\",\"width\":17627,\"height\":2130,\"caption\":\"ReloadBase\"},\"image\":{\"@id\":\"https:\/\/reloadbase.com\/nl-nl\/#\/schema\/logo\/image\/\"},\"sameAs\":[\"https:\/\/www.facebook.com\/ReloadBase\/\",\"https:\/\/www.instagram.com\/reloadbase\/\"]}]}<\/script>\n<!-- \/ Yoast SEO plugin. -->","yoast_head_json":{"title":"Achetez votre carte-cadeau Netflix en ligne\u2713Prix le plus bas","description":"Achetez votre carte cadeau Netflix en ligne sur ReloadBase \u2713Paiements s\u00e9curis\u00e9s \u2713 Recevez votre code imm\u00e9diatement.","robots":{"index":"index","follow":"follow","max-snippet":"max-snippet:-1","max-image-preview":"max-image-preview:large","max-video-preview":"max-video-preview:-1"},"canonical":"https:\/\/reloadbase.com\/fr-ch\/carte-cadeau-netflix\/","og_locale":"fr_FR","og_type":"article","og_title":"Achetez votre carte-cadeau Netflix en ligne\u2713Prix le plus bas","og_description":"Achetez votre carte cadeau Netflix en ligne sur ReloadBase \u2713Paiements s\u00e9curis\u00e9s \u2713 Recevez votre code imm\u00e9diatement.","og_url":"https:\/\/reloadbase.com\/fr-ch\/carte-cadeau-netflix\/","og_site_name":"ReloadBase","article_publisher":"https:\/\/www.facebook.com\/ReloadBase\/","article_modified_time":"2021-12-10T09:10:33+00:00","twitter_card":"summary_large_image","twitter_misc":{"Est. reading time":"6 minutes"},"schema":{"@context":"https:\/\/schema.org","@graph":[{"@type":"WebPage","@id":"https:\/\/reloadbase.com\/fr-ch\/carte-cadeau-netflix\/","url":"https:\/\/reloadbase.com\/fr-ch\/carte-cadeau-netflix\/","name":"Achetez votre carte-cadeau Netflix en ligne\u2713Prix le plus bas","isPartOf":{"@id":"https:\/\/reloadbase.com\/nl-nl\/#website"},"datePublished":"2020-09-13T10:54:16+00:00","dateModified":"2021-12-10T09:10:33+00:00","description":"Achetez votre carte cadeau Netflix en ligne sur ReloadBase \u2713Paiements s\u00e9curis\u00e9s \u2713 Recevez votre code imm\u00e9diatement.","breadcrumb":{"@id":"https:\/\/reloadbase.com\/fr-ch\/carte-cadeau-netflix\/#breadcrumb"},"inLanguage":"fr-CH","potentialAction":[{"@type":"ReadAction","target":["https:\/\/reloadbase.com\/fr-ch\/carte-cadeau-netflix\/"]}]},{"@type":"BreadcrumbList","@id":"https:\/\/reloadbase.com\/fr-ch\/carte-cadeau-netflix\/#breadcrumb","itemListElement":[{"@type":"ListItem","position":1,"name":"Home","item":"https:\/\/reloadbase.com\/nl-nl\/"},{"@type":"ListItem","position":2,"name":"Carte-Cadeau Netflix"}]},{"@type":"WebSite","@id":"https:\/\/reloadbase.com\/nl-nl\/#website","url":"https:\/\/reloadbase.com\/nl-nl\/","name":"ReloadBase","description":"","publisher":{"@id":"https:\/\/reloadbase.com\/nl-nl\/#organization"},"potentialAction":[{"@type":"SearchAction","target":{"@type":"EntryPoint","urlTemplate":"https:\/\/reloadbase.com\/nl-nl\/?s={search_term_string}"},"query-input":{"@type":"PropertyValueSpecification","valueRequired":true,"valueName":"search_term_string"}}],"inLanguage":"fr-CH"},{"@type":"Organization","@id":"https:\/\/reloadbase.com\/nl-nl\/#organization","name":"ReloadBase","url":"https:\/\/reloadbase.com\/nl-nl\/","logo":{"@type":"ImageObject","inLanguage":"fr-CH","@id":"https:\/\/reloadbase.com\/nl-nl\/#\/schema\/logo\/image\/","url":"https:\/\/reloadbase.com\/wp-content\/uploads\/2020\/05\/RELOADBASE01_Horizontal_Transparant.png","contentUrl":"https:\/\/reloadbase.com\/wp-content\/uploads\/2020\/05\/RELOADBASE01_Horizontal_Transparant.png","width":17627,"height":2130,"caption":"ReloadBase"},"image":{"@id":"https:\/\/reloadbase.com\/nl-nl\/#\/schema\/logo\/image\/"},"sameAs":["https:\/\/www.facebook.com\/ReloadBase\/","https:\/\/www.instagram.com\/reloadbase\/"]}]}},"_links":{"self":[{"href":"https:\/\/reloadbase.com\/fr-ch\/wp-json\/wp\/v2\/pages\/24961","targetHints":{"allow":["GET"]}}],"collection":[{"href":"https:\/\/reloadbase.com\/fr-ch\/wp-json\/wp\/v2\/pages"}],"about":[{"href":"https:\/\/reloadbase.com\/fr-ch\/wp-json\/wp\/v2\/types\/page"}],"author":[{"embeddable":true,"href":"https:\/\/reloadbase.com\/fr-ch\/wp-json\/wp\/v2\/users\/3"}],"replies":[{"embeddable":true,"href":"https:\/\/reloadbase.com\/fr-ch\/wp-json\/wp\/v2\/comments?post=24961"}],"version-history":[{"count":2,"href":"https:\/\/reloadbase.com\/fr-ch\/wp-json\/wp\/v2\/pages\/24961\/revisions"}],"predecessor-version":[{"id":31771,"href":"https:\/\/reloadbase.com\/fr-ch\/wp-json\/wp\/v2\/pages\/24961\/revisions\/31771"}],"wp:attachment":[{"href":"https:\/\/reloadbase.com\/fr-ch\/wp-json\/wp\/v2\/media?parent=24961"}],"curies":[{"name":"wp","href":"https:\/\/api.w.org\/{rel}","templated":true}]}}