{"id":24942,"date":"2020-09-20T07:51:46","date_gmt":"2020-09-20T07:51:46","guid":{"rendered":"https:\/\/reloadbase.com\/carte-playstation-store\/"},"modified":"2021-12-10T09:35:59","modified_gmt":"2021-12-10T09:35:59","slug":"carte-playstation-store","status":"publish","type":"page","link":"https:\/\/reloadbase.com\/fr-ch\/carte-playstation-store\/","title":{"rendered":"Carte Playstation Store"},"content":{"rendered":"<div class=\"wpb-content-wrapper\">[vc_row css=&#8221;.vc_custom_1596808763792{padding-top: 60px !important;padding-bottom: 60px !important;}&#8221;][vc_column][vc_column_text]\n<pre class=\"breadcrumb\"><span><span><a href=\"https:\/\/reloadbase.com\/nl-nl\/\">Home<\/a><\/span><\/span><\/pre>\n[\/vc_column_text][vc_column_text]\n<h1>Acheter une carte Playstation Store<\/h1>\n<p><span style=\"font-weight: 400;\">Achetez une carte Playstation Store pour recharger facilement votre cr\u00e9dit. Acc\u00e9dez au mode multijoueur pour vos jeux et \u00e0 une grande biblioth\u00e8que de jeux NES et Super NES. Un abonnement Nintendo vous aide \u00e0 contr\u00f4ler les d\u00e9penses ind\u00e9sirables des renouvellements automatiques. Pas besoin de lier (ni m\u00eame d&#8217;avoir) une carte de cr\u00e9dit! De plus, nous vous enverrons imm\u00e9diatement un code \u00e9changeable par mail. Vous pouvez jouer \u00e0 vos jeux pr\u00e9f\u00e9r\u00e9s en ligne en un rien de temps, comme Mario Party, Roblox, Tetris 99 ou tout autres jeux!<\/span>[\/vc_column_text][\/vc_column][\/vc_row][vc_row][vc_column]<div class=\"woocommerce columns-4 \"><\/div>[\/vc_column][\/vc_row][vc_row css=&#8221;.vc_custom_1596797300746{padding-bottom: 60px !important;}&#8221;][vc_column][vc_column_text css=&#8221;.vc_custom_1605127583855{padding-bottom: 20px !important;}&#8221;]\n<h2>Foires Aux Questions sur carte PSN<\/h2>\n[\/vc_column_text][vc_row_inner css=&#8221;.vc_custom_1596808708853{padding-bottom: 20px !important;}&#8221;][vc_column_inner width=&#8221;1\/2&#8243;][vc_column_text]\n<h3>Qu&#8217;est-ce qu&#8217;une carte PSN?<\/h3>\n<p><span style=\"font-weight: 400;\">La carte PSN (PlayStation Network Card) est une carte-cadeau en ligne avec laquelle vous pouvez recharger votre compte PSN. Avec les cr\u00e9dits sur votre compte, vous pouvez commander des produits sur le PlayStation Store, tels que de nouveaux jeux PlayStation ou des offres int\u00e9ressantes. Si vous n\u2019avez pas assez de cr\u00e9dit PSN sur votre compte, rechargez simplement avec une carte PlayStation.<\/span>[\/vc_column_text][\/vc_column_inner][vc_column_inner width=&#8221;1\/2&#8243;][vc_column_text]\n<h3>\u00c0 quoi puis-je utiliser ma carte PSN?<\/h3>\n<p><span style=\"font-weight: 400;\">Avec une carte PSN, vous pouvez facilement acheter des DLC, des modules compl\u00e9mentaires et des jeux PS4 sur PlayStation Store. Vous pouvez \u00e9galement acheter un abonnement PlayStation Now avec votre PlayStation Network Card, qui vous donne acc\u00e8s \u00e0 des centaines de jeux dans la biblioth\u00e8que PlayStation et donne acc\u00e8s des jeux \u00e0 la demande. Avec votre carte PSN, vous pouvez acheter un abonnement Spotify, avec lequel vous pouvez faire fusionn\u00e9s votre abonnement \u00e0 PlayStation Music et \u00e9couter votre musique pr\u00e9f\u00e9r\u00e9e en continu. Enfin, vous pouvez \u00e9galement utiliser votre carte PlayStation 4 pour acheter des cr\u00e9dits de jeu, tels que Fortnite V-Bucks.<\/span>[\/vc_column_text][\/vc_column_inner][\/vc_row_inner][vc_row_inner css=&#8221;.vc_custom_1596808716232{padding-bottom: 20px !important;}&#8221;][vc_column_inner width=&#8221;1\/2&#8243;][vc_column_text]\n<h3>De quel type de compte ai-je besoin pour utiliser mon code ?<\/h3>\n<p><span style=\"font-weight: 400;\">Vous avez besoin d&#8217;un compte PSN n\u00e9erlandais. Le code est sp\u00e9cifique au pays, vous ne pouvez donc l&#8217;utiliser qu&#8217;avec un compte PlayStation Network n\u00e9erlandais.<\/span>[\/vc_column_text][\/vc_column_inner][vc_column_inner width=&#8221;1\/2&#8243;][vc_column_text]\n<h3>Comment puis-je utiliser mon code PSN?<\/h3>\n<p><span style=\"font-weight: 400;\">Lorsque vous avez re\u00e7u le code par mail, vous pouvez l&#8217;utiliser sur votre PS4, PS3, PS Vita ou PSP. Suivez les instructions sur votre console ci-dessous:<\/span><\/p>\n<p>Voulez-vous utiliser votre code sur la PS4?<\/p>\n<ol>\n<li><span style=\"font-weight: 400;\">S\u00e9lectionnez votre compte utilisateur local<br \/>\n<\/span><\/li>\n<li><span style=\"font-weight: 400;\">Appuyez sur la touche haut de votre pav\u00e9 de commande pour ouvrir le menu \u00abFonctions\u00bb<br \/>\n<\/span><\/li>\n<li><span style=\"font-weight: 400;\">Allez dans \u00abParam\u00e8tres\u00bb, PlayStation Network, \u00abInformations sur le compte\u00bb, \u00abcompte\u00bb, \u00abAjouter de l&#8217;argent\u00bb et appuyez sur le bouton X.<br \/>\n<\/span><\/li>\n<li><span style=\"font-weight: 400;\">S\u00e9lectionnez \u00abUtiliser le code\u00bb.<br \/>\n<\/span><\/li>\n<li><span style=\"font-weight: 400;\">Entrez votre code \u00e0 12 chiffres et choisissez &#8220;Continuer&#8221;<\/span><\/li>\n<\/ol>\n<p>Voulez-vous utiliser votre code sur la PS3?<\/p>\n<ol>\n<li style=\"font-weight: 400;\"><span style=\"font-weight: 400;\">S\u00e9lectionnez votre compte d&#8217;utilisateur local ou connectez-vous<\/span><\/li>\n<li style=\"font-weight: 400;\"><span style=\"font-weight: 400;\">Faites d\u00e9filer vers le bas du menu de gauche dans PlayStation Store<\/span><\/li>\n<li style=\"font-weight: 400;\"><span style=\"font-weight: 400;\">S\u00e9lectionnez &#8220;Utiliser les codes&#8221;<\/span><\/li>\n<li style=\"font-weight: 400;\"><span style=\"font-weight: 400;\">Entrez votre code \u00e0 12 chiffres et choisissez \u00abContinuer\u00bb<\/span><\/li>\n<\/ol>\n<p>Voulez-vous utiliser votre code sur la PS Vita?<\/p>\n<ol>\n<li style=\"font-weight: 400;\"><span style=\"font-weight: 400;\">S\u00e9lectionnez votre compte d&#8217;utilisateur local ou connectez-vous<\/span><\/li>\n<li style=\"font-weight: 400;\"><span style=\"font-weight: 400;\">Ouvrez le PlayStation Store<\/span><\/li>\n<li style=\"font-weight: 400;\"><span style=\"font-weight: 400;\">Allez dans &#8220;Options&#8221; et s\u00e9lectionnez &#8220;Utiliser les codes&#8221;<\/span><\/li>\n<li style=\"font-weight: 400;\"><span style=\"font-weight: 400;\">Entrez votre code \u00e0 12 chiffres et choisissez \u00abContinuer\u00bb<\/span><\/li>\n<\/ol>\n<p>Voulez-vous utiliser votre code sur la PSP?<\/p>\n<ol>\n<li style=\"font-weight: 400;\"><span style=\"font-weight: 400;\">Acc\u00e9dez \u00e0 &#8220;Gestion de compte&#8221;<\/span><\/li>\n<li style=\"font-weight: 400;\"><span style=\"font-weight: 400;\">S\u00e9lectionnez &#8220;Utiliser les codes&#8221;<\/span><\/li>\n<li style=\"font-weight: 400;\"><span style=\"font-weight: 400;\">Entrez votre code \u00e0 12 chiffres et s\u00e9lectionnez \u00abContinuer\u00bb<\/span><\/li>\n<\/ol>\n<p>Utilisation du code via le site Web PlayStation?<\/p>\n<ol>\n<li style=\"font-weight: 400;\"><span style=\"font-weight: 400;\">Acc\u00e9dez \u00e0 <\/span><a href=\"http:\/\/store.sonyentertainmentnetwork.com\"><span style=\"font-weight: 400;\">http:\/\/store.sonyentertainmentnetwork.com<\/span><\/a><\/li>\n<li style=\"font-weight: 400;\"><span style=\"font-weight: 400;\">Connectez-vous avec vos identifiants de connexion, apr\u00e8s quoi vous verrez votre nom d&#8217;identification en ligne en haut \u00e0 droite. D\u00e9placez votre souris dessus, puis cliquez sur \u00abUtiliser le code\u00bb.<\/span><\/li>\n<li style=\"font-weight: 400;\"><span style=\"font-weight: 400;\">Entrez votre code PSN \u00e0 12 chiffres et cliquez sur \u00abContinuer\u00bb.<\/span><\/li>\n<\/ol>\n<p>Utilisation du code via le site Web de gestion de compte?<\/p>\n<ol>\n<li style=\"font-weight: 400;\"><span style=\"font-weight: 400;\">Acc\u00e9dez \u00e0 <\/span><a href=\"http:\/\/account.sonyentertainmentnetwork.com\"><span style=\"font-weight: 400;\">http:\/\/account.sonyentertainmentnetwork.com<\/span><\/a><\/li>\n<li style=\"font-weight: 400;\"><span style=\"font-weight: 400;\">Connectez-vous avec vos identifiants de connexion.<\/span><\/li>\n<li style=\"font-weight: 400;\"><span style=\"font-weight: 400;\">Dans la cat\u00e9gorie Compte, s\u00e9lectionnez \u00abUtiliser la carte pr\u00e9pay\u00e9e\u00bb.<\/span><\/li>\n<li style=\"font-weight: 400;\"><span style=\"font-weight: 400;\">Entrez maintenant le code PSN \u00e0 12 chiffres et cliquez sur \u00abContinuer\u00bb.<\/span><\/li>\n<\/ol>\n<p>Utilisation du code via l&#8217;application PlayStation?<\/p>\n<ol>\n<li style=\"font-weight: 400;\"><span style=\"font-weight: 400;\">Ouvrez l&#8217;application PlayStation sur votre appareil mobile.<\/span><\/li>\n<li style=\"font-weight: 400;\"><span style=\"font-weight: 400;\">Connectez-vous avec vos identifiants de connexion et appuyez sur \u00abStore\u00bb en haut \u00e0 gauche.<\/span><\/li>\n<li style=\"font-weight: 400;\"><span style=\"font-weight: 400;\">Vous acc\u00e9dez maintenant au PlayStation Store via le navigateur Internet. Dans le menu en haut, appuyez sur l&#8217;ic\u00f4ne \u00e0 droite.<\/span><\/li>\n<li style=\"font-weight: 400;\"><span style=\"font-weight: 400;\">S\u00e9lectionnez l&#8217;option \u00abUtiliser les codes\u00bb.<\/span><\/li>\n<li style=\"font-weight: 400;\"><span style=\"font-weight: 400;\">Entrez votre code PSN et choisissez l&#8217;option \u00abContinuer\u00bb.<\/span><\/li>\n<\/ol>\n<p>Utilisation du code via PlayStation TV?<\/p>\n<ol>\n<li style=\"font-weight: 400;\"><span style=\"font-weight: 400;\">Acc\u00e9dez au PlayStation Store sur votre PlayStation TV.<\/span><\/li>\n<li style=\"font-weight: 400;\"><span style=\"font-weight: 400;\">S\u00e9lectionnez l&#8217;option \u00abUtiliser le code\u00bb.<\/span><\/li>\n<li style=\"font-weight: 400;\"><span style=\"font-weight: 400;\">Entrez votre code PSN \u00e0 12 chiffres et choisissez l&#8217;option \u00abContinuer\u00bb.<\/span><\/li>\n<\/ol>\n[\/vc_column_text][\/vc_column_inner][\/vc_row_inner][vc_row_inner css=&#8221;.vc_custom_1596808716232{padding-bottom: 20px !important;}&#8221;][vc_column_inner width=&#8221;1\/2&#8243;][vc_column_text]\n<h3>Combien de temps ma carte PSN est-elle valable?<\/h3>\n<p>Vous devez \u00e9changer la carte PSN dans l&#8217;ann\u00e9e suivant l&#8217;activation. Lorsque le cr\u00e9dit est dans votre portefeuille PSN, il est valable ind\u00e9finiment. Alors utilisez votre cr\u00e9dit quand vous le souhaitez![\/vc_column_text][\/vc_column_inner][vc_column_inner width=&#8221;1\/2&#8243;][vc_column_text]\n<h3>Que sont les modules compl\u00e9mentaires dans le jeu?<\/h3>\n<p><span style=\"font-weight: 400;\">Un module compl\u00e9mentaire est un jeu existant. Par exemple, vous pouvez acheter du cr\u00e9dit en jeu pour des jeux PlayStation 4 sp\u00e9cifiques. Vous pouvez penser aux points FIFA, aux pi\u00e8ces Apex, aux points Call of Duty (points COD) et aux cartes GTA Shark. Un autre type d&#8217;add-on est le DLC (contenu t\u00e9l\u00e9chargeable). Un DLC vous permet d&#8217;acheter du contenu suppl\u00e9mentaire pour un jeu existant.<\/span>[\/vc_column_text][\/vc_column_inner][\/vc_row_inner][\/vc_column][\/vc_row]\n<\/div>","protected":false},"excerpt":{"rendered":"<p>[vc_row css=&#8221;.vc_custom_1596808763792{padding-top: 60px !important;padding-bottom: 60px !important;}&#8221;][vc_column][vc_column_text] [\/vc_column_text][vc_column_text] Acheter une carte Playstation Store Achetez une carte Playstation Store pour recharger facilement votre cr\u00e9dit. Acc\u00e9dez au mode&hellip;<\/p>\n","protected":false},"author":3,"featured_media":0,"parent":0,"menu_order":0,"comment_status":"closed","ping_status":"closed","template":"","meta":{"_acf_changed":false,"footnotes":""},"class_list":["post-24942","page","type-page","status-publish","hentry"],"acf":[],"yoast_head":"<!-- This site is optimized with the Yoast SEO plugin v24.4 - https:\/\/yoast.com\/wordpress\/plugins\/seo\/ -->\n<title>Acheter une carte PSN \u2713 Cartes de 5 ou 10 euros \u2713 Prix bas<\/title>\n<meta name=\"description\" content=\"Achetez votre carte cadeau PSN en ligne sur ReloadBase \u2713 paiement s\u00e9curis\u00e9 \u2713 vous recevrez votre code imm\u00e9diatement\" \/>\n<meta name=\"robots\" content=\"index, follow, max-snippet:-1, max-image-preview:large, max-video-preview:-1\" \/>\n<link rel=\"canonical\" href=\"https:\/\/reloadbase.com\/fr-ch\/carte-playstation-store\/\" \/>\n<meta property=\"og:locale\" content=\"fr_FR\" \/>\n<meta property=\"og:type\" content=\"article\" \/>\n<meta property=\"og:title\" content=\"Acheter une carte PSN \u2713 Cartes de 5 ou 10 euros \u2713 Prix bas\" \/>\n<meta property=\"og:description\" content=\"Achetez votre carte cadeau PSN en ligne sur ReloadBase \u2713 paiement s\u00e9curis\u00e9 \u2713 vous recevrez votre code imm\u00e9diatement\" \/>\n<meta property=\"og:url\" content=\"https:\/\/reloadbase.com\/fr-ch\/carte-playstation-store\/\" \/>\n<meta property=\"og:site_name\" content=\"ReloadBase\" \/>\n<meta property=\"article:publisher\" content=\"https:\/\/www.facebook.com\/ReloadBase\/\" \/>\n<meta property=\"article:modified_time\" content=\"2021-12-10T09:35:59+00:00\" \/>\n<meta name=\"twitter:card\" content=\"summary_large_image\" \/>\n<meta name=\"twitter:label1\" content=\"Est. reading time\" \/>\n\t<meta name=\"twitter:data1\" content=\"5 minutes\" \/>\n<script type=\"application\/ld+json\" class=\"yoast-schema-graph\">{\"@context\":\"https:\/\/schema.org\",\"@graph\":[{\"@type\":\"WebPage\",\"@id\":\"https:\/\/reloadbase.com\/fr-ch\/carte-playstation-store\/\",\"url\":\"https:\/\/reloadbase.com\/fr-ch\/carte-playstation-store\/\",\"name\":\"Acheter une carte PSN \u2713 Cartes de 5 ou 10 euros \u2713 Prix bas\",\"isPartOf\":{\"@id\":\"https:\/\/reloadbase.com\/nl-nl\/#website\"},\"datePublished\":\"2020-09-20T07:51:46+00:00\",\"dateModified\":\"2021-12-10T09:35:59+00:00\",\"description\":\"Achetez votre carte cadeau PSN en ligne sur ReloadBase \u2713 paiement s\u00e9curis\u00e9 \u2713 vous recevrez votre code imm\u00e9diatement\",\"breadcrumb\":{\"@id\":\"https:\/\/reloadbase.com\/fr-ch\/carte-playstation-store\/#breadcrumb\"},\"inLanguage\":\"fr-CH\",\"potentialAction\":[{\"@type\":\"ReadAction\",\"target\":[\"https:\/\/reloadbase.com\/fr-ch\/carte-playstation-store\/\"]}]},{\"@type\":\"BreadcrumbList\",\"@id\":\"https:\/\/reloadbase.com\/fr-ch\/carte-playstation-store\/#breadcrumb\",\"itemListElement\":[{\"@type\":\"ListItem\",\"position\":1,\"name\":\"Home\",\"item\":\"https:\/\/reloadbase.com\/nl-nl\/\"},{\"@type\":\"ListItem\",\"position\":2,\"name\":\"Carte Playstation Store\"}]},{\"@type\":\"WebSite\",\"@id\":\"https:\/\/reloadbase.com\/nl-nl\/#website\",\"url\":\"https:\/\/reloadbase.com\/nl-nl\/\",\"name\":\"ReloadBase\",\"description\":\"\",\"publisher\":{\"@id\":\"https:\/\/reloadbase.com\/nl-nl\/#organization\"},\"potentialAction\":[{\"@type\":\"SearchAction\",\"target\":{\"@type\":\"EntryPoint\",\"urlTemplate\":\"https:\/\/reloadbase.com\/nl-nl\/?s={search_term_string}\"},\"query-input\":{\"@type\":\"PropertyValueSpecification\",\"valueRequired\":true,\"valueName\":\"search_term_string\"}}],\"inLanguage\":\"fr-CH\"},{\"@type\":\"Organization\",\"@id\":\"https:\/\/reloadbase.com\/nl-nl\/#organization\",\"name\":\"ReloadBase\",\"url\":\"https:\/\/reloadbase.com\/nl-nl\/\",\"logo\":{\"@type\":\"ImageObject\",\"inLanguage\":\"fr-CH\",\"@id\":\"https:\/\/reloadbase.com\/nl-nl\/#\/schema\/logo\/image\/\",\"url\":\"https:\/\/reloadbase.com\/wp-content\/uploads\/2020\/05\/RELOADBASE01_Horizontal_Transparant.png\",\"contentUrl\":\"https:\/\/reloadbase.com\/wp-content\/uploads\/2020\/05\/RELOADBASE01_Horizontal_Transparant.png\",\"width\":17627,\"height\":2130,\"caption\":\"ReloadBase\"},\"image\":{\"@id\":\"https:\/\/reloadbase.com\/nl-nl\/#\/schema\/logo\/image\/\"},\"sameAs\":[\"https:\/\/www.facebook.com\/ReloadBase\/\",\"https:\/\/www.instagram.com\/reloadbase\/\"]}]}<\/script>\n<!-- \/ Yoast SEO plugin. -->","yoast_head_json":{"title":"Acheter une carte PSN \u2713 Cartes de 5 ou 10 euros \u2713 Prix bas","description":"Achetez votre carte cadeau PSN en ligne sur ReloadBase \u2713 paiement s\u00e9curis\u00e9 \u2713 vous recevrez votre code imm\u00e9diatement","robots":{"index":"index","follow":"follow","max-snippet":"max-snippet:-1","max-image-preview":"max-image-preview:large","max-video-preview":"max-video-preview:-1"},"canonical":"https:\/\/reloadbase.com\/fr-ch\/carte-playstation-store\/","og_locale":"fr_FR","og_type":"article","og_title":"Acheter une carte PSN \u2713 Cartes de 5 ou 10 euros \u2713 Prix bas","og_description":"Achetez votre carte cadeau PSN en ligne sur ReloadBase \u2713 paiement s\u00e9curis\u00e9 \u2713 vous recevrez votre code imm\u00e9diatement","og_url":"https:\/\/reloadbase.com\/fr-ch\/carte-playstation-store\/","og_site_name":"ReloadBase","article_publisher":"https:\/\/www.facebook.com\/ReloadBase\/","article_modified_time":"2021-12-10T09:35:59+00:00","twitter_card":"summary_large_image","twitter_misc":{"Est. reading time":"5 minutes"},"schema":{"@context":"https:\/\/schema.org","@graph":[{"@type":"WebPage","@id":"https:\/\/reloadbase.com\/fr-ch\/carte-playstation-store\/","url":"https:\/\/reloadbase.com\/fr-ch\/carte-playstation-store\/","name":"Acheter une carte PSN \u2713 Cartes de 5 ou 10 euros \u2713 Prix bas","isPartOf":{"@id":"https:\/\/reloadbase.com\/nl-nl\/#website"},"datePublished":"2020-09-20T07:51:46+00:00","dateModified":"2021-12-10T09:35:59+00:00","description":"Achetez votre carte cadeau PSN en ligne sur ReloadBase \u2713 paiement s\u00e9curis\u00e9 \u2713 vous recevrez votre code imm\u00e9diatement","breadcrumb":{"@id":"https:\/\/reloadbase.com\/fr-ch\/carte-playstation-store\/#breadcrumb"},"inLanguage":"fr-CH","potentialAction":[{"@type":"ReadAction","target":["https:\/\/reloadbase.com\/fr-ch\/carte-playstation-store\/"]}]},{"@type":"BreadcrumbList","@id":"https:\/\/reloadbase.com\/fr-ch\/carte-playstation-store\/#breadcrumb","itemListElement":[{"@type":"ListItem","position":1,"name":"Home","item":"https:\/\/reloadbase.com\/nl-nl\/"},{"@type":"ListItem","position":2,"name":"Carte Playstation Store"}]},{"@type":"WebSite","@id":"https:\/\/reloadbase.com\/nl-nl\/#website","url":"https:\/\/reloadbase.com\/nl-nl\/","name":"ReloadBase","description":"","publisher":{"@id":"https:\/\/reloadbase.com\/nl-nl\/#organization"},"potentialAction":[{"@type":"SearchAction","target":{"@type":"EntryPoint","urlTemplate":"https:\/\/reloadbase.com\/nl-nl\/?s={search_term_string}"},"query-input":{"@type":"PropertyValueSpecification","valueRequired":true,"valueName":"search_term_string"}}],"inLanguage":"fr-CH"},{"@type":"Organization","@id":"https:\/\/reloadbase.com\/nl-nl\/#organization","name":"ReloadBase","url":"https:\/\/reloadbase.com\/nl-nl\/","logo":{"@type":"ImageObject","inLanguage":"fr-CH","@id":"https:\/\/reloadbase.com\/nl-nl\/#\/schema\/logo\/image\/","url":"https:\/\/reloadbase.com\/wp-content\/uploads\/2020\/05\/RELOADBASE01_Horizontal_Transparant.png","contentUrl":"https:\/\/reloadbase.com\/wp-content\/uploads\/2020\/05\/RELOADBASE01_Horizontal_Transparant.png","width":17627,"height":2130,"caption":"ReloadBase"},"image":{"@id":"https:\/\/reloadbase.com\/nl-nl\/#\/schema\/logo\/image\/"},"sameAs":["https:\/\/www.facebook.com\/ReloadBase\/","https:\/\/www.instagram.com\/reloadbase\/"]}]}},"_links":{"self":[{"href":"https:\/\/reloadbase.com\/fr-ch\/wp-json\/wp\/v2\/pages\/24942","targetHints":{"allow":["GET"]}}],"collection":[{"href":"https:\/\/reloadbase.com\/fr-ch\/wp-json\/wp\/v2\/pages"}],"about":[{"href":"https:\/\/reloadbase.com\/fr-ch\/wp-json\/wp\/v2\/types\/page"}],"author":[{"embeddable":true,"href":"https:\/\/reloadbase.com\/fr-ch\/wp-json\/wp\/v2\/users\/3"}],"replies":[{"embeddable":true,"href":"https:\/\/reloadbase.com\/fr-ch\/wp-json\/wp\/v2\/comments?post=24942"}],"version-history":[{"count":2,"href":"https:\/\/reloadbase.com\/fr-ch\/wp-json\/wp\/v2\/pages\/24942\/revisions"}],"predecessor-version":[{"id":31809,"href":"https:\/\/reloadbase.com\/fr-ch\/wp-json\/wp\/v2\/pages\/24942\/revisions\/31809"}],"wp:attachment":[{"href":"https:\/\/reloadbase.com\/fr-ch\/wp-json\/wp\/v2\/media?parent=24942"}],"curies":[{"name":"wp","href":"https:\/\/api.w.org\/{rel}","templated":true}]}}