{"id":24933,"date":"2020-09-27T16:59:34","date_gmt":"2020-09-27T16:59:34","guid":{"rendered":"https:\/\/reloadbase.com\/carte-prepayee-neosurf\/"},"modified":"2022-01-11T11:21:48","modified_gmt":"2022-01-11T11:21:48","slug":"carte-prepayee-neosurf","status":"publish","type":"page","link":"https:\/\/reloadbase.com\/fr-ch\/carte-prepayee-neosurf\/","title":{"rendered":"Carte pr\u00e9pay\u00e9e Neosurf"},"content":{"rendered":"<div class=\"wpb-content-wrapper\">[vc_section el_class=&#8221;rb-stage&#8221;][vc_row thb_full_width=&#8221;true&#8221; thb_row_padding=&#8221;true&#8221; el_class=&#8221;rb-stage__image&#8221;][vc_column][thb_image full_width=&#8221;true&#8221; image=&#8221;25999&#8243;][\/thb_image][\/vc_column][\/vc_row][vc_row el_class=&#8221;rb-stage-container&#8221;][vc_column el_class=&#8221;rb-stage__content&#8221;][vc_column_text el_class=&#8221;rb-podium__text&#8221;]\n<h1>Achetez votre Carte Pr\u00e9pay\u00e9e Neosurf en ligne<\/h1>\n<p><a href=\"https:\/\/www.google.com\/search?q=reloadbase&amp;oq=reloadbase&amp;aqs=chrome..69i57j46i10i175i199j0i5i30j69i60l5.4004j0j7&amp;sourceid=chrome&amp;ie=UTF-8#lrd=0x47c60941f0a9e527:0xd2fa1ceff82f3fb0,1,,,\" target=\"_blank\" rel=\"noopener\"><i class=\"fas fa-star\"><\/i><i class=\"fas fa-star\"><\/i><i class=\"fas fa-star\"><\/i><i class=\"fas fa-star\"><\/i><i class=\"fas fa-star\"><\/i> \u2022 5\/5<\/a><\/p>\n<p>Neosurf est un moyen simple, s\u00fbre pour les paiements et de jeu en ligne avec de l\u2019argent. Neosurf propose, en plus de Paysafecard et CASHlib, un moyen de payer facilement et en toute s\u00e9curit\u00e9 en esp\u00e8ces sans divulguer vos informations personnelles. Neosurf est l&#8217;une des nombreuses cartes pr\u00e9pay\u00e9es qui peuvent \u00eatre utilis\u00e9es pour effectuer des achats en ligne. Neosurf se concentre principalement sur les pays africains, mais est \u00e9galement disponible et disponible dans les pays europ\u00e9ens et en Nouvelle-Z\u00e9lande. De plus en plus de personnes du monde entier choisissent donc de payer en ligne avec les bons Neosurf. Et peuvent \u00eatre activer imm\u00e9diatement. De plus, vous gagnez des Neomiles \u00e0 chaque achat. Recharge Neosurf facilement avec ReloadBase maintenant![\/vc_column_text][\/vc_column][\/vc_row][\/vc_section][vc_row thb_full_width=&#8221;true&#8221; thb_row_padding=&#8221;true&#8221; css=&#8221;.vc_custom_1631696532646{padding-top: 20px !important;}&#8221;][vc_column offset=&#8221;vc_hidden-lg&#8221;][thb_image full_width=&#8221;true&#8221; image=&#8221;26012&#8243;][\/thb_image][vc_column_text el_class=&#8221;rb-podium__text&#8221;]\n<h1>Achetez votre Carte Pr\u00e9pay\u00e9e Neosurf en ligne<\/h1>\n[\/vc_column_text][vc_column_text el_class=&#8221;rb-podium__text&#8221;]<a href=\"https:\/\/www.google.com\/search?q=reloadbase&amp;oq=reloadbase&amp;aqs=chrome..69i57j46i10i175i199j0i5i30j69i60l5.4004j0j7&amp;sourceid=chrome&amp;ie=UTF-8#lrd=0x47c60941f0a9e527:0xd2fa1ceff82f3fb0,1,,,\" target=\"_blank\" rel=\"noopener\"><i class=\"fas fa-star\"><\/i><i class=\"fas fa-star\"><\/i><i class=\"fas fa-star\"><\/i><i class=\"fas fa-star\"><\/i><i class=\"fas fa-star\"><\/i> \u2022 5\/5<\/a>[\/vc_column_text][vc_tta_accordion style=&#8221;flat&#8221; shape=&#8221;square&#8221; color=&#8221;white&#8221; c_icon=&#8221;chevron&#8221; c_position=&#8221;right&#8221; active_section=&#8221;99&#8243; no_fill=&#8221;true&#8221; collapsible_all=&#8221;true&#8221;][vc_tta_section title=&#8221;Plus de Info&#8221; tab_id=&#8221;entrez-neosurf&#8221;][vc_column_text]Neosurf est un moyen simple, s\u00fbre pour les paiements et de jeu en ligne avec de l\u2019argent.\u00a0Neosurf\u00a0propose, en plus de Paysafecard et CASHlib, un moyen de payer facilement et en toute s\u00e9curit\u00e9 en esp\u00e8ces sans divulguer vos informations personnelles. Neosurf\u00a0se concentre principalement sur les pays africains, mais est \u00e9galement disponible et disponible dans les pays europ\u00e9ens et en Nouvelle-Z\u00e9lande. De plus en plus de personnes du monde entier choisissent donc de payer en ligne avec les bons Neosurf. Et peuvent \u00eatre activer imm\u00e9diatement. De plus, vous gagnez des Neomiles \u00e0 chaque achat.[\/vc_column_text][\/vc_tta_section][\/vc_tta_accordion][\/vc_column][\/vc_row][vc_row][vc_column width=&#8221;3\/4&#8243;][vc_column_text]\n<pre class=\"breadcrumb\"><span><span><a href=\"https:\/\/reloadbase.com\/nl-nl\/\">Home<\/a><\/span><\/span><\/pre>\n[\/vc_column_text][vc_column_text el_class=&#8221;ofc-reseller&#8221;]<img loading=\"lazy\" decoding=\"async\" class=\"ofc-reseller__img alignleft wp-image-28928\" src=\"https:\/\/reloadbase.com\/wp-content\/uploads\/2021\/10\/correct-300x300.png\" alt=\"\" width=\"19\" height=\"19\" \/>ReloadBase est un d\u00e9taillant en ligne officiel qui prot\u00e8ge votre vie priv\u00e9e.[\/vc_column_text]<div class=\"woocommerce columns-4 \"><\/div>[\/vc_column][vc_column width=&#8221;1\/4&#8243;][vc_column_text el_class=&#8221;pop-usp&#8221;]<i class=\"fas fa-check\" style=\"color: #e7690c;\">\u00a0<\/i><strong>Livr\u00e9 imm\u00e9diatement<\/strong><br \/>\nVous recevrez le code imm\u00e9diatement par e-mail, afin que vous puissiez utiliser le cr\u00e9dit imm\u00e9diatement.[\/vc_column_text][vc_column_text el_class=&#8221;pop-usp&#8221;]<i class=\"fas fa-check\" style=\"color: #e7690c;\">\u00a0<\/i><strong> Paiement s\u00e9curis\u00e9<\/strong><br \/>\nPayez en toute s\u00e9curit\u00e9 et rapidement avec le choix Carte bancaire et PayPal.[\/vc_column_text][\/vc_column][\/vc_row][vc_row css=&#8221;.vc_custom_1596797300746{padding-bottom: 60px !important;}&#8221;][vc_column][vc_column_text css=&#8221;.vc_custom_1605173968667{padding-bottom: 20px !important;}&#8221;]\n<h2>Foire Aux Questions sur Carte Pr\u00e9pay\u00e9e Neosurf<\/h2>\n[\/vc_column_text][vc_row_inner css=&#8221;.vc_custom_1596808708853{padding-bottom: 20px !important;}&#8221;][vc_column_inner][vc_column_text]\n<h3>Comment fonctionne Neosurf en ligne?<\/h3>\n<p>Puisque Neosurf en ligne est l&#8217;une des cartes pr\u00e9pay\u00e9es, recharge Neosurf vous permet de facilement payer en ligne sans avoir \u00e0 fournir votre carte de cr\u00e9dit ou d\u2019autres donn\u00e9es personnelles. Vous pouvez facilement acheter dans un point de vente tel qu\u2019un kiosque ou en ligne. Vous \u00e9changez votre argent contre un code PIN Neosurf, qui est imprim\u00e9 sur le bon. Vous pouvez utiliser ce code PIN en ligne dans des milliers de magasins pour payer en ligne.<\/p>\n<p>Le bon a un certain montant et l\u2019acheteur peut effectuer des achats jusqu\u2019au montant indiquer sur le bon. Toute valeur non utilis\u00e9e restera sur le bon pour une utilisation future. Neosurf en ligne facilite l\u2019achat d\u2019articles de faible valeur tels que les services mobiles, les sonneries, les jeux mobiles, les jeux en ligne, la musique, les photos et les cadeaux.[\/vc_column_text][vc_column_text]\n<h3>Comment puis-je v\u00e9rifier le solde de mon ticket Neosurf?<\/h3>\n<p><span style=\"font-weight: 400;\">Depuis cette page, vous pouvez voir le solde de votre cr\u00e9dit Neosurf: <\/span><a href=\"https:\/\/www.neosurf.com\/fr_FR\/pincode\/menu\/\" target=\"_blank\" rel=\"nofollow noopener noreferrer\"><span style=\"font-weight: 400;\">www.neosurf.com\/fr_FR\/pincode\/menu.<\/span><\/a><\/p>\n<p>Avec ticket Nesosurf, vous pouvez effectuer des achats dans un grand nombre de magasins tels que VOIP Buster, VoiceTrading et Equideow.[\/vc_column_text][\/vc_column_inner][\/vc_row_inner][vc_row_inner css=&#8221;.vc_custom_1596808716232{padding-bottom: 20px !important;}&#8221;][vc_column_inner][vc_column_text]\n<h3>Comment fonctionne Neosurf?<\/h3>\n<p><span style=\"font-weight: 400;\">Comme moyen de paiement, recharge Neosurf vous permet de acheter de nombreux jeux en ligne et autres services, que vous trouverez sur Reloadbase. Vous recevrez un code par mail, et pourrez utiliser ce code comme moyen de paiement sur tout site Web qui accepte Neosurf. Il existe de nombreuses modes de paiement mais Neosurf est approuv\u00e9 par plus de 20,000 sites Web!\u00a0<\/span><\/p>\n<p>Vous pouvez trouver le ticket Neosurf dans de nombreux magasins. Tels que les magasins locaux, les supermarch\u00e9s, les stations-service, les marchands de journaux, les buralistes, les kiosques et les caf\u00e9s Internet.<\/p>\n<ol>\n<li>Rendez-vous au point de vente le plus proche. Rendez-vous sur <a href=\"https:\/\/www.neosurf.com\/fr_FR\/application\/findcard\" target=\"_blank\" rel=\"nofollow noopener noreferrer\">www.neosurf.com\/fr\/application\/findcard<\/a><a href=\"https:\/\/www.neosurf.com\/fr_FR\/application\/findcard\" target=\"_blank\" rel=\"nofollow noopener noreferrer\">.<\/a><\/li>\n<li>Demandez un bon d\u2019achat Neosurf de la valeur que vous voulez. Vous pouvez payer pour ce bon de contact. Vous recevrez ensuite un bon avec un code de bon Neosurf \u00e0 10 chiffres. Vous devez conserver ce code avec soin, car vous l\u2019utiliserez pour payer en ligne. C\u2019est le bon qui contient votre code et avec lequel vous pouvez acc\u00e9der \u00e0 des milliers de boutiques en ligne.<\/li>\n<li>Utilisez le code PIN pour payer en ligne sur plus d\u2019un millier de sites Web qui acceptent Neosurf.<\/li>\n<\/ol>\n<p>De plus, vous pouvez bien s\u00fbr acheter Neosurf en ligne, m\u00eame si vous n\u2019avez pas de carte de cr\u00e9dit![\/vc_column_text][vc_column_text]\n<h3>Combien de temps mon code Neosurf est-il valide?<\/h3>\n<p><span style=\"font-weight: 400;\">Comme la plupart des cartes pr\u00e9pay\u00e9es, le code d\u2019achat est valable pendant 1 an. Apr\u00e8s, la carte sera invalide.\u00a0<\/span><\/p>\n<p>Vous pouvez utiliser votre ticket Neosurf autant que vous le souhaitez, jusqu&#8217;\u00e0 ce que votre solde soit compl\u00e8tement \u00e9puis\u00e9. Il n&#8217;est pas possible de recharger votre carte Neosurf. Cependant, le solde restant sur votre carte est toujours transf\u00e9rable sur une autre carte.<\/p>\n<p>Vous pouvez joindre leur service client\u00e8le via leur <a href=\"https:\/\/www.neosurf.com\/fr_FR\/support\/client\">site web<\/a>.[\/vc_column_text][\/vc_column_inner][\/vc_row_inner][vc_row_inner css=&#8221;.vc_custom_1605173798849{padding-bottom: 20px !important;}&#8221;][vc_column_inner][vc_column_text]\n<h3>Quelles sont les utilisations de ticket Neosurf?<\/h3>\n<p><span style=\"font-weight: 400;\">Recharge Neosurf peut \u00eatre utilis\u00e9e pour les jeux, ou pour recharger vos cartes de cr\u00e9dit pr\u00e9pay\u00e9es et payer avec neosurf pour achats en ligne. Vous trouverez ici plus d&#8217;informations sur les partenaires Neosurf o\u00f9 vous pouvez payer avec votre carte: <\/span><a href=\"https:\/\/www.neosurf.com\/fr_FR\/application\/merchant-gallery\" target=\"_blank\" rel=\"nofollow noopener noreferrer\"><span style=\"font-weight: 400;\">www.neosurf.com\/fr_FR\/application\/merchant-gallery<\/span><\/a><span style=\"font-weight: 400;\">\u00a0<\/span>[\/vc_column_text][vc_column_text]\n<h3>Puis-je utiliser mon code Neosurf pour effectuer plusieurs achats?<\/h3>\n<p><span style=\"font-weight: 400;\">Vous pouvez utiliser le code Neosurf pour effectuer autant d&#8217;achats que vous le souhaitez, \u00e0 condition qu&#8217;il y ait suffisamment de cr\u00e9dit sur votre carte. Il est \u00e9galement possible de transf\u00e9rer du cr\u00e9dit de votre carte Neosurf vers une autre.<\/span>[\/vc_column_text][\/vc_column_inner][\/vc_row_inner][vc_row_inner css=&#8221;.vc_custom_1605173803866{padding-bottom: 20px !important;}&#8221;][vc_column_inner][vc_column_text]\n<h3>Comment puis-je payer avec un code Neosurf?<\/h3>\n<p><span style=\"font-weight: 400;\">Apr\u00e8s avoir re\u00e7u le code, vous pouvez l&#8217;utiliser imm\u00e9diatement! Il n&#8217;est donc pas n\u00e9cessaire de l&#8217;activer. L&#8217;utilisation du code est tr\u00e8s simple, s\u00e9lectionnez Neosurf comme mode de paiement lors de l&#8217;achat aupr\u00e8s d&#8217;un partenaire Neosurf, puis saisissez le code et le montant de votre achat sera d\u00e9duit de la valeur totale de votre code Neosurf.<\/span>[\/vc_column_text][vc_column_text]\n<h3>Vous trouverez ci-dessous un aper\u00e7u des cartes pr\u00e9pay\u00e9e que nous proposons \u00e0 un prix abordable:<\/h3>\n<ul>\n<li><a href=\"https:\/\/reloadbase.com\/fr-ch\/carte-prepayee-cashu\/\">Carte pr\u00e9pay\u00e9e CASHU<\/a><\/li>\n<li><a href=\"https:\/\/reloadbase.com\/fr-ch\/crypto-voucher\/\">Crypto Voucher<\/a><\/li>\n<li><a href=\"https:\/\/reloadbase.com\/fr-ch\/les-bons-bitnovo\/\">Les bons Bitnovo<\/a><\/li>\n<li><a href=\"https:\/\/reloadbase.com\/fr-ch\/les-bons-cashlib\/\">Les bons CASHlib<\/a><\/li>\n<li><a href=\"https:\/\/reloadbase.com\/fr-ch\/mastercard-prepayee\/\">Mastercard Pr\u00e9pay\u00e9e<\/a><\/li>\n<li><a href=\"https:\/\/reloadbase.com\/fr-ch\/paysafecard\/\">Paysafecard<\/a><\/li>\n<li><a href=\"https:\/\/reloadbase.com\/fr-ch\/ticket-premium-voucher\/\">Ticket Premium<\/a><\/li>\n<\/ul>\n[\/vc_column_text][\/vc_column_inner][\/vc_row_inner][\/vc_column][\/vc_row][vc_row][vc_column][vc_column_text]\n<h4 style=\"font-size: 28px;\">Voir plus<\/h4>\n[\/vc_column_text][\/vc_column][vc_column width=&#8221;1\/6&#8243;][vc_cta h2=&#8221;&#8221; el_class=&#8221;borderedBox&#8211;shadowMedium products&#8221;]<a href=\"https:\/\/reloadbase.com\/fr-ch\/ticket-premium-voucher\/\"><img loading=\"lazy\" decoding=\"async\" class=\"wp-image-13250 size-full aligncenter\" src=\"https:\/\/reloadbase.com\/wp-content\/uploads\/2020\/11\/Ticket-Premium-1-300x300.png\" alt=\"Ticket Premium\" width=\"300\" height=\"207\" \/><\/a><\/p>\n<h4 style=\"text-align: center;\">Ticket Premium<\/h4>\n[\/vc_cta][\/vc_column][vc_column width=&#8221;1\/6&#8243;][vc_cta h2=&#8221;&#8221; el_class=&#8221;borderedBox&#8211;shadowMedium products&#8221;]<a href=\"https:\/\/reloadbase.com\/fr-ch\/carte-prepayee-cashu\/\"><img loading=\"lazy\" decoding=\"async\" class=\"wp-image-13250 size-full aligncenter\" src=\"https:\/\/reloadbase.com\/wp-content\/uploads\/2020\/11\/CASHU-300x300.png\" alt=\"Cashu\" width=\"300\" height=\"207\" \/><\/a><\/p>\n<h4 style=\"text-align: center;\">Cashu<\/h4>\n[\/vc_cta][\/vc_column][vc_column width=&#8221;1\/6&#8243;][vc_cta h2=&#8221;&#8221; el_class=&#8221;borderedBox&#8211;shadowMedium products&#8221;]<a href=\"https:\/\/reloadbase.com\/fr-ch\/paysafecard\/\"><img loading=\"lazy\" decoding=\"async\" class=\"wp-image-13240 size-full aligncenter\" src=\"https:\/\/reloadbase.com\/wp-content\/uploads\/2020\/12\/paysafecard.png\" alt=\"paysafecard\" width=\"300\" height=\"217\" \/><\/a><\/p>\n<h4 style=\"text-align: center;\">paysafecard<\/h4>\n[\/vc_cta][\/vc_column][vc_column width=&#8221;1\/6&#8243;][vc_cta h2=&#8221;&#8221; el_class=&#8221;borderedBox&#8211;shadowMedium products&#8221;]<a href=\"https:\/\/reloadbase.com\/fr-ch\/les-bons-bitnovo\/\"><img loading=\"lazy\" decoding=\"async\" class=\"wp-image-13250 size-full aligncenter\" src=\"https:\/\/reloadbase.com\/wp-content\/uploads\/2020\/11\/bitnovo-voucher-300x300.png\" alt=\"Bitnovo voucher\" width=\"300\" height=\"207\" \/><\/a><\/p>\n<h4 style=\"text-align: center;\">Bitnovo voucher<\/h4>\n[\/vc_cta][\/vc_column][vc_column width=&#8221;1\/6&#8243;][vc_cta h2=&#8221;&#8221; el_class=&#8221;borderedBox&#8211;shadowMedium products&#8221;]<a href=\"https:\/\/reloadbase.com\/fr-ch\/les-bons-cashlib\/\"><img loading=\"lazy\" decoding=\"async\" class=\"wp-image-13250 size-full aligncenter\" src=\"https:\/\/reloadbase.com\/wp-content\/uploads\/2020\/11\/CASHlib-voucher-300x300.png\" alt=\"Cashlib\" width=\"300\" height=\"207\" \/><\/a><\/p>\n<h4 style=\"text-align: center;\">Cashlib<\/h4>\n[\/vc_cta][\/vc_column][vc_column width=&#8221;1\/6&#8243;][vc_cta h2=&#8221;&#8221; el_class=&#8221;borderedBox&#8211;shadowMedium products&#8221;]<a href=\"https:\/\/reloadbase.com\/fr-ch\/crypto-voucher\/\"><img loading=\"lazy\" decoding=\"async\" class=\"wp-image-13250 size-full aligncenter\" src=\"https:\/\/reloadbase.com\/wp-content\/uploads\/2020\/11\/Crypto-Voucher-300x300.png\" alt=\"Crypto Voucher\" width=\"300\" height=\"207\" \/><\/a><\/p>\n<h4 style=\"text-align: center;\">Crypto Voucher<\/h4>\n[\/vc_cta][\/vc_column][\/vc_row]\n<\/div>","protected":false},"excerpt":{"rendered":"<p>[vc_section el_class=&#8221;rb-stage&#8221;][vc_row thb_full_width=&#8221;true&#8221; thb_row_padding=&#8221;true&#8221; el_class=&#8221;rb-stage__image&#8221;][vc_column][thb_image full_width=&#8221;true&#8221; image=&#8221;25999&#8243;][\/thb_image][\/vc_column][\/vc_row][vc_row el_class=&#8221;rb-stage-container&#8221;][vc_column el_class=&#8221;rb-stage__content&#8221;][vc_column_text el_class=&#8221;rb-podium__text&#8221;] Achetez votre Carte Pr\u00e9pay\u00e9e Neosurf en ligne \u2022 5\/5 Neosurf est un moyen simple, s\u00fbre&hellip;<\/p>\n","protected":false},"author":3,"featured_media":26032,"parent":0,"menu_order":0,"comment_status":"closed","ping_status":"closed","template":"","meta":{"_acf_changed":false,"footnotes":""},"class_list":["post-24933","page","type-page","status-publish","has-post-thumbnail","hentry"],"acf":[],"yoast_head":"<!-- This site is optimized with the Yoast SEO plugin v24.4 - https:\/\/yoast.com\/wordpress\/plugins\/seo\/ -->\n<title>Recharge Neosurf | Acheter une carte en ligne d\u00e9s 10 \u20ac<\/title>\n<meta name=\"description\" content=\"Achetez votre carte Neosurf en ligne sur ReloadBase \u2713 Paiement s\u00e9curis\u00e9 \u2713 Recevez votre code imm\u00e9diatement\" \/>\n<meta name=\"robots\" content=\"index, follow, max-snippet:-1, max-image-preview:large, max-video-preview:-1\" \/>\n<link rel=\"canonical\" href=\"https:\/\/reloadbase.com\/fr-ch\/carte-prepayee-neosurf\/\" \/>\n<meta property=\"og:locale\" content=\"fr_FR\" \/>\n<meta property=\"og:type\" content=\"article\" \/>\n<meta property=\"og:title\" content=\"Recharge Neosurf | Acheter une carte en ligne d\u00e9s 10 \u20ac\" \/>\n<meta property=\"og:description\" content=\"Achetez votre carte Neosurf en ligne sur ReloadBase \u2713 Paiement s\u00e9curis\u00e9 \u2713 Recevez votre code imm\u00e9diatement\" \/>\n<meta property=\"og:url\" content=\"https:\/\/reloadbase.com\/fr-ch\/carte-prepayee-neosurf\/\" \/>\n<meta property=\"og:site_name\" content=\"ReloadBase\" \/>\n<meta property=\"article:publisher\" content=\"https:\/\/www.facebook.com\/ReloadBase\/\" \/>\n<meta property=\"article:modified_time\" content=\"2022-01-11T11:21:48+00:00\" \/>\n<meta property=\"og:image\" content=\"https:\/\/reloadbase.com\/wp-content\/uploads\/2021\/07\/reloadbase-neosurf.png\" \/>\n\t<meta property=\"og:image:width\" content=\"1026\" \/>\n\t<meta property=\"og:image:height\" content=\"648\" \/>\n\t<meta property=\"og:image:type\" content=\"image\/png\" \/>\n<meta name=\"twitter:card\" content=\"summary_large_image\" \/>\n<meta name=\"twitter:label1\" content=\"Est. reading time\" \/>\n\t<meta name=\"twitter:data1\" content=\"8 minutes\" \/>\n<script type=\"application\/ld+json\" class=\"yoast-schema-graph\">{\"@context\":\"https:\/\/schema.org\",\"@graph\":[{\"@type\":\"WebPage\",\"@id\":\"https:\/\/reloadbase.com\/fr-ch\/carte-prepayee-neosurf\/\",\"url\":\"https:\/\/reloadbase.com\/fr-ch\/carte-prepayee-neosurf\/\",\"name\":\"Recharge Neosurf | Acheter une carte en ligne d\u00e9s 10 \u20ac\",\"isPartOf\":{\"@id\":\"https:\/\/reloadbase.com\/nl-nl\/#website\"},\"primaryImageOfPage\":{\"@id\":\"https:\/\/reloadbase.com\/fr-ch\/carte-prepayee-neosurf\/#primaryimage\"},\"image\":{\"@id\":\"https:\/\/reloadbase.com\/fr-ch\/carte-prepayee-neosurf\/#primaryimage\"},\"thumbnailUrl\":\"https:\/\/reloadbase.com\/wp-content\/uploads\/2021\/07\/reloadbase-neosurf.png\",\"datePublished\":\"2020-09-27T16:59:34+00:00\",\"dateModified\":\"2022-01-11T11:21:48+00:00\",\"description\":\"Achetez votre carte Neosurf en ligne sur ReloadBase \u2713 Paiement s\u00e9curis\u00e9 \u2713 Recevez votre code imm\u00e9diatement\",\"breadcrumb\":{\"@id\":\"https:\/\/reloadbase.com\/fr-ch\/carte-prepayee-neosurf\/#breadcrumb\"},\"inLanguage\":\"fr-CH\",\"potentialAction\":[{\"@type\":\"ReadAction\",\"target\":[\"https:\/\/reloadbase.com\/fr-ch\/carte-prepayee-neosurf\/\"]}]},{\"@type\":\"ImageObject\",\"inLanguage\":\"fr-CH\",\"@id\":\"https:\/\/reloadbase.com\/fr-ch\/carte-prepayee-neosurf\/#primaryimage\",\"url\":\"https:\/\/reloadbase.com\/wp-content\/uploads\/2021\/07\/reloadbase-neosurf.png\",\"contentUrl\":\"https:\/\/reloadbase.com\/wp-content\/uploads\/2021\/07\/reloadbase-neosurf.png\",\"width\":1026,\"height\":648,\"caption\":\"Neosurf - Reloadbase\"},{\"@type\":\"BreadcrumbList\",\"@id\":\"https:\/\/reloadbase.com\/fr-ch\/carte-prepayee-neosurf\/#breadcrumb\",\"itemListElement\":[{\"@type\":\"ListItem\",\"position\":1,\"name\":\"Home\",\"item\":\"https:\/\/reloadbase.com\/nl-nl\/\"},{\"@type\":\"ListItem\",\"position\":2,\"name\":\"Carte pr\u00e9pay\u00e9e Neosurf\"}]},{\"@type\":\"WebSite\",\"@id\":\"https:\/\/reloadbase.com\/nl-nl\/#website\",\"url\":\"https:\/\/reloadbase.com\/nl-nl\/\",\"name\":\"ReloadBase\",\"description\":\"\",\"publisher\":{\"@id\":\"https:\/\/reloadbase.com\/nl-nl\/#organization\"},\"potentialAction\":[{\"@type\":\"SearchAction\",\"target\":{\"@type\":\"EntryPoint\",\"urlTemplate\":\"https:\/\/reloadbase.com\/nl-nl\/?s={search_term_string}\"},\"query-input\":{\"@type\":\"PropertyValueSpecification\",\"valueRequired\":true,\"valueName\":\"search_term_string\"}}],\"inLanguage\":\"fr-CH\"},{\"@type\":\"Organization\",\"@id\":\"https:\/\/reloadbase.com\/nl-nl\/#organization\",\"name\":\"ReloadBase\",\"url\":\"https:\/\/reloadbase.com\/nl-nl\/\",\"logo\":{\"@type\":\"ImageObject\",\"inLanguage\":\"fr-CH\",\"@id\":\"https:\/\/reloadbase.com\/nl-nl\/#\/schema\/logo\/image\/\",\"url\":\"https:\/\/reloadbase.com\/wp-content\/uploads\/2020\/05\/RELOADBASE01_Horizontal_Transparant.png\",\"contentUrl\":\"https:\/\/reloadbase.com\/wp-content\/uploads\/2020\/05\/RELOADBASE01_Horizontal_Transparant.png\",\"width\":17627,\"height\":2130,\"caption\":\"ReloadBase\"},\"image\":{\"@id\":\"https:\/\/reloadbase.com\/nl-nl\/#\/schema\/logo\/image\/\"},\"sameAs\":[\"https:\/\/www.facebook.com\/ReloadBase\/\",\"https:\/\/www.instagram.com\/reloadbase\/\"]}]}<\/script>\n<!-- \/ Yoast SEO plugin. -->","yoast_head_json":{"title":"Recharge Neosurf | Acheter une carte en ligne d\u00e9s 10 \u20ac","description":"Achetez votre carte Neosurf en ligne sur ReloadBase \u2713 Paiement s\u00e9curis\u00e9 \u2713 Recevez votre code imm\u00e9diatement","robots":{"index":"index","follow":"follow","max-snippet":"max-snippet:-1","max-image-preview":"max-image-preview:large","max-video-preview":"max-video-preview:-1"},"canonical":"https:\/\/reloadbase.com\/fr-ch\/carte-prepayee-neosurf\/","og_locale":"fr_FR","og_type":"article","og_title":"Recharge Neosurf | Acheter une carte en ligne d\u00e9s 10 \u20ac","og_description":"Achetez votre carte Neosurf en ligne sur ReloadBase \u2713 Paiement s\u00e9curis\u00e9 \u2713 Recevez votre code imm\u00e9diatement","og_url":"https:\/\/reloadbase.com\/fr-ch\/carte-prepayee-neosurf\/","og_site_name":"ReloadBase","article_publisher":"https:\/\/www.facebook.com\/ReloadBase\/","article_modified_time":"2022-01-11T11:21:48+00:00","og_image":[{"width":1026,"height":648,"url":"https:\/\/reloadbase.com\/wp-content\/uploads\/2021\/07\/reloadbase-neosurf.png","type":"image\/png"}],"twitter_card":"summary_large_image","twitter_misc":{"Est. reading time":"8 minutes"},"schema":{"@context":"https:\/\/schema.org","@graph":[{"@type":"WebPage","@id":"https:\/\/reloadbase.com\/fr-ch\/carte-prepayee-neosurf\/","url":"https:\/\/reloadbase.com\/fr-ch\/carte-prepayee-neosurf\/","name":"Recharge Neosurf | Acheter une carte en ligne d\u00e9s 10 \u20ac","isPartOf":{"@id":"https:\/\/reloadbase.com\/nl-nl\/#website"},"primaryImageOfPage":{"@id":"https:\/\/reloadbase.com\/fr-ch\/carte-prepayee-neosurf\/#primaryimage"},"image":{"@id":"https:\/\/reloadbase.com\/fr-ch\/carte-prepayee-neosurf\/#primaryimage"},"thumbnailUrl":"https:\/\/reloadbase.com\/wp-content\/uploads\/2021\/07\/reloadbase-neosurf.png","datePublished":"2020-09-27T16:59:34+00:00","dateModified":"2022-01-11T11:21:48+00:00","description":"Achetez votre carte Neosurf en ligne sur ReloadBase \u2713 Paiement s\u00e9curis\u00e9 \u2713 Recevez votre code imm\u00e9diatement","breadcrumb":{"@id":"https:\/\/reloadbase.com\/fr-ch\/carte-prepayee-neosurf\/#breadcrumb"},"inLanguage":"fr-CH","potentialAction":[{"@type":"ReadAction","target":["https:\/\/reloadbase.com\/fr-ch\/carte-prepayee-neosurf\/"]}]},{"@type":"ImageObject","inLanguage":"fr-CH","@id":"https:\/\/reloadbase.com\/fr-ch\/carte-prepayee-neosurf\/#primaryimage","url":"https:\/\/reloadbase.com\/wp-content\/uploads\/2021\/07\/reloadbase-neosurf.png","contentUrl":"https:\/\/reloadbase.com\/wp-content\/uploads\/2021\/07\/reloadbase-neosurf.png","width":1026,"height":648,"caption":"Neosurf - Reloadbase"},{"@type":"BreadcrumbList","@id":"https:\/\/reloadbase.com\/fr-ch\/carte-prepayee-neosurf\/#breadcrumb","itemListElement":[{"@type":"ListItem","position":1,"name":"Home","item":"https:\/\/reloadbase.com\/nl-nl\/"},{"@type":"ListItem","position":2,"name":"Carte pr\u00e9pay\u00e9e Neosurf"}]},{"@type":"WebSite","@id":"https:\/\/reloadbase.com\/nl-nl\/#website","url":"https:\/\/reloadbase.com\/nl-nl\/","name":"ReloadBase","description":"","publisher":{"@id":"https:\/\/reloadbase.com\/nl-nl\/#organization"},"potentialAction":[{"@type":"SearchAction","target":{"@type":"EntryPoint","urlTemplate":"https:\/\/reloadbase.com\/nl-nl\/?s={search_term_string}"},"query-input":{"@type":"PropertyValueSpecification","valueRequired":true,"valueName":"search_term_string"}}],"inLanguage":"fr-CH"},{"@type":"Organization","@id":"https:\/\/reloadbase.com\/nl-nl\/#organization","name":"ReloadBase","url":"https:\/\/reloadbase.com\/nl-nl\/","logo":{"@type":"ImageObject","inLanguage":"fr-CH","@id":"https:\/\/reloadbase.com\/nl-nl\/#\/schema\/logo\/image\/","url":"https:\/\/reloadbase.com\/wp-content\/uploads\/2020\/05\/RELOADBASE01_Horizontal_Transparant.png","contentUrl":"https:\/\/reloadbase.com\/wp-content\/uploads\/2020\/05\/RELOADBASE01_Horizontal_Transparant.png","width":17627,"height":2130,"caption":"ReloadBase"},"image":{"@id":"https:\/\/reloadbase.com\/nl-nl\/#\/schema\/logo\/image\/"},"sameAs":["https:\/\/www.facebook.com\/ReloadBase\/","https:\/\/www.instagram.com\/reloadbase\/"]}]}},"_links":{"self":[{"href":"https:\/\/reloadbase.com\/fr-ch\/wp-json\/wp\/v2\/pages\/24933","targetHints":{"allow":["GET"]}}],"collection":[{"href":"https:\/\/reloadbase.com\/fr-ch\/wp-json\/wp\/v2\/pages"}],"about":[{"href":"https:\/\/reloadbase.com\/fr-ch\/wp-json\/wp\/v2\/types\/page"}],"author":[{"embeddable":true,"href":"https:\/\/reloadbase.com\/fr-ch\/wp-json\/wp\/v2\/users\/3"}],"replies":[{"embeddable":true,"href":"https:\/\/reloadbase.com\/fr-ch\/wp-json\/wp\/v2\/comments?post=24933"}],"version-history":[{"count":23,"href":"https:\/\/reloadbase.com\/fr-ch\/wp-json\/wp\/v2\/pages\/24933\/revisions"}],"predecessor-version":[{"id":38727,"href":"https:\/\/reloadbase.com\/fr-ch\/wp-json\/wp\/v2\/pages\/24933\/revisions\/38727"}],"wp:featuredmedia":[{"embeddable":true,"href":"https:\/\/reloadbase.com\/fr-ch\/wp-json\/wp\/v2\/media\/26032"}],"wp:attachment":[{"href":"https:\/\/reloadbase.com\/fr-ch\/wp-json\/wp\/v2\/media?parent=24933"}],"curies":[{"name":"wp","href":"https:\/\/api.w.org\/{rel}","templated":true}]}}