{"id":24924,"date":"2020-10-07T13:26:42","date_gmt":"2020-10-07T13:26:42","guid":{"rendered":"https:\/\/reloadbase.com\/carte-nintendo-switch-online\/"},"modified":"2021-12-10T09:35:05","modified_gmt":"2021-12-10T09:35:05","slug":"carte-nintendo-switch-online","status":"publish","type":"page","link":"https:\/\/reloadbase.com\/fr-ch\/carte-nintendo-switch-online\/","title":{"rendered":"Carte-cadeau Nintendo Switch Online"},"content":{"rendered":"<div class=\"wpb-content-wrapper\">[vc_row css=&#8221;.vc_custom_1596808763792{padding-top: 60px !important;padding-bottom: 60px !important;}&#8221;][vc_column][vc_column_text]\n<pre class=\"breadcrumb\"><span><span><a href=\"https:\/\/reloadbase.com\/nl-nl\/\">Home<\/a><\/span><\/span><\/pre>\n[\/vc_column_text][vc_column_text]\n<h1>Cartes Nintendo<span style=\"font-weight: 400;\">\u00a0Switch Online<\/span><\/h1>\n<p><span style=\"font-weight: 400;\">Si vous avez une Nintendo Switch profitez en pleinement avec l&#8217;abonnement Nintendo Online Switch, vous pouvez jouer en ligne avec des millions de joueurs dans\u00a0 le monde! Vous pouvez facilement et rapidement acheter l&#8217;abonnement en ligne sur ReloadBase. Choisissez simplement la dur\u00e9e de votre abonnement, qui peut durer 3 mois voire un an! Vous recevrez le code de la carte imm\u00e9diatement par mail. Alors qu&#8217;est-ce que vous attendez?!<\/span>[\/vc_column_text][\/vc_column][\/vc_row][vc_row][vc_column]<div class=\"woocommerce columns-4 \"><\/div>[\/vc_column][\/vc_row][vc_row css=&#8221;.vc_custom_1596797300746{padding-bottom: 60px !important;}&#8221;][vc_column][vc_column_text css=&#8221;.vc_custom_1602077028854{padding-bottom: 20px !important;}&#8221;]\n<h2>Foire Aux Questions sur Carte-cadeau Nintendo <span style=\"font-weight: 400;\">Switch Online<\/span><\/h2>\n[\/vc_column_text][vc_row_inner css=&#8221;.vc_custom_1596808708853{padding-bottom: 20px !important;}&#8221;][vc_column_inner width=&#8221;1\/2&#8243;][vc_column_text]\n<h3>Qu&#8217;est-ce que Nintendo Switch Online?<\/h3>\n<p><span style=\"font-weight: 400;\">C\u2019est un abonnement Nintendo qui vous permet de jouer en ligne . Vous pouvez choisir un abonnement pour 12 mois ou de 3 mois. Vous pouvez \u00e9galement opter pour l&#8217;abonnement Nintendo Switch Online Family. <\/span><span style=\"font-weight: 400;\">Cela vous permet de partager les avantages d&#8217;un abonnement Nintendo jusqu\u2019\u00e0 huit membres de votre famille ou amis.<\/span><\/p>\n<p>Cette carte-cadeau est un abonnement \u00e0 Nintendo Switch Online. Vous pouvez prendre un abonnement entre 3 ou 12 mois et sont actives \u00e0 partir du jour o\u00f9 vous les utilisez.<\/p>\n<p>Vous pouvez obtenir votre carte-cadeau num\u00e9riquement via un code qui est envoy\u00e9 \u00e0 votre adresse mail. Les cartes cadeaux peuvent \u00eatre utilis\u00e9es via le Nintendo eShop ou sur votre compte Nintendo, il vous suffit d\u2019aller dans vos param\u00e8tres pour savoir comment les utiliser.[\/vc_column_text][\/vc_column_inner][vc_column_inner width=&#8221;1\/2&#8243;][vc_column_text]\n<h3>Combien de temps ma carte en ligne Nintendo Switch restera-t-elle valide?<\/h3>\n<p><span style=\"font-weight: 400;\">Tant que vous n&#8217;activez pas votre abonnement avec la carte, celle-ci peut rester valable ind\u00e9finiment, mais pourquoi attendre?! Utilisez-le maintenant et profitez de tous les avantages!<\/span><\/p>\n<p>Une fois que vous avez achet\u00e9 votre carte-cadeau, vous pouvez commencer \u00e0 utiliser les fonctionnalit\u00e9s des jeux en ligne Switch. Votre abonnement durera aussi longtemps que le nombre de mois que vous avez achet\u00e9 et vous serez averti lorsque votre abonnement expirera.[\/vc_column_text][\/vc_column_inner][\/vc_row_inner][vc_row_inner css=&#8221;.vc_custom_1596808716232{padding-bottom: 20px !important;}&#8221;][vc_column_inner width=&#8221;1\/2&#8243;][vc_column_text]\n<h3>Quels sont les avantages d&#8217;un abonnement Nintendo Switch Online?<\/h3>\n<ul>\n<li style=\"font-weight: 400;\"><span style=\"font-weight: 400;\">Jouez en ligne sur votre Nintendo Switch.<\/span><\/li>\n<li style=\"font-weight: 400;\"><span style=\"font-weight: 400;\">Acc\u00e8s aux jeux Nintendo.<\/span><\/li>\n<li style=\"font-weight: 400;\"><span style=\"font-weight: 400;\">Stocker vos donn\u00e9es.<\/span><\/li>\n<li style=\"font-weight: 400;\"><span style=\"font-weight: 400;\">Application pour le chat vocal avec d&#8217;autres joueurs.<\/span><\/li>\n<li style=\"font-weight: 400;\"><span style=\"font-weight: 400;\">Offres exclusives et des bons pour les jeux.<\/span><\/li>\n<\/ul>\n<p>De plus, l\u2019\u00e9norme biblioth\u00e8que de jeux classiques NES et Super NES, qui propose un mode en ligne, r\u00e9cemment ajout\u00e9, pour que vous puissiez jouer avec vos amis.<\/p>\n<p>Vous pouvez \u00e9galement jouer en ligne avec de grands jeux comme Mario Kart, The Legend of Zelda: Breath of the Wild, Pok\u00e9mon Sword and Shield et bien d\u2019autres. Selon le jeu, vous pourrez peut-\u00eatre partager votre \u00e9cran et passer virtuellement la manette \u00e0 l\u2019un de vos amis.<\/p>\n<p>Une Nintendo Switch Online vous permet de sauvegarder vos donn\u00e9es de jeu dans le cloud, une fonctionnalit\u00e9 tant attendue qui signifie que vous n\u2019aurez plus jamais \u00e0 vous soucier de manquer d\u2019espace, ainsi vous ne perdrez plus jamais votre progression et vous \u00e9conomiserez de l\u2019argent sur les cartes d\u2019extension SD.[\/vc_column_text][\/vc_column_inner][vc_column_inner width=&#8221;1\/2&#8243;][vc_column_text]\n<h3>Comment puis-je contacter le service client de Nintendo?<\/h3>\n<p><span style=\"font-weight: 400;\">Allez sur ce lien et vous pouvez trouver la page de <span style=\"color: #ff6600;\"><a style=\"color: #ff6600;\" href=\"https:\/\/www.nintendo.fr\/Assistance\/Bienvenue-sur-le-site-d-assistance-de-Nintendo-11593.html\">support<\/a><\/span>, ou vous pouvez les appeler directement au 08 92 68 77 55.<\/span><\/p>\n<p>&nbsp;<\/p>\n<p><strong>Vous trouverez ci-dessous un aper\u00e7u des cartes de jeu que nous proposons \u00e0 un prix abordable:<\/strong><\/p>\n<ul>\n<li><a href=\"https:\/\/reloadbase.com\/fr-ch\/carte-cadeau-xbox\/\">Carte cadeau Xbox<\/a><\/li>\n<li><a href=\"https:\/\/reloadbase.com\/fr-ch\/cartes-cadeaux-blizzard\/\">Carte-cadeau Blizzard<\/a><\/li>\n<li><a href=\"https:\/\/reloadbase.com\/fr-ch\/carte-cadeau-nintendo-eshop\/\">Carte-cadeau Nintendo eShop<\/a><\/li>\n<li><a href=\"https:\/\/reloadbase.com\/fr-ch\/abonnement-playstation-plus\/\">Carte Playstation Plus<\/a><\/li>\n<li><a href=\"https:\/\/reloadbase.com\/fr-ch\/carte-playstation-store\/\">Carte Playstation Store<\/a><\/li>\n<\/ul>\n[\/vc_column_text][\/vc_column_inner][\/vc_row_inner][vc_row_inner css=&#8221;.vc_custom_1596808716232{padding-bottom: 20px !important;}&#8221;][vc_column_inner width=&#8221;1\/2&#8243;][vc_column_text]\n<h3>Comment puis-je utiliser ma carte Nintendo Switch Online?<\/h3>\n<p><span style=\"font-weight: 400;\">Suivez simplement ces deux \u00e9tapes:<\/span><\/p>\n<ol>\n<li style=\"font-weight: 400;\"><span style=\"font-weight: 400;\">Dans le Nintendo eShop de la console Nintendo Switch, choisissez \u00abEnregistrer un code\u00bb.<\/span><\/li>\n<li style=\"font-weight: 400;\"><span style=\"font-weight: 400;\">Ensuite, suivez simplement les \u00e9tapes qui apparaissent sur votre \u00e9cran.<\/span><\/li>\n<\/ol>\n<p>Vous pouvez utiliser votre carte-cadeau en vous rendant sur l\u2019eshop ou dans les param\u00e8tres de votre compte. Une fois que vous avez achet\u00e9 votre carte-cadeau Nintendo, vous recevrez un code que vous pourrez utiliser sur votre console Switch ou Switch Lite.<\/p>\n<p>Vous devez aller dans l\u2019eShop et suivre les \u00e9tapes pour utiliser le code. Entrez-le et vous pourrez utiliser votre carte-cadeau avec le nombre de mois pour lesquels vous avez pay\u00e9.[\/vc_column_text][\/vc_column_inner][vc_column_inner width=&#8221;1\/2&#8243;][\/vc_column_inner][\/vc_row_inner][\/vc_column][\/vc_row]\n<\/div>","protected":false},"excerpt":{"rendered":"<p>[vc_row css=&#8221;.vc_custom_1596808763792{padding-top: 60px !important;padding-bottom: 60px !important;}&#8221;][vc_column][vc_column_text] [\/vc_column_text][vc_column_text] Cartes Nintendo\u00a0Switch Online Si vous avez une Nintendo Switch profitez en pleinement avec l&#8217;abonnement Nintendo Online Switch, vous&hellip;<\/p>\n","protected":false},"author":3,"featured_media":0,"parent":0,"menu_order":0,"comment_status":"closed","ping_status":"closed","template":"","meta":{"_acf_changed":false,"footnotes":""},"class_list":["post-24924","page","type-page","status-publish","hentry"],"acf":[],"yoast_head":"<!-- This site is optimized with the Yoast SEO plugin v24.4 - https:\/\/yoast.com\/wordpress\/plugins\/seo\/ -->\n<title>Carte-cadeau Nintendo Switch Online \u2713 Prix bas<\/title>\n<meta name=\"description\" content=\"Achetez votre carte Nintendo Switch Online en ligne sur ReloadBase \u2713 Paiements s\u00e9curis\u00e9s \u2713 Recevez votre code imm\u00e9diatement\" \/>\n<meta name=\"robots\" content=\"index, follow, max-snippet:-1, max-image-preview:large, max-video-preview:-1\" \/>\n<link rel=\"canonical\" href=\"https:\/\/reloadbase.com\/fr-ch\/carte-nintendo-switch-online\/\" \/>\n<meta property=\"og:locale\" content=\"fr_FR\" \/>\n<meta property=\"og:type\" content=\"article\" \/>\n<meta property=\"og:title\" content=\"Carte-cadeau Nintendo Switch Online \u2713 Prix bas\" \/>\n<meta property=\"og:description\" content=\"Achetez votre carte Nintendo Switch Online en ligne sur ReloadBase \u2713 Paiements s\u00e9curis\u00e9s \u2713 Recevez votre code imm\u00e9diatement\" \/>\n<meta property=\"og:url\" content=\"https:\/\/reloadbase.com\/fr-ch\/carte-nintendo-switch-online\/\" \/>\n<meta property=\"og:site_name\" content=\"ReloadBase\" \/>\n<meta property=\"article:publisher\" content=\"https:\/\/www.facebook.com\/ReloadBase\/\" \/>\n<meta property=\"article:modified_time\" content=\"2021-12-10T09:35:05+00:00\" \/>\n<meta name=\"twitter:card\" content=\"summary_large_image\" \/>\n<meta name=\"twitter:label1\" content=\"Est. reading time\" \/>\n\t<meta name=\"twitter:data1\" content=\"4 minutes\" \/>\n<script type=\"application\/ld+json\" class=\"yoast-schema-graph\">{\"@context\":\"https:\/\/schema.org\",\"@graph\":[{\"@type\":\"WebPage\",\"@id\":\"https:\/\/reloadbase.com\/fr-ch\/carte-nintendo-switch-online\/\",\"url\":\"https:\/\/reloadbase.com\/fr-ch\/carte-nintendo-switch-online\/\",\"name\":\"Carte-cadeau Nintendo Switch Online \u2713 Prix bas\",\"isPartOf\":{\"@id\":\"https:\/\/reloadbase.com\/nl-nl\/#website\"},\"datePublished\":\"2020-10-07T13:26:42+00:00\",\"dateModified\":\"2021-12-10T09:35:05+00:00\",\"description\":\"Achetez votre carte Nintendo Switch Online en ligne sur ReloadBase \u2713 Paiements s\u00e9curis\u00e9s \u2713 Recevez votre code imm\u00e9diatement\",\"breadcrumb\":{\"@id\":\"https:\/\/reloadbase.com\/fr-ch\/carte-nintendo-switch-online\/#breadcrumb\"},\"inLanguage\":\"fr-CH\",\"potentialAction\":[{\"@type\":\"ReadAction\",\"target\":[\"https:\/\/reloadbase.com\/fr-ch\/carte-nintendo-switch-online\/\"]}]},{\"@type\":\"BreadcrumbList\",\"@id\":\"https:\/\/reloadbase.com\/fr-ch\/carte-nintendo-switch-online\/#breadcrumb\",\"itemListElement\":[{\"@type\":\"ListItem\",\"position\":1,\"name\":\"Home\",\"item\":\"https:\/\/reloadbase.com\/nl-nl\/\"},{\"@type\":\"ListItem\",\"position\":2,\"name\":\"Carte-cadeau Nintendo Switch Online\"}]},{\"@type\":\"WebSite\",\"@id\":\"https:\/\/reloadbase.com\/nl-nl\/#website\",\"url\":\"https:\/\/reloadbase.com\/nl-nl\/\",\"name\":\"ReloadBase\",\"description\":\"\",\"publisher\":{\"@id\":\"https:\/\/reloadbase.com\/nl-nl\/#organization\"},\"potentialAction\":[{\"@type\":\"SearchAction\",\"target\":{\"@type\":\"EntryPoint\",\"urlTemplate\":\"https:\/\/reloadbase.com\/nl-nl\/?s={search_term_string}\"},\"query-input\":{\"@type\":\"PropertyValueSpecification\",\"valueRequired\":true,\"valueName\":\"search_term_string\"}}],\"inLanguage\":\"fr-CH\"},{\"@type\":\"Organization\",\"@id\":\"https:\/\/reloadbase.com\/nl-nl\/#organization\",\"name\":\"ReloadBase\",\"url\":\"https:\/\/reloadbase.com\/nl-nl\/\",\"logo\":{\"@type\":\"ImageObject\",\"inLanguage\":\"fr-CH\",\"@id\":\"https:\/\/reloadbase.com\/nl-nl\/#\/schema\/logo\/image\/\",\"url\":\"https:\/\/reloadbase.com\/wp-content\/uploads\/2020\/05\/RELOADBASE01_Horizontal_Transparant.png\",\"contentUrl\":\"https:\/\/reloadbase.com\/wp-content\/uploads\/2020\/05\/RELOADBASE01_Horizontal_Transparant.png\",\"width\":17627,\"height\":2130,\"caption\":\"ReloadBase\"},\"image\":{\"@id\":\"https:\/\/reloadbase.com\/nl-nl\/#\/schema\/logo\/image\/\"},\"sameAs\":[\"https:\/\/www.facebook.com\/ReloadBase\/\",\"https:\/\/www.instagram.com\/reloadbase\/\"]}]}<\/script>\n<!-- \/ Yoast SEO plugin. -->","yoast_head_json":{"title":"Carte-cadeau Nintendo Switch Online \u2713 Prix bas","description":"Achetez votre carte Nintendo Switch Online en ligne sur ReloadBase \u2713 Paiements s\u00e9curis\u00e9s \u2713 Recevez votre code imm\u00e9diatement","robots":{"index":"index","follow":"follow","max-snippet":"max-snippet:-1","max-image-preview":"max-image-preview:large","max-video-preview":"max-video-preview:-1"},"canonical":"https:\/\/reloadbase.com\/fr-ch\/carte-nintendo-switch-online\/","og_locale":"fr_FR","og_type":"article","og_title":"Carte-cadeau Nintendo Switch Online \u2713 Prix bas","og_description":"Achetez votre carte Nintendo Switch Online en ligne sur ReloadBase \u2713 Paiements s\u00e9curis\u00e9s \u2713 Recevez votre code imm\u00e9diatement","og_url":"https:\/\/reloadbase.com\/fr-ch\/carte-nintendo-switch-online\/","og_site_name":"ReloadBase","article_publisher":"https:\/\/www.facebook.com\/ReloadBase\/","article_modified_time":"2021-12-10T09:35:05+00:00","twitter_card":"summary_large_image","twitter_misc":{"Est. reading time":"4 minutes"},"schema":{"@context":"https:\/\/schema.org","@graph":[{"@type":"WebPage","@id":"https:\/\/reloadbase.com\/fr-ch\/carte-nintendo-switch-online\/","url":"https:\/\/reloadbase.com\/fr-ch\/carte-nintendo-switch-online\/","name":"Carte-cadeau Nintendo Switch Online \u2713 Prix bas","isPartOf":{"@id":"https:\/\/reloadbase.com\/nl-nl\/#website"},"datePublished":"2020-10-07T13:26:42+00:00","dateModified":"2021-12-10T09:35:05+00:00","description":"Achetez votre carte Nintendo Switch Online en ligne sur ReloadBase \u2713 Paiements s\u00e9curis\u00e9s \u2713 Recevez votre code imm\u00e9diatement","breadcrumb":{"@id":"https:\/\/reloadbase.com\/fr-ch\/carte-nintendo-switch-online\/#breadcrumb"},"inLanguage":"fr-CH","potentialAction":[{"@type":"ReadAction","target":["https:\/\/reloadbase.com\/fr-ch\/carte-nintendo-switch-online\/"]}]},{"@type":"BreadcrumbList","@id":"https:\/\/reloadbase.com\/fr-ch\/carte-nintendo-switch-online\/#breadcrumb","itemListElement":[{"@type":"ListItem","position":1,"name":"Home","item":"https:\/\/reloadbase.com\/nl-nl\/"},{"@type":"ListItem","position":2,"name":"Carte-cadeau Nintendo Switch Online"}]},{"@type":"WebSite","@id":"https:\/\/reloadbase.com\/nl-nl\/#website","url":"https:\/\/reloadbase.com\/nl-nl\/","name":"ReloadBase","description":"","publisher":{"@id":"https:\/\/reloadbase.com\/nl-nl\/#organization"},"potentialAction":[{"@type":"SearchAction","target":{"@type":"EntryPoint","urlTemplate":"https:\/\/reloadbase.com\/nl-nl\/?s={search_term_string}"},"query-input":{"@type":"PropertyValueSpecification","valueRequired":true,"valueName":"search_term_string"}}],"inLanguage":"fr-CH"},{"@type":"Organization","@id":"https:\/\/reloadbase.com\/nl-nl\/#organization","name":"ReloadBase","url":"https:\/\/reloadbase.com\/nl-nl\/","logo":{"@type":"ImageObject","inLanguage":"fr-CH","@id":"https:\/\/reloadbase.com\/nl-nl\/#\/schema\/logo\/image\/","url":"https:\/\/reloadbase.com\/wp-content\/uploads\/2020\/05\/RELOADBASE01_Horizontal_Transparant.png","contentUrl":"https:\/\/reloadbase.com\/wp-content\/uploads\/2020\/05\/RELOADBASE01_Horizontal_Transparant.png","width":17627,"height":2130,"caption":"ReloadBase"},"image":{"@id":"https:\/\/reloadbase.com\/nl-nl\/#\/schema\/logo\/image\/"},"sameAs":["https:\/\/www.facebook.com\/ReloadBase\/","https:\/\/www.instagram.com\/reloadbase\/"]}]}},"_links":{"self":[{"href":"https:\/\/reloadbase.com\/fr-ch\/wp-json\/wp\/v2\/pages\/24924","targetHints":{"allow":["GET"]}}],"collection":[{"href":"https:\/\/reloadbase.com\/fr-ch\/wp-json\/wp\/v2\/pages"}],"about":[{"href":"https:\/\/reloadbase.com\/fr-ch\/wp-json\/wp\/v2\/types\/page"}],"author":[{"embeddable":true,"href":"https:\/\/reloadbase.com\/fr-ch\/wp-json\/wp\/v2\/users\/3"}],"replies":[{"embeddable":true,"href":"https:\/\/reloadbase.com\/fr-ch\/wp-json\/wp\/v2\/comments?post=24924"}],"version-history":[{"count":2,"href":"https:\/\/reloadbase.com\/fr-ch\/wp-json\/wp\/v2\/pages\/24924\/revisions"}],"predecessor-version":[{"id":31805,"href":"https:\/\/reloadbase.com\/fr-ch\/wp-json\/wp\/v2\/pages\/24924\/revisions\/31805"}],"wp:attachment":[{"href":"https:\/\/reloadbase.com\/fr-ch\/wp-json\/wp\/v2\/media?parent=24924"}],"curies":[{"name":"wp","href":"https:\/\/api.w.org\/{rel}","templated":true}]}}