{"id":24921,"date":"2020-11-11T21:59:03","date_gmt":"2020-11-11T21:59:03","guid":{"rendered":"https:\/\/reloadbase.com\/les-bons-bitnovo\/"},"modified":"2021-09-16T12:34:04","modified_gmt":"2021-09-16T12:34:04","slug":"les-bons-bitnovo","status":"publish","type":"page","link":"https:\/\/reloadbase.com\/fr-ch\/les-bons-bitnovo\/","title":{"rendered":"Les bons Bitnovo"},"content":{"rendered":"<div class=\"wpb-content-wrapper\">[vc_row css=&#8221;.vc_custom_1596808763792{padding-top: 60px !important;padding-bottom: 60px !important;}&#8221;][vc_column][vc_column_text]\n<h1><span style=\"font-weight: 400;\">Achetez votre bon Bitnovo en ligne<\/span><\/h1>\n<p><a href=\"https:\/\/www.google.com\/search?q=reloadbase&amp;oq=reloadbase&amp;aqs=chrome..69i57j46i10i175i199j0i5i30j69i60l5.4004j0j7&amp;sourceid=chrome&amp;ie=UTF-8#lrd=0x47c60941f0a9e527:0xd2fa1ceff82f3fb0,1,,,\" target=\"_blank\" rel=\"noopener\"><i class=\"fas fa-star\"><\/i><i class=\"fas fa-star\"><\/i><i class=\"fas fa-star\"><\/i><i class=\"fas fa-star\"><\/i><i class=\"fas fa-star\"><\/i> \u2022 5\/5<\/a><br \/>\n<span style=\"font-weight: 400;\">Vous souhaitez acheter et vendre des crypto-monnaies dans un environnement s\u00e9curis\u00e9, anonyme et simple? Alors utilisez Bitnovo! Vous pouvez acheter votre bon Bitnovo sur ReloadBase.<\/span>[\/vc_column_text][\/vc_column][\/vc_row][vc_row][vc_column width=&#8221;3\/4&#8243;]<div class=\"woocommerce columns-4 \"><\/div>[\/vc_column][vc_column width=&#8221;1\/4&#8243;][vc_column_text el_class=&#8221;pop-usp&#8221;]<i class=\"fas fa-check\" style=\"color: #e7690c;\">\u00a0<\/i><strong>Livr\u00e9 imm\u00e9diatement<\/strong><br \/>\nVous recevrez le code imm\u00e9diatement par e-mail, afin que vous puissiez utiliser le cr\u00e9dit imm\u00e9diatement.[\/vc_column_text][vc_column_text el_class=&#8221;pop-usp&#8221;]<i class=\"fas fa-check\" style=\"color: #e7690c;\">\u00a0<\/i><strong> Paiement s\u00e9curis\u00e9<\/strong><br \/>\nPayez en toute s\u00e9curit\u00e9 et rapidement avec le choix Carte bancaire et PayPal.[\/vc_column_text][\/vc_column][\/vc_row][vc_row css=&#8221;.vc_custom_1596797300746{padding-bottom: 60px !important;}&#8221;][vc_column][vc_column_text css=&#8221;.vc_custom_1605131331714{padding-bottom: 20px !important;}&#8221;]\n<h2>Foire Aux Questions sur Bitnovo<\/h2>\n[\/vc_column_text][vc_row_inner css=&#8221;.vc_custom_1596808708853{padding-bottom: 20px !important;}&#8221;][vc_column_inner][vc_column_text]\n<h3>Qu&#8217;est-ce que Bitnovo?<\/h3>\n<p><span style=\"font-weight: 400;\">Bitnovo est une m\u00e9thode pour acheter et vendre de la crypto-monnaies telles que Bitcoins, Litecoin, Ethereum et Ripple facilement, en toute s\u00e9curit\u00e9 via des sites Web ou sur des applications. Bitnovo est \u00e0 l&#8217;origine une entreprise espagnole.<\/span><\/p>\n<p>C\u2019est le mode de paiement pr\u00e9pay\u00e9 avec lequel vous achetez du cr\u00e9dit que vous pouvez facilement utiliser pour acheter de la crypto-monnaie. Cela fonctionne de la m\u00eame mani\u00e8re d\u2019une carte-cadeau, ce qui repr\u00e9sente une certaine valeur et vous pouvez l\u2019\u00e9changer avec des organisations affili\u00e9es contre dans ce cas des cryptos.<\/p>\n<p>Chez Bitnovo, vous pouvez acheter plus de 20 crypto-monnaies diff\u00e9rentes. Ci-dessous, nous listons les diff\u00e9rentes crypto-monnaies pour vous.[\/vc_column_text][vc_column_text]\n<h3>Qu&#8217;est-ce qu&#8217;un bon Bitcoin?<\/h3>\n<p><span style=\"font-weight: 400;\">Les bons Bitcoin est une m\u00e9thode de paiement avec laquelle vous pouvez acheter du cr\u00e9dit. Facile \u00e0 utiliser pour acheter de la crypto-monnaie de mani\u00e8re anonyme. Cela fonctionne de la m\u00eame mani\u00e8re qu&#8217;une carte-cadeau, vous pouvez l&#8217;\u00e9changer avec des organisations affili\u00e9es contre de la monnaie virtuelle. C\u2019est l\u2019un des syst\u00e8mes les plus rapides, puisque vous recevrez tout dans votre portefeuille virtuel en un temps record.<\/span><\/p>\n<p>Contrairement \u00e0 Crypto Voucher, vous pouvez cr\u00e9er un portefeuille crypto chez Bitnovo pour deux types de crypto-monnaie: Bitcoins et Dash. Pour les autres, vous pouvez demander votre portefeuille \u00e0 d\u2019autres endroits en ligne, tels que Infinito Wallet. Dash et Bitcoin vous obligent \u00e0 t\u00e9l\u00e9charger l\u2019application Bitnovo et \u00e0 cr\u00e9er un compte.[\/vc_column_text][\/vc_column_inner][\/vc_row_inner][vc_row_inner css=&#8221;.vc_custom_1596808716232{padding-bottom: 20px !important;}&#8221;][vc_column_inner][vc_column_text]\n<h3>Qu&#8217;est-ce qu&#8217;une Bitcard?<\/h3>\n<p><span style=\"font-weight: 400;\">C\u2019est une carte pr\u00e9pay\u00e9e rechargeable. Elle est utilis\u00e9e pour effectuer des paiements dans sur des boutiques en ligne. Avec cette carte, il est \u00e9galement possible de retirer de l&#8217;argent \u00e0 un guichet automatique. La carte peut \u00eatre achet\u00e9e via le site Web de Bitnovo et sera livr\u00e9e \u00e0 votre domicile. Activez simplement la carte et elle sera pr\u00eate \u00e0 \u00eatre utilis\u00e9e.<\/span><\/p>\n<p>Voici quelques-unes des crypto-monnaies que vous pouvez acheter avec un bon Bitnovo:<\/p>\n<ul>\n<li>Bitcoin (BTC)<\/li>\n<li>0x (ZRX)<\/li>\n<li>Basic Attention Token (BAT)<\/li>\n<li>Bitcoin Cash (BCH)<\/li>\n<li>Cardano (ADA)<\/li>\n<li>Dash (DASH)<\/li>\n<\/ul>\n[\/vc_column_text][vc_column_text]\n<h3>Comment utiliser mon bon Bitcoin?<\/h3>\n<p><span style=\"font-weight: 400;\">Lors de l&#8217;achat d&#8217;un bon, vous recevrez un code. Vous devez conserver ce code avec soin.<\/span><\/p>\n<ol>\n<li style=\"font-weight: 400;\"><span style=\"font-weight: 400;\">Allez sur <\/span><a href=\"https:\/\/www.bitnovo.com\/coupon-bitcoin-echanger-fr\" target=\"_blank\" rel=\"nofollow noopener noreferrer\"><span style=\"font-weight: 400;\">www.bitnovo.com\/coupon-bitcoin-echanger-fr<\/span><\/a><span style=\"font-weight: 400;\"> ou connectez-vous \u00e0 sur l\u2019application Bitnovo et acc\u00e9dez \u00e0 \u00abUtiliser le bon\u00bb<\/span><\/li>\n<li style=\"font-weight: 400;\"><span style=\"font-weight: 400;\">Entrez votre code de bon.<\/span><\/li>\n<li style=\"font-weight: 400;\"><span style=\"font-weight: 400;\">S\u00e9lectionnez la crypto-monnaie que vous souhaitez acheter.<\/span><\/li>\n<li style=\"font-weight: 400;\"><span style=\"font-weight: 400;\">Entrez l&#8217;adresse de votre portefeuille crypto ou s\u00e9lectionnez \u00abUtiliser mon propre portefeuille Bitnovo\u00bb.<\/span><\/li>\n<li style=\"font-weight: 400;\"><span style=\"font-weight: 400;\">Entrez votre r\u00e9gion, votre adresse e-mail et votre num\u00e9ro de t\u00e9l\u00e9phone.<\/span><\/li>\n<li style=\"font-weight: 400;\"><span style=\"font-weight: 400;\">Cliquez sur \u00abUtiliser\u00bb.<\/span><\/li>\n<\/ol>\n[\/vc_column_text][\/vc_column_inner][\/vc_row_inner][vc_row_inner css=&#8221;.vc_custom_1605173021135{padding-bottom: 20px !important;}&#8221;][vc_column_inner][vc_column_text]\n<h3>Les bons Bitnovo ont-ils une date d&#8217;expiration?<\/h3>\n<p><span style=\"font-weight: 400;\">Une fois le bon achet\u00e9, vous pouvez l&#8217;\u00e9changer quand vous le souhaitez pendant une p\u00e9riode de 3 mois apr\u00e8s la date d&#8217;achat. Pass\u00e9 ce d\u00e9lai, le bon expire et ne peut plus \u00eatre utilis\u00e9.<\/span><\/p>\n<p>Vous pouvez obtenir des bons Bitnovo dans de nombreux endroits en ligne. Les points de vente physiques se trouvent sur <a href=\"https:\/\/www.bitnovo.com\/points-de-vente-bitcoins-fr\">le site Internet de Bitnovo<\/a>.<\/p>\n<p>Vous pouvez acheter des crypto-monnaies avec le mode de paiement habituel tel que, iDeal, PayPal, carte de cr\u00e9dit, virement bancaire, mais aussi avec un bon (comme nous l\u2019avons expliqu\u00e9 ci-dessus) et m\u00eame avec d\u2019autres crypto-monnaies. Vous pouvez facilement \u00e9changer vos bons Bitnovo sur le site Web ou dans l\u2019application Bitnovo.[\/vc_column_text][vc_column_text]\n<h3>Qu&#8217;est-ce que Bitnovo Crypto Wallet?<\/h3>\n<p><span style=\"font-weight: 400;\">Le portefeuille crypto de Bitnovo est le moyen le plus simple de stocker, envoyer, recevoir et g\u00e9rer vos bitcoins et vos fonds Dash. Achetez de la crypto-monnaie en esp\u00e8ces dans plus de 30000 points de vente Bitnovo et rechargez votre portefeuille instantan\u00e9ment.<\/span><\/p>\n<p>&nbsp;<\/p>\n<p><strong>Vous trouverez ci-dessous un aper\u00e7u des cartes pr\u00e9pay\u00e9e que nous proposons \u00e0 un prix abordable:<\/strong><\/p>\n<ul>\n<li><a href=\"https:\/\/reloadbase.com\/fr-ch\/carte-prepayee-cashu\/\">Carte pr\u00e9pay\u00e9e CASHU<\/a><\/li>\n<li><a href=\"https:\/\/reloadbase.com\/fr-ch\/carte-prepayee-neosurf\/\">Carte pr\u00e9pay\u00e9e Neosurf<\/a><\/li>\n<li><a href=\"https:\/\/reloadbase.com\/fr-ch\/crypto-voucher\/\">Crypto Voucher<\/a><\/li>\n<li><a href=\"https:\/\/reloadbase.com\/fr-ch\/les-bons-cashlib\/\">Les bons CASHlib<\/a><\/li>\n<li><a href=\"https:\/\/reloadbase.com\/fr-ch\/mastercard-prepayee\/\">Mastercard Pr\u00e9pay\u00e9e<\/a><\/li>\n<li><a href=\"https:\/\/reloadbase.com\/fr-ch\/paysafecard\/\">Paysafecard<\/a><\/li>\n<li><a href=\"https:\/\/reloadbase.com\/fr-ch\/ticket-premium-voucher\/\">Ticket Premium<\/a><\/li>\n<\/ul>\n[\/vc_column_text][\/vc_column_inner][\/vc_row_inner][\/vc_column][\/vc_row][vc_row][vc_column width=&#8221;1\/5&#8243;][vc_cta h2=&#8221;&#8221; el_id=&#8221;s&#8221; el_class=&#8221;borderedBox&#8211;shadowMedium products&#8221;]<a href=\"https:\/\/reloadbase.com\/fr-ch\/carte-prepayee-neosurf\/\"><img loading=\"lazy\" decoding=\"async\" class=\"wp-image-13250 size-full aligncenter\" src=\"https:\/\/reloadbase.com\/wp-content\/uploads\/2020\/11\/Neosurf-voucher-300x300.png\" alt=\"NEOSURF france\" width=\"300\" height=\"207\" \/><\/a><\/p>\n<h4 style=\"text-align: center;\">Neosurf<\/h4>\n[\/vc_cta][\/vc_column][vc_column width=&#8221;1\/5&#8243;][vc_cta h2=&#8221;&#8221; el_class=&#8221;borderedBox&#8211;shadowMedium products&#8221;]<a href=\"https:\/\/reloadbase.com\/fr-ch\/carte-prepayee-cashu\/\"><img loading=\"lazy\" decoding=\"async\" class=\"wp-image-13250 size-full aligncenter\" src=\"https:\/\/reloadbase.com\/wp-content\/uploads\/2020\/11\/CASHU-300x300.png\" alt=\"CASHU\" width=\"300\" height=\"207\" \/><\/a><\/p>\n<h4 style=\"text-align: center;\">CASHU<\/h4>\n[\/vc_cta][\/vc_column][vc_column width=&#8221;1\/5&#8243;][\/vc_column][vc_column width=&#8221;1\/5&#8243;][\/vc_column][vc_column width=&#8221;1\/5&#8243;][\/vc_column][\/vc_row]\n<\/div>","protected":false},"excerpt":{"rendered":"<p>[vc_row css=&#8221;.vc_custom_1596808763792{padding-top: 60px !important;padding-bottom: 60px !important;}&#8221;][vc_column][vc_column_text] Achetez votre bon Bitnovo en ligne \u2022 5\/5 Vous souhaitez acheter et vendre des crypto-monnaies dans un environnement s\u00e9curis\u00e9,&hellip;<\/p>\n","protected":false},"author":3,"featured_media":0,"parent":0,"menu_order":0,"comment_status":"closed","ping_status":"closed","template":"","meta":{"_acf_changed":false,"footnotes":""},"class_list":["post-24921","page","type-page","status-publish","hentry"],"acf":[],"yoast_head":"<!-- This site is optimized with the Yoast SEO plugin v24.4 - https:\/\/yoast.com\/wordpress\/plugins\/seo\/ -->\n<title>Acheter des bons Bitnovo en ligne | ReloadBase<\/title>\n<meta name=\"description\" content=\"Achetez votre bon Bitnovo en ligne sur ReloadBase \u2713 Paiement s\u00e9curis\u00e9 \u2713 Recevez votre code imm\u00e9diatement!\" \/>\n<meta name=\"robots\" content=\"index, follow, max-snippet:-1, max-image-preview:large, max-video-preview:-1\" \/>\n<link rel=\"canonical\" href=\"https:\/\/reloadbase.com\/fr-ch\/les-bons-bitnovo\/\" \/>\n<meta property=\"og:locale\" content=\"fr_FR\" \/>\n<meta property=\"og:type\" content=\"article\" \/>\n<meta property=\"og:title\" content=\"Acheter des bons Bitnovo en ligne | ReloadBase\" \/>\n<meta property=\"og:description\" content=\"Achetez votre bon Bitnovo en ligne sur ReloadBase \u2713 Paiement s\u00e9curis\u00e9 \u2713 Recevez votre code imm\u00e9diatement!\" \/>\n<meta property=\"og:url\" content=\"https:\/\/reloadbase.com\/fr-ch\/les-bons-bitnovo\/\" \/>\n<meta property=\"og:site_name\" content=\"ReloadBase\" \/>\n<meta property=\"article:publisher\" content=\"https:\/\/www.facebook.com\/ReloadBase\/\" \/>\n<meta property=\"article:modified_time\" content=\"2021-09-16T12:34:04+00:00\" \/>\n<meta property=\"og:image\" content=\"https:\/\/reloadbase.com\/wp-content\/uploads\/2020\/11\/Neosurf-voucher-300x300.png\" \/>\n<meta name=\"twitter:card\" content=\"summary_large_image\" \/>\n<meta name=\"twitter:label1\" content=\"Est. reading time\" \/>\n\t<meta name=\"twitter:data1\" content=\"5 minutes\" \/>\n<script type=\"application\/ld+json\" class=\"yoast-schema-graph\">{\"@context\":\"https:\/\/schema.org\",\"@graph\":[{\"@type\":\"WebPage\",\"@id\":\"https:\/\/reloadbase.com\/fr-ch\/les-bons-bitnovo\/\",\"url\":\"https:\/\/reloadbase.com\/fr-ch\/les-bons-bitnovo\/\",\"name\":\"Acheter des bons Bitnovo en ligne | ReloadBase\",\"isPartOf\":{\"@id\":\"https:\/\/reloadbase.com\/nl-nl\/#website\"},\"primaryImageOfPage\":{\"@id\":\"https:\/\/reloadbase.com\/fr-ch\/les-bons-bitnovo\/#primaryimage\"},\"image\":{\"@id\":\"https:\/\/reloadbase.com\/fr-ch\/les-bons-bitnovo\/#primaryimage\"},\"thumbnailUrl\":\"https:\/\/reloadbase.com\/wp-content\/uploads\/2020\/11\/Neosurf-voucher-300x300.png\",\"datePublished\":\"2020-11-11T21:59:03+00:00\",\"dateModified\":\"2021-09-16T12:34:04+00:00\",\"description\":\"Achetez votre bon Bitnovo en ligne sur ReloadBase \u2713 Paiement s\u00e9curis\u00e9 \u2713 Recevez votre code imm\u00e9diatement!\",\"breadcrumb\":{\"@id\":\"https:\/\/reloadbase.com\/fr-ch\/les-bons-bitnovo\/#breadcrumb\"},\"inLanguage\":\"fr-CH\",\"potentialAction\":[{\"@type\":\"ReadAction\",\"target\":[\"https:\/\/reloadbase.com\/fr-ch\/les-bons-bitnovo\/\"]}]},{\"@type\":\"ImageObject\",\"inLanguage\":\"fr-CH\",\"@id\":\"https:\/\/reloadbase.com\/fr-ch\/les-bons-bitnovo\/#primaryimage\",\"url\":\"https:\/\/reloadbase.com\/wp-content\/uploads\/2020\/11\/Neosurf-voucher-300x300.png\",\"contentUrl\":\"https:\/\/reloadbase.com\/wp-content\/uploads\/2020\/11\/Neosurf-voucher-300x300.png\"},{\"@type\":\"BreadcrumbList\",\"@id\":\"https:\/\/reloadbase.com\/fr-ch\/les-bons-bitnovo\/#breadcrumb\",\"itemListElement\":[{\"@type\":\"ListItem\",\"position\":1,\"name\":\"Home\",\"item\":\"https:\/\/reloadbase.com\/nl-nl\/\"},{\"@type\":\"ListItem\",\"position\":2,\"name\":\"Les bons Bitnovo\"}]},{\"@type\":\"WebSite\",\"@id\":\"https:\/\/reloadbase.com\/nl-nl\/#website\",\"url\":\"https:\/\/reloadbase.com\/nl-nl\/\",\"name\":\"ReloadBase\",\"description\":\"\",\"publisher\":{\"@id\":\"https:\/\/reloadbase.com\/nl-nl\/#organization\"},\"potentialAction\":[{\"@type\":\"SearchAction\",\"target\":{\"@type\":\"EntryPoint\",\"urlTemplate\":\"https:\/\/reloadbase.com\/nl-nl\/?s={search_term_string}\"},\"query-input\":{\"@type\":\"PropertyValueSpecification\",\"valueRequired\":true,\"valueName\":\"search_term_string\"}}],\"inLanguage\":\"fr-CH\"},{\"@type\":\"Organization\",\"@id\":\"https:\/\/reloadbase.com\/nl-nl\/#organization\",\"name\":\"ReloadBase\",\"url\":\"https:\/\/reloadbase.com\/nl-nl\/\",\"logo\":{\"@type\":\"ImageObject\",\"inLanguage\":\"fr-CH\",\"@id\":\"https:\/\/reloadbase.com\/nl-nl\/#\/schema\/logo\/image\/\",\"url\":\"https:\/\/reloadbase.com\/wp-content\/uploads\/2020\/05\/RELOADBASE01_Horizontal_Transparant.png\",\"contentUrl\":\"https:\/\/reloadbase.com\/wp-content\/uploads\/2020\/05\/RELOADBASE01_Horizontal_Transparant.png\",\"width\":17627,\"height\":2130,\"caption\":\"ReloadBase\"},\"image\":{\"@id\":\"https:\/\/reloadbase.com\/nl-nl\/#\/schema\/logo\/image\/\"},\"sameAs\":[\"https:\/\/www.facebook.com\/ReloadBase\/\",\"https:\/\/www.instagram.com\/reloadbase\/\"]}]}<\/script>\n<!-- \/ Yoast SEO plugin. -->","yoast_head_json":{"title":"Acheter des bons Bitnovo en ligne | ReloadBase","description":"Achetez votre bon Bitnovo en ligne sur ReloadBase \u2713 Paiement s\u00e9curis\u00e9 \u2713 Recevez votre code imm\u00e9diatement!","robots":{"index":"index","follow":"follow","max-snippet":"max-snippet:-1","max-image-preview":"max-image-preview:large","max-video-preview":"max-video-preview:-1"},"canonical":"https:\/\/reloadbase.com\/fr-ch\/les-bons-bitnovo\/","og_locale":"fr_FR","og_type":"article","og_title":"Acheter des bons Bitnovo en ligne | ReloadBase","og_description":"Achetez votre bon Bitnovo en ligne sur ReloadBase \u2713 Paiement s\u00e9curis\u00e9 \u2713 Recevez votre code imm\u00e9diatement!","og_url":"https:\/\/reloadbase.com\/fr-ch\/les-bons-bitnovo\/","og_site_name":"ReloadBase","article_publisher":"https:\/\/www.facebook.com\/ReloadBase\/","article_modified_time":"2021-09-16T12:34:04+00:00","og_image":[{"url":"https:\/\/reloadbase.com\/wp-content\/uploads\/2020\/11\/Neosurf-voucher-300x300.png","type":"","width":"","height":""}],"twitter_card":"summary_large_image","twitter_misc":{"Est. reading time":"5 minutes"},"schema":{"@context":"https:\/\/schema.org","@graph":[{"@type":"WebPage","@id":"https:\/\/reloadbase.com\/fr-ch\/les-bons-bitnovo\/","url":"https:\/\/reloadbase.com\/fr-ch\/les-bons-bitnovo\/","name":"Acheter des bons Bitnovo en ligne | ReloadBase","isPartOf":{"@id":"https:\/\/reloadbase.com\/nl-nl\/#website"},"primaryImageOfPage":{"@id":"https:\/\/reloadbase.com\/fr-ch\/les-bons-bitnovo\/#primaryimage"},"image":{"@id":"https:\/\/reloadbase.com\/fr-ch\/les-bons-bitnovo\/#primaryimage"},"thumbnailUrl":"https:\/\/reloadbase.com\/wp-content\/uploads\/2020\/11\/Neosurf-voucher-300x300.png","datePublished":"2020-11-11T21:59:03+00:00","dateModified":"2021-09-16T12:34:04+00:00","description":"Achetez votre bon Bitnovo en ligne sur ReloadBase \u2713 Paiement s\u00e9curis\u00e9 \u2713 Recevez votre code imm\u00e9diatement!","breadcrumb":{"@id":"https:\/\/reloadbase.com\/fr-ch\/les-bons-bitnovo\/#breadcrumb"},"inLanguage":"fr-CH","potentialAction":[{"@type":"ReadAction","target":["https:\/\/reloadbase.com\/fr-ch\/les-bons-bitnovo\/"]}]},{"@type":"ImageObject","inLanguage":"fr-CH","@id":"https:\/\/reloadbase.com\/fr-ch\/les-bons-bitnovo\/#primaryimage","url":"https:\/\/reloadbase.com\/wp-content\/uploads\/2020\/11\/Neosurf-voucher-300x300.png","contentUrl":"https:\/\/reloadbase.com\/wp-content\/uploads\/2020\/11\/Neosurf-voucher-300x300.png"},{"@type":"BreadcrumbList","@id":"https:\/\/reloadbase.com\/fr-ch\/les-bons-bitnovo\/#breadcrumb","itemListElement":[{"@type":"ListItem","position":1,"name":"Home","item":"https:\/\/reloadbase.com\/nl-nl\/"},{"@type":"ListItem","position":2,"name":"Les bons Bitnovo"}]},{"@type":"WebSite","@id":"https:\/\/reloadbase.com\/nl-nl\/#website","url":"https:\/\/reloadbase.com\/nl-nl\/","name":"ReloadBase","description":"","publisher":{"@id":"https:\/\/reloadbase.com\/nl-nl\/#organization"},"potentialAction":[{"@type":"SearchAction","target":{"@type":"EntryPoint","urlTemplate":"https:\/\/reloadbase.com\/nl-nl\/?s={search_term_string}"},"query-input":{"@type":"PropertyValueSpecification","valueRequired":true,"valueName":"search_term_string"}}],"inLanguage":"fr-CH"},{"@type":"Organization","@id":"https:\/\/reloadbase.com\/nl-nl\/#organization","name":"ReloadBase","url":"https:\/\/reloadbase.com\/nl-nl\/","logo":{"@type":"ImageObject","inLanguage":"fr-CH","@id":"https:\/\/reloadbase.com\/nl-nl\/#\/schema\/logo\/image\/","url":"https:\/\/reloadbase.com\/wp-content\/uploads\/2020\/05\/RELOADBASE01_Horizontal_Transparant.png","contentUrl":"https:\/\/reloadbase.com\/wp-content\/uploads\/2020\/05\/RELOADBASE01_Horizontal_Transparant.png","width":17627,"height":2130,"caption":"ReloadBase"},"image":{"@id":"https:\/\/reloadbase.com\/nl-nl\/#\/schema\/logo\/image\/"},"sameAs":["https:\/\/www.facebook.com\/ReloadBase\/","https:\/\/www.instagram.com\/reloadbase\/"]}]}},"_links":{"self":[{"href":"https:\/\/reloadbase.com\/fr-ch\/wp-json\/wp\/v2\/pages\/24921","targetHints":{"allow":["GET"]}}],"collection":[{"href":"https:\/\/reloadbase.com\/fr-ch\/wp-json\/wp\/v2\/pages"}],"about":[{"href":"https:\/\/reloadbase.com\/fr-ch\/wp-json\/wp\/v2\/types\/page"}],"author":[{"embeddable":true,"href":"https:\/\/reloadbase.com\/fr-ch\/wp-json\/wp\/v2\/users\/3"}],"replies":[{"embeddable":true,"href":"https:\/\/reloadbase.com\/fr-ch\/wp-json\/wp\/v2\/comments?post=24921"}],"version-history":[{"count":3,"href":"https:\/\/reloadbase.com\/fr-ch\/wp-json\/wp\/v2\/pages\/24921\/revisions"}],"predecessor-version":[{"id":26123,"href":"https:\/\/reloadbase.com\/fr-ch\/wp-json\/wp\/v2\/pages\/24921\/revisions\/26123"}],"wp:attachment":[{"href":"https:\/\/reloadbase.com\/fr-ch\/wp-json\/wp\/v2\/media?parent=24921"}],"curies":[{"name":"wp","href":"https:\/\/api.w.org\/{rel}","templated":true}]}}