{"id":24919,"date":"2020-11-11T22:12:08","date_gmt":"2020-11-11T22:12:08","guid":{"rendered":"https:\/\/reloadbase.com\/crypto-voucher\/"},"modified":"2021-08-20T14:37:30","modified_gmt":"2021-08-20T14:37:30","slug":"crypto-voucher","status":"publish","type":"page","link":"https:\/\/reloadbase.com\/fr-ch\/crypto-voucher\/","title":{"rendered":"Crypto Voucher"},"content":{"rendered":"<div class=\"wpb-content-wrapper\">[vc_row css=&#8221;.vc_custom_1596808763792{padding-top: 60px !important;padding-bottom: 60px !important;}&#8221;][vc_column][vc_column_text]\n<h1><span style=\"font-weight: 400;\">Achetez votre code Crypto Voucher en ligne<\/span><\/h1>\n<p><span style=\"font-weight: 400;\">Crypto Voucher offre un large \u00e9ventail de possibilit\u00e9s d&#8217;achat. Vous pouvez acheter des bons pr\u00e9pay\u00e9s aupr\u00e8s de distributeurs en ligne ou dans un magasin pr\u00e8s de chez vous. Vous pouvez \u00e9galement \u00e9changer diverses cartes-cadeaux comme <a href=\"https:\/\/reloadbase.com\/fr\/cartes-cadeaux-amazon\/\">Amazon<\/a> ou Walmart sur la plate-forme Crypto Voucher. Ou simplement, avec une carte de cr\u00e9dit ou un virement bancaire. Obtenez votre bon Crypto sur ReloadBase.<\/span>[\/vc_column_text][\/vc_column][\/vc_row][vc_row][vc_column]<div class=\"woocommerce columns-4 \"><\/div>[\/vc_column][\/vc_row][vc_row css=&#8221;.vc_custom_1596797300746{padding-bottom: 60px !important;}&#8221;][vc_column][vc_column_text css=&#8221;.vc_custom_1605132442077{padding-bottom: 20px !important;}&#8221;]\n<h2>Foire Aux Questions sur Crypto Voucher<\/h2>\n[\/vc_column_text][vc_row_inner css=&#8221;.vc_custom_1596808708853{padding-bottom: 20px !important;}&#8221;][vc_column_inner width=&#8221;1\/2&#8243;][vc_column_text]\n<h3>Qu&#8217;est-ce que Crypto Voucher?<\/h3>\n<p><span style=\"font-weight: 400;\">Crypto Voucher est une m\u00e9thode avec laquelle vous pouvez acheter des Bitcoins et d&#8217;autres monnaies virtuelles telles que des jetons ICO, de l&#8217;argent Bitcoin et des Litecoins. Il existe plus de huit types de monnaie que vous pouvez acheter. C\u2019est un moyen facile d&#8217;acheter de la crypto-monnaie qui propose une grande vari\u00e9t\u00e9 d&#8217;options pour faire des achats. Ils ont \u00e9t\u00e9 l&#8217;un des premiers \u00e0 proposer des cartes de cr\u00e9dit pour le trading de crypto-monnaies.\u00a0<\/span><\/p>\n<p>Crypto Voucher est une m\u00e9thode avec laquelle vous pouvez acheter des Bitcoins et d\u2019autres crypto-monnaies telles que des jetons ICO, de l\u2019argent Bitcoin et des Litecoins. Il existe plus de huit types de crypto que vous pouvez acheter. Crypto Voucher est le moyen facile d\u2019acheter de la crypto-monnaie.<\/p>\n<p>Donc, Crypto Voucher lui-m\u00eame est la soci\u00e9t\u00e9 et la solution qu\u2019ils fournissent pour acheter de la crypto-monnaie. Ils ont \u00e9t\u00e9 l\u2019un des premiers \u00e0 proposer des cartes de cr\u00e9dit pour le trading de crypto-monnaies. La carte-cadeau Crypto Voucher est un moyen pr\u00e9pay\u00e9 d\u2019acheter \u00e9ventuellement de la crypto-monnaie apr\u00e8s avoir utilis\u00e9 votre code et la valeur que ce code repr\u00e9sente.<\/p>\n<p>Crypto Voucher d\u00e9duit des frais de service de 4% de la valeur totale de la crypto-monnaie. De plus, vous payez parfois \u00e9galement des frais de transaction.[\/vc_column_text][\/vc_column_inner][vc_column_inner width=&#8221;1\/2&#8243;][vc_column_text]\n<h3>Comment utiliser un code Crypto Voucher?<\/h3>\n<ol>\n<li style=\"font-weight: 400;\"><span style=\"font-weight: 400;\">Allez sur <\/span><a href=\"https:\/\/cryptovoucher.io\/redeem-now\" target=\"_blank\" rel=\"nofollow noopener noreferrer\"><span style=\"font-weight: 400;\">https:\/\/cryptovoucher.io\/redeem-now<\/span><\/a><span style=\"font-weight: 400;\">\u00a0<\/span><\/li>\n<li style=\"font-weight: 400;\"><span style=\"font-weight: 400;\">Entrez le code de votre bon crypto et votre adresse e-mail<\/span><\/li>\n<li style=\"font-weight: 400;\"><span style=\"font-weight: 400;\">Appuyez sur \u00abContinuer\u00bb<\/span><\/li>\n<\/ol>\n<p><span style=\"font-weight: 400;\">Connectez-vous avec les d\u00e9tails de votre compte Crypto Voucher. Si vous ne poss\u00e9dez pas encore de compte, il vous sera demand\u00e9 d&#8217;en cr\u00e9er un (vous en aurez besoin pour utiliser votre code Crypto Voucher).<\/span><\/p>\n<ol>\n<li style=\"font-weight: 400;\"><span style=\"font-weight: 400;\">Entrez ensuite votre num\u00e9ro de t\u00e9l\u00e9phone et v\u00e9rifiez le code que vous recevrez par SMS.<\/span><\/li>\n<li style=\"font-weight: 400;\"><span style=\"font-weight: 400;\">S\u00e9lectionnez la devise crypto pour laquelle vous souhaitez utiliser votre code et entrez l&#8217;adresse de votre portefeuille cryptographique.<\/span><\/li>\n<li style=\"font-weight: 400;\"><span style=\"font-weight: 400;\">Acceptez les conditions g\u00e9n\u00e9rales et cliquez sur \u00abUtiliser maintenant\u00bb.<\/span><\/li>\n<li style=\"font-weight: 400;\"><span style=\"font-weight: 400;\">Votre portefeuille a maintenant \u00e9t\u00e9 mis \u00e0 niveau (cela se produit g\u00e9n\u00e9ralement en quelques minutes).<\/span><\/li>\n<\/ol>\n<p><span style=\"font-weight: 400;\">A noter que Crypto Voucher d\u00e9duit des frais de service de 4% de la valeur totale de la crypto-monnaie. De plus, vous payez parfois \u00e9galement des frais de transaction, en fonction de ce que vous achetez.<\/span>[\/vc_column_text][\/vc_column_inner][\/vc_row_inner][vc_row_inner css=&#8221;.vc_custom_1596808716232{padding-bottom: 20px !important;}&#8221;][vc_column_inner width=&#8221;1\/2&#8243;][vc_column_text]\n<h3>Que puis-je acheter avec un bon Crypto?<\/h3>\n<p><span style=\"font-weight: 400;\">Vous pouvez utiliser un Crypto Voucher pour acheter diff\u00e9rentes monnaie virtuelle sur le site Web. Une fois utilis\u00e9e, votre monnaie sera envoy\u00e9e sur votre portefeuille virtuelle.<\/span><\/p>\n<p>Types de crypto-monnaie que vous pouvez acheter avec un bon crypto:<\/p>\n<ul>\n<li style=\"font-weight: 400;\"><span style=\"font-weight: 400;\">Bitcoin (BTC)<\/span><\/li>\n<li style=\"font-weight: 400;\"><span style=\"font-weight: 400;\">Bitcoin Cash (BCH)<\/span><\/li>\n<li style=\"font-weight: 400;\"><span style=\"font-weight: 400;\">Litecoin (LTC)<\/span><\/li>\n<li style=\"font-weight: 400;\"><span style=\"font-weight: 400;\">EOSEthereum (ETH)<\/span><\/li>\n<li style=\"font-weight: 400;\"><span style=\"font-weight: 400;\">Pi\u00e8ce Binance (BNB)<\/span><\/li>\n<li style=\"font-weight: 400;\"><span style=\"font-weight: 400;\">Ondulation (XRP)<\/span><\/li>\n<li style=\"font-weight: 400;\"><span style=\"font-weight: 400;\">Steem<\/span><\/li>\n<\/ul>\n[\/vc_column_text][\/vc_column_inner][vc_column_inner width=&#8221;1\/2&#8243;][vc_column_text]\n<h3>Comment puis-je utiliser le bon Crypto?<\/h3>\n<ol>\n<li>Allez sur\u00a0<strong><a href=\"https:\/\/cryptovoucher.io\/redeem-now\">https:\/\/cryptovoucher.io\/redeem-now<\/a><\/strong><\/li>\n<li>Entrez le code de votre bon crypto et votre adresse e-mail<\/li>\n<li>Appuyez sur \u00abContinuer\u00bb<\/li>\n<li>Connectez-vous avec les d\u00e9tails de votre compte Crypto Voucher. Si vous ne poss\u00e9dez pas encore de compte Crypto Voucher, il vous sera demand\u00e9 d\u2019en cr\u00e9er un (vous en aurez besoin pour utiliser votre code Crypto Voucher).<\/li>\n<li>Entrez ensuite votre num\u00e9ro de t\u00e9l\u00e9phone et v\u00e9rifiez le code que vous recevrez par SMS.<\/li>\n<li>S\u00e9lectionnez la devise Crypto pour laquelle vous souhaitez utiliser votre code et entrez l\u2019adresse de votre portefeuille cryptographique.<\/li>\n<li>Acceptez les conditions et cliquez sur \u00abUtiliser maintenant\u00bb.<\/li>\n<li>Votre portefeuille a maintenant \u00e9t\u00e9 mis \u00e0 niveau (cela se produit g\u00e9n\u00e9ralement en quelques minutes).<\/li>\n<\/ol>\n[\/vc_column_text][\/vc_column_inner][\/vc_row_inner][\/vc_column][\/vc_row][vc_row][vc_column width=&#8221;1\/2&#8243;][vc_column_text]\n<h3>O\u00f9 acheter un bon crypto?<\/h3>\n<p>O\u00f9 puis-je acheter des bons crypto? Vous pouvez donc acheter des bons cryptographiques \u00e0 la fois hors ligne et en ligne. Aux Pays-Bas, les bons ne sont pas (encore) disponibles dans les magasins hors ligne. En ligne, vous pouvez vous rendre \u00e0 diff\u00e9rents endroits pour acheter une carte de bon cryptographique.<\/p>\n<p>Assurez-vous d\u2019acheter votre carte-cadeau dans un point de vente officiel de Crypto Voucher, tout comme avec tant de cartes-cadeaux, vous pouvez tomber sur un vendeur louche et \u00eatre victime d\u2019une arnaque sur Internet. Ce n\u2019est \u00e9videmment pas l\u2019intention. Consultez le site Crypto Voucher pour les points de vente en ligne officiels.[\/vc_column_text][\/vc_column][vc_column width=&#8221;1\/2&#8243;][vc_column_text]\n<h3>Combien de temps mon code Crypto Voucher est-il valide?<\/h3>\n<p><span style=\"font-weight: 400;\">Le bon est valable 180 jours apr\u00e8s l&#8217;achat. Alors utilisez-le \u00e0 votre convenance dans ce laps de temps. Cependant, une fois utilis\u00e9e, la devise de votre portefeuille num\u00e9rique n&#8217;expirera jamais.<\/span><\/p>\n<p>Vous pouvez acheter la carte-cadeau Crypto Voucher \u00e0 de nombreux endroits diff\u00e9rents et vous pouvez l\u2019\u00e9changer sur <a href=\"https:\/\/cryptovoucher.io\/redeem-now\">le site Web Crypto Voucher<\/a>.<\/p>\n<p>&nbsp;<\/p>\n<p><strong>Vous trouverez ci-dessous un aper\u00e7u des cartes pr\u00e9pay\u00e9e que nous proposons \u00e0 un prix abordable:<\/strong><\/p>\n<ul>\n<li><a href=\"https:\/\/reloadbase.com\/fr-fr\/carte-prepayee-cashu\/\">Carte pr\u00e9pay\u00e9e CASHU<\/a><\/li>\n<li><a href=\"https:\/\/reloadbase.com\/fr-fr\/carte-prepayee-neosurf\/\">Carte pr\u00e9pay\u00e9e Neosurf<\/a><\/li>\n<li><a href=\"https:\/\/reloadbase.com\/fr-fr\/les-bons-bitnovo\/\">Les bons Bitnovo<\/a><\/li>\n<li><a href=\"https:\/\/reloadbase.com\/fr-fr\/les-bons-cashlib\/\">Les bons CASHlib<\/a><\/li>\n<li><a href=\"https:\/\/reloadbase.com\/fr-fr\/mastercard-prepayee\/\">Mastercard Pr\u00e9pay\u00e9e<\/a><\/li>\n<li><a href=\"https:\/\/reloadbase.com\/fr-fr\/paysafecard\/\">Paysafecard<\/a><\/li>\n<li><a href=\"https:\/\/reloadbase.com\/fr-fr\/ticket-premium-voucher\/\">Ticket Premium<\/a><\/li>\n<\/ul>\n[\/vc_column_text][\/vc_column][\/vc_row]\n<\/div>","protected":false},"excerpt":{"rendered":"<p>[vc_row css=&#8221;.vc_custom_1596808763792{padding-top: 60px !important;padding-bottom: 60px !important;}&#8221;][vc_column][vc_column_text] Achetez votre code Crypto Voucher en ligne Crypto Voucher offre un large \u00e9ventail de possibilit\u00e9s d&#8217;achat. Vous pouvez acheter&hellip;<\/p>\n","protected":false},"author":3,"featured_media":24920,"parent":0,"menu_order":0,"comment_status":"closed","ping_status":"closed","template":"","meta":{"_acf_changed":false,"footnotes":""},"class_list":["post-24919","page","type-page","status-publish","has-post-thumbnail","hentry"],"acf":[],"yoast_head":"<!-- This site is optimized with the Yoast SEO plugin v24.4 - https:\/\/yoast.com\/wordpress\/plugins\/seo\/ -->\n<title>Achetez votre Crypto Voucher \u2713 S\u00fbr et en ligne | ReloadBase<\/title>\n<meta name=\"description\" content=\"Achetez votre code Crypto Voucher en ligne sur ReloadBase \u2713 Paiement s\u00e9curis\u00e9 \u2713 Recevez votre code imm\u00e9diatement\" \/>\n<meta name=\"robots\" content=\"index, follow, max-snippet:-1, max-image-preview:large, max-video-preview:-1\" \/>\n<link rel=\"canonical\" href=\"https:\/\/reloadbase.com\/fr-ch\/crypto-voucher\/\" \/>\n<meta property=\"og:locale\" content=\"fr_FR\" \/>\n<meta property=\"og:type\" content=\"article\" \/>\n<meta property=\"og:title\" content=\"Achetez votre Crypto Voucher \u2713 S\u00fbr et en ligne | ReloadBase\" \/>\n<meta property=\"og:description\" content=\"Achetez votre code Crypto Voucher en ligne sur ReloadBase \u2713 Paiement s\u00e9curis\u00e9 \u2713 Recevez votre code imm\u00e9diatement\" \/>\n<meta property=\"og:url\" content=\"https:\/\/reloadbase.com\/fr-ch\/crypto-voucher\/\" \/>\n<meta property=\"og:site_name\" content=\"ReloadBase\" \/>\n<meta property=\"article:publisher\" content=\"https:\/\/www.facebook.com\/ReloadBase\/\" \/>\n<meta property=\"article:modified_time\" content=\"2021-08-20T14:37:30+00:00\" \/>\n<meta property=\"og:image\" content=\"https:\/\/reloadbase.com\/wp-content\/uploads\/2020\/11\/bitcoin-in-emerging-markets.png\" \/>\n\t<meta property=\"og:image:width\" content=\"1920\" \/>\n\t<meta property=\"og:image:height\" content=\"1080\" \/>\n\t<meta property=\"og:image:type\" content=\"image\/png\" \/>\n<meta name=\"twitter:card\" content=\"summary_large_image\" \/>\n<meta name=\"twitter:label1\" content=\"Est. reading time\" \/>\n\t<meta name=\"twitter:data1\" content=\"5 minutes\" \/>\n<script type=\"application\/ld+json\" class=\"yoast-schema-graph\">{\"@context\":\"https:\/\/schema.org\",\"@graph\":[{\"@type\":\"WebPage\",\"@id\":\"https:\/\/reloadbase.com\/fr-ch\/crypto-voucher\/\",\"url\":\"https:\/\/reloadbase.com\/fr-ch\/crypto-voucher\/\",\"name\":\"Achetez votre Crypto Voucher \u2713 S\u00fbr et en ligne | ReloadBase\",\"isPartOf\":{\"@id\":\"https:\/\/reloadbase.com\/nl-nl\/#website\"},\"primaryImageOfPage\":{\"@id\":\"https:\/\/reloadbase.com\/fr-ch\/crypto-voucher\/#primaryimage\"},\"image\":{\"@id\":\"https:\/\/reloadbase.com\/fr-ch\/crypto-voucher\/#primaryimage\"},\"thumbnailUrl\":\"https:\/\/reloadbase.com\/wp-content\/uploads\/2020\/11\/bitcoin-in-emerging-markets.png\",\"datePublished\":\"2020-11-11T22:12:08+00:00\",\"dateModified\":\"2021-08-20T14:37:30+00:00\",\"description\":\"Achetez votre code Crypto Voucher en ligne sur ReloadBase \u2713 Paiement s\u00e9curis\u00e9 \u2713 Recevez votre code imm\u00e9diatement\",\"breadcrumb\":{\"@id\":\"https:\/\/reloadbase.com\/fr-ch\/crypto-voucher\/#breadcrumb\"},\"inLanguage\":\"fr-CH\",\"potentialAction\":[{\"@type\":\"ReadAction\",\"target\":[\"https:\/\/reloadbase.com\/fr-ch\/crypto-voucher\/\"]}]},{\"@type\":\"ImageObject\",\"inLanguage\":\"fr-CH\",\"@id\":\"https:\/\/reloadbase.com\/fr-ch\/crypto-voucher\/#primaryimage\",\"url\":\"https:\/\/reloadbase.com\/wp-content\/uploads\/2020\/11\/bitcoin-in-emerging-markets.png\",\"contentUrl\":\"https:\/\/reloadbase.com\/wp-content\/uploads\/2020\/11\/bitcoin-in-emerging-markets.png\",\"width\":1920,\"height\":1080,\"caption\":\"bitcoin-in-emerging-markets-Reloadbase\"},{\"@type\":\"BreadcrumbList\",\"@id\":\"https:\/\/reloadbase.com\/fr-ch\/crypto-voucher\/#breadcrumb\",\"itemListElement\":[{\"@type\":\"ListItem\",\"position\":1,\"name\":\"Home\",\"item\":\"https:\/\/reloadbase.com\/nl-nl\/\"},{\"@type\":\"ListItem\",\"position\":2,\"name\":\"Crypto Voucher\"}]},{\"@type\":\"WebSite\",\"@id\":\"https:\/\/reloadbase.com\/nl-nl\/#website\",\"url\":\"https:\/\/reloadbase.com\/nl-nl\/\",\"name\":\"ReloadBase\",\"description\":\"\",\"publisher\":{\"@id\":\"https:\/\/reloadbase.com\/nl-nl\/#organization\"},\"potentialAction\":[{\"@type\":\"SearchAction\",\"target\":{\"@type\":\"EntryPoint\",\"urlTemplate\":\"https:\/\/reloadbase.com\/nl-nl\/?s={search_term_string}\"},\"query-input\":{\"@type\":\"PropertyValueSpecification\",\"valueRequired\":true,\"valueName\":\"search_term_string\"}}],\"inLanguage\":\"fr-CH\"},{\"@type\":\"Organization\",\"@id\":\"https:\/\/reloadbase.com\/nl-nl\/#organization\",\"name\":\"ReloadBase\",\"url\":\"https:\/\/reloadbase.com\/nl-nl\/\",\"logo\":{\"@type\":\"ImageObject\",\"inLanguage\":\"fr-CH\",\"@id\":\"https:\/\/reloadbase.com\/nl-nl\/#\/schema\/logo\/image\/\",\"url\":\"https:\/\/reloadbase.com\/wp-content\/uploads\/2020\/05\/RELOADBASE01_Horizontal_Transparant.png\",\"contentUrl\":\"https:\/\/reloadbase.com\/wp-content\/uploads\/2020\/05\/RELOADBASE01_Horizontal_Transparant.png\",\"width\":17627,\"height\":2130,\"caption\":\"ReloadBase\"},\"image\":{\"@id\":\"https:\/\/reloadbase.com\/nl-nl\/#\/schema\/logo\/image\/\"},\"sameAs\":[\"https:\/\/www.facebook.com\/ReloadBase\/\",\"https:\/\/www.instagram.com\/reloadbase\/\"]}]}<\/script>\n<!-- \/ Yoast SEO plugin. -->","yoast_head_json":{"title":"Achetez votre Crypto Voucher \u2713 S\u00fbr et en ligne | ReloadBase","description":"Achetez votre code Crypto Voucher en ligne sur ReloadBase \u2713 Paiement s\u00e9curis\u00e9 \u2713 Recevez votre code imm\u00e9diatement","robots":{"index":"index","follow":"follow","max-snippet":"max-snippet:-1","max-image-preview":"max-image-preview:large","max-video-preview":"max-video-preview:-1"},"canonical":"https:\/\/reloadbase.com\/fr-ch\/crypto-voucher\/","og_locale":"fr_FR","og_type":"article","og_title":"Achetez votre Crypto Voucher \u2713 S\u00fbr et en ligne | ReloadBase","og_description":"Achetez votre code Crypto Voucher en ligne sur ReloadBase \u2713 Paiement s\u00e9curis\u00e9 \u2713 Recevez votre code imm\u00e9diatement","og_url":"https:\/\/reloadbase.com\/fr-ch\/crypto-voucher\/","og_site_name":"ReloadBase","article_publisher":"https:\/\/www.facebook.com\/ReloadBase\/","article_modified_time":"2021-08-20T14:37:30+00:00","og_image":[{"width":1920,"height":1080,"url":"https:\/\/reloadbase.com\/wp-content\/uploads\/2020\/11\/bitcoin-in-emerging-markets.png","type":"image\/png"}],"twitter_card":"summary_large_image","twitter_misc":{"Est. reading time":"5 minutes"},"schema":{"@context":"https:\/\/schema.org","@graph":[{"@type":"WebPage","@id":"https:\/\/reloadbase.com\/fr-ch\/crypto-voucher\/","url":"https:\/\/reloadbase.com\/fr-ch\/crypto-voucher\/","name":"Achetez votre Crypto Voucher \u2713 S\u00fbr et en ligne | ReloadBase","isPartOf":{"@id":"https:\/\/reloadbase.com\/nl-nl\/#website"},"primaryImageOfPage":{"@id":"https:\/\/reloadbase.com\/fr-ch\/crypto-voucher\/#primaryimage"},"image":{"@id":"https:\/\/reloadbase.com\/fr-ch\/crypto-voucher\/#primaryimage"},"thumbnailUrl":"https:\/\/reloadbase.com\/wp-content\/uploads\/2020\/11\/bitcoin-in-emerging-markets.png","datePublished":"2020-11-11T22:12:08+00:00","dateModified":"2021-08-20T14:37:30+00:00","description":"Achetez votre code Crypto Voucher en ligne sur ReloadBase \u2713 Paiement s\u00e9curis\u00e9 \u2713 Recevez votre code imm\u00e9diatement","breadcrumb":{"@id":"https:\/\/reloadbase.com\/fr-ch\/crypto-voucher\/#breadcrumb"},"inLanguage":"fr-CH","potentialAction":[{"@type":"ReadAction","target":["https:\/\/reloadbase.com\/fr-ch\/crypto-voucher\/"]}]},{"@type":"ImageObject","inLanguage":"fr-CH","@id":"https:\/\/reloadbase.com\/fr-ch\/crypto-voucher\/#primaryimage","url":"https:\/\/reloadbase.com\/wp-content\/uploads\/2020\/11\/bitcoin-in-emerging-markets.png","contentUrl":"https:\/\/reloadbase.com\/wp-content\/uploads\/2020\/11\/bitcoin-in-emerging-markets.png","width":1920,"height":1080,"caption":"bitcoin-in-emerging-markets-Reloadbase"},{"@type":"BreadcrumbList","@id":"https:\/\/reloadbase.com\/fr-ch\/crypto-voucher\/#breadcrumb","itemListElement":[{"@type":"ListItem","position":1,"name":"Home","item":"https:\/\/reloadbase.com\/nl-nl\/"},{"@type":"ListItem","position":2,"name":"Crypto Voucher"}]},{"@type":"WebSite","@id":"https:\/\/reloadbase.com\/nl-nl\/#website","url":"https:\/\/reloadbase.com\/nl-nl\/","name":"ReloadBase","description":"","publisher":{"@id":"https:\/\/reloadbase.com\/nl-nl\/#organization"},"potentialAction":[{"@type":"SearchAction","target":{"@type":"EntryPoint","urlTemplate":"https:\/\/reloadbase.com\/nl-nl\/?s={search_term_string}"},"query-input":{"@type":"PropertyValueSpecification","valueRequired":true,"valueName":"search_term_string"}}],"inLanguage":"fr-CH"},{"@type":"Organization","@id":"https:\/\/reloadbase.com\/nl-nl\/#organization","name":"ReloadBase","url":"https:\/\/reloadbase.com\/nl-nl\/","logo":{"@type":"ImageObject","inLanguage":"fr-CH","@id":"https:\/\/reloadbase.com\/nl-nl\/#\/schema\/logo\/image\/","url":"https:\/\/reloadbase.com\/wp-content\/uploads\/2020\/05\/RELOADBASE01_Horizontal_Transparant.png","contentUrl":"https:\/\/reloadbase.com\/wp-content\/uploads\/2020\/05\/RELOADBASE01_Horizontal_Transparant.png","width":17627,"height":2130,"caption":"ReloadBase"},"image":{"@id":"https:\/\/reloadbase.com\/nl-nl\/#\/schema\/logo\/image\/"},"sameAs":["https:\/\/www.facebook.com\/ReloadBase\/","https:\/\/www.instagram.com\/reloadbase\/"]}]}},"_links":{"self":[{"href":"https:\/\/reloadbase.com\/fr-ch\/wp-json\/wp\/v2\/pages\/24919","targetHints":{"allow":["GET"]}}],"collection":[{"href":"https:\/\/reloadbase.com\/fr-ch\/wp-json\/wp\/v2\/pages"}],"about":[{"href":"https:\/\/reloadbase.com\/fr-ch\/wp-json\/wp\/v2\/types\/page"}],"author":[{"embeddable":true,"href":"https:\/\/reloadbase.com\/fr-ch\/wp-json\/wp\/v2\/users\/3"}],"replies":[{"embeddable":true,"href":"https:\/\/reloadbase.com\/fr-ch\/wp-json\/wp\/v2\/comments?post=24919"}],"version-history":[{"count":1,"href":"https:\/\/reloadbase.com\/fr-ch\/wp-json\/wp\/v2\/pages\/24919\/revisions"}],"predecessor-version":[{"id":24925,"href":"https:\/\/reloadbase.com\/fr-ch\/wp-json\/wp\/v2\/pages\/24919\/revisions\/24925"}],"wp:featuredmedia":[{"embeddable":true,"href":"https:\/\/reloadbase.com\/fr-ch\/wp-json\/wp\/v2\/media\/24920"}],"wp:attachment":[{"href":"https:\/\/reloadbase.com\/fr-ch\/wp-json\/wp\/v2\/media?parent=24919"}],"curies":[{"name":"wp","href":"https:\/\/api.w.org\/{rel}","templated":true}]}}