{"id":21836,"date":"2021-07-20T15:21:18","date_gmt":"2021-07-20T15:21:18","guid":{"rendered":"https:\/\/reloadbase.com\/?page_id=21836"},"modified":"2021-12-16T06:32:40","modified_gmt":"2021-12-16T06:32:40","slug":"turk-telecom","status":"publish","type":"page","link":"https:\/\/reloadbase.com\/fr-be\/turk-telecom\/","title":{"rendered":"Recharge Turk Telekom"},"content":{"rendered":"<div class=\"wpb-content-wrapper\">[vc_section el_class=&#8221;rb-stage&#8221;][vc_row thb_full_width=&#8221;true&#8221; thb_row_padding=&#8221;true&#8221; el_class=&#8221;rb-stage__image&#8221;][vc_column][thb_image full_width=&#8221;true&#8221; image=&#8221;28691&#8243;][\/thb_image][\/vc_column][\/vc_row][vc_row el_class=&#8221;rb-stage-container&#8221;][vc_column el_class=&#8221;rb-stage__content&#8221;][vc_column_text el_class=&#8221;rb-podium__text&#8221;]\n<h1>Recharge T\u00fcrk Telekom<\/h1>\n<p><a href=\"https:\/\/www.google.com\/search?q=reloadbase&amp;oq=reloadbase&amp;aqs=chrome..69i57j46i10i175i199j0i5i30j69i60l5.4004j0j7&amp;sourceid=chrome&amp;ie=UTF-8#lrd=0x47c60941f0a9e527:0xd2fa1ceff82f3fb0,1,,,\" target=\"_blank\" rel=\"noopener\"><i class=\"fas fa-star\"><\/i><i class=\"fas fa-star\"><\/i><i class=\"fas fa-star\"><\/i><i class=\"fas fa-star\"><\/i><i class=\"fas fa-star\"><\/i> \u2022 5\/5<\/a><\/p>\n<p>Vous voulez recharger votre cr\u00e9dit d&#8217;appel T\u00fcrk Telekom? Achetez votre cr\u00e9dit pr\u00e9pay\u00e9 en ligne sur ReloadBase, car le code num\u00e9rique nous est livr\u00e9 directement.[\/vc_column_text][\/vc_column][\/vc_row][\/vc_section][vc_row thb_full_width=&#8221;true&#8221; thb_row_padding=&#8221;true&#8221; css=&#8221;.vc_custom_1634198737356{padding-top: 20px !important;}&#8221;][vc_column offset=&#8221;vc_hidden-lg&#8221;][thb_image full_width=&#8221;true&#8221; image=&#8221;28704&#8243;][\/thb_image][vc_column_text el_class=&#8221;rb-podium__text&#8221;]\n<h1>Recharge T\u00fcrk Telekom<\/h1>\n[\/vc_column_text][vc_column_text el_class=&#8221;rb-podium__text&#8221;]<a href=\"https:\/\/www.google.com\/search?q=reloadbase&amp;oq=reloadbase&amp;aqs=chrome..69i57j46i10i175i199j0i5i30j69i60l5.4004j0j7&amp;sourceid=chrome&amp;ie=UTF-8#lrd=0x47c60941f0a9e527:0xd2fa1ceff82f3fb0,1,,,\" target=\"_blank\" rel=\"noopener\"><i class=\"fas fa-star\"><\/i><i class=\"fas fa-star\"><\/i><i class=\"fas fa-star\"><\/i><i class=\"fas fa-star\"><\/i><i class=\"fas fa-star\"><\/i> \u2022 5\/5<\/a>[\/vc_column_text][vc_tta_accordion style=&#8221;flat&#8221; shape=&#8221;square&#8221; color=&#8221;white&#8221; c_icon=&#8221;chevron&#8221; c_position=&#8221;right&#8221; active_section=&#8221;99&#8243; no_fill=&#8221;true&#8221; collapsible_all=&#8221;true&#8221;][vc_tta_section title=&#8221;Plus d&#8217;infos&#8221; tab_id=&#8221;recharge-turk-telekom&#8221;][vc_column_text]Vous voulez recharger votre cr\u00e9dit d&#8217;appel T\u00fcrk Telekom? Achetez votre cr\u00e9dit pr\u00e9pay\u00e9 en ligne sur ReloadBase, car le code num\u00e9rique nous est livr\u00e9 directement.[\/vc_column_text][\/vc_tta_section][\/vc_tta_accordion][\/vc_column][\/vc_row][vc_row css=&#8221;.vc_custom_1596797300746{padding-bottom: 60px !important;}&#8221;][vc_column][vc_column_text css=&#8221;.vc_custom_1639636357656{padding-bottom: 20px !important;}&#8221;]\n<pre class=\"breadcrumb\"><span><span><a href=\"https:\/\/reloadbase.com\/nl-nl\/\">Home<\/a><\/span><\/span><\/pre>\n[\/vc_column_text][vc_column_text css=&#8221;.vc_custom_1626794152445{padding-bottom: 20px !important;}&#8221;]\n<h2>Questions fr\u00e9quemment pos\u00e9es sur T\u00fcrk Telekom Recharge<\/h2>\n[\/vc_column_text][vc_row_inner css=&#8221;.vc_custom_1596808708853{padding-bottom: 20px !important;}&#8221;][vc_column_inner][vc_column_text]\n<h3>Comment puis-je utiliser mon code de rechargement T\u00fcrk Telekom?<\/h3>\n<p>Vous pouvez utiliser votre code de rechargement T\u00fcrk Telekom de diff\u00e9rentes mani\u00e8res.<\/p>\n<ol>\n<li>Par SMS. Envoyez TOPUP suivi du code de rechargement T\u00fcrk Telekom au num\u00e9ro 1912.<\/li>\n<li>Appelez le 1999 et suivez les instructions.<\/li>\n<\/ol>\n[\/vc_column_text][vc_column_text]\n<h3>Comment recharger T\u00fcrk Telekom depuis l&#8217;\u00e9tranger?<\/h3>\n<p>Sans cr\u00e9dit d&#8217;appel \u00e0 l&#8217;\u00e9tranger? Vous pouvez facilement recharger votre cr\u00e9dit d&#8217;appel via le site web ou l&#8217;application T\u00fcrk Telekom.[\/vc_column_text][vc_column_text]\n<h3>Comment puis-je v\u00e9rifier le solde de ma carte T\u00fcrk Telekom?<\/h3>\n<p>Vous pouvez facilement v\u00e9rifier le solde de votre carte en vous rendant sur le site Internet de T\u00fcrk telekom et en demandant votre solde \u00e0 cet endroit.[\/vc_column_text][vc_column_text]\n<h3>Quelle est la dur\u00e9e de validit\u00e9 de ma carte pr\u00e9pay\u00e9e T\u00fcrk Telekom?<\/h3>\n<p>Apr\u00e8s avoir activ\u00e9 votre cr\u00e9dit d&#8217;appel, celui-ci est valable pendant 12 mois. Attention ! Ceci ne s&#8217;applique pas aux minutes et aux SMS gratuits.[\/vc_column_text][vc_column_text]\n<h3>Comment puis-je contacter le service client\u00e8le de T\u00fcrk Telekom?<\/h3>\n<p>Si vous avez des questions ou des probl\u00e8mes, vous pouvez joindre le service client\u00e8le de T\u00fcrk Telekom de la mani\u00e8re suivante:<\/p>\n<ol>\n<li>En appelant le <strong>1979<\/strong> (en Belgique avec T\u00fcrk Telekom Mobile)<\/li>\n<li>En appelant le <strong>0486 19 1979<\/strong> (depuis la Belgique)<\/li>\n<li>En appelant le <strong>+32 486 19 1979<\/strong> (depuis l&#8217;\u00e9tranger)<\/li>\n<\/ol>\n[\/vc_column_text][\/vc_column_inner][\/vc_row_inner][\/vc_column][\/vc_row][vc_row][vc_column][vc_column_text]\n<h2>Produits Similaires<\/h2>\n[\/vc_column_text][\/vc_column][\/vc_row][vc_row][vc_column width=&#8221;1\/6&#8243;][vc_cta h2=&#8221;&#8221; el_class=&#8221;borderedBox&#8211;shadowMedium products&#8221;]<a href=\"https:\/\/reloadbase.com\/fr-be\/orange\/\"><img loading=\"lazy\" decoding=\"async\" class=\"wp-image-13250 size-full aligncenter\" src=\"https:\/\/reloadbase.com\/wp-content\/uploads\/2021\/08\/reloadbase-pdp-orange-1026x648px.png\" alt=\"Orange\" width=\"300\" height=\"207\" \/><\/a><\/p>\n<h4 style=\"text-align: center;\">Orange<\/h4>\n[\/vc_cta][\/vc_column][vc_column width=&#8221;1\/6&#8243;][vc_cta h2=&#8221;&#8221; el_class=&#8221;borderedBox&#8211;shadowMedium products&#8221;]<a href=\"https:\/\/reloadbase.com\/fr-be\/recharge-proximus\/\"><img loading=\"lazy\" decoding=\"async\" class=\"wp-image-13250 size-full aligncenter\" src=\"https:\/\/reloadbase.com\/wp-content\/uploads\/2021\/08\/reloadbase-pdp-proximus-1026x648px.png\" alt=\"Proximus\" width=\"300\" height=\"207\" \/><\/a><\/p>\n<h4 style=\"text-align: center;\">Proximus<\/h4>\n[\/vc_cta][\/vc_column][vc_column width=&#8221;1\/6&#8243;][vc_cta h2=&#8221;&#8221; el_class=&#8221;borderedBox&#8211;shadowMedium products&#8221;]<a href=\"https:\/\/reloadbase.com\/fr-be\/lycamobile\/\"><img loading=\"lazy\" decoding=\"async\" class=\"wp-image-13250 size-full aligncenter\" src=\"https:\/\/reloadbase.com\/wp-content\/uploads\/2021\/08\/reloadbase-pdp-lycamobile-1026x648px.png\" alt=\"Lycamobile\" width=\"300\" height=\"207\" \/><\/a><\/p>\n<h4 style=\"text-align: center;\">Lycamobile<\/h4>\n[\/vc_cta][\/vc_column][vc_column width=&#8221;1\/6&#8243;][vc_cta h2=&#8221;&#8221; el_class=&#8221;borderedBox&#8211;shadowMedium products&#8221;]<a href=\"https:\/\/reloadbase.com\/fr-be\/base\/\"><img loading=\"lazy\" decoding=\"async\" class=\"wp-image-13250 size-full aligncenter\" src=\"https:\/\/reloadbase.com\/wp-content\/uploads\/2021\/08\/reloadbase-pdp-base-1026x648px.png\" alt=\"BASE\" width=\"300\" height=\"207\" \/><\/a><\/p>\n<h4 style=\"text-align: center;\">BASE<\/h4>\n[\/vc_cta][\/vc_column][vc_column width=&#8221;1\/6&#8243;][vc_cta h2=&#8221;&#8221; el_class=&#8221;borderedBox&#8211;shadowMedium products&#8221;]<a href=\"https:\/\/reloadbase.com\/fr-be\/jim-mobile\/\"><img loading=\"lazy\" decoding=\"async\" class=\"wp-image-13250 size-full aligncenter\" src=\"https:\/\/reloadbase.com\/wp-content\/uploads\/2021\/08\/reloadbase-pdp-jim-1026x648px.png\" alt=\"JIM Mobile\" width=\"300\" height=\"207\" \/><\/a><\/p>\n<h4 style=\"text-align: center;\">JIM Mobile<\/h4>\n[\/vc_cta][\/vc_column][vc_column width=&#8221;1\/6&#8243;][vc_cta h2=&#8221;&#8221; el_class=&#8221;borderedBox&#8211;shadowMedium products&#8221;]<a href=\"https:\/\/reloadbase.com\/fr-be\/ay-yildiz\/\"><img loading=\"lazy\" decoding=\"async\" class=\"wp-image-13250 size-full aligncenter\" src=\"https:\/\/reloadbase.com\/wp-content\/uploads\/2021\/08\/reloadbase-pdp-ayyildiz-1026x648px.png\" alt=\"Ay Yildiz\" width=\"300\" height=\"207\" \/><\/a><\/p>\n<h4 style=\"text-align: center;\">Ay Yildiz<\/h4>\n[\/vc_cta][\/vc_column][\/vc_row]\n<\/div>","protected":false},"excerpt":{"rendered":"<p>[vc_section el_class=&#8221;rb-stage&#8221;][vc_row thb_full_width=&#8221;true&#8221; thb_row_padding=&#8221;true&#8221; el_class=&#8221;rb-stage__image&#8221;][vc_column][thb_image full_width=&#8221;true&#8221; image=&#8221;28691&#8243;][\/thb_image][\/vc_column][\/vc_row][vc_row el_class=&#8221;rb-stage-container&#8221;][vc_column el_class=&#8221;rb-stage__content&#8221;][vc_column_text el_class=&#8221;rb-podium__text&#8221;] Recharge T\u00fcrk Telekom \u2022 5\/5 Vous voulez recharger votre cr\u00e9dit d&#8217;appel T\u00fcrk Telekom? Achetez votre&hellip;<\/p>\n","protected":false},"author":1608,"featured_media":23302,"parent":0,"menu_order":0,"comment_status":"closed","ping_status":"closed","template":"","meta":{"_acf_changed":false,"footnotes":""},"class_list":["post-21836","page","type-page","status-publish","has-post-thumbnail","hentry"],"acf":[],"yoast_head":"<!-- This site is optimized with the Yoast SEO plugin v24.4 - https:\/\/yoast.com\/wordpress\/plugins\/seo\/ -->\n<title>Recharge T\u00fcrk Telekom | Code pr\u00e9pay\u00e9 d\u00e8s 5 \u20ac<\/title>\n<meta name=\"description\" content=\"Recharge T\u00fcrk Telekom \u2713 Code pr\u00e9pay\u00e9 directement par e-mail \u2713 Payer avec PayPal, Carte de Cr\u00e9dit ou Bancaire sur ReloadBase\" \/>\n<meta name=\"robots\" content=\"index, follow, max-snippet:-1, max-image-preview:large, max-video-preview:-1\" \/>\n<link rel=\"canonical\" href=\"https:\/\/reloadbase.com\/fr-be\/turk-telecom\/\" \/>\n<meta property=\"og:locale\" content=\"fr_FR\" \/>\n<meta property=\"og:type\" content=\"article\" \/>\n<meta property=\"og:title\" content=\"Recharge T\u00fcrk Telekom | Code pr\u00e9pay\u00e9 d\u00e8s 5 \u20ac\" \/>\n<meta property=\"og:description\" content=\"Recharge T\u00fcrk Telekom \u2713 Code pr\u00e9pay\u00e9 directement par e-mail \u2713 Payer avec PayPal, Carte de Cr\u00e9dit ou Bancaire sur ReloadBase\" \/>\n<meta property=\"og:url\" content=\"https:\/\/reloadbase.com\/fr-be\/turk-telecom\/\" \/>\n<meta property=\"og:site_name\" content=\"ReloadBase\" \/>\n<meta property=\"article:publisher\" content=\"https:\/\/www.facebook.com\/ReloadBase\/\" \/>\n<meta property=\"article:modified_time\" content=\"2021-12-16T06:32:40+00:00\" \/>\n<meta property=\"og:image\" content=\"https:\/\/reloadbase.com\/wp-content\/uploads\/2021\/08\/reloadbase-pdp-turktelecom-1026x648px.png\" \/>\n\t<meta property=\"og:image:width\" content=\"1026\" \/>\n\t<meta property=\"og:image:height\" content=\"648\" \/>\n\t<meta property=\"og:image:type\" content=\"image\/png\" \/>\n<meta name=\"twitter:card\" content=\"summary_large_image\" \/>\n<meta name=\"twitter:label1\" content=\"Dur\u00e9e de lecture est.\" \/>\n\t<meta name=\"twitter:data1\" content=\"3 minutes\" \/>\n<script type=\"application\/ld+json\" class=\"yoast-schema-graph\">{\"@context\":\"https:\/\/schema.org\",\"@graph\":[{\"@type\":\"WebPage\",\"@id\":\"https:\/\/reloadbase.com\/fr-be\/turk-telecom\/\",\"url\":\"https:\/\/reloadbase.com\/fr-be\/turk-telecom\/\",\"name\":\"Recharge T\u00fcrk Telekom | Code pr\u00e9pay\u00e9 d\u00e8s 5 \u20ac\",\"isPartOf\":{\"@id\":\"https:\/\/reloadbase.com\/nl-nl\/#website\"},\"primaryImageOfPage\":{\"@id\":\"https:\/\/reloadbase.com\/fr-be\/turk-telecom\/#primaryimage\"},\"image\":{\"@id\":\"https:\/\/reloadbase.com\/fr-be\/turk-telecom\/#primaryimage\"},\"thumbnailUrl\":\"https:\/\/reloadbase.com\/wp-content\/uploads\/2021\/08\/reloadbase-pdp-turktelecom-1026x648px.png\",\"datePublished\":\"2021-07-20T15:21:18+00:00\",\"dateModified\":\"2021-12-16T06:32:40+00:00\",\"description\":\"Recharge T\u00fcrk Telekom \u2713 Code pr\u00e9pay\u00e9 directement par e-mail \u2713 Payer avec PayPal, Carte de Cr\u00e9dit ou Bancaire sur ReloadBase\",\"breadcrumb\":{\"@id\":\"https:\/\/reloadbase.com\/fr-be\/turk-telecom\/#breadcrumb\"},\"inLanguage\":\"fr-BE\",\"potentialAction\":[{\"@type\":\"ReadAction\",\"target\":[\"https:\/\/reloadbase.com\/fr-be\/turk-telecom\/\"]}]},{\"@type\":\"ImageObject\",\"inLanguage\":\"fr-BE\",\"@id\":\"https:\/\/reloadbase.com\/fr-be\/turk-telecom\/#primaryimage\",\"url\":\"https:\/\/reloadbase.com\/wp-content\/uploads\/2021\/08\/reloadbase-pdp-turktelecom-1026x648px.png\",\"contentUrl\":\"https:\/\/reloadbase.com\/wp-content\/uploads\/2021\/08\/reloadbase-pdp-turktelecom-1026x648px.png\",\"width\":1026,\"height\":648,\"caption\":\"Turk Telekom - Reloadbase\"},{\"@type\":\"BreadcrumbList\",\"@id\":\"https:\/\/reloadbase.com\/fr-be\/turk-telecom\/#breadcrumb\",\"itemListElement\":[{\"@type\":\"ListItem\",\"position\":1,\"name\":\"Home\",\"item\":\"https:\/\/reloadbase.com\/nl-nl\/\"},{\"@type\":\"ListItem\",\"position\":2,\"name\":\"Recharge Turk Telekom\"}]},{\"@type\":\"WebSite\",\"@id\":\"https:\/\/reloadbase.com\/nl-nl\/#website\",\"url\":\"https:\/\/reloadbase.com\/nl-nl\/\",\"name\":\"ReloadBase\",\"description\":\"\",\"publisher\":{\"@id\":\"https:\/\/reloadbase.com\/nl-nl\/#organization\"},\"potentialAction\":[{\"@type\":\"SearchAction\",\"target\":{\"@type\":\"EntryPoint\",\"urlTemplate\":\"https:\/\/reloadbase.com\/nl-nl\/?s={search_term_string}\"},\"query-input\":{\"@type\":\"PropertyValueSpecification\",\"valueRequired\":true,\"valueName\":\"search_term_string\"}}],\"inLanguage\":\"fr-BE\"},{\"@type\":\"Organization\",\"@id\":\"https:\/\/reloadbase.com\/nl-nl\/#organization\",\"name\":\"ReloadBase\",\"url\":\"https:\/\/reloadbase.com\/nl-nl\/\",\"logo\":{\"@type\":\"ImageObject\",\"inLanguage\":\"fr-BE\",\"@id\":\"https:\/\/reloadbase.com\/nl-nl\/#\/schema\/logo\/image\/\",\"url\":\"https:\/\/reloadbase.com\/wp-content\/uploads\/2020\/05\/RELOADBASE01_Horizontal_Transparant.png\",\"contentUrl\":\"https:\/\/reloadbase.com\/wp-content\/uploads\/2020\/05\/RELOADBASE01_Horizontal_Transparant.png\",\"width\":17627,\"height\":2130,\"caption\":\"ReloadBase\"},\"image\":{\"@id\":\"https:\/\/reloadbase.com\/nl-nl\/#\/schema\/logo\/image\/\"},\"sameAs\":[\"https:\/\/www.facebook.com\/ReloadBase\/\",\"https:\/\/www.instagram.com\/reloadbase\/\"]}]}<\/script>\n<!-- \/ Yoast SEO plugin. -->","yoast_head_json":{"title":"Recharge T\u00fcrk Telekom | Code pr\u00e9pay\u00e9 d\u00e8s 5 \u20ac","description":"Recharge T\u00fcrk Telekom \u2713 Code pr\u00e9pay\u00e9 directement par e-mail \u2713 Payer avec PayPal, Carte de Cr\u00e9dit ou Bancaire sur ReloadBase","robots":{"index":"index","follow":"follow","max-snippet":"max-snippet:-1","max-image-preview":"max-image-preview:large","max-video-preview":"max-video-preview:-1"},"canonical":"https:\/\/reloadbase.com\/fr-be\/turk-telecom\/","og_locale":"fr_FR","og_type":"article","og_title":"Recharge T\u00fcrk Telekom | Code pr\u00e9pay\u00e9 d\u00e8s 5 \u20ac","og_description":"Recharge T\u00fcrk Telekom \u2713 Code pr\u00e9pay\u00e9 directement par e-mail \u2713 Payer avec PayPal, Carte de Cr\u00e9dit ou Bancaire sur ReloadBase","og_url":"https:\/\/reloadbase.com\/fr-be\/turk-telecom\/","og_site_name":"ReloadBase","article_publisher":"https:\/\/www.facebook.com\/ReloadBase\/","article_modified_time":"2021-12-16T06:32:40+00:00","og_image":[{"width":1026,"height":648,"url":"https:\/\/reloadbase.com\/wp-content\/uploads\/2021\/08\/reloadbase-pdp-turktelecom-1026x648px.png","type":"image\/png"}],"twitter_card":"summary_large_image","twitter_misc":{"Dur\u00e9e de lecture est.":"3 minutes"},"schema":{"@context":"https:\/\/schema.org","@graph":[{"@type":"WebPage","@id":"https:\/\/reloadbase.com\/fr-be\/turk-telecom\/","url":"https:\/\/reloadbase.com\/fr-be\/turk-telecom\/","name":"Recharge T\u00fcrk Telekom | Code pr\u00e9pay\u00e9 d\u00e8s 5 \u20ac","isPartOf":{"@id":"https:\/\/reloadbase.com\/nl-nl\/#website"},"primaryImageOfPage":{"@id":"https:\/\/reloadbase.com\/fr-be\/turk-telecom\/#primaryimage"},"image":{"@id":"https:\/\/reloadbase.com\/fr-be\/turk-telecom\/#primaryimage"},"thumbnailUrl":"https:\/\/reloadbase.com\/wp-content\/uploads\/2021\/08\/reloadbase-pdp-turktelecom-1026x648px.png","datePublished":"2021-07-20T15:21:18+00:00","dateModified":"2021-12-16T06:32:40+00:00","description":"Recharge T\u00fcrk Telekom \u2713 Code pr\u00e9pay\u00e9 directement par e-mail \u2713 Payer avec PayPal, Carte de Cr\u00e9dit ou Bancaire sur ReloadBase","breadcrumb":{"@id":"https:\/\/reloadbase.com\/fr-be\/turk-telecom\/#breadcrumb"},"inLanguage":"fr-BE","potentialAction":[{"@type":"ReadAction","target":["https:\/\/reloadbase.com\/fr-be\/turk-telecom\/"]}]},{"@type":"ImageObject","inLanguage":"fr-BE","@id":"https:\/\/reloadbase.com\/fr-be\/turk-telecom\/#primaryimage","url":"https:\/\/reloadbase.com\/wp-content\/uploads\/2021\/08\/reloadbase-pdp-turktelecom-1026x648px.png","contentUrl":"https:\/\/reloadbase.com\/wp-content\/uploads\/2021\/08\/reloadbase-pdp-turktelecom-1026x648px.png","width":1026,"height":648,"caption":"Turk Telekom - Reloadbase"},{"@type":"BreadcrumbList","@id":"https:\/\/reloadbase.com\/fr-be\/turk-telecom\/#breadcrumb","itemListElement":[{"@type":"ListItem","position":1,"name":"Home","item":"https:\/\/reloadbase.com\/nl-nl\/"},{"@type":"ListItem","position":2,"name":"Recharge Turk Telekom"}]},{"@type":"WebSite","@id":"https:\/\/reloadbase.com\/nl-nl\/#website","url":"https:\/\/reloadbase.com\/nl-nl\/","name":"ReloadBase","description":"","publisher":{"@id":"https:\/\/reloadbase.com\/nl-nl\/#organization"},"potentialAction":[{"@type":"SearchAction","target":{"@type":"EntryPoint","urlTemplate":"https:\/\/reloadbase.com\/nl-nl\/?s={search_term_string}"},"query-input":{"@type":"PropertyValueSpecification","valueRequired":true,"valueName":"search_term_string"}}],"inLanguage":"fr-BE"},{"@type":"Organization","@id":"https:\/\/reloadbase.com\/nl-nl\/#organization","name":"ReloadBase","url":"https:\/\/reloadbase.com\/nl-nl\/","logo":{"@type":"ImageObject","inLanguage":"fr-BE","@id":"https:\/\/reloadbase.com\/nl-nl\/#\/schema\/logo\/image\/","url":"https:\/\/reloadbase.com\/wp-content\/uploads\/2020\/05\/RELOADBASE01_Horizontal_Transparant.png","contentUrl":"https:\/\/reloadbase.com\/wp-content\/uploads\/2020\/05\/RELOADBASE01_Horizontal_Transparant.png","width":17627,"height":2130,"caption":"ReloadBase"},"image":{"@id":"https:\/\/reloadbase.com\/nl-nl\/#\/schema\/logo\/image\/"},"sameAs":["https:\/\/www.facebook.com\/ReloadBase\/","https:\/\/www.instagram.com\/reloadbase\/"]}]}},"_links":{"self":[{"href":"https:\/\/reloadbase.com\/fr-be\/wp-json\/wp\/v2\/pages\/21836","targetHints":{"allow":["GET"]}}],"collection":[{"href":"https:\/\/reloadbase.com\/fr-be\/wp-json\/wp\/v2\/pages"}],"about":[{"href":"https:\/\/reloadbase.com\/fr-be\/wp-json\/wp\/v2\/types\/page"}],"author":[{"embeddable":true,"href":"https:\/\/reloadbase.com\/fr-be\/wp-json\/wp\/v2\/users\/1608"}],"replies":[{"embeddable":true,"href":"https:\/\/reloadbase.com\/fr-be\/wp-json\/wp\/v2\/comments?post=21836"}],"version-history":[{"count":11,"href":"https:\/\/reloadbase.com\/fr-be\/wp-json\/wp\/v2\/pages\/21836\/revisions"}],"predecessor-version":[{"id":31961,"href":"https:\/\/reloadbase.com\/fr-be\/wp-json\/wp\/v2\/pages\/21836\/revisions\/31961"}],"wp:featuredmedia":[{"embeddable":true,"href":"https:\/\/reloadbase.com\/fr-be\/wp-json\/wp\/v2\/media\/23302"}],"wp:attachment":[{"href":"https:\/\/reloadbase.com\/fr-be\/wp-json\/wp\/v2\/media?parent=21836"}],"curies":[{"name":"wp","href":"https:\/\/api.w.org\/{rel}","templated":true}]}}