{"id":83953,"date":"2017-08-17T19:41:42","date_gmt":"2017-08-17T19:41:42","guid":{"rendered":"https:\/\/reloadbase.com\/contact\/"},"modified":"2022-08-04T13:48:08","modified_gmt":"2022-08-04T13:48:08","slug":"ota-yhteytta","status":"publish","type":"page","link":"https:\/\/reloadbase.com\/fi-fi\/ota-yhteytta\/","title":{"rendered":"Contact &#8211; FI"},"content":{"rendered":"<div class=\"wpb-content-wrapper\">[vc_row css=&#8221;.vc_custom_1503596888127{padding-top: 10vh !important;padding-bottom: 15vh !important;}&#8221;][vc_column width=&#8221;2\/3&#8243;][vc_column_text css=&#8221;.vc_custom_1658755442544{padding-bottom: 50px !important;}&#8221;]\n<h4><strong>Ota yhteytt\u00e4 meihin<\/strong><\/h4>\n<p style=\"font-size: 18px;\">Oli kysymyksesi mik\u00e4 tahansa, asiakaspalvelutiimimme auttaa sinua. Oletko jo k\u00e4ynyt l\u00e4pi usein kysytyt kysymykset, mutta vastausta kysymykseesi ei l\u00f6ydy? T\u00e4yt\u00e4 alla oleva yhteydenottolomake, niin otamme sinuun yhteytt\u00e4 24 tunnin kuluessa (vain arkisin).<\/p>\n<p>Huomaathan, ett\u00e4 olemme valmiita vastaamaan kysymyksiisi maanantaista perjantaihin. Ty\u00f6p\u00e4ivin\u00e4 ennen klo 17:00 saapuneisiin viesteihin vastataan samana p\u00e4iv\u00e4n\u00e4.[\/vc_column_text]\n<div class=\"wpcf7 no-js\" id=\"wpcf7-f85061-o1\" lang=\"nl-NL\" dir=\"ltr\" data-wpcf7-id=\"85061\">\n<div class=\"screen-reader-response\"><p role=\"status\" aria-live=\"polite\" aria-atomic=\"true\"><\/p> <ul><\/ul><\/div>\n<form action=\"\/fi-fi\/wp-json\/wp\/v2\/pages\/83953#wpcf7-f85061-o1\" method=\"post\" class=\"wpcf7-form init\" aria-label=\"Contact form\" novalidate=\"novalidate\" data-status=\"init\">\n<div style=\"display: none;\">\n<input type=\"hidden\" name=\"_wpcf7\" value=\"85061\" \/>\n<input type=\"hidden\" name=\"_wpcf7_version\" value=\"6.0.6\" \/>\n<input type=\"hidden\" name=\"_wpcf7_locale\" value=\"nl_NL\" \/>\n<input type=\"hidden\" name=\"_wpcf7_unit_tag\" value=\"wpcf7-f85061-o1\" \/>\n<input type=\"hidden\" name=\"_wpcf7_container_post\" value=\"0\" \/>\n<input type=\"hidden\" name=\"_wpcf7_posted_data_hash\" value=\"\" \/>\n<input type=\"hidden\" name=\"_wpcf7_recaptcha_response\" value=\"\" \/>\n<\/div>\n<p><label><br \/>\n<span class=\"wpcf7-form-control-wrap\" data-name=\"your-name\"><input size=\"40\" maxlength=\"400\" class=\"wpcf7-form-control wpcf7-text wpcf7-validates-as-required\" aria-required=\"true\" aria-invalid=\"false\" placeholder=\"Nimi\" value=\"\" type=\"text\" name=\"your-name\" \/><\/span> <\/label>\n<\/p>\n<p><label><br \/>\n<span class=\"wpcf7-form-control-wrap\" data-name=\"your-email\"><input size=\"40\" maxlength=\"400\" class=\"wpcf7-form-control wpcf7-email wpcf7-validates-as-required wpcf7-text wpcf7-validates-as-email\" aria-required=\"true\" aria-invalid=\"false\" placeholder=\"S\u00e4hk\u00f6postiosoite\" value=\"\" type=\"email\" name=\"your-email\" \/><\/span><\/label>\n<\/p>\n<p><label><br \/>\n<span class=\"wpcf7-form-control-wrap\" data-name=\"your-subject\"><input size=\"40\" maxlength=\"400\" class=\"wpcf7-form-control wpcf7-text wpcf7-validates-as-required\" aria-required=\"true\" aria-invalid=\"false\" placeholder=\"Aihe\" value=\"\" type=\"text\" name=\"your-subject\" \/><\/span> <\/label>\n<\/p>\n<p><label><br \/>\n<span class=\"wpcf7-form-control-wrap\" data-name=\"your-message\"><textarea cols=\"40\" rows=\"10\" maxlength=\"2000\" class=\"wpcf7-form-control wpcf7-textarea wpcf7-validates-as-required\" aria-required=\"true\" aria-invalid=\"false\" placeholder=\"Viesti\" name=\"your-message\"><\/textarea><\/span><\/label>\n<\/p>\n<span class=\"wpcf7-form-control-wrap recaptcha\" data-name=\"recaptcha\"><span data-sitekey=\"6LcdsNEZAAAAAHiCOCmBYrQ0G-PgdYdwfVT5sqJo\" class=\"wpcf7-form-control wpcf7-recaptcha g-recaptcha\"><\/span>\r\n<noscript>\r\n\t<div class=\"grecaptcha-noscript\">\r\n\t\t<iframe loading=\"lazy\" src=\"https:\/\/www.google.com\/recaptcha\/api\/fallback?k=6LcdsNEZAAAAAHiCOCmBYrQ0G-PgdYdwfVT5sqJo\" frameborder=\"0\" scrolling=\"no\" width=\"310\" height=\"430\">\r\n\t\t<\/iframe>\r\n\t\t<textarea name=\"g-recaptcha-response\" rows=\"3\" cols=\"40\" placeholder=\"reCaptcha Response Here\">\r\n\t\t<\/textarea>\r\n\t<\/div>\r\n<\/noscript>\r\n<\/span>\n<p><input class=\"wpcf7-form-control wpcf7-submit has-spinner\" type=\"submit\" value=\"Toimitus\" \/>\n<\/p><div class=\"wpcf7-response-output\" aria-hidden=\"true\"><\/div>\n<\/form>\n<\/div>\n[\/vc_column][vc_column width=&#8221;1\/3&#8243; css=&#8221;.vc_custom_1503596896491{padding-left: 15% !important;}&#8221;][vc_column_text css=&#8221;.vc_custom_1658755499376{border-top-width: 1px !important;border-right-width: 1px !important;border-bottom-width: 1px !important;border-left-width: 1px !important;padding-top: 20px !important;padding-right: 20px !important;padding-bottom: 20px !important;padding-left: 20px !important;border-left-color: #bcbcbc !important;border-left-style: solid !important;border-right-color: #bcbcbc !important;border-right-style: solid !important;border-top-color: #bcbcbc !important;border-top-style: solid !important;border-bottom-color: #bcbcbc !important;border-bottom-style: solid !important;}&#8221;]\n<h4><strong>Onko sinulla kysytt\u00e4v\u00e4\u00e4 osoitteesta www.reloadbase.com tai tilauksestasi?<\/strong><\/h4>\n<p>Tutustu usein kysyttyj\u00e4 kysymyksi\u00e4 sis\u00e4lt\u00e4v\u00e4\u00e4n sivuumme.<\/p>\n<p>Etk\u00f6 l\u00f6yt\u00e4nyt vastausta usein kysytyist\u00e4 kysymyksist\u00e4? T\u00e4yt\u00e4 yhteydenottolomake, niin otamme sinuun yhteytt\u00e4 24 tunnin kuluessa.<\/p>\n<p>Huomaathan, ett\u00e4 toimistomme aukioloajat ovat maanantaista perjantaihin klo 9-17. Vastaamme kaikkiin s\u00e4hk\u00f6posteihin yhden ty\u00f6p\u00e4iv\u00e4n kuluessa, joten jos l\u00e4het\u00e4t meille s\u00e4hk\u00f6postia lauantaina, saat vastauksen maanantaina.[\/vc_column_text][vc_column_text]\n<h3>Yhteystiedot<\/h3>\n<p>ReloadBase B.V.<br \/>\nAsterweg 19D3<br \/>\n1031HL Amsterdam<br \/>\nS\u00e4hk\u00f6posti: <a href=\"mailto:hello@reloadbase.com\">hello@reloadbase.com<\/a>[\/vc_column_text][\/vc_column][\/vc_row]\n<\/div>","protected":false},"excerpt":{"rendered":"<p>[vc_row css=&#8221;.vc_custom_1503596888127{padding-top: 10vh !important;padding-bottom: 15vh !important;}&#8221;][vc_column width=&#8221;2\/3&#8243;][vc_column_text css=&#8221;.vc_custom_1658755442544{padding-bottom: 50px !important;}&#8221;] Ota yhteytt\u00e4 meihin Oli kysymyksesi mik\u00e4 tahansa, asiakaspalvelutiimimme auttaa sinua. Oletko jo k\u00e4ynyt l\u00e4pi usein&hellip;<\/p>\n","protected":false},"author":1608,"featured_media":0,"parent":0,"menu_order":0,"comment_status":"closed","ping_status":"closed","template":"","meta":{"_acf_changed":false,"footnotes":""},"class_list":["post-83953","page","type-page","status-publish","hentry"],"acf":[],"yoast_head":"<!-- This site is optimized with the Yoast SEO plugin v24.4 - https:\/\/yoast.com\/wordpress\/plugins\/seo\/ -->\n<title>Ota yhteytt\u00e4 - ReloadBase<\/title>\n<meta name=\"robots\" content=\"index, follow, max-snippet:-1, max-image-preview:large, max-video-preview:-1\" \/>\n<link rel=\"canonical\" href=\"https:\/\/reloadbase.com\/fi-fi\/ota-yhteytta\/\" \/>\n<meta property=\"og:locale\" content=\"fi_FI\" \/>\n<meta property=\"og:type\" content=\"article\" \/>\n<meta property=\"og:title\" content=\"Ota yhteytt\u00e4 - ReloadBase\" \/>\n<meta property=\"og:description\" content=\"[vc_row css=&#8221;.vc_custom_1503596888127{padding-top: 10vh !important;padding-bottom: 15vh !important;}&#8221;][vc_column width=&#8221;2\/3&#8243;][vc_column_text css=&#8221;.vc_custom_1658755442544{padding-bottom: 50px !important;}&#8221;] Ota yhteytt\u00e4 meihin Oli kysymyksesi mik\u00e4 tahansa, asiakaspalvelutiimimme auttaa sinua. Oletko jo k\u00e4ynyt l\u00e4pi usein&hellip;\" \/>\n<meta property=\"og:url\" content=\"https:\/\/reloadbase.com\/fi-fi\/ota-yhteytta\/\" \/>\n<meta property=\"og:site_name\" content=\"ReloadBase\" \/>\n<meta property=\"article:publisher\" content=\"https:\/\/www.facebook.com\/ReloadBase\/\" \/>\n<meta property=\"article:modified_time\" content=\"2022-08-04T13:48:08+00:00\" \/>\n<meta name=\"twitter:card\" content=\"summary_large_image\" \/>\n<meta name=\"twitter:label1\" content=\"Est. reading time\" \/>\n\t<meta name=\"twitter:data1\" content=\"1 minute\" \/>\n<script type=\"application\/ld+json\" class=\"yoast-schema-graph\">{\"@context\":\"https:\/\/schema.org\",\"@graph\":[{\"@type\":\"WebPage\",\"@id\":\"https:\/\/reloadbase.com\/fi-fi\/ota-yhteytta\/\",\"url\":\"https:\/\/reloadbase.com\/fi-fi\/ota-yhteytta\/\",\"name\":\"Ota yhteytt\u00e4 - ReloadBase\",\"isPartOf\":{\"@id\":\"https:\/\/reloadbase.com\/nl-nl\/#website\"},\"datePublished\":\"2017-08-17T19:41:42+00:00\",\"dateModified\":\"2022-08-04T13:48:08+00:00\",\"breadcrumb\":{\"@id\":\"https:\/\/reloadbase.com\/fi-fi\/ota-yhteytta\/#breadcrumb\"},\"inLanguage\":\"fi-FI\",\"potentialAction\":[{\"@type\":\"ReadAction\",\"target\":[\"https:\/\/reloadbase.com\/fi-fi\/ota-yhteytta\/\"]}]},{\"@type\":\"BreadcrumbList\",\"@id\":\"https:\/\/reloadbase.com\/fi-fi\/ota-yhteytta\/#breadcrumb\",\"itemListElement\":[{\"@type\":\"ListItem\",\"position\":1,\"name\":\"Home\",\"item\":\"https:\/\/reloadbase.com\/nl-nl\/\"},{\"@type\":\"ListItem\",\"position\":2,\"name\":\"Contact &#8211; FI\"}]},{\"@type\":\"WebSite\",\"@id\":\"https:\/\/reloadbase.com\/nl-nl\/#website\",\"url\":\"https:\/\/reloadbase.com\/nl-nl\/\",\"name\":\"ReloadBase\",\"description\":\"\",\"publisher\":{\"@id\":\"https:\/\/reloadbase.com\/nl-nl\/#organization\"},\"potentialAction\":[{\"@type\":\"SearchAction\",\"target\":{\"@type\":\"EntryPoint\",\"urlTemplate\":\"https:\/\/reloadbase.com\/nl-nl\/?s={search_term_string}\"},\"query-input\":{\"@type\":\"PropertyValueSpecification\",\"valueRequired\":true,\"valueName\":\"search_term_string\"}}],\"inLanguage\":\"fi-FI\"},{\"@type\":\"Organization\",\"@id\":\"https:\/\/reloadbase.com\/nl-nl\/#organization\",\"name\":\"ReloadBase\",\"url\":\"https:\/\/reloadbase.com\/nl-nl\/\",\"logo\":{\"@type\":\"ImageObject\",\"inLanguage\":\"fi-FI\",\"@id\":\"https:\/\/reloadbase.com\/nl-nl\/#\/schema\/logo\/image\/\",\"url\":\"https:\/\/reloadbase.com\/wp-content\/uploads\/2020\/05\/RELOADBASE01_Horizontal_Transparant.png\",\"contentUrl\":\"https:\/\/reloadbase.com\/wp-content\/uploads\/2020\/05\/RELOADBASE01_Horizontal_Transparant.png\",\"width\":17627,\"height\":2130,\"caption\":\"ReloadBase\"},\"image\":{\"@id\":\"https:\/\/reloadbase.com\/nl-nl\/#\/schema\/logo\/image\/\"},\"sameAs\":[\"https:\/\/www.facebook.com\/ReloadBase\/\",\"https:\/\/www.instagram.com\/reloadbase\/\"]}]}<\/script>\n<!-- \/ Yoast SEO plugin. -->","yoast_head_json":{"title":"Ota yhteytt\u00e4 - ReloadBase","robots":{"index":"index","follow":"follow","max-snippet":"max-snippet:-1","max-image-preview":"max-image-preview:large","max-video-preview":"max-video-preview:-1"},"canonical":"https:\/\/reloadbase.com\/fi-fi\/ota-yhteytta\/","og_locale":"fi_FI","og_type":"article","og_title":"Ota yhteytt\u00e4 - ReloadBase","og_description":"[vc_row css=&#8221;.vc_custom_1503596888127{padding-top: 10vh !important;padding-bottom: 15vh !important;}&#8221;][vc_column width=&#8221;2\/3&#8243;][vc_column_text css=&#8221;.vc_custom_1658755442544{padding-bottom: 50px !important;}&#8221;] Ota yhteytt\u00e4 meihin Oli kysymyksesi mik\u00e4 tahansa, asiakaspalvelutiimimme auttaa sinua. Oletko jo k\u00e4ynyt l\u00e4pi usein&hellip;","og_url":"https:\/\/reloadbase.com\/fi-fi\/ota-yhteytta\/","og_site_name":"ReloadBase","article_publisher":"https:\/\/www.facebook.com\/ReloadBase\/","article_modified_time":"2022-08-04T13:48:08+00:00","twitter_card":"summary_large_image","twitter_misc":{"Est. reading time":"1 minute"},"schema":{"@context":"https:\/\/schema.org","@graph":[{"@type":"WebPage","@id":"https:\/\/reloadbase.com\/fi-fi\/ota-yhteytta\/","url":"https:\/\/reloadbase.com\/fi-fi\/ota-yhteytta\/","name":"Ota yhteytt\u00e4 - ReloadBase","isPartOf":{"@id":"https:\/\/reloadbase.com\/nl-nl\/#website"},"datePublished":"2017-08-17T19:41:42+00:00","dateModified":"2022-08-04T13:48:08+00:00","breadcrumb":{"@id":"https:\/\/reloadbase.com\/fi-fi\/ota-yhteytta\/#breadcrumb"},"inLanguage":"fi-FI","potentialAction":[{"@type":"ReadAction","target":["https:\/\/reloadbase.com\/fi-fi\/ota-yhteytta\/"]}]},{"@type":"BreadcrumbList","@id":"https:\/\/reloadbase.com\/fi-fi\/ota-yhteytta\/#breadcrumb","itemListElement":[{"@type":"ListItem","position":1,"name":"Home","item":"https:\/\/reloadbase.com\/nl-nl\/"},{"@type":"ListItem","position":2,"name":"Contact &#8211; FI"}]},{"@type":"WebSite","@id":"https:\/\/reloadbase.com\/nl-nl\/#website","url":"https:\/\/reloadbase.com\/nl-nl\/","name":"ReloadBase","description":"","publisher":{"@id":"https:\/\/reloadbase.com\/nl-nl\/#organization"},"potentialAction":[{"@type":"SearchAction","target":{"@type":"EntryPoint","urlTemplate":"https:\/\/reloadbase.com\/nl-nl\/?s={search_term_string}"},"query-input":{"@type":"PropertyValueSpecification","valueRequired":true,"valueName":"search_term_string"}}],"inLanguage":"fi-FI"},{"@type":"Organization","@id":"https:\/\/reloadbase.com\/nl-nl\/#organization","name":"ReloadBase","url":"https:\/\/reloadbase.com\/nl-nl\/","logo":{"@type":"ImageObject","inLanguage":"fi-FI","@id":"https:\/\/reloadbase.com\/nl-nl\/#\/schema\/logo\/image\/","url":"https:\/\/reloadbase.com\/wp-content\/uploads\/2020\/05\/RELOADBASE01_Horizontal_Transparant.png","contentUrl":"https:\/\/reloadbase.com\/wp-content\/uploads\/2020\/05\/RELOADBASE01_Horizontal_Transparant.png","width":17627,"height":2130,"caption":"ReloadBase"},"image":{"@id":"https:\/\/reloadbase.com\/nl-nl\/#\/schema\/logo\/image\/"},"sameAs":["https:\/\/www.facebook.com\/ReloadBase\/","https:\/\/www.instagram.com\/reloadbase\/"]}]}},"_links":{"self":[{"href":"https:\/\/reloadbase.com\/fi-fi\/wp-json\/wp\/v2\/pages\/83953","targetHints":{"allow":["GET"]}}],"collection":[{"href":"https:\/\/reloadbase.com\/fi-fi\/wp-json\/wp\/v2\/pages"}],"about":[{"href":"https:\/\/reloadbase.com\/fi-fi\/wp-json\/wp\/v2\/types\/page"}],"author":[{"embeddable":true,"href":"https:\/\/reloadbase.com\/fi-fi\/wp-json\/wp\/v2\/users\/1608"}],"replies":[{"embeddable":true,"href":"https:\/\/reloadbase.com\/fi-fi\/wp-json\/wp\/v2\/comments?post=83953"}],"version-history":[{"count":5,"href":"https:\/\/reloadbase.com\/fi-fi\/wp-json\/wp\/v2\/pages\/83953\/revisions"}],"predecessor-version":[{"id":86421,"href":"https:\/\/reloadbase.com\/fi-fi\/wp-json\/wp\/v2\/pages\/83953\/revisions\/86421"}],"wp:attachment":[{"href":"https:\/\/reloadbase.com\/fi-fi\/wp-json\/wp\/v2\/media?parent=83953"}],"curies":[{"name":"wp","href":"https:\/\/api.w.org\/{rel}","templated":true}]}}