{"id":83876,"date":"2021-06-23T08:32:40","date_gmt":"2021-06-23T08:32:40","guid":{"rendered":"https:\/\/reloadbase.com\/retourbeleid\/"},"modified":"2022-08-04T13:48:38","modified_gmt":"2022-08-04T13:48:38","slug":"palautusehdot","status":"publish","type":"page","link":"https:\/\/reloadbase.com\/fi-fi\/palautusehdot\/","title":{"rendered":"Retourbeleid &#8211; FI"},"content":{"rendered":"<div class=\"wpb-content-wrapper\">[vc_row css=&#8221;.vc_custom_1627554924267{margin-top: 50px !important;margin-bottom: 50px !important;}&#8221;][vc_column][vc_column_text]\n<h1 style=\"text-align: left;\">Palautusehdot<\/h1>\n[\/vc_column_text][vc_column_text]\n<h2>Peruuttamisoikeus Reloadbase.com-sivustolla<\/h2>\n<p>Heti kun asiakas saa digitaalisen koodin, h\u00e4n voi k\u00e4ytt\u00e4\u00e4 hyvityksen v\u00e4litt\u00f6m\u00e4sti. Tilausta ei voi peruuttaa. 14 p\u00e4iv\u00e4n harkinta- ja peruuttamisaikaa ei sovelleta toimitettujen tuotteiden luonteen vuoksi. N\u00e4in ollen harkinta-aikaa ja peruuttamisaikaa ei ole. Asiakas suostuu tuotteen v\u00e4litt\u00f6m\u00e4\u00e4n toimitukseen heti maksun suorittamisen j\u00e4lkeen (sek\u00e4 ennakkoon ett\u00e4 j\u00e4lkik\u00e4teen) ja luopuu nimenomaisesti harkinta-ajasta ja peruuttamisoikeudesta.<\/p>\n<p>Peruuttamisoikeudesta poikkeaminen johtuu siit\u00e4, ett\u00e4 tuotetta ei voida palauttaa, koska on mahdotonta m\u00e4\u00e4ritt\u00e4\u00e4, onko tuote jo k\u00e4ytetty. T\u00e4m\u00e4 koskee digitaalisia tuotteita, joiden sinetti on rikottu heti toimituksen j\u00e4lkeen. Toimitettavien tuotteiden luonne est\u00e4\u00e4 harkinta-ajan ja peruuttamisoikeuden, lukuun ottamatta maksuviiv\u00e4stystapauksia. T\u00e4ll\u00f6in koodia ei ole viel\u00e4 saatu ja tuote voidaan peruuttaa; todistustaakka on asiakkaalla.<\/p>\n<p>&nbsp;<\/p>\n<h2>Onko kysytt\u00e4v\u00e4\u00e4?<\/h2>\n<p>Jos sinulla on kysytt\u00e4v\u00e4\u00e4 peruuttamisoikeudestasi, ota meihin yhteytt\u00e4 yhteydenottosivumme kautta.[\/vc_column_text][\/vc_column][\/vc_row]\n<\/div>","protected":false},"excerpt":{"rendered":"<p>[vc_row css=&#8221;.vc_custom_1627554924267{margin-top: 50px !important;margin-bottom: 50px !important;}&#8221;][vc_column][vc_column_text] Palautusehdot [\/vc_column_text][vc_column_text] Peruuttamisoikeus Reloadbase.com-sivustolla Heti kun asiakas saa digitaalisen koodin, h\u00e4n voi k\u00e4ytt\u00e4\u00e4 hyvityksen v\u00e4litt\u00f6m\u00e4sti. Tilausta ei voi peruuttaa.&hellip;<\/p>\n","protected":false},"author":1608,"featured_media":0,"parent":0,"menu_order":0,"comment_status":"closed","ping_status":"closed","template":"","meta":{"_acf_changed":false,"footnotes":""},"class_list":["post-83876","page","type-page","status-publish","hentry"],"acf":[],"yoast_head":"<!-- This site is optimized with the Yoast SEO plugin v24.4 - https:\/\/yoast.com\/wordpress\/plugins\/seo\/ -->\n<title>Palautusehdot - ReloadBase<\/title>\n<meta name=\"robots\" content=\"noindex, follow\" \/>\n<meta property=\"og:locale\" content=\"fi_FI\" \/>\n<meta property=\"og:type\" content=\"article\" \/>\n<meta property=\"og:title\" content=\"Palautusehdot - ReloadBase\" \/>\n<meta property=\"og:description\" content=\"[vc_row css=&#8221;.vc_custom_1627554924267{margin-top: 50px !important;margin-bottom: 50px !important;}&#8221;][vc_column][vc_column_text] Palautusehdot [\/vc_column_text][vc_column_text] Peruuttamisoikeus Reloadbase.com-sivustolla Heti kun asiakas saa digitaalisen koodin, h\u00e4n voi k\u00e4ytt\u00e4\u00e4 hyvityksen v\u00e4litt\u00f6m\u00e4sti. Tilausta ei voi peruuttaa.&hellip;\" \/>\n<meta property=\"og:url\" content=\"https:\/\/reloadbase.com\/fi-fi\/palautusehdot\/\" \/>\n<meta property=\"og:site_name\" content=\"ReloadBase\" \/>\n<meta property=\"article:publisher\" content=\"https:\/\/www.facebook.com\/ReloadBase\/\" \/>\n<meta property=\"article:modified_time\" content=\"2022-08-04T13:48:38+00:00\" \/>\n<meta name=\"twitter:card\" content=\"summary_large_image\" \/>\n<meta name=\"twitter:label1\" content=\"Est. reading time\" \/>\n\t<meta name=\"twitter:data1\" content=\"1 minute\" \/>\n<script type=\"application\/ld+json\" class=\"yoast-schema-graph\">{\"@context\":\"https:\/\/schema.org\",\"@graph\":[{\"@type\":\"WebPage\",\"@id\":\"https:\/\/reloadbase.com\/fi-fi\/palautusehdot\/\",\"url\":\"https:\/\/reloadbase.com\/fi-fi\/palautusehdot\/\",\"name\":\"Palautusehdot - ReloadBase\",\"isPartOf\":{\"@id\":\"https:\/\/reloadbase.com\/nl-nl\/#website\"},\"datePublished\":\"2021-06-23T08:32:40+00:00\",\"dateModified\":\"2022-08-04T13:48:38+00:00\",\"breadcrumb\":{\"@id\":\"https:\/\/reloadbase.com\/fi-fi\/palautusehdot\/#breadcrumb\"},\"inLanguage\":\"fi-FI\",\"potentialAction\":[{\"@type\":\"ReadAction\",\"target\":[\"https:\/\/reloadbase.com\/fi-fi\/palautusehdot\/\"]}]},{\"@type\":\"BreadcrumbList\",\"@id\":\"https:\/\/reloadbase.com\/fi-fi\/palautusehdot\/#breadcrumb\",\"itemListElement\":[{\"@type\":\"ListItem\",\"position\":1,\"name\":\"Home\",\"item\":\"https:\/\/reloadbase.com\/nl-nl\/\"},{\"@type\":\"ListItem\",\"position\":2,\"name\":\"Retourbeleid &#8211; FI\"}]},{\"@type\":\"WebSite\",\"@id\":\"https:\/\/reloadbase.com\/nl-nl\/#website\",\"url\":\"https:\/\/reloadbase.com\/nl-nl\/\",\"name\":\"ReloadBase\",\"description\":\"\",\"publisher\":{\"@id\":\"https:\/\/reloadbase.com\/nl-nl\/#organization\"},\"potentialAction\":[{\"@type\":\"SearchAction\",\"target\":{\"@type\":\"EntryPoint\",\"urlTemplate\":\"https:\/\/reloadbase.com\/nl-nl\/?s={search_term_string}\"},\"query-input\":{\"@type\":\"PropertyValueSpecification\",\"valueRequired\":true,\"valueName\":\"search_term_string\"}}],\"inLanguage\":\"fi-FI\"},{\"@type\":\"Organization\",\"@id\":\"https:\/\/reloadbase.com\/nl-nl\/#organization\",\"name\":\"ReloadBase\",\"url\":\"https:\/\/reloadbase.com\/nl-nl\/\",\"logo\":{\"@type\":\"ImageObject\",\"inLanguage\":\"fi-FI\",\"@id\":\"https:\/\/reloadbase.com\/nl-nl\/#\/schema\/logo\/image\/\",\"url\":\"https:\/\/reloadbase.com\/wp-content\/uploads\/2020\/05\/RELOADBASE01_Horizontal_Transparant.png\",\"contentUrl\":\"https:\/\/reloadbase.com\/wp-content\/uploads\/2020\/05\/RELOADBASE01_Horizontal_Transparant.png\",\"width\":17627,\"height\":2130,\"caption\":\"ReloadBase\"},\"image\":{\"@id\":\"https:\/\/reloadbase.com\/nl-nl\/#\/schema\/logo\/image\/\"},\"sameAs\":[\"https:\/\/www.facebook.com\/ReloadBase\/\",\"https:\/\/www.instagram.com\/reloadbase\/\"]}]}<\/script>\n<!-- \/ Yoast SEO plugin. -->","yoast_head_json":{"title":"Palautusehdot - ReloadBase","robots":{"index":"noindex","follow":"follow"},"og_locale":"fi_FI","og_type":"article","og_title":"Palautusehdot - ReloadBase","og_description":"[vc_row css=&#8221;.vc_custom_1627554924267{margin-top: 50px !important;margin-bottom: 50px !important;}&#8221;][vc_column][vc_column_text] Palautusehdot [\/vc_column_text][vc_column_text] Peruuttamisoikeus Reloadbase.com-sivustolla Heti kun asiakas saa digitaalisen koodin, h\u00e4n voi k\u00e4ytt\u00e4\u00e4 hyvityksen v\u00e4litt\u00f6m\u00e4sti. Tilausta ei voi peruuttaa.&hellip;","og_url":"https:\/\/reloadbase.com\/fi-fi\/palautusehdot\/","og_site_name":"ReloadBase","article_publisher":"https:\/\/www.facebook.com\/ReloadBase\/","article_modified_time":"2022-08-04T13:48:38+00:00","twitter_card":"summary_large_image","twitter_misc":{"Est. reading time":"1 minute"},"schema":{"@context":"https:\/\/schema.org","@graph":[{"@type":"WebPage","@id":"https:\/\/reloadbase.com\/fi-fi\/palautusehdot\/","url":"https:\/\/reloadbase.com\/fi-fi\/palautusehdot\/","name":"Palautusehdot - ReloadBase","isPartOf":{"@id":"https:\/\/reloadbase.com\/nl-nl\/#website"},"datePublished":"2021-06-23T08:32:40+00:00","dateModified":"2022-08-04T13:48:38+00:00","breadcrumb":{"@id":"https:\/\/reloadbase.com\/fi-fi\/palautusehdot\/#breadcrumb"},"inLanguage":"fi-FI","potentialAction":[{"@type":"ReadAction","target":["https:\/\/reloadbase.com\/fi-fi\/palautusehdot\/"]}]},{"@type":"BreadcrumbList","@id":"https:\/\/reloadbase.com\/fi-fi\/palautusehdot\/#breadcrumb","itemListElement":[{"@type":"ListItem","position":1,"name":"Home","item":"https:\/\/reloadbase.com\/nl-nl\/"},{"@type":"ListItem","position":2,"name":"Retourbeleid &#8211; FI"}]},{"@type":"WebSite","@id":"https:\/\/reloadbase.com\/nl-nl\/#website","url":"https:\/\/reloadbase.com\/nl-nl\/","name":"ReloadBase","description":"","publisher":{"@id":"https:\/\/reloadbase.com\/nl-nl\/#organization"},"potentialAction":[{"@type":"SearchAction","target":{"@type":"EntryPoint","urlTemplate":"https:\/\/reloadbase.com\/nl-nl\/?s={search_term_string}"},"query-input":{"@type":"PropertyValueSpecification","valueRequired":true,"valueName":"search_term_string"}}],"inLanguage":"fi-FI"},{"@type":"Organization","@id":"https:\/\/reloadbase.com\/nl-nl\/#organization","name":"ReloadBase","url":"https:\/\/reloadbase.com\/nl-nl\/","logo":{"@type":"ImageObject","inLanguage":"fi-FI","@id":"https:\/\/reloadbase.com\/nl-nl\/#\/schema\/logo\/image\/","url":"https:\/\/reloadbase.com\/wp-content\/uploads\/2020\/05\/RELOADBASE01_Horizontal_Transparant.png","contentUrl":"https:\/\/reloadbase.com\/wp-content\/uploads\/2020\/05\/RELOADBASE01_Horizontal_Transparant.png","width":17627,"height":2130,"caption":"ReloadBase"},"image":{"@id":"https:\/\/reloadbase.com\/nl-nl\/#\/schema\/logo\/image\/"},"sameAs":["https:\/\/www.facebook.com\/ReloadBase\/","https:\/\/www.instagram.com\/reloadbase\/"]}]}},"_links":{"self":[{"href":"https:\/\/reloadbase.com\/fi-fi\/wp-json\/wp\/v2\/pages\/83876","targetHints":{"allow":["GET"]}}],"collection":[{"href":"https:\/\/reloadbase.com\/fi-fi\/wp-json\/wp\/v2\/pages"}],"about":[{"href":"https:\/\/reloadbase.com\/fi-fi\/wp-json\/wp\/v2\/types\/page"}],"author":[{"embeddable":true,"href":"https:\/\/reloadbase.com\/fi-fi\/wp-json\/wp\/v2\/users\/1608"}],"replies":[{"embeddable":true,"href":"https:\/\/reloadbase.com\/fi-fi\/wp-json\/wp\/v2\/comments?post=83876"}],"version-history":[{"count":4,"href":"https:\/\/reloadbase.com\/fi-fi\/wp-json\/wp\/v2\/pages\/83876\/revisions"}],"predecessor-version":[{"id":86430,"href":"https:\/\/reloadbase.com\/fi-fi\/wp-json\/wp\/v2\/pages\/83876\/revisions\/86430"}],"wp:attachment":[{"href":"https:\/\/reloadbase.com\/fi-fi\/wp-json\/wp\/v2\/media?parent=83876"}],"curies":[{"name":"wp","href":"https:\/\/api.w.org\/{rel}","templated":true}]}}