{"id":23775,"date":"2021-08-12T13:09:19","date_gmt":"2021-08-12T13:09:19","guid":{"rendered":"https:\/\/reloadbase.com\/?page_id=23775"},"modified":"2022-08-30T09:14:48","modified_gmt":"2022-08-30T09:14:48","slug":"sobre-nosotros","status":"publish","type":"page","link":"https:\/\/reloadbase.com\/es-es\/sobre-nosotros\/","title":{"rendered":"Over ons"},"content":{"rendered":"<div class=\"wpb-content-wrapper\">[vc_row css=&#8221;.vc_custom_1625751662767{margin-top: 50px !important;margin-bottom: 50px !important;}&#8221;][vc_column][vc_column_text]\n<h1 style=\"text-align: left;\">Acerca de ReloadBase<\/h1>\n[\/vc_column_text][vc_column_text]Compra las mejores entradas online de forma r\u00e1pida, sencilla y segura.<\/p>\n<p>En ReloadBase, este es nuestro objetivo principal. Cada d\u00eda, m\u00e1s que nunca, nos apasiona hacer la vida m\u00e1s f\u00e1cil para todos. Por eso pensamos que es importante que los mapas digitales est\u00e9n disponibles para todos, en cualquier momento del d\u00eda, con todos los dispositivos posibles y desde cualquier lugar.<\/p>\n<p>No solo le entregamos mapas digitales a usted y a todos los que lo rodean, sino tambi\u00e9n historias, experiencias y puntos de vista optimistas y diversos para cualquiera que quiera aprender m\u00e1s sobre mapas digitales, juegos o cr\u00e9dito de llamadas.<\/p>\n<p>Nuestro maravilloso objetivo es posible gracias a las nuevas tecnolog\u00edas digitales, pero la diversidad, la creatividad y una mentalidad para ayudarnos mutuamente a avanzar tambi\u00e9n son muy importantes para nosotros.<\/p>\n<p>Hacemos todo esto en ReloadBase con magia digital. So\u00f1amos con esto y luego, juntos, reinventamos posibilidades todos los d\u00edas para hacer del mundo un paso m\u00e1s digital.[\/vc_column_text][\/vc_column][\/vc_row][vc_row css=&#8221;.vc_custom_1625752729160{margin-top: 50px !important;margin-bottom: 50px !important;}&#8221;][vc_column][vc_column_text]\n<h2 style=\"text-align: left;\">Conoce a nuestro incre\u00edble equipo<\/h2>\n[\/vc_column_text][vc_column_text]Nuestra oficina central se encuentra en \u00c1msterdam, desde donde trabajamos en un nuevo mundo digital.<\/p>\n<p>Nos gustar\u00eda presentarles a nuestros colegas.[\/vc_column_text][vc_row_inner css=&#8221;.vc_custom_1625755094124{margin-top: 30px !important;}&#8221;][vc_column_inner width=&#8221;1\/3&#8243;][vc_column_text]\n<div class=\"team-member\">\n<div class=\"team-member__image\"><img loading=\"lazy\" decoding=\"async\" class=\"alignnone\" src=\"https:\/\/reloadbase.com\/wp-content\/uploads\/2022\/04\/reloadbase-karam.png\" alt=\"Karam - Reloadbase\" width=\"400\" height=\"400\" \/><\/div>\n<div class=\"team-member__content\"><span class=\"team-member__title\">Karam<\/span><br \/>\n<span class=\"team-member__description\">Performance Marketeer<\/span><\/div>\n<\/div>\n[\/vc_column_text][vc_column_text]\n<div class=\"team-member\">\n<div class=\"team-member__image\"><img loading=\"lazy\" decoding=\"async\" src=\"https:\/\/reloadbase.com\/wp-content\/uploads\/2022\/04\/reloadbase-daniel.png\" width=\"600\" height=\"600\" \/><\/div>\n<div class=\"team-member__content\"><span class=\"team-member__title\">Dani\u00ebl<\/span><br \/>\n<span class=\"team-member__description\">Content Marketeer<\/span><\/div>\n<\/div>\n[\/vc_column_text][\/vc_column_inner][vc_column_inner width=&#8221;1\/3&#8243;][vc_column_text]\n<div class=\"team-member\">\n<div class=\"team-member__image\"><img decoding=\"async\" src=\"https:\/\/reloadbase.com\/wp-content\/uploads\/2022\/04\/reloadbase-dijs.png\" loading=\"lazy\" \/><\/div>\n<div class=\"team-member__content\"><span class=\"team-member__title\">Dijs<\/span><br \/>\n<span class=\"team-member__description\">Project Manager\/ SEO Marketeer<\/span><\/div>\n<\/div>\n[\/vc_column_text][vc_column_text]\n<div class=\"team-member\">\n<div class=\"team-member__image\"><img decoding=\"async\" src=\"https:\/\/reloadbase.com\/wp-content\/uploads\/2022\/04\/reloadbase-romy.png\" loading=\"lazy\" \/><\/div>\n<div class=\"team-member__content\"><span class=\"team-member__title\">Romy<\/span><br \/>\n<span class=\"team-member__description\">Lead Designer<\/span><\/div>\n<\/div>\n[\/vc_column_text][\/vc_column_inner][vc_column_inner width=&#8221;1\/3&#8243;][vc_column_text el_class=&#8221;pop-usp&#8221;]<i class=\"fas fa-check\" style=\"color: #e7690c;\">\u00a0<\/i><strong>Entregado inmediatamente<\/strong><br \/>\nRecibir\u00e1 el c\u00f3digo inmediatamente por correo electr\u00f3nico, para que pueda utilizar el cr\u00e9dito de inmediato.[\/vc_column_text][vc_column_text el_class=&#8221;pop-usp&#8221;]<i class=\"fas fa-check\" style=\"color: #e7690c;\">\u00a0<\/i><strong>pago seguro<\/strong><br \/>\nPague de forma segura y r\u00e1pida con la opci\u00f3n de PayPal, Trustly y Neosurf.[\/vc_column_text][\/vc_column_inner][\/vc_row_inner][\/vc_column][\/vc_row]\n<\/div>","protected":false},"excerpt":{"rendered":"<p>[vc_row css=&#8221;.vc_custom_1625751662767{margin-top: 50px !important;margin-bottom: 50px !important;}&#8221;][vc_column][vc_column_text] Acerca de ReloadBase [\/vc_column_text][vc_column_text]Compra las mejores entradas online de forma r\u00e1pida, sencilla y segura. En ReloadBase, este es nuestro&hellip;<\/p>\n","protected":false},"author":1608,"featured_media":23774,"parent":0,"menu_order":0,"comment_status":"closed","ping_status":"closed","template":"","meta":{"_acf_changed":false,"footnotes":""},"class_list":["post-23775","page","type-page","status-publish","has-post-thumbnail","hentry"],"acf":[],"yoast_head":"<!-- This site is optimized with the Yoast SEO plugin v24.4 - https:\/\/yoast.com\/wordpress\/plugins\/seo\/ -->\n<title>Sobre nosotros | ReloadBase<\/title>\n<meta name=\"robots\" content=\"noindex, follow\" \/>\n<meta property=\"og:locale\" content=\"es_ES\" \/>\n<meta property=\"og:type\" content=\"article\" \/>\n<meta property=\"og:title\" content=\"Sobre nosotros | ReloadBase\" \/>\n<meta property=\"og:description\" content=\"[vc_row css=&#8221;.vc_custom_1625751662767{margin-top: 50px !important;margin-bottom: 50px !important;}&#8221;][vc_column][vc_column_text] Acerca de ReloadBase [\/vc_column_text][vc_column_text]Compra las mejores entradas online de forma r\u00e1pida, sencilla y segura. En ReloadBase, este es nuestro&hellip;\" \/>\n<meta property=\"og:url\" content=\"https:\/\/reloadbase.com\/es-es\/sobre-nosotros\/\" \/>\n<meta property=\"og:site_name\" content=\"ReloadBase\" \/>\n<meta property=\"article:publisher\" content=\"https:\/\/www.facebook.com\/ReloadBase\/\" \/>\n<meta property=\"article:modified_time\" content=\"2022-08-30T09:14:48+00:00\" \/>\n<meta property=\"og:image\" content=\"https:\/\/reloadbase.com\/wp-content\/uploads\/2021\/08\/Reloadbase-opengraph-es-aboutus.png?_t=1661850889\" \/>\n\t<meta property=\"og:image:width\" content=\"1046\" \/>\n\t<meta property=\"og:image:height\" content=\"628\" \/>\n\t<meta property=\"og:image:type\" content=\"image\/png\" \/>\n<meta name=\"twitter:card\" content=\"summary_large_image\" \/>\n<meta name=\"twitter:label1\" content=\"Tiempo de lectura\" \/>\n\t<meta name=\"twitter:data1\" content=\"3 minutos\" \/>\n<script type=\"application\/ld+json\" class=\"yoast-schema-graph\">{\"@context\":\"https:\/\/schema.org\",\"@graph\":[{\"@type\":\"WebPage\",\"@id\":\"https:\/\/reloadbase.com\/es-es\/sobre-nosotros\/\",\"url\":\"https:\/\/reloadbase.com\/es-es\/sobre-nosotros\/\",\"name\":\"Sobre nosotros | ReloadBase\",\"isPartOf\":{\"@id\":\"https:\/\/reloadbase.com\/nl-nl\/#website\"},\"primaryImageOfPage\":{\"@id\":\"https:\/\/reloadbase.com\/es-es\/sobre-nosotros\/#primaryimage\"},\"image\":{\"@id\":\"https:\/\/reloadbase.com\/es-es\/sobre-nosotros\/#primaryimage\"},\"thumbnailUrl\":\"https:\/\/reloadbase.com\/wp-content\/uploads\/2021\/08\/Reloadbase-opengraph-es-aboutus.png\",\"datePublished\":\"2021-08-12T13:09:19+00:00\",\"dateModified\":\"2022-08-30T09:14:48+00:00\",\"breadcrumb\":{\"@id\":\"https:\/\/reloadbase.com\/es-es\/sobre-nosotros\/#breadcrumb\"},\"inLanguage\":\"es\",\"potentialAction\":[{\"@type\":\"ReadAction\",\"target\":[\"https:\/\/reloadbase.com\/es-es\/sobre-nosotros\/\"]}]},{\"@type\":\"ImageObject\",\"inLanguage\":\"es\",\"@id\":\"https:\/\/reloadbase.com\/es-es\/sobre-nosotros\/#primaryimage\",\"url\":\"https:\/\/reloadbase.com\/wp-content\/uploads\/2021\/08\/Reloadbase-opengraph-es-aboutus.png\",\"contentUrl\":\"https:\/\/reloadbase.com\/wp-content\/uploads\/2021\/08\/Reloadbase-opengraph-es-aboutus.png\",\"width\":1046,\"height\":628,\"caption\":\"Sobre nosotras- Reloadbase\"},{\"@type\":\"BreadcrumbList\",\"@id\":\"https:\/\/reloadbase.com\/es-es\/sobre-nosotros\/#breadcrumb\",\"itemListElement\":[{\"@type\":\"ListItem\",\"position\":1,\"name\":\"Home\",\"item\":\"https:\/\/reloadbase.com\/nl-nl\/\"},{\"@type\":\"ListItem\",\"position\":2,\"name\":\"Over ons\"}]},{\"@type\":\"WebSite\",\"@id\":\"https:\/\/reloadbase.com\/nl-nl\/#website\",\"url\":\"https:\/\/reloadbase.com\/nl-nl\/\",\"name\":\"ReloadBase\",\"description\":\"\",\"publisher\":{\"@id\":\"https:\/\/reloadbase.com\/nl-nl\/#organization\"},\"potentialAction\":[{\"@type\":\"SearchAction\",\"target\":{\"@type\":\"EntryPoint\",\"urlTemplate\":\"https:\/\/reloadbase.com\/nl-nl\/?s={search_term_string}\"},\"query-input\":{\"@type\":\"PropertyValueSpecification\",\"valueRequired\":true,\"valueName\":\"search_term_string\"}}],\"inLanguage\":\"es\"},{\"@type\":\"Organization\",\"@id\":\"https:\/\/reloadbase.com\/nl-nl\/#organization\",\"name\":\"ReloadBase\",\"url\":\"https:\/\/reloadbase.com\/nl-nl\/\",\"logo\":{\"@type\":\"ImageObject\",\"inLanguage\":\"es\",\"@id\":\"https:\/\/reloadbase.com\/nl-nl\/#\/schema\/logo\/image\/\",\"url\":\"https:\/\/reloadbase.com\/wp-content\/uploads\/2020\/05\/RELOADBASE01_Horizontal_Transparant.png\",\"contentUrl\":\"https:\/\/reloadbase.com\/wp-content\/uploads\/2020\/05\/RELOADBASE01_Horizontal_Transparant.png\",\"width\":17627,\"height\":2130,\"caption\":\"ReloadBase\"},\"image\":{\"@id\":\"https:\/\/reloadbase.com\/nl-nl\/#\/schema\/logo\/image\/\"},\"sameAs\":[\"https:\/\/www.facebook.com\/ReloadBase\/\",\"https:\/\/www.instagram.com\/reloadbase\/\"]}]}<\/script>\n<!-- \/ Yoast SEO plugin. -->","yoast_head_json":{"title":"Sobre nosotros | ReloadBase","robots":{"index":"noindex","follow":"follow"},"og_locale":"es_ES","og_type":"article","og_title":"Sobre nosotros | ReloadBase","og_description":"[vc_row css=&#8221;.vc_custom_1625751662767{margin-top: 50px !important;margin-bottom: 50px !important;}&#8221;][vc_column][vc_column_text] Acerca de ReloadBase [\/vc_column_text][vc_column_text]Compra las mejores entradas online de forma r\u00e1pida, sencilla y segura. En ReloadBase, este es nuestro&hellip;","og_url":"https:\/\/reloadbase.com\/es-es\/sobre-nosotros\/","og_site_name":"ReloadBase","article_publisher":"https:\/\/www.facebook.com\/ReloadBase\/","article_modified_time":"2022-08-30T09:14:48+00:00","og_image":[{"width":1046,"height":628,"url":"https:\/\/reloadbase.com\/wp-content\/uploads\/2021\/08\/Reloadbase-opengraph-es-aboutus.png?_t=1661850889","type":"image\/png"}],"twitter_card":"summary_large_image","twitter_misc":{"Tiempo de lectura":"3 minutos"},"schema":{"@context":"https:\/\/schema.org","@graph":[{"@type":"WebPage","@id":"https:\/\/reloadbase.com\/es-es\/sobre-nosotros\/","url":"https:\/\/reloadbase.com\/es-es\/sobre-nosotros\/","name":"Sobre nosotros | ReloadBase","isPartOf":{"@id":"https:\/\/reloadbase.com\/nl-nl\/#website"},"primaryImageOfPage":{"@id":"https:\/\/reloadbase.com\/es-es\/sobre-nosotros\/#primaryimage"},"image":{"@id":"https:\/\/reloadbase.com\/es-es\/sobre-nosotros\/#primaryimage"},"thumbnailUrl":"https:\/\/reloadbase.com\/wp-content\/uploads\/2021\/08\/Reloadbase-opengraph-es-aboutus.png","datePublished":"2021-08-12T13:09:19+00:00","dateModified":"2022-08-30T09:14:48+00:00","breadcrumb":{"@id":"https:\/\/reloadbase.com\/es-es\/sobre-nosotros\/#breadcrumb"},"inLanguage":"es","potentialAction":[{"@type":"ReadAction","target":["https:\/\/reloadbase.com\/es-es\/sobre-nosotros\/"]}]},{"@type":"ImageObject","inLanguage":"es","@id":"https:\/\/reloadbase.com\/es-es\/sobre-nosotros\/#primaryimage","url":"https:\/\/reloadbase.com\/wp-content\/uploads\/2021\/08\/Reloadbase-opengraph-es-aboutus.png","contentUrl":"https:\/\/reloadbase.com\/wp-content\/uploads\/2021\/08\/Reloadbase-opengraph-es-aboutus.png","width":1046,"height":628,"caption":"Sobre nosotras- Reloadbase"},{"@type":"BreadcrumbList","@id":"https:\/\/reloadbase.com\/es-es\/sobre-nosotros\/#breadcrumb","itemListElement":[{"@type":"ListItem","position":1,"name":"Home","item":"https:\/\/reloadbase.com\/nl-nl\/"},{"@type":"ListItem","position":2,"name":"Over ons"}]},{"@type":"WebSite","@id":"https:\/\/reloadbase.com\/nl-nl\/#website","url":"https:\/\/reloadbase.com\/nl-nl\/","name":"ReloadBase","description":"","publisher":{"@id":"https:\/\/reloadbase.com\/nl-nl\/#organization"},"potentialAction":[{"@type":"SearchAction","target":{"@type":"EntryPoint","urlTemplate":"https:\/\/reloadbase.com\/nl-nl\/?s={search_term_string}"},"query-input":{"@type":"PropertyValueSpecification","valueRequired":true,"valueName":"search_term_string"}}],"inLanguage":"es"},{"@type":"Organization","@id":"https:\/\/reloadbase.com\/nl-nl\/#organization","name":"ReloadBase","url":"https:\/\/reloadbase.com\/nl-nl\/","logo":{"@type":"ImageObject","inLanguage":"es","@id":"https:\/\/reloadbase.com\/nl-nl\/#\/schema\/logo\/image\/","url":"https:\/\/reloadbase.com\/wp-content\/uploads\/2020\/05\/RELOADBASE01_Horizontal_Transparant.png","contentUrl":"https:\/\/reloadbase.com\/wp-content\/uploads\/2020\/05\/RELOADBASE01_Horizontal_Transparant.png","width":17627,"height":2130,"caption":"ReloadBase"},"image":{"@id":"https:\/\/reloadbase.com\/nl-nl\/#\/schema\/logo\/image\/"},"sameAs":["https:\/\/www.facebook.com\/ReloadBase\/","https:\/\/www.instagram.com\/reloadbase\/"]}]}},"_links":{"self":[{"href":"https:\/\/reloadbase.com\/es-es\/wp-json\/wp\/v2\/pages\/23775","targetHints":{"allow":["GET"]}}],"collection":[{"href":"https:\/\/reloadbase.com\/es-es\/wp-json\/wp\/v2\/pages"}],"about":[{"href":"https:\/\/reloadbase.com\/es-es\/wp-json\/wp\/v2\/types\/page"}],"author":[{"embeddable":true,"href":"https:\/\/reloadbase.com\/es-es\/wp-json\/wp\/v2\/users\/1608"}],"replies":[{"embeddable":true,"href":"https:\/\/reloadbase.com\/es-es\/wp-json\/wp\/v2\/comments?post=23775"}],"version-history":[{"count":8,"href":"https:\/\/reloadbase.com\/es-es\/wp-json\/wp\/v2\/pages\/23775\/revisions"}],"predecessor-version":[{"id":85097,"href":"https:\/\/reloadbase.com\/es-es\/wp-json\/wp\/v2\/pages\/23775\/revisions\/85097"}],"wp:featuredmedia":[{"embeddable":true,"href":"https:\/\/reloadbase.com\/es-es\/wp-json\/wp\/v2\/media\/23774"}],"wp:attachment":[{"href":"https:\/\/reloadbase.com\/es-es\/wp-json\/wp\/v2\/media?parent=23775"}],"curies":[{"name":"wp","href":"https:\/\/api.w.org\/{rel}","templated":true}]}}