{"id":23140,"date":"2021-08-04T07:56:24","date_gmt":"2021-08-04T07:56:24","guid":{"rendered":"https:\/\/reloadbase.com\/?page_id=23140"},"modified":"2022-08-30T09:30:09","modified_gmt":"2022-08-30T09:30:09","slug":"preguntas-frecuentes","status":"publish","type":"page","link":"https:\/\/reloadbase.com\/es-es\/preguntas-frecuentes\/","title":{"rendered":"FAQ -ES"},"content":{"rendered":"<div class=\"wpb-content-wrapper\">[vc_row css=&#8221;.vc_custom_1625744026436{margin-top: 50px !important;margin-bottom: 50px !important;}&#8221;][vc_column][vc_column_text]\n<h1>Preguntas frecuentes<\/h1>\n[\/vc_column_text][vc_tta_tabs shape=&#8221;square&#8221; spacing=&#8221;&#8221; alignment=&#8221;center&#8221; active_section=&#8221;1&#8243; no_fill_content_area=&#8221;true&#8221;][vc_tta_section title=&#8221;General&#8221; tab_id=&#8221;1625744250790-a98d4ba2-19c0&#8243;][vc_toggle title=&#8221;Qu\u00e9 es ReloadBase?&#8221; style=&#8221;simple&#8221; color=&#8221;orange&#8221; size=&#8221;lg&#8221; open=&#8221;true&#8221; custom_font_container=&#8221;tag:h2|font_size:18px|text_align:left|line_height:24px&#8221; custom_use_theme_fonts=&#8221;yes&#8221; use_custom_heading=&#8221;true&#8221;]Nuestra misi\u00f3n es hacer que los mapas digitales est\u00e9n disponibles para todos. En cualquier momento del d\u00eda, en cualquier dispositivo y desde cualquier lugar.<\/p>\n<p>Puede comprar cr\u00e9dito para llamadas, cr\u00e9dito para entretenimiento, cr\u00e9dito para juegos y tarjetas de cr\u00e9dito prepagas con nosotros para varios proveedores en l\u00ednea.<br \/>\nQuieres comprar cr\u00e9ditos? En nuestro sitio web encontrar\u00e1 toda la informaci\u00f3n sobre diferentes proveedores. Si tiene otras preguntas, consulte nuestra p\u00e1gina de preguntas frecuentes.[\/vc_toggle][\/vc_tta_section][vc_tta_section title=&#8221;Cr\u00e9dito de llamada&#8221; tab_id=&#8221;1625744250814-c10cd392-b736&#8243;][vc_toggle title=&#8221;C\u00f3mo puede recargar su cr\u00e9dito de llamadas?&#8221; style=&#8221;simple&#8221; color=&#8221;orange&#8221; size=&#8221;lg&#8221; custom_font_container=&#8221;tag:h2|font_size:18|text_align:left|line_height:24px&#8221; custom_use_theme_fonts=&#8221;yes&#8221; use_custom_heading=&#8221;true&#8221;]Prepago est\u00e1 disponible para personas que no quieran suscribirse. Lo ideal es que, como sugiere el nombre, pague por adelantado los minutos de llamadas, los mensajes de texto y los datos. De esa manera, no recibir\u00e1 una factura (demasiado alta) despu\u00e9s. Debido al uso, su cr\u00e9dito de llamadas simplemente se agotar\u00e1 en un momento dado y luego deber\u00e1 recargarse nuevamente. Sol\u00eda \u200b\u200bhacer esto enviando un c\u00f3digo a su proveedor por mensaje de texto. Eso todav\u00eda es posible, pero tambi\u00e9n hay formas de recargar su cr\u00e9dito de llamadas en l\u00ednea.[\/vc_toggle][vc_toggle title=&#8221;C\u00f3mo puede solicitar el saldo de su cr\u00e9dito de llamadas?&#8221; style=&#8221;simple&#8221; color=&#8221;orange&#8221; size=&#8221;lg&#8221; custom_font_container=&#8221;tag:h2|font_size:18px|text_align:left|line_height:24px&#8221; custom_use_theme_fonts=&#8221;yes&#8221; use_custom_heading=&#8221;true&#8221;]Puede solicitar el saldo restante de su cr\u00e9dito de llamadas de varias formas. Esto a menudo se puede hacer llamando o enviando un mensaje de texto a un n\u00famero espec\u00edfico. Tambi\u00e9n puede solicitar el saldo de su cr\u00e9dito de llamadas en l\u00ednea a trav\u00e9s de la aplicaci\u00f3n o el sitio web de su proveedor.[\/vc_toggle][vc_toggle title=&#8221;C\u00f3mo se recarga en l\u00ednea?&#8221; style=&#8221;simple&#8221; color=&#8221;orange&#8221; size=&#8221;lg&#8221; custom_font_container=&#8221;tag:h2|font_size:18px|text_align:left|line_height:24px&#8221; custom_use_theme_fonts=&#8221;yes&#8221; use_custom_heading=&#8221;true&#8221;]Reponer en l\u00ednea es muy simple y, lo que es m\u00e1s importante, \u00a1r\u00e1pido! Desde tu PC, tableta o tel\u00e9fono m\u00f3vil vas a un sitio web donde se ofrecen recargas online (aseg\u00farate de que este sea un sitio oficial para no ser v\u00edctima de fraude). Aqu\u00ed introduces tu n\u00famero de m\u00f3vil e indicas el importe con el que quieres recargar el cr\u00e9dito de llamada. El pago se realiza mediante iDeal y tarjeta de cr\u00e9dito. Despu\u00e9s de esto, su cr\u00e9dito de llamadas se recarga inmediatamente y puede continuar nuevamente.[\/vc_toggle][\/vc_tta_section][vc_tta_section title=&#8221;Tarjetas de regalo electr\u00f3nicas&#8221; tab_id=&#8221;1625745110951-9d6bac49-593d&#8221;][vc_toggle title=&#8221;C\u00f3mo funcionan las tarjetas de regalo electr\u00f3nicas?&#8221; style=&#8221;simple&#8221; color=&#8221;orange&#8221; size=&#8221;lg&#8221; custom_font_container=&#8221;tag:h2|font_size:18px|text_align:left|line_height:24px&#8221; custom_use_theme_fonts=&#8221;yes&#8221; use_custom_heading=&#8221;true&#8221;]Una tarjeta de regalo es un pase que representa un valor determinado. Puedes regalar este pase si no sabes exactamente lo que quieres regalar y por lo tanto quieres regalar un bono. El destinatario del pase puede gastar libremente el importe en las tiendas web afiliadas y en los puntos de venta f\u00edsicos. La cantidad nunca tiene que elaborarse de una vez y, por lo tanto, se puede utilizar en varias ocasiones y en varios puntos de venta afiliados.<br \/>\nSi compra una tarjeta de regalo en un punto de venta f\u00edsico, como Albert Heijn, paga por la tarjeta. Si el destinatario gasta el monto de la tarjeta en una tienda f\u00edsica, la tarjeta funciona como una tarjeta de d\u00e9bito. Si el destinatario gasta el monto de la tarjeta en una tienda en l\u00ednea, la tarjeta de regalo funciona ingresando el c\u00f3digo PIN de 16 d\u00edgitos en la tarjeta durante el pago.<br \/>\nSi compras la tarjeta regalo en l\u00ednea, simplemente haz clic en el tipo de tarjeta y el valor que tienes en mente y lo pagas (por ejemplo, a trav\u00e9s de iDeal). puede optar por recibir una tarjeta real en su domicilio o recibirla digitalmente, en forma de un c\u00f3digo PIN de 16 d\u00edgitos que puede utilizar para pagar en l\u00ednea.[\/vc_toggle][vc_toggle title=&#8221;D\u00f3nde se pueden comprar tarjetas de regalo electr\u00f3nicas?&#8221; style=&#8221;simple&#8221; color=&#8221;orange&#8221; size=&#8221;lg&#8221; custom_font_container=&#8221;tag:h2|font_size:18px|text_align:left|line_height:24px&#8221; custom_use_theme_fonts=&#8221;yes&#8221; use_custom_heading=&#8221;true&#8221;]Puede comprar tarjetas de regalo en muchos lugares diferentes, tanto en tiendas f\u00edsicas como en l\u00ednea. Aseg\u00farese de comprar una tarjeta de regalo oficial.[\/vc_toggle][vc_toggle title=&#8221;D\u00f3nde puede gastar las tarjetas de regalo electr\u00f3nicas?&#8221; style=&#8221;simple&#8221; color=&#8221;orange&#8221; size=&#8221;lg&#8221; custom_font_container=&#8221;tag:h2|font_size:18px|text_align:left|line_height:24px&#8221; custom_use_theme_fonts=&#8221;yes&#8221; use_custom_heading=&#8221;true&#8221;]Puede gastar tarjetas de regalo en tantos lugares como pueda comprarlas. Para libros, ropa, entretenimiento, comida\u2026 \u00a1Lo que sea y es posible![\/vc_toggle][\/vc_tta_section][vc_tta_section title=&#8221;Pagos&#8221; tab_id=&#8221;1625745113180-755f089c-5752&#8243;][vc_toggle title=&#8221;Qu\u00e9 opciones de pago ofrece?&#8221; style=&#8221;simple&#8221; color=&#8221;orange&#8221; size=&#8221;lg&#8221; custom_font_container=&#8221;tag:h2|font_size:18px|text_align:left|line_height:24px&#8221; custom_use_theme_fonts=&#8221;yes&#8221; use_custom_heading=&#8221;true&#8221;]Nuestras opciones de pago son: Paypal Trustly y Neosurf.[\/vc_toggle][vc_toggle title=&#8221;Puedo recuperar mi dinero o cambiar mi compra?&#8221; style=&#8221;simple&#8221; color=&#8221;orange&#8221; size=&#8221;lg&#8221; custom_font_container=&#8221;tag:h2|font_size:18px|text_align:left|line_height:24px&#8221; custom_use_theme_fonts=&#8221;yes&#8221; use_custom_heading=&#8221;true&#8221;]Despu\u00e9s del pago, acepta recibir su c\u00f3digo personal de inmediato. Debido a la naturaleza de los productos y al c\u00f3digo entregado directamente, el plazo de desistimiento expira.<br \/>\nComo resultado, ya no es posible devolver o cambiar el c\u00f3digo posteriormente. Si tiene m\u00e1s preguntas sobre esto, puede ver nuestros t\u00e9rminos y condiciones o enviar un correo electr\u00f3nico a <a href=\"mailto:hello@reloadbase.com\">hello@reloadbase.com<\/a>. Nos gusta ayudarte.[\/vc_toggle][vc_toggle title=&#8221;No recibi\u00f3 un correo despu\u00e9s de ordenar un producto?&#8221; style=&#8221;simple&#8221; color=&#8221;orange&#8221; size=&#8221;lg&#8221; custom_font_container=&#8221;tag:h2|font_size:18px|text_align:left|line_height:24px&#8221; custom_use_theme_fonts=&#8221;yes&#8221; use_custom_heading=&#8221;true&#8221;]Es posible que su confirmaci\u00f3n haya terminado en su casilla de correo no deseado.<br \/>\nLa confirmaci\u00f3n no deber\u00eda estar en su buz\u00f3n de correo no deseado y el dinero ha sido debitado? Env\u00ede un correo electr\u00f3nico a <a href=\"mailto:hello@reloadbase.com\">hello@reloadbase.com<\/a>, lo ayudaremos personalmente.[\/vc_toggle][\/vc_tta_section][vc_tta_section title=&#8221;C\u00f3digo personal&#8221; tab_id=&#8221;1625745179666-19866d7a-f17b&#8221;][vc_toggle title=&#8221;Mi c\u00f3digo no funciona?&#8221; style=&#8221;simple&#8221; color=&#8221;orange&#8221; size=&#8221;lg&#8221; custom_font_container=&#8221;tag:h2|font_size:18px|text_align:left|line_height:24px&#8221; custom_use_theme_fonts=&#8221;yes&#8221; use_custom_heading=&#8221;true&#8221;]Todos nuestros c\u00f3digos son id\u00e9nticos y contienen n\u00fameros y letras diferentes. Le recomendamos que copie y pegue el c\u00f3digo, en lugar de copiarlo manualmente. Si el c\u00f3digo a\u00fan no funciona, nos gustar\u00eda pedirle que env\u00ede un correo electr\u00f3nico a hello@reloadbase.com, lo ayudaremos personalmente.[\/vc_toggle][vc_toggle title=&#8221;Mi c\u00f3digo ya ha sido utilizado?&#8221; style=&#8221;simple&#8221; color=&#8221;orange&#8221; size=&#8221;lg&#8221; custom_font_container=&#8221;tag:h2|font_size:18px|text_align:left|line_height:24px&#8221; custom_use_theme_fonts=&#8221;yes&#8221; use_custom_heading=&#8221;true&#8221;]Todos nuestros c\u00f3digos son id\u00e9nticos. No obstante, si recibe un mensaje de que su c\u00f3digo ya se ha utilizado, nos gustar\u00eda pedirle que nos env\u00ede un correo electr\u00f3nico.<br \/>\n<a href=\"mailto:hello@reloadbase.com\">hello@reloadbase.com<\/a>, estaremos encantados de ayudarle personalmente.[\/vc_toggle][\/vc_tta_section][\/vc_tta_tabs][\/vc_column][\/vc_row][vc_row css=&#8221;.vc_custom_1625747186777{margin-top: 50px !important;margin-bottom: 50px !important;}&#8221;][vc_column][vc_column_text]\n<h2 style=\"text-align: center;\">Su pregunta no aparece en la lista o tiene alguna pregunta sobre su pedido?<\/h2>\n<p style=\"text-align: center;\">Contactanos en:<\/p>\n[\/vc_column_text][vc_row_inner css=&#8221;.vc_custom_1625747531811{margin-top: 20px !important;margin-bottom: 20px !important;}&#8221;][vc_column_inner][vc_column_text]\n<ul class=\"contact-list\">\n<li class=\"contact-block\"><a class=\"contact-block__content\" href=\"https:\/\/reloadbase.com\/nl-nl\/contact\/\"><img decoding=\"async\" class=\"contact-block__content-icon\" src=\"https:\/\/reloadbase.com\/wp-content\/uploads\/2021\/07\/contact-form.png\" alt=\"contactformulier\" loading=\"lazy\" \/>Formulario de contactoResponder dentro de las 24 horas<\/a><\/li>\n<li class=\"contact-block\"><a class=\"contact-block__content\" href=\"mailto:hello@reloadbase.com\"><img decoding=\"async\" class=\"contact-block__content-icon\" src=\"https:\/\/reloadbase.com\/wp-content\/uploads\/2021\/07\/mail.png\" alt=\"email\" loading=\"lazy\" \/>Responder en un plazo de 48 horas<\/a><\/li>\n<\/ul>\n[\/vc_column_text][\/vc_column_inner][\/vc_row_inner][\/vc_column][\/vc_row]\n<\/div>","protected":false},"excerpt":{"rendered":"<p>[vc_row css=&#8221;.vc_custom_1625744026436{margin-top: 50px !important;margin-bottom: 50px !important;}&#8221;][vc_column][vc_column_text] Preguntas frecuentes [\/vc_column_text][vc_tta_tabs shape=&#8221;square&#8221; spacing=&#8221;&#8221; alignment=&#8221;center&#8221; active_section=&#8221;1&#8243; no_fill_content_area=&#8221;true&#8221;][vc_tta_section title=&#8221;General&#8221; tab_id=&#8221;1625744250790-a98d4ba2-19c0&#8243;][vc_toggle title=&#8221;Qu\u00e9 es ReloadBase?&#8221; style=&#8221;simple&#8221; color=&#8221;orange&#8221; size=&#8221;lg&#8221; open=&#8221;true&#8221; custom_font_container=&#8221;tag:h2|font_size:18px|text_align:left|line_height:24px&#8221; custom_use_theme_fonts=&#8221;yes&#8221;&hellip;<\/p>\n","protected":false},"author":1608,"featured_media":0,"parent":0,"menu_order":0,"comment_status":"closed","ping_status":"closed","template":"","meta":{"_acf_changed":false,"footnotes":""},"class_list":["post-23140","page","type-page","status-publish","hentry"],"acf":[],"yoast_head":"<!-- This site is optimized with the Yoast SEO plugin v24.4 - https:\/\/yoast.com\/wordpress\/plugins\/seo\/ -->\n<title>Preguntas frecuentes | ReloadBase<\/title>\n<meta name=\"robots\" content=\"noindex, follow\" \/>\n<meta property=\"og:locale\" content=\"es_ES\" \/>\n<meta property=\"og:type\" content=\"article\" \/>\n<meta property=\"og:title\" content=\"Preguntas frecuentes | ReloadBase\" \/>\n<meta property=\"og:description\" content=\"[vc_row css=&#8221;.vc_custom_1625744026436{margin-top: 50px !important;margin-bottom: 50px !important;}&#8221;][vc_column][vc_column_text] Preguntas frecuentes [\/vc_column_text][vc_tta_tabs shape=&#8221;square&#8221; spacing=&#8221;&#8221; alignment=&#8221;center&#8221; active_section=&#8221;1&#8243; no_fill_content_area=&#8221;true&#8221;][vc_tta_section title=&#8221;General&#8221; tab_id=&#8221;1625744250790-a98d4ba2-19c0&#8243;][vc_toggle title=&#8221;Qu\u00e9 es ReloadBase?&#8221; style=&#8221;simple&#8221; color=&#8221;orange&#8221; size=&#8221;lg&#8221; open=&#8221;true&#8221; custom_font_container=&#8221;tag:h2|font_size:18px|text_align:left|line_height:24px&#8221; custom_use_theme_fonts=&#8221;yes&#8221;&hellip;\" \/>\n<meta property=\"og:url\" content=\"https:\/\/reloadbase.com\/es-es\/preguntas-frecuentes\/\" \/>\n<meta property=\"og:site_name\" content=\"ReloadBase\" \/>\n<meta property=\"article:publisher\" content=\"https:\/\/www.facebook.com\/ReloadBase\/\" \/>\n<meta property=\"article:modified_time\" content=\"2022-08-30T09:30:09+00:00\" \/>\n<meta property=\"og:image\" content=\"https:\/\/reloadbase.com\/wp-content\/uploads\/2021\/07\/Reloadbase-opengraph-nl.png?_t=1661851810\" \/>\n\t<meta property=\"og:image:width\" content=\"1046\" \/>\n\t<meta property=\"og:image:height\" content=\"628\" \/>\n\t<meta property=\"og:image:type\" content=\"image\/png\" \/>\n<meta name=\"twitter:card\" content=\"summary_large_image\" \/>\n<meta name=\"twitter:image\" content=\"https:\/\/reloadbase.com\/wp-content\/uploads\/2021\/07\/Reloadbase-opengraph-nl.png\" \/>\n<meta name=\"twitter:label1\" content=\"Tiempo de lectura\" \/>\n\t<meta name=\"twitter:data1\" content=\"6 minutos\" \/>\n<script type=\"application\/ld+json\" class=\"yoast-schema-graph\">{\"@context\":\"https:\/\/schema.org\",\"@graph\":[{\"@type\":\"WebPage\",\"@id\":\"https:\/\/reloadbase.com\/es-es\/preguntas-frecuentes\/\",\"url\":\"https:\/\/reloadbase.com\/es-es\/preguntas-frecuentes\/\",\"name\":\"Preguntas frecuentes | ReloadBase\",\"isPartOf\":{\"@id\":\"https:\/\/reloadbase.com\/nl-nl\/#website\"},\"primaryImageOfPage\":{\"@id\":\"https:\/\/reloadbase.com\/es-es\/preguntas-frecuentes\/#primaryimage\"},\"image\":{\"@id\":\"https:\/\/reloadbase.com\/es-es\/preguntas-frecuentes\/#primaryimage\"},\"thumbnailUrl\":\"https:\/\/reloadbase.com\/wp-content\/uploads\/2021\/07\/contact-form.png\",\"datePublished\":\"2021-08-04T07:56:24+00:00\",\"dateModified\":\"2022-08-30T09:30:09+00:00\",\"breadcrumb\":{\"@id\":\"https:\/\/reloadbase.com\/es-es\/preguntas-frecuentes\/#breadcrumb\"},\"inLanguage\":\"es\",\"potentialAction\":[{\"@type\":\"ReadAction\",\"target\":[\"https:\/\/reloadbase.com\/es-es\/preguntas-frecuentes\/\"]}]},{\"@type\":\"ImageObject\",\"inLanguage\":\"es\",\"@id\":\"https:\/\/reloadbase.com\/es-es\/preguntas-frecuentes\/#primaryimage\",\"url\":\"https:\/\/reloadbase.com\/wp-content\/uploads\/2021\/07\/contact-form.png\",\"contentUrl\":\"https:\/\/reloadbase.com\/wp-content\/uploads\/2021\/07\/contact-form.png\"},{\"@type\":\"BreadcrumbList\",\"@id\":\"https:\/\/reloadbase.com\/es-es\/preguntas-frecuentes\/#breadcrumb\",\"itemListElement\":[{\"@type\":\"ListItem\",\"position\":1,\"name\":\"Home\",\"item\":\"https:\/\/reloadbase.com\/nl-nl\/\"},{\"@type\":\"ListItem\",\"position\":2,\"name\":\"FAQ -ES\"}]},{\"@type\":\"WebSite\",\"@id\":\"https:\/\/reloadbase.com\/nl-nl\/#website\",\"url\":\"https:\/\/reloadbase.com\/nl-nl\/\",\"name\":\"ReloadBase\",\"description\":\"\",\"publisher\":{\"@id\":\"https:\/\/reloadbase.com\/nl-nl\/#organization\"},\"potentialAction\":[{\"@type\":\"SearchAction\",\"target\":{\"@type\":\"EntryPoint\",\"urlTemplate\":\"https:\/\/reloadbase.com\/nl-nl\/?s={search_term_string}\"},\"query-input\":{\"@type\":\"PropertyValueSpecification\",\"valueRequired\":true,\"valueName\":\"search_term_string\"}}],\"inLanguage\":\"es\"},{\"@type\":\"Organization\",\"@id\":\"https:\/\/reloadbase.com\/nl-nl\/#organization\",\"name\":\"ReloadBase\",\"url\":\"https:\/\/reloadbase.com\/nl-nl\/\",\"logo\":{\"@type\":\"ImageObject\",\"inLanguage\":\"es\",\"@id\":\"https:\/\/reloadbase.com\/nl-nl\/#\/schema\/logo\/image\/\",\"url\":\"https:\/\/reloadbase.com\/wp-content\/uploads\/2020\/05\/RELOADBASE01_Horizontal_Transparant.png\",\"contentUrl\":\"https:\/\/reloadbase.com\/wp-content\/uploads\/2020\/05\/RELOADBASE01_Horizontal_Transparant.png\",\"width\":17627,\"height\":2130,\"caption\":\"ReloadBase\"},\"image\":{\"@id\":\"https:\/\/reloadbase.com\/nl-nl\/#\/schema\/logo\/image\/\"},\"sameAs\":[\"https:\/\/www.facebook.com\/ReloadBase\/\",\"https:\/\/www.instagram.com\/reloadbase\/\"]}]}<\/script>\n<!-- \/ Yoast SEO plugin. -->","yoast_head_json":{"title":"Preguntas frecuentes | ReloadBase","robots":{"index":"noindex","follow":"follow"},"og_locale":"es_ES","og_type":"article","og_title":"Preguntas frecuentes | ReloadBase","og_description":"[vc_row css=&#8221;.vc_custom_1625744026436{margin-top: 50px !important;margin-bottom: 50px !important;}&#8221;][vc_column][vc_column_text] Preguntas frecuentes [\/vc_column_text][vc_tta_tabs shape=&#8221;square&#8221; spacing=&#8221;&#8221; alignment=&#8221;center&#8221; active_section=&#8221;1&#8243; no_fill_content_area=&#8221;true&#8221;][vc_tta_section title=&#8221;General&#8221; tab_id=&#8221;1625744250790-a98d4ba2-19c0&#8243;][vc_toggle title=&#8221;Qu\u00e9 es ReloadBase?&#8221; style=&#8221;simple&#8221; color=&#8221;orange&#8221; size=&#8221;lg&#8221; open=&#8221;true&#8221; custom_font_container=&#8221;tag:h2|font_size:18px|text_align:left|line_height:24px&#8221; custom_use_theme_fonts=&#8221;yes&#8221;&hellip;","og_url":"https:\/\/reloadbase.com\/es-es\/preguntas-frecuentes\/","og_site_name":"ReloadBase","article_publisher":"https:\/\/www.facebook.com\/ReloadBase\/","article_modified_time":"2022-08-30T09:30:09+00:00","og_image":[{"width":1046,"height":628,"url":"https:\/\/reloadbase.com\/wp-content\/uploads\/2021\/07\/Reloadbase-opengraph-nl.png?_t=1661851810","type":"image\/png"}],"twitter_card":"summary_large_image","twitter_image":"https:\/\/reloadbase.com\/wp-content\/uploads\/2021\/07\/Reloadbase-opengraph-nl.png","twitter_misc":{"Tiempo de lectura":"6 minutos"},"schema":{"@context":"https:\/\/schema.org","@graph":[{"@type":"WebPage","@id":"https:\/\/reloadbase.com\/es-es\/preguntas-frecuentes\/","url":"https:\/\/reloadbase.com\/es-es\/preguntas-frecuentes\/","name":"Preguntas frecuentes | ReloadBase","isPartOf":{"@id":"https:\/\/reloadbase.com\/nl-nl\/#website"},"primaryImageOfPage":{"@id":"https:\/\/reloadbase.com\/es-es\/preguntas-frecuentes\/#primaryimage"},"image":{"@id":"https:\/\/reloadbase.com\/es-es\/preguntas-frecuentes\/#primaryimage"},"thumbnailUrl":"https:\/\/reloadbase.com\/wp-content\/uploads\/2021\/07\/contact-form.png","datePublished":"2021-08-04T07:56:24+00:00","dateModified":"2022-08-30T09:30:09+00:00","breadcrumb":{"@id":"https:\/\/reloadbase.com\/es-es\/preguntas-frecuentes\/#breadcrumb"},"inLanguage":"es","potentialAction":[{"@type":"ReadAction","target":["https:\/\/reloadbase.com\/es-es\/preguntas-frecuentes\/"]}]},{"@type":"ImageObject","inLanguage":"es","@id":"https:\/\/reloadbase.com\/es-es\/preguntas-frecuentes\/#primaryimage","url":"https:\/\/reloadbase.com\/wp-content\/uploads\/2021\/07\/contact-form.png","contentUrl":"https:\/\/reloadbase.com\/wp-content\/uploads\/2021\/07\/contact-form.png"},{"@type":"BreadcrumbList","@id":"https:\/\/reloadbase.com\/es-es\/preguntas-frecuentes\/#breadcrumb","itemListElement":[{"@type":"ListItem","position":1,"name":"Home","item":"https:\/\/reloadbase.com\/nl-nl\/"},{"@type":"ListItem","position":2,"name":"FAQ -ES"}]},{"@type":"WebSite","@id":"https:\/\/reloadbase.com\/nl-nl\/#website","url":"https:\/\/reloadbase.com\/nl-nl\/","name":"ReloadBase","description":"","publisher":{"@id":"https:\/\/reloadbase.com\/nl-nl\/#organization"},"potentialAction":[{"@type":"SearchAction","target":{"@type":"EntryPoint","urlTemplate":"https:\/\/reloadbase.com\/nl-nl\/?s={search_term_string}"},"query-input":{"@type":"PropertyValueSpecification","valueRequired":true,"valueName":"search_term_string"}}],"inLanguage":"es"},{"@type":"Organization","@id":"https:\/\/reloadbase.com\/nl-nl\/#organization","name":"ReloadBase","url":"https:\/\/reloadbase.com\/nl-nl\/","logo":{"@type":"ImageObject","inLanguage":"es","@id":"https:\/\/reloadbase.com\/nl-nl\/#\/schema\/logo\/image\/","url":"https:\/\/reloadbase.com\/wp-content\/uploads\/2020\/05\/RELOADBASE01_Horizontal_Transparant.png","contentUrl":"https:\/\/reloadbase.com\/wp-content\/uploads\/2020\/05\/RELOADBASE01_Horizontal_Transparant.png","width":17627,"height":2130,"caption":"ReloadBase"},"image":{"@id":"https:\/\/reloadbase.com\/nl-nl\/#\/schema\/logo\/image\/"},"sameAs":["https:\/\/www.facebook.com\/ReloadBase\/","https:\/\/www.instagram.com\/reloadbase\/"]}]}},"_links":{"self":[{"href":"https:\/\/reloadbase.com\/es-es\/wp-json\/wp\/v2\/pages\/23140","targetHints":{"allow":["GET"]}}],"collection":[{"href":"https:\/\/reloadbase.com\/es-es\/wp-json\/wp\/v2\/pages"}],"about":[{"href":"https:\/\/reloadbase.com\/es-es\/wp-json\/wp\/v2\/types\/page"}],"author":[{"embeddable":true,"href":"https:\/\/reloadbase.com\/es-es\/wp-json\/wp\/v2\/users\/1608"}],"replies":[{"embeddable":true,"href":"https:\/\/reloadbase.com\/es-es\/wp-json\/wp\/v2\/comments?post=23140"}],"version-history":[{"count":5,"href":"https:\/\/reloadbase.com\/es-es\/wp-json\/wp\/v2\/pages\/23140\/revisions"}],"predecessor-version":[{"id":85096,"href":"https:\/\/reloadbase.com\/es-es\/wp-json\/wp\/v2\/pages\/23140\/revisions\/85096"}],"wp:attachment":[{"href":"https:\/\/reloadbase.com\/es-es\/wp-json\/wp\/v2\/media?parent=23140"}],"curies":[{"name":"wp","href":"https:\/\/api.w.org\/{rel}","templated":true}]}}