{"id":21404,"date":"2021-07-12T13:07:46","date_gmt":"2021-07-12T13:07:46","guid":{"rendered":"https:\/\/reloadbase.com\/?page_id=21404"},"modified":"2021-07-12T13:07:46","modified_gmt":"2021-07-12T13:07:46","slug":"nintendo-switch-online","status":"publish","type":"page","link":"https:\/\/reloadbase.com\/es-es\/nintendo-switch-online\/","title":{"rendered":"Nintendo Switch Online"},"content":{"rendered":"<div class=\"wpb-content-wrapper\">[vc_row css=&#8221;.vc_custom_1596808763792{padding-top: 60px !important;padding-bottom: 60px !important;}&#8221;][vc_column][vc_column_text]\n<h1>Compra tu tarjeta Nintendo Switch Online<\/h1>\n<p>Con una suscripci\u00f3n a Nintendo Switch Online, podr\u00e1s jugar a tus juegos favoritos con amigos y rivales de todo el mundo. Una suscripci\u00f3n a Nintendo Switch Online te da acceso a toneladas de juegos cl\u00e1sicos de NES, como Donkey Kong y Super Mario Bros. En Reloadbase puedes conseguir tu c\u00f3digo de Nintendo Switch Online y empezar o continuar tu suscripci\u00f3n durante 3 o 12 meses. Solo tienes que elegir la duraci\u00f3n que m\u00e1s te convenga e introducir tu direcci\u00f3n de correo electr\u00f3nico. Tu c\u00f3digo de Nintendo Switch Online estar\u00e1 en tu correo electr\u00f3nico en cuesti\u00f3n de segundos.[\/vc_column_text][\/vc_column][\/vc_row][vc_row css=&#8221;.vc_custom_1596797300746{padding-bottom: 60px !important;}&#8221;][vc_column][vc_column_text css=&#8221;.vc_custom_1626087872074{padding-bottom: 20px !important;}&#8221;]\n<h2>Preguntas frecuentes sobre Nintendo Switch Online<\/h2>\n[\/vc_column_text][vc_row_inner css=&#8221;.vc_custom_1596808708853{padding-bottom: 20px !important;}&#8221;][vc_column_inner][vc_column_text]\n<h3>\u00bfC\u00f3mo canjear un c\u00f3digo de Switch Online?<\/h3>\n<p>Sigue los siguientes pasos para canjear tu c\u00f3digo<\/p>\n<ol>\n<li>Ve a <a href=\"https:\/\/ec.nintendo.com\/redeem\/#\/\">Nintendo<\/a> e inicia sesi\u00f3n.<\/li>\n<li>Introduce el c\u00f3digo que te enviamos a tu correo electr\u00f3nico y ya puedes disfrutar de tu suscripci\u00f3n a Nintendo Switch Online.<\/li>\n<li>Tu membres\u00eda comienza tan pronto como actives tu c\u00f3digo. Si ya tienes una membres\u00eda activa, se extender\u00e1 autom\u00e1ticamente por 3 o 12 meses, dependiendo del c\u00f3digo que hayas comprado.<\/li>\n<\/ol>\n[\/vc_column_text][\/vc_column_inner][\/vc_row_inner][vc_row_inner css=&#8221;.vc_custom_1596808716232{padding-bottom: 20px !important;}&#8221;][vc_column_inner width=&#8221;1\/2&#8243;][vc_column_text]\n<h3>\u00bfD\u00f3nde puedo usar mi c\u00f3digo de Nintendo Switch Online?<\/h3>\n<p>Puedes utilizar tu c\u00f3digo de Nintendo Switch Online para iniciar o continuar una suscripci\u00f3n a Nintendo Switch Online. La suscripci\u00f3n te permite disfrutar de los \u00faltimos juegos en l\u00ednea.[\/vc_column_text][\/vc_column_inner][vc_column_inner width=&#8221;1\/2&#8243;][vc_column_text]\n<h3>\u00bfNecesito una cuenta para canjear mi c\u00f3digo de Nintendo Switch?<\/h3>\n<p>S\u00ed, para canjear y utilizar tu c\u00f3digo de Nintendo Switch Online, necesitar\u00e1s un ID o una cuenta de Nintendo Network y una conexi\u00f3n inal\u00e1mbrica.[\/vc_column_text][\/vc_column_inner][\/vc_row_inner][\/vc_column][\/vc_row][vc_row][vc_column width=&#8221;1\/2&#8243;][vc_column_text]\n<h3>\u00bfCu\u00e1nto tiempo es v\u00e1lido mi c\u00f3digo Nintendo Switch Online?<\/h3>\n<p>Tu c\u00f3digo no caduca, as\u00ed que puedes utilizarlo cuando t\u00fa decidas.[\/vc_column_text][\/vc_column][vc_column width=&#8221;1\/2&#8243;][vc_column_text]\n<h3>\u00bfC\u00f3mo puedo contactar con el servicio de atenci\u00f3n al cliente de Nintendo?<\/h3>\n<p>Puedes ponerte en contacto con Nintendo a trav\u00e9s de su p\u00e1gina <a href=\"https:\/\/www.nintendo.es\/Atencion-al-cliente\/-Te-damos-la-bienvenida-al-servicio-de-atencion-al-consumidor--11593.html\">web<\/a>.[\/vc_column_text][\/vc_column][\/vc_row]\n<\/div>","protected":false},"excerpt":{"rendered":"<p>[vc_row css=&#8221;.vc_custom_1596808763792{padding-top: 60px !important;padding-bottom: 60px !important;}&#8221;][vc_column][vc_column_text] Compra tu tarjeta Nintendo Switch Online Con una suscripci\u00f3n a Nintendo Switch Online, podr\u00e1s jugar a tus juegos favoritos&hellip;<\/p>\n","protected":false},"author":1608,"featured_media":0,"parent":0,"menu_order":0,"comment_status":"closed","ping_status":"closed","template":"","meta":{"_acf_changed":false,"footnotes":""},"class_list":["post-21404","page","type-page","status-publish","hentry"],"acf":[],"yoast_head":"<!-- This site is optimized with the Yoast SEO plugin v24.4 - https:\/\/yoast.com\/wordpress\/plugins\/seo\/ -->\n<title>C\u00f3digos Nintendo Switch Online | ReloadBase<\/title>\n<meta name=\"description\" content=\"Compra c\u00f3digos de Nintendo Switch online | Consigue tus tarjetas regalo de forma r\u00e1pida y sencilla | Rec\u00edbelas al instante por correo electr\u00f3nico y juega.\" \/>\n<meta name=\"robots\" content=\"index, follow, max-snippet:-1, max-image-preview:large, max-video-preview:-1\" \/>\n<link rel=\"canonical\" href=\"https:\/\/reloadbase.com\/es-es\/nintendo-switch-online\/\" \/>\n<meta property=\"og:locale\" content=\"es_ES\" \/>\n<meta property=\"og:type\" content=\"article\" \/>\n<meta property=\"og:title\" content=\"C\u00f3digos Nintendo Switch Online | ReloadBase\" \/>\n<meta property=\"og:description\" content=\"Compra c\u00f3digos de Nintendo Switch online | Consigue tus tarjetas regalo de forma r\u00e1pida y sencilla | Rec\u00edbelas al instante por correo electr\u00f3nico y juega.\" \/>\n<meta property=\"og:url\" content=\"https:\/\/reloadbase.com\/es-es\/nintendo-switch-online\/\" \/>\n<meta property=\"og:site_name\" content=\"ReloadBase\" \/>\n<meta property=\"article:publisher\" content=\"https:\/\/www.facebook.com\/ReloadBase\/\" \/>\n<meta name=\"twitter:card\" content=\"summary_large_image\" \/>\n<meta name=\"twitter:label1\" content=\"Tiempo de lectura\" \/>\n\t<meta name=\"twitter:data1\" content=\"2 minutos\" \/>\n<script type=\"application\/ld+json\" class=\"yoast-schema-graph\">{\"@context\":\"https:\/\/schema.org\",\"@graph\":[{\"@type\":\"WebPage\",\"@id\":\"https:\/\/reloadbase.com\/es-es\/nintendo-switch-online\/\",\"url\":\"https:\/\/reloadbase.com\/es-es\/nintendo-switch-online\/\",\"name\":\"C\u00f3digos Nintendo Switch Online | ReloadBase\",\"isPartOf\":{\"@id\":\"https:\/\/reloadbase.com\/nl-nl\/#website\"},\"datePublished\":\"2021-07-12T13:07:46+00:00\",\"description\":\"Compra c\u00f3digos de Nintendo Switch online | Consigue tus tarjetas regalo de forma r\u00e1pida y sencilla | Rec\u00edbelas al instante por correo electr\u00f3nico y juega.\",\"breadcrumb\":{\"@id\":\"https:\/\/reloadbase.com\/es-es\/nintendo-switch-online\/#breadcrumb\"},\"inLanguage\":\"es\",\"potentialAction\":[{\"@type\":\"ReadAction\",\"target\":[\"https:\/\/reloadbase.com\/es-es\/nintendo-switch-online\/\"]}]},{\"@type\":\"BreadcrumbList\",\"@id\":\"https:\/\/reloadbase.com\/es-es\/nintendo-switch-online\/#breadcrumb\",\"itemListElement\":[{\"@type\":\"ListItem\",\"position\":1,\"name\":\"Home\",\"item\":\"https:\/\/reloadbase.com\/nl-nl\/\"},{\"@type\":\"ListItem\",\"position\":2,\"name\":\"Nintendo Switch Online\"}]},{\"@type\":\"WebSite\",\"@id\":\"https:\/\/reloadbase.com\/nl-nl\/#website\",\"url\":\"https:\/\/reloadbase.com\/nl-nl\/\",\"name\":\"ReloadBase\",\"description\":\"\",\"publisher\":{\"@id\":\"https:\/\/reloadbase.com\/nl-nl\/#organization\"},\"potentialAction\":[{\"@type\":\"SearchAction\",\"target\":{\"@type\":\"EntryPoint\",\"urlTemplate\":\"https:\/\/reloadbase.com\/nl-nl\/?s={search_term_string}\"},\"query-input\":{\"@type\":\"PropertyValueSpecification\",\"valueRequired\":true,\"valueName\":\"search_term_string\"}}],\"inLanguage\":\"es\"},{\"@type\":\"Organization\",\"@id\":\"https:\/\/reloadbase.com\/nl-nl\/#organization\",\"name\":\"ReloadBase\",\"url\":\"https:\/\/reloadbase.com\/nl-nl\/\",\"logo\":{\"@type\":\"ImageObject\",\"inLanguage\":\"es\",\"@id\":\"https:\/\/reloadbase.com\/nl-nl\/#\/schema\/logo\/image\/\",\"url\":\"https:\/\/reloadbase.com\/wp-content\/uploads\/2020\/05\/RELOADBASE01_Horizontal_Transparant.png\",\"contentUrl\":\"https:\/\/reloadbase.com\/wp-content\/uploads\/2020\/05\/RELOADBASE01_Horizontal_Transparant.png\",\"width\":17627,\"height\":2130,\"caption\":\"ReloadBase\"},\"image\":{\"@id\":\"https:\/\/reloadbase.com\/nl-nl\/#\/schema\/logo\/image\/\"},\"sameAs\":[\"https:\/\/www.facebook.com\/ReloadBase\/\",\"https:\/\/www.instagram.com\/reloadbase\/\"]}]}<\/script>\n<!-- \/ Yoast SEO plugin. -->","yoast_head_json":{"title":"C\u00f3digos Nintendo Switch Online | ReloadBase","description":"Compra c\u00f3digos de Nintendo Switch online | Consigue tus tarjetas regalo de forma r\u00e1pida y sencilla | Rec\u00edbelas al instante por correo electr\u00f3nico y juega.","robots":{"index":"index","follow":"follow","max-snippet":"max-snippet:-1","max-image-preview":"max-image-preview:large","max-video-preview":"max-video-preview:-1"},"canonical":"https:\/\/reloadbase.com\/es-es\/nintendo-switch-online\/","og_locale":"es_ES","og_type":"article","og_title":"C\u00f3digos Nintendo Switch Online | ReloadBase","og_description":"Compra c\u00f3digos de Nintendo Switch online | Consigue tus tarjetas regalo de forma r\u00e1pida y sencilla | Rec\u00edbelas al instante por correo electr\u00f3nico y juega.","og_url":"https:\/\/reloadbase.com\/es-es\/nintendo-switch-online\/","og_site_name":"ReloadBase","article_publisher":"https:\/\/www.facebook.com\/ReloadBase\/","twitter_card":"summary_large_image","twitter_misc":{"Tiempo de lectura":"2 minutos"},"schema":{"@context":"https:\/\/schema.org","@graph":[{"@type":"WebPage","@id":"https:\/\/reloadbase.com\/es-es\/nintendo-switch-online\/","url":"https:\/\/reloadbase.com\/es-es\/nintendo-switch-online\/","name":"C\u00f3digos Nintendo Switch Online | ReloadBase","isPartOf":{"@id":"https:\/\/reloadbase.com\/nl-nl\/#website"},"datePublished":"2021-07-12T13:07:46+00:00","description":"Compra c\u00f3digos de Nintendo Switch online | Consigue tus tarjetas regalo de forma r\u00e1pida y sencilla | Rec\u00edbelas al instante por correo electr\u00f3nico y juega.","breadcrumb":{"@id":"https:\/\/reloadbase.com\/es-es\/nintendo-switch-online\/#breadcrumb"},"inLanguage":"es","potentialAction":[{"@type":"ReadAction","target":["https:\/\/reloadbase.com\/es-es\/nintendo-switch-online\/"]}]},{"@type":"BreadcrumbList","@id":"https:\/\/reloadbase.com\/es-es\/nintendo-switch-online\/#breadcrumb","itemListElement":[{"@type":"ListItem","position":1,"name":"Home","item":"https:\/\/reloadbase.com\/nl-nl\/"},{"@type":"ListItem","position":2,"name":"Nintendo Switch Online"}]},{"@type":"WebSite","@id":"https:\/\/reloadbase.com\/nl-nl\/#website","url":"https:\/\/reloadbase.com\/nl-nl\/","name":"ReloadBase","description":"","publisher":{"@id":"https:\/\/reloadbase.com\/nl-nl\/#organization"},"potentialAction":[{"@type":"SearchAction","target":{"@type":"EntryPoint","urlTemplate":"https:\/\/reloadbase.com\/nl-nl\/?s={search_term_string}"},"query-input":{"@type":"PropertyValueSpecification","valueRequired":true,"valueName":"search_term_string"}}],"inLanguage":"es"},{"@type":"Organization","@id":"https:\/\/reloadbase.com\/nl-nl\/#organization","name":"ReloadBase","url":"https:\/\/reloadbase.com\/nl-nl\/","logo":{"@type":"ImageObject","inLanguage":"es","@id":"https:\/\/reloadbase.com\/nl-nl\/#\/schema\/logo\/image\/","url":"https:\/\/reloadbase.com\/wp-content\/uploads\/2020\/05\/RELOADBASE01_Horizontal_Transparant.png","contentUrl":"https:\/\/reloadbase.com\/wp-content\/uploads\/2020\/05\/RELOADBASE01_Horizontal_Transparant.png","width":17627,"height":2130,"caption":"ReloadBase"},"image":{"@id":"https:\/\/reloadbase.com\/nl-nl\/#\/schema\/logo\/image\/"},"sameAs":["https:\/\/www.facebook.com\/ReloadBase\/","https:\/\/www.instagram.com\/reloadbase\/"]}]}},"_links":{"self":[{"href":"https:\/\/reloadbase.com\/es-es\/wp-json\/wp\/v2\/pages\/21404","targetHints":{"allow":["GET"]}}],"collection":[{"href":"https:\/\/reloadbase.com\/es-es\/wp-json\/wp\/v2\/pages"}],"about":[{"href":"https:\/\/reloadbase.com\/es-es\/wp-json\/wp\/v2\/types\/page"}],"author":[{"embeddable":true,"href":"https:\/\/reloadbase.com\/es-es\/wp-json\/wp\/v2\/users\/1608"}],"replies":[{"embeddable":true,"href":"https:\/\/reloadbase.com\/es-es\/wp-json\/wp\/v2\/comments?post=21404"}],"version-history":[{"count":2,"href":"https:\/\/reloadbase.com\/es-es\/wp-json\/wp\/v2\/pages\/21404\/revisions"}],"predecessor-version":[{"id":21452,"href":"https:\/\/reloadbase.com\/es-es\/wp-json\/wp\/v2\/pages\/21404\/revisions\/21452"}],"wp:attachment":[{"href":"https:\/\/reloadbase.com\/es-es\/wp-json\/wp\/v2\/media?parent=21404"}],"curies":[{"name":"wp","href":"https:\/\/api.w.org\/{rel}","templated":true}]}}