{"id":20371,"date":"2021-06-29T15:07:40","date_gmt":"2021-06-29T15:07:40","guid":{"rendered":"https:\/\/reloadbase.com\/?page_id=20371"},"modified":"2021-06-29T15:07:40","modified_gmt":"2021-06-29T15:07:40","slug":"tarjeta-prepago-euskaltel","status":"publish","type":"page","link":"https:\/\/reloadbase.com\/es-es\/tarjeta-prepago-euskaltel\/","title":{"rendered":"Tarjeta prepago Euskaltel"},"content":{"rendered":"<div class=\"wpb-content-wrapper\">[vc_row css=&#8221;.vc_custom_1596808763792{padding-top: 60px !important;padding-bottom: 60px !important;}&#8221;][vc_column][vc_column_text]\n<h1>Recarga de Euskaltel en l\u00ednea<\/h1>\n<p>\u00bfQuiere recargar su cr\u00e9dito de llamadas de Euskaltel? Compre su cr\u00e9dito de prepago en l\u00ednea en ReloadBase, porque el c\u00f3digo digital se entrega directamente a nosotros.<\/p>\n<p>&nbsp;<\/p>\n[\/vc_column_text][\/vc_column][\/vc_row][vc_row css=&#8221;.vc_custom_1596797300746{padding-bottom: 60px !important;}&#8221;][vc_column][vc_column_text css=&#8221;.vc_custom_1624959123975{padding-bottom: 20px !important;}&#8221;]\n<h2>Preguntas frecuentes sobre Euskaltel<\/h2>\n[\/vc_column_text][vc_row_inner css=&#8221;.vc_custom_1596808708853{padding-bottom: 20px !important;}&#8221;][vc_column_inner width=&#8221;1\/2&#8243;][vc_column_text]\n<h3>\u00bfQu\u00e9 es Euskaltel?<\/h3>\n<p>\u00bfTe has vuelto a quedar sin saldo de Euskaltel? Con un solo movimiento de dedo puedes conseguir m\u00e1s datos, minutos y mensajes con la recarga directa de Reloadbase. S\u00f3lo tienes que seleccionar un plan de recarga Euskaltel y uno de nuestros m\u00e9todos de pago. Recibir\u00e1s tu recarga en 30 segundos. \u00bfA qu\u00e9 esperas? Recarga tu Euskaltel con Reloadbase. Es f\u00e1cil, r\u00e1pido, seguro y sencillo.[\/vc_column_text][\/vc_column_inner][vc_column_inner width=&#8221;1\/2&#8243;][vc_column_text]\n<div class=\"hover:border-gray-dark flex-1 mb-0 border border-gray border-solid bg-white p-0 rounded-lg overflow-hidden\">\n<div id=\"c5762e40-d8bc-11eb-9641-d3f47c6b8d3e\" class=\" p-4 flex justify-between items-center w-full cursor-pointer focus:outline-none\" tabindex=\"0\" role=\"button\" aria-controls=\"c5762e40-d8bc-11eb-9641-d3f47c6b8d3e-region\">\n<h3 class=\"m-0 text-primary text-lg lg:text-2lg font-semibold leading-exceeding lg:leading-relaxed\">\u00bfC\u00f3mo recargo usando mi c\u00f3digo prepago de Euskaltel?<\/h3>\n<p>Con Reloadbase recargue su n\u00famero de tel\u00e9fono directamente. Recargar el c\u00f3digo de tu m\u00f3vil en Reloadbase es muy f\u00e1cil. Tanto si est\u00e1s en Espa\u00f1a como en el extranjero, sigue estos pasos:<\/p>\n<ol>\n<li>Selecciona el producto y la cantidad.<\/li>\n<li>Rellena tus datos, especialmente tu n\u00famero de tel\u00e9fono y tu direcci\u00f3n de correo electr\u00f3nico.<\/li>\n<li>Pague su pedido y reciba la recarga en su n\u00famero de m\u00f3vil en cuesti\u00f3n de segundos.<\/li>\n<\/ol>\n<\/div>\n<\/div>\n[\/vc_column_text][\/vc_column_inner][\/vc_row_inner][vc_row_inner css=&#8221;.vc_custom_1596808716232{padding-bottom: 20px !important;}&#8221;][vc_column_inner width=&#8221;1\/2&#8243;][vc_column_text]\n<h3>\u00bfC\u00f3mo puedo consultar mi saldo de Euskaltel?<\/h3>\n<p>Puedes consultar tu saldo de Euskaltel de m\u00faltiples maneras:<\/p>\n<ol>\n<li>Entra * 111# y haz clic en enviar<\/li>\n<li>Llama al 2232 y sigue las instrucciones<\/li>\n<li>Entra en la web de <a href=\"https:\/\/www.euskaltel.com\/\">Euskaltel<\/a><\/li>\n<\/ol>\n[\/vc_column_text][\/vc_column_inner][vc_column_inner width=&#8221;1\/2&#8243;][vc_column_text]\n<h3>\u00bfC\u00f3mo me pongo en contacto con Euskaltel?<\/h3>\n<p>Puedes contactar con el servicio de atenci\u00f3n al cliente de Euskaltel de m\u00faltiples maneras:<\/p>\n<p><strong>Opci\u00f3n 1:<\/strong> Llama al 1717 desde tu n\u00famero de Euskaltel desde Espa\u00f1a<\/p>\n<p><strong>Opci\u00f3n 2:<\/strong> Llama al 0034 6886 882 22 desde el extranjero<\/p>\n<p><strong>Opci\u00f3n 3:<\/strong> Entra en la web de <a href=\"https:\/\/www.euskaltel.com\/\">Euskaltel<\/a><\/p>\n<p><strong>Opci\u00f3n 4:<\/strong> Entra en la p\u00e1gina de <a href=\"https:\/\/www.facebook.com\/euskaltel\">Facebook de Euskaltel<\/a>[\/vc_column_text][\/vc_column_inner][\/vc_row_inner][\/vc_column][\/vc_row]\n<\/div>","protected":false},"excerpt":{"rendered":"<p>[vc_row css=&#8221;.vc_custom_1596808763792{padding-top: 60px !important;padding-bottom: 60px !important;}&#8221;][vc_column][vc_column_text] Recarga de Euskaltel en l\u00ednea \u00bfQuiere recargar su cr\u00e9dito de llamadas de Euskaltel? Compre su cr\u00e9dito de prepago en&hellip;<\/p>\n","protected":false},"author":1608,"featured_media":0,"parent":0,"menu_order":0,"comment_status":"closed","ping_status":"closed","template":"","meta":{"_acf_changed":false,"footnotes":""},"class_list":["post-20371","page","type-page","status-publish","hentry"],"acf":[],"yoast_head":"<!-- This site is optimized with the Yoast SEO plugin v24.4 - https:\/\/yoast.com\/wordpress\/plugins\/seo\/ -->\n<title>Recarga Euskaltel | Saldo desde 5\u20ac | ReloadBase.com<\/title>\n<meta name=\"description\" content=\"Haz una recarga Euskaltel online, recarga r\u00e1pida y segura en ReloadBase\" \/>\n<meta name=\"robots\" content=\"index, follow, max-snippet:-1, max-image-preview:large, max-video-preview:-1\" \/>\n<link rel=\"canonical\" href=\"https:\/\/reloadbase.com\/es-es\/tarjeta-prepago-euskaltel\/\" \/>\n<meta property=\"og:locale\" content=\"es_ES\" \/>\n<meta property=\"og:type\" content=\"article\" \/>\n<meta property=\"og:title\" content=\"Recarga Euskaltel | Saldo desde 5\u20ac | ReloadBase.com\" \/>\n<meta property=\"og:description\" content=\"Haz una recarga Euskaltel online, recarga r\u00e1pida y segura en ReloadBase\" \/>\n<meta property=\"og:url\" content=\"https:\/\/reloadbase.com\/es-es\/tarjeta-prepago-euskaltel\/\" \/>\n<meta property=\"og:site_name\" content=\"ReloadBase\" \/>\n<meta property=\"article:publisher\" content=\"https:\/\/www.facebook.com\/ReloadBase\/\" \/>\n<meta name=\"twitter:card\" content=\"summary_large_image\" \/>\n<meta name=\"twitter:label1\" content=\"Tiempo de lectura\" \/>\n\t<meta name=\"twitter:data1\" content=\"2 minutos\" \/>\n<script type=\"application\/ld+json\" class=\"yoast-schema-graph\">{\"@context\":\"https:\/\/schema.org\",\"@graph\":[{\"@type\":\"WebPage\",\"@id\":\"https:\/\/reloadbase.com\/es-es\/tarjeta-prepago-euskaltel\/\",\"url\":\"https:\/\/reloadbase.com\/es-es\/tarjeta-prepago-euskaltel\/\",\"name\":\"Recarga Euskaltel | Saldo desde 5\u20ac | ReloadBase.com\",\"isPartOf\":{\"@id\":\"https:\/\/reloadbase.com\/nl-nl\/#website\"},\"datePublished\":\"2021-06-29T15:07:40+00:00\",\"description\":\"Haz una recarga Euskaltel online, recarga r\u00e1pida y segura en ReloadBase\",\"breadcrumb\":{\"@id\":\"https:\/\/reloadbase.com\/es-es\/tarjeta-prepago-euskaltel\/#breadcrumb\"},\"inLanguage\":\"es\",\"potentialAction\":[{\"@type\":\"ReadAction\",\"target\":[\"https:\/\/reloadbase.com\/es-es\/tarjeta-prepago-euskaltel\/\"]}]},{\"@type\":\"BreadcrumbList\",\"@id\":\"https:\/\/reloadbase.com\/es-es\/tarjeta-prepago-euskaltel\/#breadcrumb\",\"itemListElement\":[{\"@type\":\"ListItem\",\"position\":1,\"name\":\"Home\",\"item\":\"https:\/\/reloadbase.com\/nl-nl\/\"},{\"@type\":\"ListItem\",\"position\":2,\"name\":\"Tarjeta prepago Euskaltel\"}]},{\"@type\":\"WebSite\",\"@id\":\"https:\/\/reloadbase.com\/nl-nl\/#website\",\"url\":\"https:\/\/reloadbase.com\/nl-nl\/\",\"name\":\"ReloadBase\",\"description\":\"\",\"publisher\":{\"@id\":\"https:\/\/reloadbase.com\/nl-nl\/#organization\"},\"potentialAction\":[{\"@type\":\"SearchAction\",\"target\":{\"@type\":\"EntryPoint\",\"urlTemplate\":\"https:\/\/reloadbase.com\/nl-nl\/?s={search_term_string}\"},\"query-input\":{\"@type\":\"PropertyValueSpecification\",\"valueRequired\":true,\"valueName\":\"search_term_string\"}}],\"inLanguage\":\"es\"},{\"@type\":\"Organization\",\"@id\":\"https:\/\/reloadbase.com\/nl-nl\/#organization\",\"name\":\"ReloadBase\",\"url\":\"https:\/\/reloadbase.com\/nl-nl\/\",\"logo\":{\"@type\":\"ImageObject\",\"inLanguage\":\"es\",\"@id\":\"https:\/\/reloadbase.com\/nl-nl\/#\/schema\/logo\/image\/\",\"url\":\"https:\/\/reloadbase.com\/wp-content\/uploads\/2020\/05\/RELOADBASE01_Horizontal_Transparant.png\",\"contentUrl\":\"https:\/\/reloadbase.com\/wp-content\/uploads\/2020\/05\/RELOADBASE01_Horizontal_Transparant.png\",\"width\":17627,\"height\":2130,\"caption\":\"ReloadBase\"},\"image\":{\"@id\":\"https:\/\/reloadbase.com\/nl-nl\/#\/schema\/logo\/image\/\"},\"sameAs\":[\"https:\/\/www.facebook.com\/ReloadBase\/\",\"https:\/\/www.instagram.com\/reloadbase\/\"]}]}<\/script>\n<!-- \/ Yoast SEO plugin. -->","yoast_head_json":{"title":"Recarga Euskaltel | Saldo desde 5\u20ac | ReloadBase.com","description":"Haz una recarga Euskaltel online, recarga r\u00e1pida y segura en ReloadBase","robots":{"index":"index","follow":"follow","max-snippet":"max-snippet:-1","max-image-preview":"max-image-preview:large","max-video-preview":"max-video-preview:-1"},"canonical":"https:\/\/reloadbase.com\/es-es\/tarjeta-prepago-euskaltel\/","og_locale":"es_ES","og_type":"article","og_title":"Recarga Euskaltel | Saldo desde 5\u20ac | ReloadBase.com","og_description":"Haz una recarga Euskaltel online, recarga r\u00e1pida y segura en ReloadBase","og_url":"https:\/\/reloadbase.com\/es-es\/tarjeta-prepago-euskaltel\/","og_site_name":"ReloadBase","article_publisher":"https:\/\/www.facebook.com\/ReloadBase\/","twitter_card":"summary_large_image","twitter_misc":{"Tiempo de lectura":"2 minutos"},"schema":{"@context":"https:\/\/schema.org","@graph":[{"@type":"WebPage","@id":"https:\/\/reloadbase.com\/es-es\/tarjeta-prepago-euskaltel\/","url":"https:\/\/reloadbase.com\/es-es\/tarjeta-prepago-euskaltel\/","name":"Recarga Euskaltel | Saldo desde 5\u20ac | ReloadBase.com","isPartOf":{"@id":"https:\/\/reloadbase.com\/nl-nl\/#website"},"datePublished":"2021-06-29T15:07:40+00:00","description":"Haz una recarga Euskaltel online, recarga r\u00e1pida y segura en ReloadBase","breadcrumb":{"@id":"https:\/\/reloadbase.com\/es-es\/tarjeta-prepago-euskaltel\/#breadcrumb"},"inLanguage":"es","potentialAction":[{"@type":"ReadAction","target":["https:\/\/reloadbase.com\/es-es\/tarjeta-prepago-euskaltel\/"]}]},{"@type":"BreadcrumbList","@id":"https:\/\/reloadbase.com\/es-es\/tarjeta-prepago-euskaltel\/#breadcrumb","itemListElement":[{"@type":"ListItem","position":1,"name":"Home","item":"https:\/\/reloadbase.com\/nl-nl\/"},{"@type":"ListItem","position":2,"name":"Tarjeta prepago Euskaltel"}]},{"@type":"WebSite","@id":"https:\/\/reloadbase.com\/nl-nl\/#website","url":"https:\/\/reloadbase.com\/nl-nl\/","name":"ReloadBase","description":"","publisher":{"@id":"https:\/\/reloadbase.com\/nl-nl\/#organization"},"potentialAction":[{"@type":"SearchAction","target":{"@type":"EntryPoint","urlTemplate":"https:\/\/reloadbase.com\/nl-nl\/?s={search_term_string}"},"query-input":{"@type":"PropertyValueSpecification","valueRequired":true,"valueName":"search_term_string"}}],"inLanguage":"es"},{"@type":"Organization","@id":"https:\/\/reloadbase.com\/nl-nl\/#organization","name":"ReloadBase","url":"https:\/\/reloadbase.com\/nl-nl\/","logo":{"@type":"ImageObject","inLanguage":"es","@id":"https:\/\/reloadbase.com\/nl-nl\/#\/schema\/logo\/image\/","url":"https:\/\/reloadbase.com\/wp-content\/uploads\/2020\/05\/RELOADBASE01_Horizontal_Transparant.png","contentUrl":"https:\/\/reloadbase.com\/wp-content\/uploads\/2020\/05\/RELOADBASE01_Horizontal_Transparant.png","width":17627,"height":2130,"caption":"ReloadBase"},"image":{"@id":"https:\/\/reloadbase.com\/nl-nl\/#\/schema\/logo\/image\/"},"sameAs":["https:\/\/www.facebook.com\/ReloadBase\/","https:\/\/www.instagram.com\/reloadbase\/"]}]}},"_links":{"self":[{"href":"https:\/\/reloadbase.com\/es-es\/wp-json\/wp\/v2\/pages\/20371","targetHints":{"allow":["GET"]}}],"collection":[{"href":"https:\/\/reloadbase.com\/es-es\/wp-json\/wp\/v2\/pages"}],"about":[{"href":"https:\/\/reloadbase.com\/es-es\/wp-json\/wp\/v2\/types\/page"}],"author":[{"embeddable":true,"href":"https:\/\/reloadbase.com\/es-es\/wp-json\/wp\/v2\/users\/1608"}],"replies":[{"embeddable":true,"href":"https:\/\/reloadbase.com\/es-es\/wp-json\/wp\/v2\/comments?post=20371"}],"version-history":[{"count":3,"href":"https:\/\/reloadbase.com\/es-es\/wp-json\/wp\/v2\/pages\/20371\/revisions"}],"predecessor-version":[{"id":20443,"href":"https:\/\/reloadbase.com\/es-es\/wp-json\/wp\/v2\/pages\/20371\/revisions\/20443"}],"wp:attachment":[{"href":"https:\/\/reloadbase.com\/es-es\/wp-json\/wp\/v2\/media?parent=20371"}],"curies":[{"name":"wp","href":"https:\/\/api.w.org\/{rel}","templated":true}]}}