{"id":20328,"date":"2021-06-29T15:07:40","date_gmt":"2021-06-29T15:07:40","guid":{"rendered":"https:\/\/reloadbase.com\/?page_id=20328"},"modified":"2021-06-29T15:07:40","modified_gmt":"2021-06-29T15:07:40","slug":"tarjeta-prepago-digi-mobil","status":"publish","type":"page","link":"https:\/\/reloadbase.com\/es-es\/tarjeta-prepago-digi-mobil\/","title":{"rendered":"Tarjeta prepago Digi Mobil"},"content":{"rendered":"<div class=\"wpb-content-wrapper\">[vc_row css=&#8221;.vc_custom_1596808763792{padding-top: 60px !important;padding-bottom: 60px !important;}&#8221;][vc_column][vc_column_text]\n<h1>Recarga de Digi Mobil en l\u00ednea<\/h1>\n<p>\u00bfQuiere recargar su cr\u00e9dito de llamadas de Digi Mobil? Compre su cr\u00e9dito de prepago en l\u00ednea en ReloadBase, porque el c\u00f3digo digital se entrega directamente a nosotros.<\/p>\n[\/vc_column_text][\/vc_column][\/vc_row][vc_row css=&#8221;.vc_custom_1596797300746{padding-bottom: 60px !important;}&#8221;][vc_column][vc_column_text css=&#8221;.vc_custom_1624533677460{padding-bottom: 20px !important;}&#8221;]\n<h2>Preguntas frecuentes sobre Digi Mobil<\/h2>\n[\/vc_column_text][vc_row_inner css=&#8221;.vc_custom_1596808708853{padding-bottom: 20px !important;}&#8221;][vc_column_inner width=&#8221;1\/2&#8243;][vc_column_text]\n<h3>\u00bfQu\u00e9 es Digi Mobil?<\/h3>\n<p>Digi Mobil es un operador de telecomunicaciones con 13 a\u00f1os de presencia en Espa\u00f1a. A trav\u00e9s de la mejor red 4G, los clientes disfrutan de la m\u00e1xima cobertura m\u00f3vil y del servicio de Internet m\u00e1s r\u00e1pido, adem\u00e1s de las ventajas de un operador que siempre ha preferido ir por libre.<\/p>\n<p>Digi Mobil proporciona a los clientes el m\u00e1ximo apoyo y asesoramiento en todo lo que necesiten. Ofrecen una red competitiva y de calidad. C\u00f3mpralos a trav\u00e9s de Reloadbase.[\/vc_column_text][\/vc_column_inner][vc_column_inner width=&#8221;1\/2&#8243;][vc_column_text]\n<h3>\u00bfC\u00f3mo llamar al servicio de atenci\u00f3n al cliente desde el extranjero?<\/h3>\n<p>Puede llamar al 0034.642.642.642 (llamada gratuita desde los n\u00fameros de la DIGI dentro de la UE)<\/p>\n<p>atencionalcliente@digimobil.es o rellenando este <a href=\"https:\/\/www.digimobil.es\/contacto.php?act=contact\">formulario<\/a>[\/vc_column_text][\/vc_column_inner][\/vc_row_inner][vc_row_inner css=&#8221;.vc_custom_1596808716232{padding-bottom: 20px !important;}&#8221;][vc_column_inner width=&#8221;1\/2&#8243;][vc_column_text]\n<h3>\u00bfC\u00f3mo contactar con el servicio de atenci\u00f3n al cliente de Digi Mobil?<\/h3>\n<p>El servicio de atenci\u00f3n al cliente est\u00e1 disponible todos los d\u00edas de 07:00 a 24:00 (hora peninsular espa\u00f1ola).<\/p>\n<p>Para contactar con el Servicio de Atenci\u00f3n al Cliente de DIGI, puede hacerlo de la siguiente manera<\/p>\n<p><strong>Cuando est\u00e9s en Espa\u00f1a:<\/strong><\/p>\n<ol>\n<li>Llamando al 1200 (llamada gratuita desde la red DIGI)<\/li>\n<li>Llamando al 642.642.642 (llamada gratuita desde la red DIGI. Si llamas desde la red de otro operador en Espa\u00f1a, la llamada tendr\u00e1 el coste ordinario de una llamada de m\u00f3vil seg\u00fan las tarifas de dicho operador)<\/li>\n<li>Llamando al 901.666.642 (accesible desde cualquier operador. La llamada tendr\u00e1 el coste de una llamada a un 901 seg\u00fan las tarifas del operador desde el que se llama, en el caso de ser DIGI tienen el mismo coste que una llamada en la red).<\/li>\n<\/ol>\n[\/vc_column_text][\/vc_column_inner][vc_column_inner width=&#8221;1\/2&#8243;][vc_column_text]\n<h3>\u00bfC\u00f3mo funciona la portabilidad de Digi Mobil?<\/h3>\n<p>La portabilidad se realiza en un plazo de dos d\u00edas h\u00e1biles tras recibir la confirmaci\u00f3n de la solicitud por parte del operador donante.<\/p>\n<p>Si necesita cualquier informaci\u00f3n adicional por su parte, Digi Mobil le enviar\u00e1 un SMS.[\/vc_column_text][\/vc_column_inner][\/vc_row_inner][\/vc_column][\/vc_row]\n<\/div>","protected":false},"excerpt":{"rendered":"<p>[vc_row css=&#8221;.vc_custom_1596808763792{padding-top: 60px !important;padding-bottom: 60px !important;}&#8221;][vc_column][vc_column_text] Recarga de Digi Mobil en l\u00ednea \u00bfQuiere recargar su cr\u00e9dito de llamadas de Digi Mobil? Compre su cr\u00e9dito de&hellip;<\/p>\n","protected":false},"author":1608,"featured_media":0,"parent":0,"menu_order":0,"comment_status":"closed","ping_status":"closed","template":"","meta":{"_acf_changed":false,"footnotes":""},"class_list":["post-20328","page","type-page","status-publish","hentry"],"acf":[],"yoast_head":"<!-- This site is optimized with the Yoast SEO plugin v24.4 - https:\/\/yoast.com\/wordpress\/plugins\/seo\/ -->\n<title>Recarga Digi Mobil | Saldo+datos desde 5\u20ac | ReloadBase.com<\/title>\n<meta name=\"description\" content=\"Compre sus vales Digi Mobil en l\u00ednea | Reciba los c\u00f3digos al instante por correo electr\u00f3nico | R\u00e1pido y seguro\" \/>\n<meta name=\"robots\" content=\"index, follow, max-snippet:-1, max-image-preview:large, max-video-preview:-1\" \/>\n<link rel=\"canonical\" href=\"https:\/\/reloadbase.com\/es-es\/tarjeta-prepago-digi-mobil\/\" \/>\n<meta property=\"og:locale\" content=\"es_ES\" \/>\n<meta property=\"og:type\" content=\"article\" \/>\n<meta property=\"og:title\" content=\"Recarga Digi Mobil | Saldo+datos desde 5\u20ac | ReloadBase.com\" \/>\n<meta property=\"og:description\" content=\"Compre sus vales Digi Mobil en l\u00ednea | Reciba los c\u00f3digos al instante por correo electr\u00f3nico | R\u00e1pido y seguro\" \/>\n<meta property=\"og:url\" content=\"https:\/\/reloadbase.com\/es-es\/tarjeta-prepago-digi-mobil\/\" \/>\n<meta property=\"og:site_name\" content=\"ReloadBase\" \/>\n<meta property=\"article:publisher\" content=\"https:\/\/www.facebook.com\/ReloadBase\/\" \/>\n<meta name=\"twitter:card\" content=\"summary_large_image\" \/>\n<meta name=\"twitter:label1\" content=\"Tiempo de lectura\" \/>\n\t<meta name=\"twitter:data1\" content=\"2 minutos\" \/>\n<script type=\"application\/ld+json\" class=\"yoast-schema-graph\">{\"@context\":\"https:\/\/schema.org\",\"@graph\":[{\"@type\":\"WebPage\",\"@id\":\"https:\/\/reloadbase.com\/es-es\/tarjeta-prepago-digi-mobil\/\",\"url\":\"https:\/\/reloadbase.com\/es-es\/tarjeta-prepago-digi-mobil\/\",\"name\":\"Recarga Digi Mobil | Saldo+datos desde 5\u20ac | ReloadBase.com\",\"isPartOf\":{\"@id\":\"https:\/\/reloadbase.com\/nl-nl\/#website\"},\"datePublished\":\"2021-06-29T15:07:40+00:00\",\"description\":\"Compre sus vales Digi Mobil en l\u00ednea | Reciba los c\u00f3digos al instante por correo electr\u00f3nico | R\u00e1pido y seguro\",\"breadcrumb\":{\"@id\":\"https:\/\/reloadbase.com\/es-es\/tarjeta-prepago-digi-mobil\/#breadcrumb\"},\"inLanguage\":\"es\",\"potentialAction\":[{\"@type\":\"ReadAction\",\"target\":[\"https:\/\/reloadbase.com\/es-es\/tarjeta-prepago-digi-mobil\/\"]}]},{\"@type\":\"BreadcrumbList\",\"@id\":\"https:\/\/reloadbase.com\/es-es\/tarjeta-prepago-digi-mobil\/#breadcrumb\",\"itemListElement\":[{\"@type\":\"ListItem\",\"position\":1,\"name\":\"Home\",\"item\":\"https:\/\/reloadbase.com\/nl-nl\/\"},{\"@type\":\"ListItem\",\"position\":2,\"name\":\"Tarjeta prepago Digi Mobil\"}]},{\"@type\":\"WebSite\",\"@id\":\"https:\/\/reloadbase.com\/nl-nl\/#website\",\"url\":\"https:\/\/reloadbase.com\/nl-nl\/\",\"name\":\"ReloadBase\",\"description\":\"\",\"publisher\":{\"@id\":\"https:\/\/reloadbase.com\/nl-nl\/#organization\"},\"potentialAction\":[{\"@type\":\"SearchAction\",\"target\":{\"@type\":\"EntryPoint\",\"urlTemplate\":\"https:\/\/reloadbase.com\/nl-nl\/?s={search_term_string}\"},\"query-input\":{\"@type\":\"PropertyValueSpecification\",\"valueRequired\":true,\"valueName\":\"search_term_string\"}}],\"inLanguage\":\"es\"},{\"@type\":\"Organization\",\"@id\":\"https:\/\/reloadbase.com\/nl-nl\/#organization\",\"name\":\"ReloadBase\",\"url\":\"https:\/\/reloadbase.com\/nl-nl\/\",\"logo\":{\"@type\":\"ImageObject\",\"inLanguage\":\"es\",\"@id\":\"https:\/\/reloadbase.com\/nl-nl\/#\/schema\/logo\/image\/\",\"url\":\"https:\/\/reloadbase.com\/wp-content\/uploads\/2020\/05\/RELOADBASE01_Horizontal_Transparant.png\",\"contentUrl\":\"https:\/\/reloadbase.com\/wp-content\/uploads\/2020\/05\/RELOADBASE01_Horizontal_Transparant.png\",\"width\":17627,\"height\":2130,\"caption\":\"ReloadBase\"},\"image\":{\"@id\":\"https:\/\/reloadbase.com\/nl-nl\/#\/schema\/logo\/image\/\"},\"sameAs\":[\"https:\/\/www.facebook.com\/ReloadBase\/\",\"https:\/\/www.instagram.com\/reloadbase\/\"]}]}<\/script>\n<!-- \/ Yoast SEO plugin. -->","yoast_head_json":{"title":"Recarga Digi Mobil | Saldo+datos desde 5\u20ac | ReloadBase.com","description":"Compre sus vales Digi Mobil en l\u00ednea | Reciba los c\u00f3digos al instante por correo electr\u00f3nico | R\u00e1pido y seguro","robots":{"index":"index","follow":"follow","max-snippet":"max-snippet:-1","max-image-preview":"max-image-preview:large","max-video-preview":"max-video-preview:-1"},"canonical":"https:\/\/reloadbase.com\/es-es\/tarjeta-prepago-digi-mobil\/","og_locale":"es_ES","og_type":"article","og_title":"Recarga Digi Mobil | Saldo+datos desde 5\u20ac | ReloadBase.com","og_description":"Compre sus vales Digi Mobil en l\u00ednea | Reciba los c\u00f3digos al instante por correo electr\u00f3nico | R\u00e1pido y seguro","og_url":"https:\/\/reloadbase.com\/es-es\/tarjeta-prepago-digi-mobil\/","og_site_name":"ReloadBase","article_publisher":"https:\/\/www.facebook.com\/ReloadBase\/","twitter_card":"summary_large_image","twitter_misc":{"Tiempo de lectura":"2 minutos"},"schema":{"@context":"https:\/\/schema.org","@graph":[{"@type":"WebPage","@id":"https:\/\/reloadbase.com\/es-es\/tarjeta-prepago-digi-mobil\/","url":"https:\/\/reloadbase.com\/es-es\/tarjeta-prepago-digi-mobil\/","name":"Recarga Digi Mobil | Saldo+datos desde 5\u20ac | ReloadBase.com","isPartOf":{"@id":"https:\/\/reloadbase.com\/nl-nl\/#website"},"datePublished":"2021-06-29T15:07:40+00:00","description":"Compre sus vales Digi Mobil en l\u00ednea | Reciba los c\u00f3digos al instante por correo electr\u00f3nico | R\u00e1pido y seguro","breadcrumb":{"@id":"https:\/\/reloadbase.com\/es-es\/tarjeta-prepago-digi-mobil\/#breadcrumb"},"inLanguage":"es","potentialAction":[{"@type":"ReadAction","target":["https:\/\/reloadbase.com\/es-es\/tarjeta-prepago-digi-mobil\/"]}]},{"@type":"BreadcrumbList","@id":"https:\/\/reloadbase.com\/es-es\/tarjeta-prepago-digi-mobil\/#breadcrumb","itemListElement":[{"@type":"ListItem","position":1,"name":"Home","item":"https:\/\/reloadbase.com\/nl-nl\/"},{"@type":"ListItem","position":2,"name":"Tarjeta prepago Digi Mobil"}]},{"@type":"WebSite","@id":"https:\/\/reloadbase.com\/nl-nl\/#website","url":"https:\/\/reloadbase.com\/nl-nl\/","name":"ReloadBase","description":"","publisher":{"@id":"https:\/\/reloadbase.com\/nl-nl\/#organization"},"potentialAction":[{"@type":"SearchAction","target":{"@type":"EntryPoint","urlTemplate":"https:\/\/reloadbase.com\/nl-nl\/?s={search_term_string}"},"query-input":{"@type":"PropertyValueSpecification","valueRequired":true,"valueName":"search_term_string"}}],"inLanguage":"es"},{"@type":"Organization","@id":"https:\/\/reloadbase.com\/nl-nl\/#organization","name":"ReloadBase","url":"https:\/\/reloadbase.com\/nl-nl\/","logo":{"@type":"ImageObject","inLanguage":"es","@id":"https:\/\/reloadbase.com\/nl-nl\/#\/schema\/logo\/image\/","url":"https:\/\/reloadbase.com\/wp-content\/uploads\/2020\/05\/RELOADBASE01_Horizontal_Transparant.png","contentUrl":"https:\/\/reloadbase.com\/wp-content\/uploads\/2020\/05\/RELOADBASE01_Horizontal_Transparant.png","width":17627,"height":2130,"caption":"ReloadBase"},"image":{"@id":"https:\/\/reloadbase.com\/nl-nl\/#\/schema\/logo\/image\/"},"sameAs":["https:\/\/www.facebook.com\/ReloadBase\/","https:\/\/www.instagram.com\/reloadbase\/"]}]}},"_links":{"self":[{"href":"https:\/\/reloadbase.com\/es-es\/wp-json\/wp\/v2\/pages\/20328","targetHints":{"allow":["GET"]}}],"collection":[{"href":"https:\/\/reloadbase.com\/es-es\/wp-json\/wp\/v2\/pages"}],"about":[{"href":"https:\/\/reloadbase.com\/es-es\/wp-json\/wp\/v2\/types\/page"}],"author":[{"embeddable":true,"href":"https:\/\/reloadbase.com\/es-es\/wp-json\/wp\/v2\/users\/1608"}],"replies":[{"embeddable":true,"href":"https:\/\/reloadbase.com\/es-es\/wp-json\/wp\/v2\/comments?post=20328"}],"version-history":[{"count":3,"href":"https:\/\/reloadbase.com\/es-es\/wp-json\/wp\/v2\/pages\/20328\/revisions"}],"predecessor-version":[{"id":20462,"href":"https:\/\/reloadbase.com\/es-es\/wp-json\/wp\/v2\/pages\/20328\/revisions\/20462"}],"wp:attachment":[{"href":"https:\/\/reloadbase.com\/es-es\/wp-json\/wp\/v2\/media?parent=20328"}],"curies":[{"name":"wp","href":"https:\/\/api.w.org\/{rel}","templated":true}]}}