{"id":24530,"date":"2021-02-26T15:45:40","date_gmt":"2021-02-26T15:45:40","guid":{"rendered":"https:\/\/reloadbase.com\/nettokom-online-aufladen\/"},"modified":"2021-08-18T09:20:13","modified_gmt":"2021-08-18T09:20:13","slug":"nettokom-online-aufladen","status":"publish","type":"page","link":"https:\/\/reloadbase.com\/de-ch\/nettokom-online-aufladen\/","title":{"rendered":"NettoKOM online aufladen"},"content":{"rendered":"<div class=\"wpb-content-wrapper\">[vc_row css=&#8221;.vc_custom_1605881895487{padding-top: 30px !important;padding-bottom: 60px !important;}&#8221;][vc_column][vc_column_text]\n<h1>NettoKOM online aufladen<\/h1>\n<p>Sie m\u00fcssen Ihr NettoKOM-Guthaben aufladen, aber es gibt keine Filiale in Ihrer N\u00e4he? Mit ReloadBase k\u00f6nnen Sie schnell und sicher Ihr NettoKOM-Handy aufladen. W\u00e4hlen Sie einfach den Betrag aus, den Sie auf Ihr Guthaben aufladen m\u00f6chten, und Sie erhalten eine E-Mail mit dem Aufladecode direkt an Ihre E-Mail-Adresse und auf Wunsch auch als kostenlose SMS.[\/vc_column_text][\/vc_column][\/vc_row][vc_row][vc_column]<div class=\"woocommerce columns-4 \"><\/div>[\/vc_column][\/vc_row][vc_row css=&#8221;.vc_custom_1596797300746{padding-bottom: 60px !important;}&#8221;][vc_column][vc_column_text css=&#8221;.vc_custom_1614354044822{padding-bottom: 20px !important;}&#8221;]\n<h2>H\u00e4ufig gestellte Fragen zu NettoKOM online aufladen<\/h2>\n[\/vc_column_text][vc_row_inner css=&#8221;.vc_custom_1596808708853{padding-bottom: 20px !important;}&#8221;][vc_column_inner width=&#8221;1\/2&#8243;][vc_column_text]\n<h3>Wie kann ich NettoKOM-Guthaben online aufladen?<\/h3>\n<p>Das ist ein einfacher Prozess, den Sie ganz einfach \u00fcber ReloadBase durchf\u00fchren k\u00f6nnen, indem Sie die folgenden Schritte befolgen:<\/p>\n<ol>\n<li>W\u00e4hlen Sie die H\u00f6he des gew\u00fcnschten Guthabens<\/li>\n<li>Geben Sie Ihre E-Mail-Adresse an, unter der Sie den Code zum Aufladen Ihres Guthabens erhalten werden<\/li>\n<li>W\u00e4hlen Sie die Zahlungsmethode und schlie\u00dfen Sie den Zahlungsvorgang ab<\/li>\n<li>Sobald die Zahlung best\u00e4tigt ist, erhalten Sie eine E-Mail mit dem Code, den Sie zum Aufladen Ihres NettoKOM-Guthabens verwenden k\u00f6nnen, und Sie k\u00f6nnen w\u00e4hlen, ob Sie den Code als SMS erhalten m\u00f6chten<\/li>\n<\/ol>\n[\/vc_column_text][\/vc_column_inner][vc_column_inner width=&#8221;1\/2&#8243;][vc_column_text]\n<h3>Kann ich die NettoKOM Smart-Optionen mit meinem NettoKOM-Guthaben aufladen?<\/h3>\n<p>Ja, Sie k\u00f6nnen Ihr NettoKOM-Guthaben, das Sie bei ReloadBase aufgeladen haben, f\u00fcr die Aufladung aller Smart-Optionen verwenden.<\/p>\n<p>Derzeit sind alle Tarife, die von NettoKOM angeboten werden, Prepaid-Tarife, so dass Sie das erworbene Guthaben problemlos f\u00fcr jedes Paket verwenden k\u00f6nnen.[\/vc_column_text][\/vc_column_inner][\/vc_row_inner][vc_row_inner css=&#8221;.vc_custom_1605703539302{padding-bottom: 20px !important;}&#8221;][vc_column_inner width=&#8221;1\/2&#8243;][vc_column_text]\n<h3>Wie kann ich den Code verwenden, um mein NettoKOM-Guthaben aufzuladen?<\/h3>\n<p>Es gibt mehrere M\u00f6glichkeiten, den Code zu verwenden und Ihr Guthaben aufzuladen, pr\u00fcfen Sie die folgenden Schritte:<\/p>\n<p>&nbsp;<\/p>\n<p>Per Tastenkombination:<\/p>\n<ol>\n<li>Schreiben Sie diese Tastenkombination auf Ihr Mobiltelefon: *104*Aufladecode#<\/li>\n<li>Klicken Sie auf die Anruftaste, um die Eingabe zu best\u00e4tigen<\/li>\n<\/ol>\n<p>&nbsp;<\/p>\n<p>Per Sprachanruf:<\/p>\n<ol>\n<li>Rufen Sie 1155 von Ihrem NettoKOM-Mobiltelefon aus an<\/li>\n<li>Folgen Sie den Sprachanweisungen<\/li>\n<\/ol>\n<p>&nbsp;<\/p>\n<p>Auf der NettoKOM-Website:<\/p>\n<ol>\n<li>Melden Sie sich mit Ihren pers\u00f6nlichen Anmeldedaten auf der NettoKOM-Website an.<\/li>\n<li>Navigieren Sie zu &#8220;Aufladen mit Aufladekarte&#8221; und geben Sie den Code ein, den Sie von ReloadBase erhalten haben<\/li>\n<\/ol>\n<p>Kann ich NettoKOM mit Blau.de aufladen?<\/p>\n<p>Ja, da die beiden Anbieter zum selben Konzern (Telef\u00f3nica Group) geh\u00f6ren und die gleichen Prepaid-Angebote haben.<\/p>\n<p>Sie k\u00f6nnen Ihr NettoKOM-Guthaben mit Blau.de aufladen, indem Sie die folgenden Schritte befolgen:<\/p>\n<p>&nbsp;<\/p>\n<p>Per Tastenkombination:<\/p>\n<ol>\n<li>Schreiben Sie diese Tastenkombination auf Ihr Handy: *104*Aufladecode#<\/li>\n<li>Klicken Sie auf die Anruftaste, um die Eingabe zu best\u00e4tigen<\/li>\n<\/ol>\n<p>&nbsp;<\/p>\n<p>Per Sprachanruf:<\/p>\n<ol>\n<li>Rufen Sie diese Nummer von Ihrem NettoKOM-Mobiltelefon aus an: 1155<\/li>\n<li>Bereiten Sie Ihren Aufladecode vor und folgen Sie den Sprachanweisungen<\/li>\n<\/ol>\n[\/vc_column_text][\/vc_column_inner][vc_column_inner width=&#8221;1\/2&#8243;][vc_column_text]\n<h3>Wie kann ich den NettoKOM-Kundenservice kontaktieren?<\/h3>\n<p>Sie k\u00f6nnen den NettoKOM-Kundenservice \u00fcber diese Nummer erreichen: +49 177 17 11415 (Kosten sind abh\u00e4ngig vom Anbieter). Sie sind zu diesen Zeiten erreichbar:<\/p>\n<p>Montag bis Freitag: 07:00 bis 22:00 Uhr<\/p>\n<p>Samstag: 08:00 Uhr bis 20:00 Uhr[\/vc_column_text][\/vc_column_inner][\/vc_row_inner][\/vc_column][\/vc_row][vc_row][vc_column][vc_column_text]\n<h3>Wie kann ich mein aktuelles NettoKOM-Guthaben abfragen?<\/h3>\n<p>Sie k\u00f6nnen Ihr aktuelles NettoKOM-Guthaben abfragen, indem Sie die folgenden Schritte ausf\u00fchren:<\/p>\n<ol>\n<li>Schreiben Sie *100# auf Ihr NettoKOM-Mobiltelefon<\/li>\n<li>Klicken Sie auf die Anruftaste, um die Eingabe zu best\u00e4tigen<\/li>\n<\/ol>\n<p>3. Sie werden mit Ihrem aktuellen Guthaben kostenlos informiert[\/vc_column_text][vc_column_text]\n<h3>Kann ich NettoKOM mit Guthabenkarten von E-Plus aufladen?<\/h3>\n<p>Nein, es ist nicht m\u00f6glich, Ihr NettoKOM-Guthaben mit Kreditkarten von E-Plus aufzuladen.<\/p>\n<p>Sie k\u00f6nnen Ihr NettoKOM-Guthaben mit Blau.de-Aufladecodes aufladen, beachten Sie jedoch, dass Sie die Anweisungen zum Aufladen von NettoKOM und nicht von Blau.de befolgen.[\/vc_column_text][vc_column_text]\n<h3>Wie lange ist mein NettoKOM-Guthaben g\u00fcltig?<\/h3>\n<p>Ihr Guthaben ist 12 Monate lang g\u00fcltig, beginnend mit dem Tag, an dem Sie Ihr Guthaben aufgeladen haben. Wenn Sie innerhalb dieser 12 Monate erneut mindestens 4,00 \u20ac aufladen, verl\u00e4ngert sich das G\u00fcltigkeitsdatum um weitere 12 Monate.<\/p>\n<p>Sie k\u00f6nnen die G\u00fcltigkeit Ihres Guthabens auf mehrere Arten \u00fcberpr\u00fcfen, wie folgt:<\/p>\n<p>&#8211; Melden Sie sich mit Ihren pers\u00f6nlichen Zugangsdaten auf der NettoKOM-Website an und gehen Sie dann auf &#8220;SIM-Kartendaten&#8221;.<\/p>\n<p>&#8211; Schreiben Sie diese Tastenkombination auf Ihr Handy *102# und klicken Sie auf den Anruf-Button<\/p>\n<p>&#8211; Rufen Sie das NettoKOM-Kundenservice-Team \u00fcber diese Nummer an: + 49 177-17-11415 (Kosten sind abh\u00e4ngig vom Anbieter)[\/vc_column_text][vc_column_text]\n<h3>Kann ich NettoKOM mit Blau.de aufladen?<\/h3>\n<p>Ja, es ist m\u00f6glich, Ihr NettoKOM-Guthaben mit Blau.de aufzuladen, aber beachten Sie bitte die Hinweise zum Aufladen bei NettoKOM und nicht bei Blau.de.[\/vc_column_text][\/vc_column][\/vc_row]\n<\/div>","protected":false},"excerpt":{"rendered":"<p>[vc_row css=&#8221;.vc_custom_1605881895487{padding-top: 30px !important;padding-bottom: 60px !important;}&#8221;][vc_column][vc_column_text] NettoKOM online aufladen Sie m\u00fcssen Ihr NettoKOM-Guthaben aufladen, aber es gibt keine Filiale in Ihrer N\u00e4he? Mit ReloadBase k\u00f6nnen&hellip;<\/p>\n","protected":false},"author":3,"featured_media":0,"parent":0,"menu_order":0,"comment_status":"closed","ping_status":"closed","template":"","meta":{"_acf_changed":false,"footnotes":""},"class_list":["post-24530","page","type-page","status-publish","hentry"],"acf":[],"yoast_head":"<!-- This site is optimized with the Yoast SEO plugin v24.4 - https:\/\/yoast.com\/wordpress\/plugins\/seo\/ -->\n<title>Laden Sie Ihr NettoKOM-Guthaben auf \u2713 Sicher und online<\/title>\n<meta name=\"description\" content=\"Laden Sie Ihr NettoKOM-Guthaben online bei ReloadBase auf \u2713 Sichere Zahlung \u2713 Sofortiger Erhalt Ihres Codes\" \/>\n<meta name=\"robots\" content=\"index, follow, max-snippet:-1, max-image-preview:large, max-video-preview:-1\" \/>\n<link rel=\"canonical\" href=\"https:\/\/reloadbase.com\/de-ch\/nettokom-online-aufladen\/\" \/>\n<meta property=\"og:locale\" content=\"de_DE\" \/>\n<meta property=\"og:type\" content=\"article\" \/>\n<meta property=\"og:title\" content=\"Laden Sie Ihr NettoKOM-Guthaben auf \u2713 Sicher und online\" \/>\n<meta property=\"og:description\" content=\"Laden Sie Ihr NettoKOM-Guthaben online bei ReloadBase auf \u2713 Sichere Zahlung \u2713 Sofortiger Erhalt Ihres Codes\" \/>\n<meta property=\"og:url\" content=\"https:\/\/reloadbase.com\/de-ch\/nettokom-online-aufladen\/\" \/>\n<meta property=\"og:site_name\" content=\"ReloadBase\" \/>\n<meta property=\"article:publisher\" content=\"https:\/\/www.facebook.com\/ReloadBase\/\" \/>\n<meta property=\"article:modified_time\" content=\"2021-08-18T09:20:13+00:00\" \/>\n<meta name=\"twitter:card\" content=\"summary_large_image\" \/>\n<meta name=\"twitter:label1\" content=\"Gesch\u00e4tzte Lesezeit\" \/>\n\t<meta name=\"twitter:data1\" content=\"4\u00a0Minuten\" \/>\n<script type=\"application\/ld+json\" class=\"yoast-schema-graph\">{\"@context\":\"https:\/\/schema.org\",\"@graph\":[{\"@type\":\"WebPage\",\"@id\":\"https:\/\/reloadbase.com\/de-ch\/nettokom-online-aufladen\/\",\"url\":\"https:\/\/reloadbase.com\/de-ch\/nettokom-online-aufladen\/\",\"name\":\"Laden Sie Ihr NettoKOM-Guthaben auf \u2713 Sicher und online\",\"isPartOf\":{\"@id\":\"https:\/\/reloadbase.com\/nl-nl\/#website\"},\"datePublished\":\"2021-02-26T15:45:40+00:00\",\"dateModified\":\"2021-08-18T09:20:13+00:00\",\"description\":\"Laden Sie Ihr NettoKOM-Guthaben online bei ReloadBase auf \u2713 Sichere Zahlung \u2713 Sofortiger Erhalt Ihres Codes\",\"breadcrumb\":{\"@id\":\"https:\/\/reloadbase.com\/de-ch\/nettokom-online-aufladen\/#breadcrumb\"},\"inLanguage\":\"de-CH\",\"potentialAction\":[{\"@type\":\"ReadAction\",\"target\":[\"https:\/\/reloadbase.com\/de-ch\/nettokom-online-aufladen\/\"]}]},{\"@type\":\"BreadcrumbList\",\"@id\":\"https:\/\/reloadbase.com\/de-ch\/nettokom-online-aufladen\/#breadcrumb\",\"itemListElement\":[{\"@type\":\"ListItem\",\"position\":1,\"name\":\"Home\",\"item\":\"https:\/\/reloadbase.com\/nl-nl\/\"},{\"@type\":\"ListItem\",\"position\":2,\"name\":\"NettoKOM online aufladen\"}]},{\"@type\":\"WebSite\",\"@id\":\"https:\/\/reloadbase.com\/nl-nl\/#website\",\"url\":\"https:\/\/reloadbase.com\/nl-nl\/\",\"name\":\"ReloadBase\",\"description\":\"\",\"publisher\":{\"@id\":\"https:\/\/reloadbase.com\/nl-nl\/#organization\"},\"potentialAction\":[{\"@type\":\"SearchAction\",\"target\":{\"@type\":\"EntryPoint\",\"urlTemplate\":\"https:\/\/reloadbase.com\/nl-nl\/?s={search_term_string}\"},\"query-input\":{\"@type\":\"PropertyValueSpecification\",\"valueRequired\":true,\"valueName\":\"search_term_string\"}}],\"inLanguage\":\"de-CH\"},{\"@type\":\"Organization\",\"@id\":\"https:\/\/reloadbase.com\/nl-nl\/#organization\",\"name\":\"ReloadBase\",\"url\":\"https:\/\/reloadbase.com\/nl-nl\/\",\"logo\":{\"@type\":\"ImageObject\",\"inLanguage\":\"de-CH\",\"@id\":\"https:\/\/reloadbase.com\/nl-nl\/#\/schema\/logo\/image\/\",\"url\":\"https:\/\/reloadbase.com\/wp-content\/uploads\/2020\/05\/RELOADBASE01_Horizontal_Transparant.png\",\"contentUrl\":\"https:\/\/reloadbase.com\/wp-content\/uploads\/2020\/05\/RELOADBASE01_Horizontal_Transparant.png\",\"width\":17627,\"height\":2130,\"caption\":\"ReloadBase\"},\"image\":{\"@id\":\"https:\/\/reloadbase.com\/nl-nl\/#\/schema\/logo\/image\/\"},\"sameAs\":[\"https:\/\/www.facebook.com\/ReloadBase\/\",\"https:\/\/www.instagram.com\/reloadbase\/\"]}]}<\/script>\n<!-- \/ Yoast SEO plugin. -->","yoast_head_json":{"title":"Laden Sie Ihr NettoKOM-Guthaben auf \u2713 Sicher und online","description":"Laden Sie Ihr NettoKOM-Guthaben online bei ReloadBase auf \u2713 Sichere Zahlung \u2713 Sofortiger Erhalt Ihres Codes","robots":{"index":"index","follow":"follow","max-snippet":"max-snippet:-1","max-image-preview":"max-image-preview:large","max-video-preview":"max-video-preview:-1"},"canonical":"https:\/\/reloadbase.com\/de-ch\/nettokom-online-aufladen\/","og_locale":"de_DE","og_type":"article","og_title":"Laden Sie Ihr NettoKOM-Guthaben auf \u2713 Sicher und online","og_description":"Laden Sie Ihr NettoKOM-Guthaben online bei ReloadBase auf \u2713 Sichere Zahlung \u2713 Sofortiger Erhalt Ihres Codes","og_url":"https:\/\/reloadbase.com\/de-ch\/nettokom-online-aufladen\/","og_site_name":"ReloadBase","article_publisher":"https:\/\/www.facebook.com\/ReloadBase\/","article_modified_time":"2021-08-18T09:20:13+00:00","twitter_card":"summary_large_image","twitter_misc":{"Gesch\u00e4tzte Lesezeit":"4\u00a0Minuten"},"schema":{"@context":"https:\/\/schema.org","@graph":[{"@type":"WebPage","@id":"https:\/\/reloadbase.com\/de-ch\/nettokom-online-aufladen\/","url":"https:\/\/reloadbase.com\/de-ch\/nettokom-online-aufladen\/","name":"Laden Sie Ihr NettoKOM-Guthaben auf \u2713 Sicher und online","isPartOf":{"@id":"https:\/\/reloadbase.com\/nl-nl\/#website"},"datePublished":"2021-02-26T15:45:40+00:00","dateModified":"2021-08-18T09:20:13+00:00","description":"Laden Sie Ihr NettoKOM-Guthaben online bei ReloadBase auf \u2713 Sichere Zahlung \u2713 Sofortiger Erhalt Ihres Codes","breadcrumb":{"@id":"https:\/\/reloadbase.com\/de-ch\/nettokom-online-aufladen\/#breadcrumb"},"inLanguage":"de-CH","potentialAction":[{"@type":"ReadAction","target":["https:\/\/reloadbase.com\/de-ch\/nettokom-online-aufladen\/"]}]},{"@type":"BreadcrumbList","@id":"https:\/\/reloadbase.com\/de-ch\/nettokom-online-aufladen\/#breadcrumb","itemListElement":[{"@type":"ListItem","position":1,"name":"Home","item":"https:\/\/reloadbase.com\/nl-nl\/"},{"@type":"ListItem","position":2,"name":"NettoKOM online aufladen"}]},{"@type":"WebSite","@id":"https:\/\/reloadbase.com\/nl-nl\/#website","url":"https:\/\/reloadbase.com\/nl-nl\/","name":"ReloadBase","description":"","publisher":{"@id":"https:\/\/reloadbase.com\/nl-nl\/#organization"},"potentialAction":[{"@type":"SearchAction","target":{"@type":"EntryPoint","urlTemplate":"https:\/\/reloadbase.com\/nl-nl\/?s={search_term_string}"},"query-input":{"@type":"PropertyValueSpecification","valueRequired":true,"valueName":"search_term_string"}}],"inLanguage":"de-CH"},{"@type":"Organization","@id":"https:\/\/reloadbase.com\/nl-nl\/#organization","name":"ReloadBase","url":"https:\/\/reloadbase.com\/nl-nl\/","logo":{"@type":"ImageObject","inLanguage":"de-CH","@id":"https:\/\/reloadbase.com\/nl-nl\/#\/schema\/logo\/image\/","url":"https:\/\/reloadbase.com\/wp-content\/uploads\/2020\/05\/RELOADBASE01_Horizontal_Transparant.png","contentUrl":"https:\/\/reloadbase.com\/wp-content\/uploads\/2020\/05\/RELOADBASE01_Horizontal_Transparant.png","width":17627,"height":2130,"caption":"ReloadBase"},"image":{"@id":"https:\/\/reloadbase.com\/nl-nl\/#\/schema\/logo\/image\/"},"sameAs":["https:\/\/www.facebook.com\/ReloadBase\/","https:\/\/www.instagram.com\/reloadbase\/"]}]}},"_links":{"self":[{"href":"https:\/\/reloadbase.com\/de-ch\/wp-json\/wp\/v2\/pages\/24530","targetHints":{"allow":["GET"]}}],"collection":[{"href":"https:\/\/reloadbase.com\/de-ch\/wp-json\/wp\/v2\/pages"}],"about":[{"href":"https:\/\/reloadbase.com\/de-ch\/wp-json\/wp\/v2\/types\/page"}],"author":[{"embeddable":true,"href":"https:\/\/reloadbase.com\/de-ch\/wp-json\/wp\/v2\/users\/3"}],"replies":[{"embeddable":true,"href":"https:\/\/reloadbase.com\/de-ch\/wp-json\/wp\/v2\/comments?post=24530"}],"version-history":[{"count":2,"href":"https:\/\/reloadbase.com\/de-ch\/wp-json\/wp\/v2\/pages\/24530\/revisions"}],"predecessor-version":[{"id":24580,"href":"https:\/\/reloadbase.com\/de-ch\/wp-json\/wp\/v2\/pages\/24530\/revisions\/24580"}],"wp:attachment":[{"href":"https:\/\/reloadbase.com\/de-ch\/wp-json\/wp\/v2\/media?parent=24530"}],"curies":[{"name":"wp","href":"https:\/\/api.w.org\/{rel}","templated":true}]}}