{"id":24688,"date":"2020-11-26T10:54:21","date_gmt":"2020-11-26T10:54:21","guid":{"rendered":"https:\/\/reloadbase.com\/amazon-gutschein\/"},"modified":"2021-12-10T08:07:36","modified_gmt":"2021-12-10T08:07:36","slug":"amazon-gutschein","status":"publish","type":"page","link":"https:\/\/reloadbase.com\/de-at\/amazon-gutschein\/","title":{"rendered":"Amazon Gutschein"},"content":{"rendered":"<div class=\"wpb-content-wrapper\">[vc_section el_class=&#8221;rb-stage&#8221;][vc_row thb_full_width=&#8221;true&#8221; thb_row_padding=&#8221;true&#8221; el_class=&#8221;rb-stage__image&#8221;][vc_column][thb_image full_width=&#8221;true&#8221; image=&#8221;27589&#8243;][\/thb_image][\/vc_column][\/vc_row][vc_row el_class=&#8221;rb-stage-container&#8221;][vc_column el_class=&#8221;rb-stage__content&#8221;][vc_column_text css=&#8221;.vc_custom_1632749060174{padding-bottom: 5px !important;}&#8221; el_class=&#8221;rb-podium__text&#8221;]\n<h1>Amazon Geschenkkarten online kaufen<\/h1>\n<p><a href=\"https:\/\/reloadbase.com\/de-at\/paysafecard-kaufen\/\">Amazon<\/a>, urspr\u00fcnglich ein amerikanisches Unternehmen, ist der gr\u00f6\u00dfte Online-Einzelh\u00e4ndler der Welt. Der Shop erm\u00f6glicht es sowohl Unternehmen als auch Einzelpersonen, Produkte online zu kaufen und zu verkaufen. Bis vor kurzem, bis 2019, konnte man in Deutschland nur B\u00fccher f\u00fcr Amazon bestellen. Im Jahr 2019 ging Amazon mit ihrem bekannt umfangreichen Sortiment in Deutschland live. Sie k\u00f6nnen Tausende von Produkten bei Amazon finden. Dar\u00fcber hinaus hat Amazon auch einen Video-Streaming-Dienst (Prime), der mit Netflix konkurriert. Schenken Sie jemandem eine Amazon-Geschenkkarte, lesen Sie weiter.[\/vc_column_text][\/vc_column][\/vc_row][\/vc_section][vc_row thb_full_width=&#8221;true&#8221; thb_row_padding=&#8221;true&#8221; css=&#8221;.vc_custom_1632749089333{padding-top: 20px !important;}&#8221;][vc_column offset=&#8221;vc_hidden-lg&#8221;][thb_image full_width=&#8221;true&#8221; image=&#8221;27602&#8243;][\/thb_image][vc_column_text el_class=&#8221;rb-podium__text&#8221;]\n<h1>Amazon Geschenkkarten online kaufen<\/h1>\n[\/vc_column_text][vc_column_text el_class=&#8221;rb-podium__text&#8221;]<a href=\"https:\/\/www.google.com\/search?q=reloadbase&amp;oq=reloadbase&amp;aqs=chrome..69i57j46i10i175i199j0i5i30j69i60l5.4004j0j7&amp;sourceid=chrome&amp;ie=UTF-8#lrd=0x47c60941f0a9e527:0xd2fa1ceff82f3fb0,1,,,\" target=\"_blank\" rel=\"noopener\"><i class=\"fas fa-star\"><\/i><i class=\"fas fa-star\"><\/i><i class=\"fas fa-star\"><\/i><i class=\"fas fa-star\"><\/i><i class=\"fas fa-star\"><\/i> \u2022 5\/5<\/a>[\/vc_column_text][vc_tta_accordion style=&#8221;flat&#8221; shape=&#8221;square&#8221; color=&#8221;white&#8221; c_icon=&#8221;chevron&#8221; c_position=&#8221;right&#8221; active_section=&#8221;99&#8243; no_fill=&#8221;true&#8221; collapsible_all=&#8221;true&#8221;][vc_tta_section title=&#8221;Mehr Infos&#8221; tab_id=&#8221;amazon-gutschein&#8221;][vc_column_text]<a href=\"https:\/\/reloadbase.com\/de-at\/paysafecard-kaufen\/\">Amazon<\/a>, urspr\u00fcnglich ein amerikanisches Unternehmen, ist der gr\u00f6\u00dfte Online-Einzelh\u00e4ndler der Welt. Der Shop erm\u00f6glicht es sowohl Unternehmen als auch Einzelpersonen, Produkte online zu kaufen und zu verkaufen. Bis vor kurzem, bis 2019, konnte man in Deutschland nur B\u00fccher f\u00fcr Amazon bestellen. Im Jahr 2019 ging Amazon mit ihrem bekannt umfangreichen Sortiment in Deutschland live. Sie k\u00f6nnen Tausende von Produkten bei Amazon finden. Dar\u00fcber hinaus hat Amazon auch einen Video-Streaming-Dienst (Prime), der mit Netflix konkurriert. Schenken Sie jemandem eine Amazon-Geschenkkarte, lesen Sie weiter.[\/vc_column_text][\/vc_tta_section][\/vc_tta_accordion][\/vc_column][\/vc_row][vc_row][vc_column][vc_column_text]<span><span><a href=\"https:\/\/reloadbase.com\/nl-nl\/\">Home<\/a><\/span><\/span>[\/vc_column_text]<div class=\"woocommerce columns-4 \"><\/div>[\/vc_column][\/vc_row][vc_row css=&#8221;.vc_custom_1596797300746{padding-bottom: 60px !important;}&#8221;][vc_column][vc_column_text css=&#8221;.vc_custom_1599995215145{padding-bottom: 20px !important;}&#8221;]\n<h2>H\u00e4ufig gestellte Fragen \u00fcber die Amazon-Geschenkkarte<\/h2>\n[\/vc_column_text][vc_row_inner css=&#8221;.vc_custom_1596808708853{padding-bottom: 20px !important;}&#8221;][vc_column_inner][vc_column_text]\n<h3>Was ist eine Amazon-Geschenkkarte?<\/h3>\n<p>Ihr Amazon-Geschenkgutschein erm\u00f6glicht es Ihnen, Ihr Amazon-Konto mit dem zuvor ausgew\u00e4hlten Betrag hochzuladen. Dann verwenden Sie Ihr Amazon-Guthaben, um zu kaufen, was immer Sie wollen. Wenn Sie eine Amazon-Karte kaufen, brauchen Sie Ihre Bankverbindung nicht anzugeben.<\/p>\n<p>Wie bereits erw\u00e4hnt, k\u00f6nnen Sie bei Amazon Tausende verschiedener Produkte finden, die in Kategorien wie (unter anderem) B\u00fccher, Elektronik und Computer, Essen und Trinken, Sport und Outdoor geordnet sind. Darunter finden Sie auch Produkte, die von Einzelpersonen angeboten werden.<\/p>\n<p>F\u00fcr Deutschland ben\u00f6tigen Sie eine Amazon.de-Geschenkkarte, die Sie in Deutschland ausgeben k\u00f6nnen. In Deutschland k\u00f6nnen Sie keine spezielle Amazon Prime Geschenkkarte erhalten. Sie k\u00f6nnen auch keine Geschenkkarte verwenden, um eine Amazon Prime Mitgliedschaft zu erwerben. Deutsche Geschenkkarten k\u00f6nnen auch nicht in den ausl\u00e4ndischen Amazonas-Gesch\u00e4ften (Sites) verwendet werden.[\/vc_column_text][vc_column_text]\n<h2>Wie \u00fcberpr\u00fcfen Sie Ihr Guthaben auf der Karte?<\/h2>\n<ol>\n<li>Weiter zu amazon.de<\/li>\n<li>Klicken Sie auf \u201cKonto und Listen\u201d.<\/li>\n<li>Klicken Sie auf \u201cGeschenkgutscheine\u201d.<\/li>\n<li>Dann ist das Gleichgewicht sichtbar.<\/li>\n<li>Sie k\u00f6nnen auch unter https:\/\/www.amazon.de\/gc\/balance Ihr Guthaben anfordern.<\/li>\n<\/ol>\n[\/vc_column_text][vc_column_text]\n<h3>Wie lange ist meine Amazon Geschenkkarte g\u00fcltig?<\/h3>\n<p>Die Amazon-Geschenkkarte ist 10 Jahre g\u00fcltig, wenn Sie sie auf ReloadBase kaufen. Sie m\u00fcssen sich also keine Sorgen machen, wann Sie Ihr Guthaben ausgeben.<\/p>\n[\/vc_column_text][\/vc_column_inner][\/vc_row_inner][vc_row_inner css=&#8221;.vc_custom_1596808716232{padding-bottom: 20px !important;}&#8221;][vc_column_inner][vc_column_text]\n<h3>Wie \u00fcberpr\u00fcfe ich den Saldo meiner Amazon Geschenkkarte?<\/h3>\n<p>Klicken Sie auf &#8220;Mein Konto&#8221;, um Ihr aktuelles Amazon-Guthaben einzusehen. So einfach ist das!<\/p>\n[\/vc_column_text][vc_column_text]\n<h3>Wie l\u00f6se ich mein Amazon Guthaben ein?<\/h3>\n<ol>\n<li>Melden Sie sich bei Ihrem Amazon.com-Konto an<\/li>\n<li>Klicken Sie unter Ihrem Konto auf &#8216;Ihr Guthaben \u00fcberpr\u00fcfen und Geschenkgutscheine einl\u00f6sen&#8217;.<\/li>\n<li>Geben Sie Ihren Geschenkgutschein-Code ein und klicken Sie auf &#8216;Auf Ihr Guthaben anwenden&#8217;.<\/li>\n<li>Beendet! Sie k\u00f6nnen jetzt anfangen!<\/li>\n<\/ol>\n[\/vc_column_text][\/vc_column_inner][\/vc_row_inner][vc_row_inner css=&#8221;.vc_custom_1605096917345{padding-bottom: 20px !important;}&#8221;][vc_column_inner][vc_column_text]\n<h3>Wie kann ich mit meiner Amazon-Geschenkkarte bezahlen?<\/h3>\n<p>Wenn Sie einen Artikel bei Amazon kaufen m\u00f6chten, wird die Amazon-Geschenkkarte als Zahlungsoption angezeigt. Wenn Sie die Zahlung f\u00fcr Ihren Artikel abgeschlossen haben, sehen Sie das verbleibende Guthaben oder dass Sie alles verbraucht haben. Bezahlen Sie mit Ihrer Amazon-Geschenkkarte, sicher und schnell online.[\/vc_column_text][\/vc_column_inner][\/vc_row_inner][\/vc_column][\/vc_row]\n<\/div>","protected":false},"excerpt":{"rendered":"<p>[vc_section el_class=&#8221;rb-stage&#8221;][vc_row thb_full_width=&#8221;true&#8221; thb_row_padding=&#8221;true&#8221; el_class=&#8221;rb-stage__image&#8221;][vc_column][thb_image full_width=&#8221;true&#8221; image=&#8221;27589&#8243;][\/thb_image][\/vc_column][\/vc_row][vc_row el_class=&#8221;rb-stage-container&#8221;][vc_column el_class=&#8221;rb-stage__content&#8221;][vc_column_text css=&#8221;.vc_custom_1632749060174{padding-bottom: 5px !important;}&#8221; el_class=&#8221;rb-podium__text&#8221;] Amazon Geschenkkarten online kaufen Amazon, urspr\u00fcnglich ein amerikanisches Unternehmen, ist der gr\u00f6\u00dfte&hellip;<\/p>\n","protected":false},"author":1608,"featured_media":0,"parent":0,"menu_order":0,"comment_status":"closed","ping_status":"closed","template":"","meta":{"_acf_changed":false,"footnotes":""},"class_list":["post-24688","page","type-page","status-publish","hentry"],"acf":[],"yoast_head":"<!-- This site is optimized with the Yoast SEO plugin v24.4 - https:\/\/yoast.com\/wordpress\/plugins\/seo\/ -->\n<title>Amazon Gutschein online kaufen | Prepaid-Code ab 10 \u20ac<\/title>\n<meta name=\"description\" content=\"Kaufen Sie Ihre Amazon-Geschenkkarte online bei ReloadBase \u2713 Sichere Bezahlung \u2713 Erhalten Sie Ihren Code direkt\" \/>\n<meta name=\"robots\" content=\"index, follow, max-snippet:-1, max-image-preview:large, max-video-preview:-1\" \/>\n<link rel=\"canonical\" href=\"https:\/\/reloadbase.com\/de-at\/amazon-gutschein\/\" \/>\n<meta property=\"og:locale\" content=\"de_DE\" \/>\n<meta property=\"og:type\" content=\"article\" \/>\n<meta property=\"og:title\" content=\"Amazon Gutschein online kaufen | Prepaid-Code ab 10 \u20ac\" \/>\n<meta property=\"og:description\" content=\"Kaufen Sie Ihre Amazon-Geschenkkarte online bei ReloadBase \u2713 Sichere Bezahlung \u2713 Erhalten Sie Ihren Code direkt\" \/>\n<meta property=\"og:url\" content=\"https:\/\/reloadbase.com\/de-at\/amazon-gutschein\/\" \/>\n<meta property=\"og:site_name\" content=\"ReloadBase\" \/>\n<meta property=\"article:publisher\" content=\"https:\/\/www.facebook.com\/ReloadBase\/\" \/>\n<meta property=\"article:modified_time\" content=\"2021-12-10T08:07:36+00:00\" \/>\n<meta name=\"twitter:card\" content=\"summary_large_image\" \/>\n<meta name=\"twitter:label1\" content=\"Gesch\u00e4tzte Lesezeit\" \/>\n\t<meta name=\"twitter:data1\" content=\"4 Minuten\" \/>\n<script type=\"application\/ld+json\" class=\"yoast-schema-graph\">{\"@context\":\"https:\/\/schema.org\",\"@graph\":[{\"@type\":\"WebPage\",\"@id\":\"https:\/\/reloadbase.com\/de-at\/amazon-gutschein\/\",\"url\":\"https:\/\/reloadbase.com\/de-at\/amazon-gutschein\/\",\"name\":\"Amazon Gutschein online kaufen | Prepaid-Code ab 10 \u20ac\",\"isPartOf\":{\"@id\":\"https:\/\/reloadbase.com\/nl-nl\/#website\"},\"datePublished\":\"2020-11-26T10:54:21+00:00\",\"dateModified\":\"2021-12-10T08:07:36+00:00\",\"description\":\"Kaufen Sie Ihre Amazon-Geschenkkarte online bei ReloadBase \u2713 Sichere Bezahlung \u2713 Erhalten Sie Ihren Code direkt\",\"breadcrumb\":{\"@id\":\"https:\/\/reloadbase.com\/de-at\/amazon-gutschein\/#breadcrumb\"},\"inLanguage\":\"de-AT\",\"potentialAction\":[{\"@type\":\"ReadAction\",\"target\":[\"https:\/\/reloadbase.com\/de-at\/amazon-gutschein\/\"]}]},{\"@type\":\"BreadcrumbList\",\"@id\":\"https:\/\/reloadbase.com\/de-at\/amazon-gutschein\/#breadcrumb\",\"itemListElement\":[{\"@type\":\"ListItem\",\"position\":1,\"name\":\"Home\",\"item\":\"https:\/\/reloadbase.com\/nl-nl\/\"},{\"@type\":\"ListItem\",\"position\":2,\"name\":\"Amazon Gutschein\"}]},{\"@type\":\"WebSite\",\"@id\":\"https:\/\/reloadbase.com\/nl-nl\/#website\",\"url\":\"https:\/\/reloadbase.com\/nl-nl\/\",\"name\":\"ReloadBase\",\"description\":\"\",\"publisher\":{\"@id\":\"https:\/\/reloadbase.com\/nl-nl\/#organization\"},\"potentialAction\":[{\"@type\":\"SearchAction\",\"target\":{\"@type\":\"EntryPoint\",\"urlTemplate\":\"https:\/\/reloadbase.com\/nl-nl\/?s={search_term_string}\"},\"query-input\":{\"@type\":\"PropertyValueSpecification\",\"valueRequired\":true,\"valueName\":\"search_term_string\"}}],\"inLanguage\":\"de-AT\"},{\"@type\":\"Organization\",\"@id\":\"https:\/\/reloadbase.com\/nl-nl\/#organization\",\"name\":\"ReloadBase\",\"url\":\"https:\/\/reloadbase.com\/nl-nl\/\",\"logo\":{\"@type\":\"ImageObject\",\"inLanguage\":\"de-AT\",\"@id\":\"https:\/\/reloadbase.com\/nl-nl\/#\/schema\/logo\/image\/\",\"url\":\"https:\/\/reloadbase.com\/wp-content\/uploads\/2020\/05\/RELOADBASE01_Horizontal_Transparant.png\",\"contentUrl\":\"https:\/\/reloadbase.com\/wp-content\/uploads\/2020\/05\/RELOADBASE01_Horizontal_Transparant.png\",\"width\":17627,\"height\":2130,\"caption\":\"ReloadBase\"},\"image\":{\"@id\":\"https:\/\/reloadbase.com\/nl-nl\/#\/schema\/logo\/image\/\"},\"sameAs\":[\"https:\/\/www.facebook.com\/ReloadBase\/\",\"https:\/\/www.instagram.com\/reloadbase\/\"]}]}<\/script>\n<!-- \/ Yoast SEO plugin. -->","yoast_head_json":{"title":"Amazon Gutschein online kaufen | Prepaid-Code ab 10 \u20ac","description":"Kaufen Sie Ihre Amazon-Geschenkkarte online bei ReloadBase \u2713 Sichere Bezahlung \u2713 Erhalten Sie Ihren Code direkt","robots":{"index":"index","follow":"follow","max-snippet":"max-snippet:-1","max-image-preview":"max-image-preview:large","max-video-preview":"max-video-preview:-1"},"canonical":"https:\/\/reloadbase.com\/de-at\/amazon-gutschein\/","og_locale":"de_DE","og_type":"article","og_title":"Amazon Gutschein online kaufen | Prepaid-Code ab 10 \u20ac","og_description":"Kaufen Sie Ihre Amazon-Geschenkkarte online bei ReloadBase \u2713 Sichere Bezahlung \u2713 Erhalten Sie Ihren Code direkt","og_url":"https:\/\/reloadbase.com\/de-at\/amazon-gutschein\/","og_site_name":"ReloadBase","article_publisher":"https:\/\/www.facebook.com\/ReloadBase\/","article_modified_time":"2021-12-10T08:07:36+00:00","twitter_card":"summary_large_image","twitter_misc":{"Gesch\u00e4tzte Lesezeit":"4 Minuten"},"schema":{"@context":"https:\/\/schema.org","@graph":[{"@type":"WebPage","@id":"https:\/\/reloadbase.com\/de-at\/amazon-gutschein\/","url":"https:\/\/reloadbase.com\/de-at\/amazon-gutschein\/","name":"Amazon Gutschein online kaufen | Prepaid-Code ab 10 \u20ac","isPartOf":{"@id":"https:\/\/reloadbase.com\/nl-nl\/#website"},"datePublished":"2020-11-26T10:54:21+00:00","dateModified":"2021-12-10T08:07:36+00:00","description":"Kaufen Sie Ihre Amazon-Geschenkkarte online bei ReloadBase \u2713 Sichere Bezahlung \u2713 Erhalten Sie Ihren Code direkt","breadcrumb":{"@id":"https:\/\/reloadbase.com\/de-at\/amazon-gutschein\/#breadcrumb"},"inLanguage":"de-AT","potentialAction":[{"@type":"ReadAction","target":["https:\/\/reloadbase.com\/de-at\/amazon-gutschein\/"]}]},{"@type":"BreadcrumbList","@id":"https:\/\/reloadbase.com\/de-at\/amazon-gutschein\/#breadcrumb","itemListElement":[{"@type":"ListItem","position":1,"name":"Home","item":"https:\/\/reloadbase.com\/nl-nl\/"},{"@type":"ListItem","position":2,"name":"Amazon Gutschein"}]},{"@type":"WebSite","@id":"https:\/\/reloadbase.com\/nl-nl\/#website","url":"https:\/\/reloadbase.com\/nl-nl\/","name":"ReloadBase","description":"","publisher":{"@id":"https:\/\/reloadbase.com\/nl-nl\/#organization"},"potentialAction":[{"@type":"SearchAction","target":{"@type":"EntryPoint","urlTemplate":"https:\/\/reloadbase.com\/nl-nl\/?s={search_term_string}"},"query-input":{"@type":"PropertyValueSpecification","valueRequired":true,"valueName":"search_term_string"}}],"inLanguage":"de-AT"},{"@type":"Organization","@id":"https:\/\/reloadbase.com\/nl-nl\/#organization","name":"ReloadBase","url":"https:\/\/reloadbase.com\/nl-nl\/","logo":{"@type":"ImageObject","inLanguage":"de-AT","@id":"https:\/\/reloadbase.com\/nl-nl\/#\/schema\/logo\/image\/","url":"https:\/\/reloadbase.com\/wp-content\/uploads\/2020\/05\/RELOADBASE01_Horizontal_Transparant.png","contentUrl":"https:\/\/reloadbase.com\/wp-content\/uploads\/2020\/05\/RELOADBASE01_Horizontal_Transparant.png","width":17627,"height":2130,"caption":"ReloadBase"},"image":{"@id":"https:\/\/reloadbase.com\/nl-nl\/#\/schema\/logo\/image\/"},"sameAs":["https:\/\/www.facebook.com\/ReloadBase\/","https:\/\/www.instagram.com\/reloadbase\/"]}]}},"_links":{"self":[{"href":"https:\/\/reloadbase.com\/de-at\/wp-json\/wp\/v2\/pages\/24688","targetHints":{"allow":["GET"]}}],"collection":[{"href":"https:\/\/reloadbase.com\/de-at\/wp-json\/wp\/v2\/pages"}],"about":[{"href":"https:\/\/reloadbase.com\/de-at\/wp-json\/wp\/v2\/types\/page"}],"author":[{"embeddable":true,"href":"https:\/\/reloadbase.com\/de-at\/wp-json\/wp\/v2\/users\/1608"}],"replies":[{"embeddable":true,"href":"https:\/\/reloadbase.com\/de-at\/wp-json\/wp\/v2\/comments?post=24688"}],"version-history":[{"count":4,"href":"https:\/\/reloadbase.com\/de-at\/wp-json\/wp\/v2\/pages\/24688\/revisions"}],"predecessor-version":[{"id":31679,"href":"https:\/\/reloadbase.com\/de-at\/wp-json\/wp\/v2\/pages\/24688\/revisions\/31679"}],"wp:attachment":[{"href":"https:\/\/reloadbase.com\/de-at\/wp-json\/wp\/v2\/media?parent=24688"}],"curies":[{"name":"wp","href":"https:\/\/api.w.org\/{rel}","templated":true}]}}