{"id":24642,"date":"2020-11-27T10:31:35","date_gmt":"2020-11-27T10:31:35","guid":{"rendered":"https:\/\/reloadbase.com\/nintendo-eshop-card-guthaben\/"},"modified":"2021-08-18T09:40:54","modified_gmt":"2021-08-18T09:40:54","slug":"nintendo-eshop-card-guthaben","status":"publish","type":"page","link":"https:\/\/reloadbase.com\/de-at\/nintendo-eshop-card-guthaben\/","title":{"rendered":"Nintendo eShop Card Guthaben"},"content":{"rendered":"<div class=\"wpb-content-wrapper\">[vc_row css=&#8221;.vc_custom_1596808763792{padding-top: 60px !important;padding-bottom: 60px !important;}&#8221;][vc_column][vc_column_text el_class=&#8221;pdp-intro-field&#8221;]\n<h1>Nintendo eShop Card Guthaben<\/h1>\n<p><a href=\"https:\/\/www.google.com\/search?q=reloadbase&amp;oq=reloadbase&amp;aqs=chrome..69i57j46i10i175i199j0i5i30j69i60l5.4004j0j7&amp;sourceid=chrome&amp;ie=UTF-8#lrd=0x47c60941f0a9e527:0xd2fa1ceff82f3fb0,1,,,\" target=\"_blank\" rel=\"noopener\"><i class=\"fas fa-star\"><\/i><i class=\"fas fa-star\"><\/i><i class=\"fas fa-star\"><\/i><i class=\"fas fa-star\"><\/i><i class=\"fas fa-star\"><\/i> \u2022 5\/5<\/a><\/p>\n<p>Kaufen Sie Ihre Nintendo eShop Card online und laden Sie Ihr Konto im Handumdrehen mit mehr Prepaid-Guthaben auf. Kaufen Sie Spiele sicher und direkt im eShop auf Ihrer Nintendo-Spielkonsole. Diese Geschenkkarte ist bequem rund um die Uhr verf\u00fcgbar und wird sofort per E-Mail zugestellt und kann eingel\u00f6st werden. Die bequemste Art, im eShop einzukaufen. Ohne Kreditkarte und stattdessen mit sicherem Prepaid-Guthaben. Worauf warten Sie noch? Tausende von gro\u00dfartigen Spielen warten auf Sie![\/vc_column_text][\/vc_column][\/vc_row][vc_row][vc_column width=&#8221;3\/4&#8243;]<div class=\"woocommerce columns-4 \"><\/div>[\/vc_column][vc_column width=&#8221;1\/4&#8243;][vc_column_text el_class=&#8221;pop-usp&#8221;]<i class=\"fas fa-check\" style=\"color: #e7690c;\">\u00a0<\/i><strong> Wird sofort geliefert<\/strong><br \/>\nSie erhalten den Code sofort per E-Mail, so dass Sie das Guthaben sofort nutzen k\u00f6nnen.[\/vc_column_text][vc_column_text el_class=&#8221;pop-usp&#8221;]<i class=\"fas fa-check\" style=\"color: #e7690c;\">\u00a0<\/i><strong> Sichere Bezahlung<\/strong><br \/>\nBezahlen Sie sicher und schnell mit der Auswahl von Sofort, PayPal und Giropay.[\/vc_column_text][\/vc_column][\/vc_row][vc_row css=&#8221;.vc_custom_1596797300746{padding-bottom: 60px !important;}&#8221;][vc_column][vc_column_text css=&#8221;.vc_custom_1599393325132{padding-bottom: 20px !important;}&#8221;]\n<h2>H\u00e4ufig gestellte Fragen zur Nintendo Eshop Geschenkkarte<\/h2>\n[\/vc_column_text][vc_row_inner css=&#8221;.vc_custom_1596808708853{padding-bottom: 20px !important;}&#8221;][vc_column_inner][vc_column_text]\n<h3>Was ist eine Nintendo eShop Card?<\/h3>\n<p>Eine Nintendo eShop Card ist eine Geschenkkarte, mit der Sie Ihr Nintendo eShop-Guthaben aufladen k\u00f6nnen. Sie k\u00f6nnen Nintendo-Guthaben f\u00fcr Eink\u00e4ufe im Nintendo Online Store verwenden. Sie k\u00f6nnen aus den folgenden Geschenkcodes w\u00e4hlen:<\/p>\n<ul>\n<li>Nintendo eShop-Karte 15 Euro<\/li>\n<li>Nintendo eShop-Karte 25 Euro<\/li>\n<li>Nintendo eShop-Karte 50 Euro<\/li>\n<\/ul>\n[\/vc_column_text][vc_column_text]\n<h3>Wof\u00fcr kann ich Nintendo eShop Cards verwenden?<\/h3>\n<p>M\u00f6chten Sie Ihre Nintendo eShop-Credits aufladen? Die Nintendo eShop Card ist eine einfache Zahlungsmethode, um Nintendo-Produkte zu bestellen. L\u00f6sen Sie einfach Ihre Nintendo eShop-Geschenkkarte ein und schon k\u00f6nnen Sie Eink\u00e4ufe wie digitale Nintendo-Spiele, DLCs, Saisonkarten, Indie-Spiele und Abonnements t\u00e4tigen. Diese k\u00f6nnen f\u00fcr Nintendo Switch, Nintendo Wii U, Nintendo 3DS und Nintendo 2DS heruntergeladen werden. Schlie\u00dflich k\u00f6nnen Sie die Nintendo-Geschenkkarte auch an einen Freund verschenken. Diese Person kann dann ihr Lieblingsprodukt mit dem Nintendo-Code im Nintendo eShop kaufen.<\/p>\n[\/vc_column_text][vc_column_text]\n<h3>Was kann ich mit Nintendo eShop-Guthaben erhalten?<\/h3>\n<p>Laden Sie Ihr Nintendo-Konto auf, um ganz einfach Spiele zu kaufen und diese direkt auf Ihren Nintendo Switch oder 3DS herunterzuladen. Insbesondere wenn mehr als eine Person in Ihrem Haushalt eine Switch-Konsole verwendet, ist das Auff\u00fcllen des Kontos mit einem Geschenkgutschein die richtige Wahl! Mit reichlich sicherem Prepaid-Guthaben stehen Tausende von klassischen Titeln und neuen beliebten Spielen zur Auswahl. Hier finden Sie alle klassischen Titel wie Super Smash Bros., Pok\u00e9mon-Spiele, Zelda, die Mario-Serie und sogar Tetris. Es ist f\u00fcr jeden etwas dabei. Kaufen Sie mit Ihrem vorausbezahlten Guthaben auch DLCs und Saisonkarten. Ihre Nintendo eShop-Codes verfallen nicht und k\u00f6nnen jederzeit eingel\u00f6st werden. Verwenden Sie sie also, wann immer Sie wollen, und beginnen Sie einfach und sicher zu spielen.<\/p>\n[\/vc_column_text][vc_column_text]\n<h3>Sie erhalten Ihren Nintendo eShop-Code sofort per E-Mail<\/h3>\n<p>W\u00e4hlen Sie den f\u00fcr Sie passenden Kartenbetrag und zahlen Sie mit einer sicheren Zahlungsmethode. Ihr Code wird Ihnen dann umgehend zusammen mit den R\u00fccknahmeanweisungen und Ihrem Zahlungsnachweis per E-Mail zugesandt. Ihr Code erscheint ebenfalls auf Ihrem Bildschirm. Einfach einl\u00f6sen und im Nintendo eShop einkaufen.<\/p>\n[\/vc_column_text][vc_column_text]\n<h3>Jeder Gamer wird eine Nintendo e-Shop-Karte lieben<\/h3>\n<p>Brauchen Sie das perfekte Geschenk f\u00fcr den Nintendo-Fan in Ihrem Leben? Es spielt keine Rolle, ob sie den Nintendo Switch, Wii U, das 3DS-System oder alle drei Spiele bevorzugen. Sie werden sicher einige zus\u00e4tzliche eShop-Gutschriften erhalten. Ob Nostalgiker oder Anf\u00e4nger, im eShop gibt es eine Auswahl f\u00fcr jeden Geschmack. Lassen Sie sie die Spiele ausw\u00e4hlen, die sie wollen, und machen Sie sich mit einer Nintendo-Geschenkkarte einen sch\u00f6nen Tag. Kombinieren Sie sie mit einer Steam Gift Card und geben Sie ihnen noch mehr Spieloptionen. Oder vielleicht eine Nintendo Switch Online-Mitgliedschaft. Gro\u00dfartig f\u00fcr fast jeden, der diese klassische Spielkonsole liebt.<\/p>\n[\/vc_column_text][\/vc_column_inner][\/vc_row_inner][\/vc_column][\/vc_row][vc_row][vc_column][vc_column_text]\n<h2>\u00c4hnliche Produkte<\/h2>\n[\/vc_column_text][\/vc_column][\/vc_row][vc_row][vc_column width=&#8221;1\/6&#8243;][vc_cta h2=&#8221;&#8221; el_class=&#8221;borderedBox&#8211;shadowMedium products&#8221;]<a href=\"https:\/\/reloadbase.com\/de-de\/xbox-live-gold-spiele\/\"><img loading=\"lazy\" decoding=\"async\" class=\"wp-image-13250 size-full aligncenter\" src=\"https:\/\/reloadbase.com\/wp-content\/uploads\/2021\/01\/Xbox-giftcard-homepage-1.png\" alt=\"Xbox Live Gold Spiele\" width=\"300\" height=\"207\" \/><\/a><\/p>\n<h4 style=\"text-align: center;\">Xbox Live Gold Spiele<\/h4>\n[\/vc_cta][\/vc_column][vc_column width=&#8221;1\/6&#8243;][vc_cta h2=&#8221;&#8221; el_class=&#8221;borderedBox&#8211;shadowMedium products&#8221;]<a href=\"https:\/\/reloadbase.com\/de-de\/psn-card-kaufen\/\"><img loading=\"lazy\" decoding=\"async\" class=\"wp-image-13250 size-full aligncenter\" src=\"https:\/\/reloadbase.com\/wp-content\/uploads\/2021\/01\/PlaystationStore-giftcard-homepage-1.png\" alt=\"PlayStation Gift Card\" width=\"300\" height=\"207\" \/><\/a><\/p>\n<h4 style=\"text-align: center;\">PlayStation Gift Card<\/h4>\n[\/vc_cta][\/vc_column][vc_column width=&#8221;1\/6&#8243;][vc_cta h2=&#8221;&#8221; el_class=&#8221;borderedBox&#8211;shadowMedium products&#8221;]<a href=\"https:\/\/reloadbase.com\/de-de\/playstation-plus-mitgliedschaft\/\"><img loading=\"lazy\" decoding=\"async\" class=\"wp-image-13250 size-full aligncenter\" src=\"https:\/\/reloadbase.com\/wp-content\/uploads\/2021\/01\/PlaystationPlus-giftcard-homepage-1.png\" alt=\"PlayStation Plus Card\" width=\"300\" height=\"207\" \/><\/a><\/p>\n<h4 style=\"text-align: center;\">PlayStation Plus Card<\/h4>\n[\/vc_cta][\/vc_column][vc_column width=&#8221;1\/6&#8243;][vc_cta h2=&#8221;&#8221; el_class=&#8221;borderedBox&#8211;shadowMedium products&#8221;]<a href=\"https:\/\/reloadbase.com\/de-de\/roblox-gift-card\/\"><img loading=\"lazy\" decoding=\"async\" class=\"wp-image-13250 size-full aligncenter\" src=\"https:\/\/reloadbase.com\/wp-content\/uploads\/2021\/01\/Roblox-giftcard-homepage-1.png\" alt=\"Roblox Gift Card\" width=\"300\" height=\"207\" \/><\/a><\/p>\n<h4 style=\"text-align: center;\">Roblox Gift Card<\/h4>\n[\/vc_cta][\/vc_column][vc_column width=&#8221;1\/6&#8243;][vc_cta h2=&#8221;&#8221; el_class=&#8221;borderedBox&#8211;shadowMedium products&#8221;]<a href=\"https:\/\/reloadbase.com\/de-de\/xbox-gift-card\/\"><img loading=\"lazy\" decoding=\"async\" class=\"wp-image-13250 size-full aligncenter\" src=\"https:\/\/reloadbase.com\/wp-content\/uploads\/2021\/01\/Xbox-giftcard-homepage-1.png\" alt=\"Xbox Gift Card\" width=\"300\" height=\"207\" \/><\/a><\/p>\n<h4 style=\"text-align: center;\">Xbox Gift Card<\/h4>\n[\/vc_cta][\/vc_column][vc_column width=&#8221;1\/6&#8243;][vc_cta h2=&#8221;&#8221; el_class=&#8221;borderedBox&#8211;shadowMedium products&#8221;]<a href=\"https:\/\/reloadbase.com\/de-de\/nintendo-switch-online\/\"><img loading=\"lazy\" decoding=\"async\" class=\"wp-image-13250 size-full aligncenter\" src=\"https:\/\/reloadbase.com\/wp-content\/uploads\/2021\/01\/Nintendo-giftcard-homepage-1.png\" alt=\"Nintendo Switch\" width=\"300\" height=\"207\" \/><\/a><\/p>\n<h4 style=\"text-align: center;\">Nintendo Switch<\/h4>\n[\/vc_cta][\/vc_column][\/vc_row]\n<\/div>","protected":false},"excerpt":{"rendered":"<p>[vc_row css=&#8221;.vc_custom_1596808763792{padding-top: 60px !important;padding-bottom: 60px !important;}&#8221;][vc_column][vc_column_text el_class=&#8221;pdp-intro-field&#8221;] Nintendo eShop Card Guthaben \u2022 5\/5 Kaufen Sie Ihre Nintendo eShop Card online und laden Sie Ihr Konto&hellip;<\/p>\n","protected":false},"author":1608,"featured_media":24643,"parent":0,"menu_order":0,"comment_status":"closed","ping_status":"closed","template":"","meta":{"_acf_changed":false,"footnotes":""},"class_list":["post-24642","page","type-page","status-publish","has-post-thumbnail","hentry"],"acf":[],"yoast_head":"<!-- This site is optimized with the Yoast SEO plugin v24.4 - https:\/\/yoast.com\/wordpress\/plugins\/seo\/ -->\n<title>Nintendo eShop Card Guthaben\u2713Digitalen Karte ab 15 \u20ac<\/title>\n<meta name=\"description\" content=\"Nintendo eShop Card Guthaben \u2713 Einl\u00f6sbar f\u00fcr eShop credits \u2713 Bezahlen mit PayPal, Kreditkarte, Sofort\u00fcberweisung\" \/>\n<meta name=\"robots\" content=\"index, follow, max-snippet:-1, max-image-preview:large, max-video-preview:-1\" \/>\n<link rel=\"canonical\" href=\"https:\/\/reloadbase.com\/de-at\/nintendo-eshop-card-guthaben\/\" \/>\n<meta property=\"og:locale\" content=\"de_DE\" \/>\n<meta property=\"og:type\" content=\"article\" \/>\n<meta property=\"og:title\" content=\"Nintendo eShop Card Guthaben\u2713Digitalen Karte ab 15 \u20ac\" \/>\n<meta property=\"og:description\" content=\"Nintendo eShop Card Guthaben \u2713 Einl\u00f6sbar f\u00fcr eShop credits \u2713 Bezahlen mit PayPal, Kreditkarte, Sofort\u00fcberweisung\" \/>\n<meta property=\"og:url\" content=\"https:\/\/reloadbase.com\/de-at\/nintendo-eshop-card-guthaben\/\" \/>\n<meta property=\"og:site_name\" content=\"ReloadBase\" \/>\n<meta property=\"article:publisher\" content=\"https:\/\/www.facebook.com\/ReloadBase\/\" \/>\n<meta property=\"article:modified_time\" content=\"2021-08-18T09:40:54+00:00\" \/>\n<meta property=\"og:image\" content=\"https:\/\/reloadbase.com\/wp-content\/uploads\/2021\/01\/NintendoShop-giftcard-homepage-1.png?_t=1658146545\" \/>\n\t<meta property=\"og:image:width\" content=\"1000\" \/>\n\t<meta property=\"og:image:height\" content=\"1000\" \/>\n\t<meta property=\"og:image:type\" content=\"image\/png\" \/>\n<meta name=\"twitter:card\" content=\"summary_large_image\" \/>\n<meta name=\"twitter:label1\" content=\"Gesch\u00e4tzte Lesezeit\" \/>\n\t<meta name=\"twitter:data1\" content=\"4 Minuten\" \/>\n<script type=\"application\/ld+json\" class=\"yoast-schema-graph\">{\"@context\":\"https:\/\/schema.org\",\"@graph\":[{\"@type\":\"WebPage\",\"@id\":\"https:\/\/reloadbase.com\/de-at\/nintendo-eshop-card-guthaben\/\",\"url\":\"https:\/\/reloadbase.com\/de-at\/nintendo-eshop-card-guthaben\/\",\"name\":\"Nintendo eShop Card Guthaben\u2713Digitalen Karte ab 15 \u20ac\",\"isPartOf\":{\"@id\":\"https:\/\/reloadbase.com\/nl-nl\/#website\"},\"primaryImageOfPage\":{\"@id\":\"https:\/\/reloadbase.com\/de-at\/nintendo-eshop-card-guthaben\/#primaryimage\"},\"image\":{\"@id\":\"https:\/\/reloadbase.com\/de-at\/nintendo-eshop-card-guthaben\/#primaryimage\"},\"thumbnailUrl\":\"https:\/\/reloadbase.com\/wp-content\/uploads\/2021\/01\/NintendoShop-giftcard-homepage-1.png\",\"datePublished\":\"2020-11-27T10:31:35+00:00\",\"dateModified\":\"2021-08-18T09:40:54+00:00\",\"description\":\"Nintendo eShop Card Guthaben \u2713 Einl\u00f6sbar f\u00fcr eShop credits \u2713 Bezahlen mit PayPal, Kreditkarte, Sofort\u00fcberweisung\",\"breadcrumb\":{\"@id\":\"https:\/\/reloadbase.com\/de-at\/nintendo-eshop-card-guthaben\/#breadcrumb\"},\"inLanguage\":\"de-AT\",\"potentialAction\":[{\"@type\":\"ReadAction\",\"target\":[\"https:\/\/reloadbase.com\/de-at\/nintendo-eshop-card-guthaben\/\"]}]},{\"@type\":\"ImageObject\",\"inLanguage\":\"de-AT\",\"@id\":\"https:\/\/reloadbase.com\/de-at\/nintendo-eshop-card-guthaben\/#primaryimage\",\"url\":\"https:\/\/reloadbase.com\/wp-content\/uploads\/2021\/01\/NintendoShop-giftcard-homepage-1.png\",\"contentUrl\":\"https:\/\/reloadbase.com\/wp-content\/uploads\/2021\/01\/NintendoShop-giftcard-homepage-1.png\",\"width\":1000,\"height\":1000,\"caption\":\"NintendoShop-giftcard-homepage - Reloadbase\"},{\"@type\":\"BreadcrumbList\",\"@id\":\"https:\/\/reloadbase.com\/de-at\/nintendo-eshop-card-guthaben\/#breadcrumb\",\"itemListElement\":[{\"@type\":\"ListItem\",\"position\":1,\"name\":\"Home\",\"item\":\"https:\/\/reloadbase.com\/nl-nl\/\"},{\"@type\":\"ListItem\",\"position\":2,\"name\":\"Nintendo eShop Card Guthaben\"}]},{\"@type\":\"WebSite\",\"@id\":\"https:\/\/reloadbase.com\/nl-nl\/#website\",\"url\":\"https:\/\/reloadbase.com\/nl-nl\/\",\"name\":\"ReloadBase\",\"description\":\"\",\"publisher\":{\"@id\":\"https:\/\/reloadbase.com\/nl-nl\/#organization\"},\"potentialAction\":[{\"@type\":\"SearchAction\",\"target\":{\"@type\":\"EntryPoint\",\"urlTemplate\":\"https:\/\/reloadbase.com\/nl-nl\/?s={search_term_string}\"},\"query-input\":{\"@type\":\"PropertyValueSpecification\",\"valueRequired\":true,\"valueName\":\"search_term_string\"}}],\"inLanguage\":\"de-AT\"},{\"@type\":\"Organization\",\"@id\":\"https:\/\/reloadbase.com\/nl-nl\/#organization\",\"name\":\"ReloadBase\",\"url\":\"https:\/\/reloadbase.com\/nl-nl\/\",\"logo\":{\"@type\":\"ImageObject\",\"inLanguage\":\"de-AT\",\"@id\":\"https:\/\/reloadbase.com\/nl-nl\/#\/schema\/logo\/image\/\",\"url\":\"https:\/\/reloadbase.com\/wp-content\/uploads\/2020\/05\/RELOADBASE01_Horizontal_Transparant.png\",\"contentUrl\":\"https:\/\/reloadbase.com\/wp-content\/uploads\/2020\/05\/RELOADBASE01_Horizontal_Transparant.png\",\"width\":17627,\"height\":2130,\"caption\":\"ReloadBase\"},\"image\":{\"@id\":\"https:\/\/reloadbase.com\/nl-nl\/#\/schema\/logo\/image\/\"},\"sameAs\":[\"https:\/\/www.facebook.com\/ReloadBase\/\",\"https:\/\/www.instagram.com\/reloadbase\/\"]}]}<\/script>\n<!-- \/ Yoast SEO plugin. -->","yoast_head_json":{"title":"Nintendo eShop Card Guthaben\u2713Digitalen Karte ab 15 \u20ac","description":"Nintendo eShop Card Guthaben \u2713 Einl\u00f6sbar f\u00fcr eShop credits \u2713 Bezahlen mit PayPal, Kreditkarte, Sofort\u00fcberweisung","robots":{"index":"index","follow":"follow","max-snippet":"max-snippet:-1","max-image-preview":"max-image-preview:large","max-video-preview":"max-video-preview:-1"},"canonical":"https:\/\/reloadbase.com\/de-at\/nintendo-eshop-card-guthaben\/","og_locale":"de_DE","og_type":"article","og_title":"Nintendo eShop Card Guthaben\u2713Digitalen Karte ab 15 \u20ac","og_description":"Nintendo eShop Card Guthaben \u2713 Einl\u00f6sbar f\u00fcr eShop credits \u2713 Bezahlen mit PayPal, Kreditkarte, Sofort\u00fcberweisung","og_url":"https:\/\/reloadbase.com\/de-at\/nintendo-eshop-card-guthaben\/","og_site_name":"ReloadBase","article_publisher":"https:\/\/www.facebook.com\/ReloadBase\/","article_modified_time":"2021-08-18T09:40:54+00:00","og_image":[{"width":1000,"height":1000,"url":"https:\/\/reloadbase.com\/wp-content\/uploads\/2021\/01\/NintendoShop-giftcard-homepage-1.png?_t=1658146545","type":"image\/png"}],"twitter_card":"summary_large_image","twitter_misc":{"Gesch\u00e4tzte Lesezeit":"4 Minuten"},"schema":{"@context":"https:\/\/schema.org","@graph":[{"@type":"WebPage","@id":"https:\/\/reloadbase.com\/de-at\/nintendo-eshop-card-guthaben\/","url":"https:\/\/reloadbase.com\/de-at\/nintendo-eshop-card-guthaben\/","name":"Nintendo eShop Card Guthaben\u2713Digitalen Karte ab 15 \u20ac","isPartOf":{"@id":"https:\/\/reloadbase.com\/nl-nl\/#website"},"primaryImageOfPage":{"@id":"https:\/\/reloadbase.com\/de-at\/nintendo-eshop-card-guthaben\/#primaryimage"},"image":{"@id":"https:\/\/reloadbase.com\/de-at\/nintendo-eshop-card-guthaben\/#primaryimage"},"thumbnailUrl":"https:\/\/reloadbase.com\/wp-content\/uploads\/2021\/01\/NintendoShop-giftcard-homepage-1.png","datePublished":"2020-11-27T10:31:35+00:00","dateModified":"2021-08-18T09:40:54+00:00","description":"Nintendo eShop Card Guthaben \u2713 Einl\u00f6sbar f\u00fcr eShop credits \u2713 Bezahlen mit PayPal, Kreditkarte, Sofort\u00fcberweisung","breadcrumb":{"@id":"https:\/\/reloadbase.com\/de-at\/nintendo-eshop-card-guthaben\/#breadcrumb"},"inLanguage":"de-AT","potentialAction":[{"@type":"ReadAction","target":["https:\/\/reloadbase.com\/de-at\/nintendo-eshop-card-guthaben\/"]}]},{"@type":"ImageObject","inLanguage":"de-AT","@id":"https:\/\/reloadbase.com\/de-at\/nintendo-eshop-card-guthaben\/#primaryimage","url":"https:\/\/reloadbase.com\/wp-content\/uploads\/2021\/01\/NintendoShop-giftcard-homepage-1.png","contentUrl":"https:\/\/reloadbase.com\/wp-content\/uploads\/2021\/01\/NintendoShop-giftcard-homepage-1.png","width":1000,"height":1000,"caption":"NintendoShop-giftcard-homepage - Reloadbase"},{"@type":"BreadcrumbList","@id":"https:\/\/reloadbase.com\/de-at\/nintendo-eshop-card-guthaben\/#breadcrumb","itemListElement":[{"@type":"ListItem","position":1,"name":"Home","item":"https:\/\/reloadbase.com\/nl-nl\/"},{"@type":"ListItem","position":2,"name":"Nintendo eShop Card Guthaben"}]},{"@type":"WebSite","@id":"https:\/\/reloadbase.com\/nl-nl\/#website","url":"https:\/\/reloadbase.com\/nl-nl\/","name":"ReloadBase","description":"","publisher":{"@id":"https:\/\/reloadbase.com\/nl-nl\/#organization"},"potentialAction":[{"@type":"SearchAction","target":{"@type":"EntryPoint","urlTemplate":"https:\/\/reloadbase.com\/nl-nl\/?s={search_term_string}"},"query-input":{"@type":"PropertyValueSpecification","valueRequired":true,"valueName":"search_term_string"}}],"inLanguage":"de-AT"},{"@type":"Organization","@id":"https:\/\/reloadbase.com\/nl-nl\/#organization","name":"ReloadBase","url":"https:\/\/reloadbase.com\/nl-nl\/","logo":{"@type":"ImageObject","inLanguage":"de-AT","@id":"https:\/\/reloadbase.com\/nl-nl\/#\/schema\/logo\/image\/","url":"https:\/\/reloadbase.com\/wp-content\/uploads\/2020\/05\/RELOADBASE01_Horizontal_Transparant.png","contentUrl":"https:\/\/reloadbase.com\/wp-content\/uploads\/2020\/05\/RELOADBASE01_Horizontal_Transparant.png","width":17627,"height":2130,"caption":"ReloadBase"},"image":{"@id":"https:\/\/reloadbase.com\/nl-nl\/#\/schema\/logo\/image\/"},"sameAs":["https:\/\/www.facebook.com\/ReloadBase\/","https:\/\/www.instagram.com\/reloadbase\/"]}]}},"_links":{"self":[{"href":"https:\/\/reloadbase.com\/de-at\/wp-json\/wp\/v2\/pages\/24642","targetHints":{"allow":["GET"]}}],"collection":[{"href":"https:\/\/reloadbase.com\/de-at\/wp-json\/wp\/v2\/pages"}],"about":[{"href":"https:\/\/reloadbase.com\/de-at\/wp-json\/wp\/v2\/types\/page"}],"author":[{"embeddable":true,"href":"https:\/\/reloadbase.com\/de-at\/wp-json\/wp\/v2\/users\/1608"}],"replies":[{"embeddable":true,"href":"https:\/\/reloadbase.com\/de-at\/wp-json\/wp\/v2\/comments?post=24642"}],"version-history":[{"count":2,"href":"https:\/\/reloadbase.com\/de-at\/wp-json\/wp\/v2\/pages\/24642\/revisions"}],"predecessor-version":[{"id":24691,"href":"https:\/\/reloadbase.com\/de-at\/wp-json\/wp\/v2\/pages\/24642\/revisions\/24691"}],"wp:featuredmedia":[{"embeddable":true,"href":"https:\/\/reloadbase.com\/de-at\/wp-json\/wp\/v2\/media\/24643"}],"wp:attachment":[{"href":"https:\/\/reloadbase.com\/de-at\/wp-json\/wp\/v2\/media?parent=24642"}],"curies":[{"name":"wp","href":"https:\/\/api.w.org\/{rel}","templated":true}]}}